{"id":10478,"date":"2023-03-31T10:11:06","date_gmt":"2023-03-31T07:11:06","guid":{"rendered":"https:\/\/harmonyresorts.cms4.nelios.com\/the-group\/"},"modified":"2024-08-09T11:28:25","modified_gmt":"2024-08-09T08:28:25","slug":"the-group","status":"publish","type":"page","link":"https:\/\/www.harmonyresorts.gr\/de\/the-group\/","title":{"rendered":"Die Hotelgruppe"},"content":{"rendered":"<h2><span style=\"color: #baa789;\">Steigern Sie Ihr Urlaubserlebnis mit Harmony Resorts<\/span><\/h2>\n<p>Unser renommiertes Trio von Strandhotels auf Rhodos, <span style=\"color: #baa789;\"><strong><a style=\"color: #baa789;\" href=\"https:\/\/www.elysium.gr\/de\/\">Elysium Resort &amp; Spa<\/a><\/strong><\/span>, dem <span style=\"color: #baa789;\"><strong><a style=\"color: #baa789;\" href=\"https:\/\/www.rodospalladium.gr\/de\/\">Rodos Palladium Leisure &amp; Wellness<\/a><\/strong> <\/span>und dem <span style=\"color: #baa789;\"><strong><a style=\"color: #baa789;\" href=\"https:\/\/www.sunbeach-rhodes.gr\/\">Sun Beach Resort Complex<\/a><\/strong>,<\/span> hat sich dem Ziel verschrieben, Ihnen den perfekten griechischen Urlaub zu bieten. Dar\u00fcber hinaus werden diese Resorts f\u00fcr ihren au\u00dfergew\u00f6hnlichen Service, ihre erstklassige Lage am Strand und ihre hochmodernen Annehmlichkeiten gefeiert.<\/p>\n<p>Unsere Luxusresorts befinden sich an den begehrtesten Urlaubsorten auf Rhodos und bieten die ultimative Mischung aus Entspannung und Abenteuer. Verw\u00f6hnen Sie sich mit erstklassigem Essen, erholen Sie sich in den umfangreichen Wellness- und Spa-Einrichtungen und genie\u00dfen Sie eine breite Palette an Freizeitaktivit\u00e4ten \u2013 alles vor der atemberaubenden Kulisse der \u00c4g\u00e4is.<\/p>\n<p>Ob Sie sich f\u00fcr ein familienfreundliches Vier-Sterne-Hotel, den Luxus eines F\u00fcnf-Sterne-Resorts oder den Gipfel der Opulenz mit Executive-Etagen und exklusiven Spa-Services entscheiden, unsere Hotels z\u00e4hlen durchweg zu den besten in Griechenland.<\/p>\n<p>W\u00e4hlen Sie Ihr ideales Resort und lassen Sie Harmony Resorts Ihren Griechenlandurlaub in ein unvergessliches Erlebnis verwandeln.<\/p>\n<p>&nbsp;<\/p>\n<p>&nbsp;<\/p>\n","protected":false},"excerpt":{"rendered":"<p>Steigern Sie Ihr Urlaubserlebnis mit Harmony Resorts Unser renommiertes Trio von Strandhotels auf Rhodos, Elysium Resort &amp; Spa, dem Rodos Palladium Leisure &amp; Wellness und dem Sun Beach Resort Complex, hat sich dem Ziel verschrieben, Ihnen den perfekten griechischen Urlaub zu bieten. Dar\u00fcber hinaus werden diese Resorts f\u00fcr ihren au\u00dfergew\u00f6hnlichen Service, ihre erstklassige Lage am<\/p>\n","protected":false},"author":1,"featured_media":2766,"parent":0,"menu_order":0,"comment_status":"closed","ping_status":"closed","template":"","meta":{"_acf_changed":false,"footnotes":""},"class_list":["post-10478","page","type-page","status-publish","has-post-thumbnail","hentry"],"acf":[],"yoast_head":"<!-- This site is optimized with the Yoast SEO plugin v26.9 - https:\/\/yoast.com\/product\/yoast-seo-wordpress\/ -->\n<title>Die Hotelgruppe - Harmony Resorts<\/title>\n<meta name=\"robots\" content=\"index, follow, max-snippet:-1, max-image-preview:large, max-video-preview:-1\" \/>\n<link rel=\"canonical\" href=\"https:\/\/www.harmonyresorts.gr\/de\/the-group\/\" \/>\n<meta property=\"og:locale\" content=\"de_DE\" \/>\n<meta property=\"og:type\" content=\"article\" \/>\n<meta property=\"og:title\" content=\"Die Hotelgruppe - Harmony Resorts\" \/>\n<meta property=\"og:description\" content=\"Steigern Sie Ihr Urlaubserlebnis mit Harmony Resorts Unser renommiertes Trio von Strandhotels auf Rhodos, Elysium Resort &amp; Spa, dem Rodos Palladium Leisure &amp; Wellness und dem Sun Beach Resort Complex, hat sich dem Ziel verschrieben, Ihnen den perfekten griechischen Urlaub zu bieten. Dar\u00fcber hinaus werden diese Resorts f\u00fcr ihren au\u00dfergew\u00f6hnlichen Service, ihre erstklassige Lage am\" \/>\n<meta property=\"og:url\" content=\"https:\/\/www.harmonyresorts.gr\/de\/the-group\/\" \/>\n<meta property=\"og:site_name\" content=\"Harmony Resorts\" \/>\n<meta property=\"article:modified_time\" content=\"2024-08-09T08:28:25+00:00\" \/>\n<meta property=\"og:image\" content=\"https:\/\/www.harmonyresorts.gr\/app\/uploads\/sites\/48\/2019\/05\/202_general_view_elysium_result.jpg\" \/>\n\t<meta property=\"og:image:width\" content=\"1920\" \/>\n\t<meta property=\"og:image:height\" content=\"1018\" \/>\n\t<meta property=\"og:image:type\" content=\"image\/jpeg\" \/>\n<meta name=\"twitter:card\" content=\"summary_large_image\" \/>\n<meta name=\"twitter:label1\" content=\"Est. reading time\" \/>\n\t<meta name=\"twitter:data1\" content=\"1\u00a0Minute\" \/>\n<script type=\"application\/ld+json\" class=\"yoast-schema-graph\">{\"@context\":\"https:\/\/schema.org\",\"@graph\":[{\"@type\":\"WebPage\",\"@id\":\"https:\/\/www.harmonyresorts.gr\/de\/the-group\/\",\"url\":\"https:\/\/www.harmonyresorts.gr\/de\/the-group\/\",\"name\":\"Die Hotelgruppe - Harmony Resorts\",\"isPartOf\":{\"@id\":\"https:\/\/www.harmonyresorts.gr\/ru\/#website\"},\"primaryImageOfPage\":{\"@id\":\"https:\/\/www.harmonyresorts.gr\/de\/the-group\/#primaryimage\"},\"image\":{\"@id\":\"https:\/\/www.harmonyresorts.gr\/de\/the-group\/#primaryimage\"},\"thumbnailUrl\":\"https:\/\/www.harmonyresorts.gr\/app\/uploads\/sites\/48\/2019\/05\/202_general_view_elysium_result.jpg\",\"datePublished\":\"2023-03-31T07:11:06+00:00\",\"dateModified\":\"2024-08-09T08:28:25+00:00\",\"breadcrumb\":{\"@id\":\"https:\/\/www.harmonyresorts.gr\/de\/the-group\/#breadcrumb\"},\"inLanguage\":\"de\",\"potentialAction\":[{\"@type\":\"ReadAction\",\"target\":[\"https:\/\/www.harmonyresorts.gr\/de\/the-group\/\"]}]},{\"@type\":\"ImageObject\",\"inLanguage\":\"de\",\"@id\":\"https:\/\/www.harmonyresorts.gr\/de\/the-group\/#primaryimage\",\"url\":\"https:\/\/www.harmonyresorts.gr\/app\/uploads\/sites\/48\/2019\/05\/202_general_view_elysium_result.jpg\",\"contentUrl\":\"https:\/\/www.harmonyresorts.gr\/app\/uploads\/sites\/48\/2019\/05\/202_general_view_elysium_result.jpg\",\"width\":1920,\"height\":1018},{\"@type\":\"BreadcrumbList\",\"@id\":\"https:\/\/www.harmonyresorts.gr\/de\/the-group\/#breadcrumb\",\"itemListElement\":[{\"@type\":\"ListItem\",\"position\":1,\"name\":\"Home\",\"item\":\"https:\/\/www.harmonyresorts.gr\/de\/\"},{\"@type\":\"ListItem\",\"position\":2,\"name\":\"Die Hotelgruppe\"}]},{\"@type\":\"WebSite\",\"@id\":\"https:\/\/www.harmonyresorts.gr\/ru\/#website\",\"url\":\"https:\/\/www.harmonyresorts.gr\/ru\/\",\"name\":\"Harmony Resorts\",\"description\":\"Harmony Resorts\",\"potentialAction\":[{\"@type\":\"SearchAction\",\"target\":{\"@type\":\"EntryPoint\",\"urlTemplate\":\"https:\/\/www.harmonyresorts.gr\/ru\/?s={search_term_string}\"},\"query-input\":{\"@type\":\"PropertyValueSpecification\",\"valueRequired\":true,\"valueName\":\"search_term_string\"}}],\"inLanguage\":\"de\"}]}<\/script>\n<!-- \/ Yoast SEO plugin. -->","yoast_head_json":{"title":"Die Hotelgruppe - Harmony Resorts","robots":{"index":"index","follow":"follow","max-snippet":"max-snippet:-1","max-image-preview":"max-image-preview:large","max-video-preview":"max-video-preview:-1"},"canonical":"https:\/\/www.harmonyresorts.gr\/de\/the-group\/","og_locale":"de_DE","og_type":"article","og_title":"Die Hotelgruppe - Harmony Resorts","og_description":"Steigern Sie Ihr Urlaubserlebnis mit Harmony Resorts Unser renommiertes Trio von Strandhotels auf Rhodos, Elysium Resort &amp; Spa, dem Rodos Palladium Leisure &amp; Wellness und dem Sun Beach Resort Complex, hat sich dem Ziel verschrieben, Ihnen den perfekten griechischen Urlaub zu bieten. Dar\u00fcber hinaus werden diese Resorts f\u00fcr ihren au\u00dfergew\u00f6hnlichen Service, ihre erstklassige Lage am","og_url":"https:\/\/www.harmonyresorts.gr\/de\/the-group\/","og_site_name":"Harmony Resorts","article_modified_time":"2024-08-09T08:28:25+00:00","og_image":[{"width":1920,"height":1018,"url":"https:\/\/www.harmonyresorts.gr\/app\/uploads\/sites\/48\/2019\/05\/202_general_view_elysium_result.jpg","type":"image\/jpeg"}],"twitter_card":"summary_large_image","twitter_misc":{"Est. reading time":"1\u00a0Minute"},"schema":{"@context":"https:\/\/schema.org","@graph":[{"@type":"WebPage","@id":"https:\/\/www.harmonyresorts.gr\/de\/the-group\/","url":"https:\/\/www.harmonyresorts.gr\/de\/the-group\/","name":"Die Hotelgruppe - Harmony Resorts","isPartOf":{"@id":"https:\/\/www.harmonyresorts.gr\/ru\/#website"},"primaryImageOfPage":{"@id":"https:\/\/www.harmonyresorts.gr\/de\/the-group\/#primaryimage"},"image":{"@id":"https:\/\/www.harmonyresorts.gr\/de\/the-group\/#primaryimage"},"thumbnailUrl":"https:\/\/www.harmonyresorts.gr\/app\/uploads\/sites\/48\/2019\/05\/202_general_view_elysium_result.jpg","datePublished":"2023-03-31T07:11:06+00:00","dateModified":"2024-08-09T08:28:25+00:00","breadcrumb":{"@id":"https:\/\/www.harmonyresorts.gr\/de\/the-group\/#breadcrumb"},"inLanguage":"de","potentialAction":[{"@type":"ReadAction","target":["https:\/\/www.harmonyresorts.gr\/de\/the-group\/"]}]},{"@type":"ImageObject","inLanguage":"de","@id":"https:\/\/www.harmonyresorts.gr\/de\/the-group\/#primaryimage","url":"https:\/\/www.harmonyresorts.gr\/app\/uploads\/sites\/48\/2019\/05\/202_general_view_elysium_result.jpg","contentUrl":"https:\/\/www.harmonyresorts.gr\/app\/uploads\/sites\/48\/2019\/05\/202_general_view_elysium_result.jpg","width":1920,"height":1018},{"@type":"BreadcrumbList","@id":"https:\/\/www.harmonyresorts.gr\/de\/the-group\/#breadcrumb","itemListElement":[{"@type":"ListItem","position":1,"name":"Home","item":"https:\/\/www.harmonyresorts.gr\/de\/"},{"@type":"ListItem","position":2,"name":"Die Hotelgruppe"}]},{"@type":"WebSite","@id":"https:\/\/www.harmonyresorts.gr\/ru\/#website","url":"https:\/\/www.harmonyresorts.gr\/ru\/","name":"Harmony Resorts","description":"Harmony Resorts","potentialAction":[{"@type":"SearchAction","target":{"@type":"EntryPoint","urlTemplate":"https:\/\/www.harmonyresorts.gr\/ru\/?s={search_term_string}"},"query-input":{"@type":"PropertyValueSpecification","valueRequired":true,"valueName":"search_term_string"}}],"inLanguage":"de"}]}},"_links":{"self":[{"href":"https:\/\/www.harmonyresorts.gr\/de\/wp-json\/wp\/v2\/pages\/10478"}],"collection":[{"href":"https:\/\/www.harmonyresorts.gr\/de\/wp-json\/wp\/v2\/pages"}],"about":[{"href":"https:\/\/www.harmonyresorts.gr\/de\/wp-json\/wp\/v2\/types\/page"}],"author":[{"embeddable":true,"href":"https:\/\/www.harmonyresorts.gr\/de\/wp-json\/wp\/v2\/users\/1"}],"replies":[{"embeddable":true,"href":"https:\/\/www.harmonyresorts.gr\/de\/wp-json\/wp\/v2\/comments?post=10478"}],"version-history":[{"count":5,"href":"https:\/\/www.harmonyresorts.gr\/de\/wp-json\/wp\/v2\/pages\/10478\/revisions"}],"predecessor-version":[{"id":11797,"href":"https:\/\/www.harmonyresorts.gr\/de\/wp-json\/wp\/v2\/pages\/10478\/revisions\/11797"}],"wp:featuredmedia":[{"embeddable":true,"href":"https:\/\/www.harmonyresorts.gr\/de\/wp-json\/wp\/v2\/media\/2766"}],"wp:attachment":[{"href":"https:\/\/www.harmonyresorts.gr\/de\/wp-json\/wp\/v2\/media?parent=10478"}],"curies":[{"name":"wp","href":"https:\/\/api.w.org\/{rel}","templated":true}]}}