{"id":10486,"date":"2023-03-31T10:12:40","date_gmt":"2023-03-31T07:12:40","guid":{"rendered":"https:\/\/harmonyresorts.cms4.nelios.com\/hotels\/"},"modified":"2024-08-09T11:39:08","modified_gmt":"2024-08-09T08:39:08","slug":"hotels","status":"publish","type":"page","link":"https:\/\/www.harmonyresorts.gr\/de\/hotels\/","title":{"rendered":"Hotels"},"content":{"rendered":"<h2><strong>Unser Engagement f\u00fcr eine nachhaltige Zukunft bei Harmony Resorts.<\/strong><\/h2>\n<p>Unsere Kernphilosophie bei Harmony Resorts besteht darin, in die Zukunft zu investieren \u2013 ein Prinzip, das wir seit unserer Gr\u00fcndung gewissenhaft hochhalten. Der Betrieb auf einer von der Natur gesegneten Insel bringt eine gro\u00dfe Verantwortung mit sich, und wir sind stolz darauf, Pioniere bei der F\u00f6rderung sozialer Verantwortung und Umweltschutzes in der Hotelbranche zu sein. Jedes unserer Hotels ist mit fortschrittlichen Geb\u00e4udemanagementsystemen ausgestattet und nutzt modernste Technologie f\u00fcr optimale Energie- und Wassereffizienz. Unsere umfassende Umweltpolitik umfasst Abfallmanagement, umfassende Nutzung von Solarenergie, \u00fcber 90 % Gasnutzung, sorgf\u00e4ltige M\u00fclltrennung, Priorisierung von recycelten und nat\u00fcrlichen Materialien sowie regelm\u00e4\u00dfige mikrobiologische und chemische Analysen des Meerwassers, um dessen Reinheit sicherzustellen. Innovationen im verantwortungsvollen und nachhaltigen Tourismus gehen \u00fcber die Reduzierung unseres \u00f6kologischen Fu\u00dfabdrucks hinaus; es geht auch darum, soziale Vorteile zu verst\u00e4rken und Besch\u00e4ftigungsm\u00f6glichkeiten in den \u00f6rtlichen Gemeinden zu f\u00f6rdern. Mit diesem Verst\u00e4ndnis sind wir sowohl ein wichtiger Unterst\u00fctzer der lokalen Lieferanten der Insel als auch ein bedeutender regionaler Arbeitgeber geworden. Wir investieren tief in unser wertvollstes Gut: unsere Mitarbeiter. Mit \u00fcber 580 Mitarbeitern, von denen mehr als zwei Drittel eine Ausbildung im Tourismus haben und \u00fcber 75 % sich in kontinuierlicher Weiterbildung befinden, hat Harmony Resorts eine einzigartige Kultur der Nachhaltigkeit und des Umweltbewusstseins gepflegt.<\/p>\n","protected":false},"excerpt":{"rendered":"<p>Unser Engagement f\u00fcr eine nachhaltige Zukunft bei Harmony Resorts. Unsere Kernphilosophie bei Harmony Resorts besteht darin, in die Zukunft zu investieren \u2013 ein Prinzip, das wir seit unserer Gr\u00fcndung gewissenhaft hochhalten. Der Betrieb auf einer von der Natur gesegneten Insel bringt eine gro\u00dfe Verantwortung mit sich, und wir sind stolz darauf, Pioniere bei der F\u00f6rderung<\/p>\n","protected":false},"author":1,"featured_media":2374,"parent":0,"menu_order":0,"comment_status":"closed","ping_status":"closed","template":"page-templates\/simple-list.php","meta":{"_acf_changed":false,"footnotes":""},"class_list":["post-10486","page","type-page","status-publish","has-post-thumbnail","hentry"],"acf":[],"yoast_head":"<!-- This site is optimized with the Yoast SEO plugin v26.9 - https:\/\/yoast.com\/product\/yoast-seo-wordpress\/ -->\n<title>Hotels - Harmony Resorts<\/title>\n<meta name=\"robots\" content=\"index, follow, max-snippet:-1, max-image-preview:large, max-video-preview:-1\" \/>\n<link rel=\"canonical\" href=\"https:\/\/www.harmonyresorts.gr\/de\/hotels\/\" \/>\n<meta property=\"og:locale\" content=\"de_DE\" \/>\n<meta property=\"og:type\" content=\"article\" \/>\n<meta property=\"og:title\" content=\"Hotels - Harmony Resorts\" \/>\n<meta property=\"og:description\" content=\"Unser Engagement f\u00fcr eine nachhaltige Zukunft bei Harmony Resorts. Unsere Kernphilosophie bei Harmony Resorts besteht darin, in die Zukunft zu investieren \u2013 ein Prinzip, das wir seit unserer Gr\u00fcndung gewissenhaft hochhalten. Der Betrieb auf einer von der Natur gesegneten Insel bringt eine gro\u00dfe Verantwortung mit sich, und wir sind stolz darauf, Pioniere bei der F\u00f6rderung\" \/>\n<meta property=\"og:url\" content=\"https:\/\/www.harmonyresorts.gr\/de\/hotels\/\" \/>\n<meta property=\"og:site_name\" content=\"Harmony Resorts\" \/>\n<meta property=\"article:modified_time\" content=\"2024-08-09T08:39:08+00:00\" \/>\n<meta property=\"og:image\" content=\"https:\/\/www.harmonyresorts.gr\/app\/uploads\/sites\/48\/2019\/05\/rhodes_1web.jpeg\" \/>\n\t<meta property=\"og:image:width\" content=\"1920\" \/>\n\t<meta property=\"og:image:height\" content=\"849\" \/>\n\t<meta property=\"og:image:type\" content=\"image\/jpeg\" \/>\n<meta name=\"twitter:card\" content=\"summary_large_image\" \/>\n<meta name=\"twitter:label1\" content=\"Est. reading time\" \/>\n\t<meta name=\"twitter:data1\" content=\"2\u00a0Minuten\" \/>\n<script type=\"application\/ld+json\" class=\"yoast-schema-graph\">{\"@context\":\"https:\/\/schema.org\",\"@graph\":[{\"@type\":\"WebPage\",\"@id\":\"https:\/\/www.harmonyresorts.gr\/de\/hotels\/\",\"url\":\"https:\/\/www.harmonyresorts.gr\/de\/hotels\/\",\"name\":\"Hotels - Harmony Resorts\",\"isPartOf\":{\"@id\":\"https:\/\/www.harmonyresorts.gr\/ru\/#website\"},\"primaryImageOfPage\":{\"@id\":\"https:\/\/www.harmonyresorts.gr\/de\/hotels\/#primaryimage\"},\"image\":{\"@id\":\"https:\/\/www.harmonyresorts.gr\/de\/hotels\/#primaryimage\"},\"thumbnailUrl\":\"https:\/\/www.harmonyresorts.gr\/app\/uploads\/sites\/48\/2019\/05\/rhodes_1web.jpeg\",\"datePublished\":\"2023-03-31T07:12:40+00:00\",\"dateModified\":\"2024-08-09T08:39:08+00:00\",\"breadcrumb\":{\"@id\":\"https:\/\/www.harmonyresorts.gr\/de\/hotels\/#breadcrumb\"},\"inLanguage\":\"de\",\"potentialAction\":[{\"@type\":\"ReadAction\",\"target\":[\"https:\/\/www.harmonyresorts.gr\/de\/hotels\/\"]}]},{\"@type\":\"ImageObject\",\"inLanguage\":\"de\",\"@id\":\"https:\/\/www.harmonyresorts.gr\/de\/hotels\/#primaryimage\",\"url\":\"https:\/\/www.harmonyresorts.gr\/app\/uploads\/sites\/48\/2019\/05\/rhodes_1web.jpeg\",\"contentUrl\":\"https:\/\/www.harmonyresorts.gr\/app\/uploads\/sites\/48\/2019\/05\/rhodes_1web.jpeg\",\"width\":1920,\"height\":849},{\"@type\":\"BreadcrumbList\",\"@id\":\"https:\/\/www.harmonyresorts.gr\/de\/hotels\/#breadcrumb\",\"itemListElement\":[{\"@type\":\"ListItem\",\"position\":1,\"name\":\"Home\",\"item\":\"https:\/\/www.harmonyresorts.gr\/de\/\"},{\"@type\":\"ListItem\",\"position\":2,\"name\":\"Hotels\"}]},{\"@type\":\"WebSite\",\"@id\":\"https:\/\/www.harmonyresorts.gr\/ru\/#website\",\"url\":\"https:\/\/www.harmonyresorts.gr\/ru\/\",\"name\":\"Harmony Resorts\",\"description\":\"Harmony Resorts\",\"potentialAction\":[{\"@type\":\"SearchAction\",\"target\":{\"@type\":\"EntryPoint\",\"urlTemplate\":\"https:\/\/www.harmonyresorts.gr\/ru\/?s={search_term_string}\"},\"query-input\":{\"@type\":\"PropertyValueSpecification\",\"valueRequired\":true,\"valueName\":\"search_term_string\"}}],\"inLanguage\":\"de\"}]}<\/script>\n<!-- \/ Yoast SEO plugin. -->","yoast_head_json":{"title":"Hotels - Harmony Resorts","robots":{"index":"index","follow":"follow","max-snippet":"max-snippet:-1","max-image-preview":"max-image-preview:large","max-video-preview":"max-video-preview:-1"},"canonical":"https:\/\/www.harmonyresorts.gr\/de\/hotels\/","og_locale":"de_DE","og_type":"article","og_title":"Hotels - Harmony Resorts","og_description":"Unser Engagement f\u00fcr eine nachhaltige Zukunft bei Harmony Resorts. Unsere Kernphilosophie bei Harmony Resorts besteht darin, in die Zukunft zu investieren \u2013 ein Prinzip, das wir seit unserer Gr\u00fcndung gewissenhaft hochhalten. Der Betrieb auf einer von der Natur gesegneten Insel bringt eine gro\u00dfe Verantwortung mit sich, und wir sind stolz darauf, Pioniere bei der F\u00f6rderung","og_url":"https:\/\/www.harmonyresorts.gr\/de\/hotels\/","og_site_name":"Harmony Resorts","article_modified_time":"2024-08-09T08:39:08+00:00","og_image":[{"width":1920,"height":849,"url":"https:\/\/www.harmonyresorts.gr\/app\/uploads\/sites\/48\/2019\/05\/rhodes_1web.jpeg","type":"image\/jpeg"}],"twitter_card":"summary_large_image","twitter_misc":{"Est. reading time":"2\u00a0Minuten"},"schema":{"@context":"https:\/\/schema.org","@graph":[{"@type":"WebPage","@id":"https:\/\/www.harmonyresorts.gr\/de\/hotels\/","url":"https:\/\/www.harmonyresorts.gr\/de\/hotels\/","name":"Hotels - Harmony Resorts","isPartOf":{"@id":"https:\/\/www.harmonyresorts.gr\/ru\/#website"},"primaryImageOfPage":{"@id":"https:\/\/www.harmonyresorts.gr\/de\/hotels\/#primaryimage"},"image":{"@id":"https:\/\/www.harmonyresorts.gr\/de\/hotels\/#primaryimage"},"thumbnailUrl":"https:\/\/www.harmonyresorts.gr\/app\/uploads\/sites\/48\/2019\/05\/rhodes_1web.jpeg","datePublished":"2023-03-31T07:12:40+00:00","dateModified":"2024-08-09T08:39:08+00:00","breadcrumb":{"@id":"https:\/\/www.harmonyresorts.gr\/de\/hotels\/#breadcrumb"},"inLanguage":"de","potentialAction":[{"@type":"ReadAction","target":["https:\/\/www.harmonyresorts.gr\/de\/hotels\/"]}]},{"@type":"ImageObject","inLanguage":"de","@id":"https:\/\/www.harmonyresorts.gr\/de\/hotels\/#primaryimage","url":"https:\/\/www.harmonyresorts.gr\/app\/uploads\/sites\/48\/2019\/05\/rhodes_1web.jpeg","contentUrl":"https:\/\/www.harmonyresorts.gr\/app\/uploads\/sites\/48\/2019\/05\/rhodes_1web.jpeg","width":1920,"height":849},{"@type":"BreadcrumbList","@id":"https:\/\/www.harmonyresorts.gr\/de\/hotels\/#breadcrumb","itemListElement":[{"@type":"ListItem","position":1,"name":"Home","item":"https:\/\/www.harmonyresorts.gr\/de\/"},{"@type":"ListItem","position":2,"name":"Hotels"}]},{"@type":"WebSite","@id":"https:\/\/www.harmonyresorts.gr\/ru\/#website","url":"https:\/\/www.harmonyresorts.gr\/ru\/","name":"Harmony Resorts","description":"Harmony Resorts","potentialAction":[{"@type":"SearchAction","target":{"@type":"EntryPoint","urlTemplate":"https:\/\/www.harmonyresorts.gr\/ru\/?s={search_term_string}"},"query-input":{"@type":"PropertyValueSpecification","valueRequired":true,"valueName":"search_term_string"}}],"inLanguage":"de"}]}},"_links":{"self":[{"href":"https:\/\/www.harmonyresorts.gr\/de\/wp-json\/wp\/v2\/pages\/10486"}],"collection":[{"href":"https:\/\/www.harmonyresorts.gr\/de\/wp-json\/wp\/v2\/pages"}],"about":[{"href":"https:\/\/www.harmonyresorts.gr\/de\/wp-json\/wp\/v2\/types\/page"}],"author":[{"embeddable":true,"href":"https:\/\/www.harmonyresorts.gr\/de\/wp-json\/wp\/v2\/users\/1"}],"replies":[{"embeddable":true,"href":"https:\/\/www.harmonyresorts.gr\/de\/wp-json\/wp\/v2\/comments?post=10486"}],"version-history":[{"count":3,"href":"https:\/\/www.harmonyresorts.gr\/de\/wp-json\/wp\/v2\/pages\/10486\/revisions"}],"predecessor-version":[{"id":11799,"href":"https:\/\/www.harmonyresorts.gr\/de\/wp-json\/wp\/v2\/pages\/10486\/revisions\/11799"}],"wp:featuredmedia":[{"embeddable":true,"href":"https:\/\/www.harmonyresorts.gr\/de\/wp-json\/wp\/v2\/media\/2374"}],"wp:attachment":[{"href":"https:\/\/www.harmonyresorts.gr\/de\/wp-json\/wp\/v2\/media?parent=10486"}],"curies":[{"name":"wp","href":"https:\/\/api.w.org\/{rel}","templated":true}]}}