{"id":10526,"date":"2023-04-27T15:12:11","date_gmt":"2023-04-27T12:12:11","guid":{"rendered":"https:\/\/harmonyresorts.cms4.nelios.com\/hotels\/elysium-resort-spa\/"},"modified":"2024-08-09T13:14:16","modified_gmt":"2024-08-09T10:14:16","slug":"elysium-resort-spa","status":"publish","type":"page","link":"https:\/\/www.harmonyresorts.gr\/de\/hotels\/elysium-resort-spa\/","title":{"rendered":"Elysium Resort &amp; Spa"},"content":{"rendered":"<p>G\u00f6nnen Sie sich einen unvergesslichen F\u00fcnf-Sterne-Luxus. Erleben Sie Ihre kostbarsten Momente im Elysium Resort &amp; Spa. Das Elysium Resort &amp; Spa ist das erste 5-Sterne-Deluxe-Hotel am Strand von Rhodos. Es besteht aus 3 separaten Geb\u00e4uden mit einer zeitgen\u00f6ssischen Architektur:<\/p>\n<p>Das Hauptgeb\u00e4ude hat 8 Stockwerke und ein beeindruckendes Atrium, 3 gl\u00e4serne Panoramaaufz\u00fcge und eine gro\u00dfe Gartenlagune im Erdgeschoss; au\u00dferdem gibt es zwei separate zus\u00e4tzliche Fl\u00fcgel mit 6 bzw. 7 Stockwerken. Das Elysium Resort &amp; Spa zeichnet sich durch seine elegante Ausstattung und hohe \u00c4sthetik sowohl in den \u00f6ffentlichen Bereichen als auch in den G\u00e4stezimmern aus. Luxus, Stil und Qualit\u00e4t der Dienstleistungen sind die Kernwerte, die das Elysium Resort zu einer Klasse f\u00fcr sich werden lassen.<\/p>\n<p><strong><span style=\"color: #baa789;\"><a style=\"color: #baa789;\" href=\"https:\/\/www.elysium.gr\/\" target=\"_blank\" rel=\"noopener\">Besuchen Sie unsere offizielle Website<\/a><\/span><\/strong><\/p>\n","protected":false},"excerpt":{"rendered":"<p>G\u00f6nnen Sie sich einen unvergesslichen F\u00fcnf-Sterne-Luxus. Erleben Sie Ihre kostbarsten Momente im Elysium Resort &amp; Spa. Das Elysium Resort &amp; Spa ist das erste 5-Sterne-Deluxe-Hotel am Strand von Rhodos. Es besteht aus 3 separaten Geb\u00e4uden mit einer zeitgen\u00f6ssischen Architektur: Das Hauptgeb\u00e4ude hat 8 Stockwerke und ein beeindruckendes Atrium, 3 gl\u00e4serne Panoramaaufz\u00fcge und eine gro\u00dfe Gartenlagune<\/p>\n","protected":false},"author":1,"featured_media":9942,"parent":10486,"menu_order":0,"comment_status":"closed","ping_status":"closed","template":"","meta":{"_acf_changed":false,"footnotes":""},"class_list":["post-10526","page","type-page","status-publish","has-post-thumbnail","hentry"],"acf":[],"yoast_head":"<!-- This site is optimized with the Yoast SEO plugin v26.9 - https:\/\/yoast.com\/product\/yoast-seo-wordpress\/ -->\n<title>Elysium Resort &amp; Spa - Harmony Resorts<\/title>\n<meta name=\"robots\" content=\"index, follow, max-snippet:-1, max-image-preview:large, max-video-preview:-1\" \/>\n<link rel=\"canonical\" href=\"https:\/\/www.harmonyresorts.gr\/de\/hotels\/elysium-resort-spa\/\" \/>\n<meta property=\"og:locale\" content=\"de_DE\" \/>\n<meta property=\"og:type\" content=\"article\" \/>\n<meta property=\"og:title\" content=\"Elysium Resort &amp; Spa - Harmony Resorts\" \/>\n<meta property=\"og:description\" content=\"G\u00f6nnen Sie sich einen unvergesslichen F\u00fcnf-Sterne-Luxus. Erleben Sie Ihre kostbarsten Momente im Elysium Resort &amp; Spa. Das Elysium Resort &amp; Spa ist das erste 5-Sterne-Deluxe-Hotel am Strand von Rhodos. Es besteht aus 3 separaten Geb\u00e4uden mit einer zeitgen\u00f6ssischen Architektur: Das Hauptgeb\u00e4ude hat 8 Stockwerke und ein beeindruckendes Atrium, 3 gl\u00e4serne Panoramaaufz\u00fcge und eine gro\u00dfe Gartenlagune\" \/>\n<meta property=\"og:url\" content=\"https:\/\/www.harmonyresorts.gr\/de\/hotels\/elysium-resort-spa\/\" \/>\n<meta property=\"og:site_name\" content=\"Harmony Resorts\" \/>\n<meta property=\"article:modified_time\" content=\"2024-08-09T10:14:16+00:00\" \/>\n<meta property=\"og:image\" content=\"https:\/\/www.harmonyresorts.gr\/app\/uploads\/sites\/48\/2023\/04\/Main_ELYSIUM_RHODES_30.jpg\" \/>\n\t<meta property=\"og:image:width\" content=\"1920\" \/>\n\t<meta property=\"og:image:height\" content=\"1200\" \/>\n\t<meta property=\"og:image:type\" content=\"image\/jpeg\" \/>\n<meta name=\"twitter:card\" content=\"summary_large_image\" \/>\n<meta name=\"twitter:label1\" content=\"Est. reading time\" \/>\n\t<meta name=\"twitter:data1\" content=\"1\u00a0Minute\" \/>\n<script type=\"application\/ld+json\" class=\"yoast-schema-graph\">{\"@context\":\"https:\/\/schema.org\",\"@graph\":[{\"@type\":\"WebPage\",\"@id\":\"https:\/\/www.harmonyresorts.gr\/de\/hotels\/elysium-resort-spa\/\",\"url\":\"https:\/\/www.harmonyresorts.gr\/de\/hotels\/elysium-resort-spa\/\",\"name\":\"Elysium Resort &amp; Spa - Harmony Resorts\",\"isPartOf\":{\"@id\":\"https:\/\/www.harmonyresorts.gr\/ru\/#website\"},\"primaryImageOfPage\":{\"@id\":\"https:\/\/www.harmonyresorts.gr\/de\/hotels\/elysium-resort-spa\/#primaryimage\"},\"image\":{\"@id\":\"https:\/\/www.harmonyresorts.gr\/de\/hotels\/elysium-resort-spa\/#primaryimage\"},\"thumbnailUrl\":\"https:\/\/www.harmonyresorts.gr\/app\/uploads\/sites\/48\/2023\/04\/Main_ELYSIUM_RHODES_30.jpg\",\"datePublished\":\"2023-04-27T12:12:11+00:00\",\"dateModified\":\"2024-08-09T10:14:16+00:00\",\"breadcrumb\":{\"@id\":\"https:\/\/www.harmonyresorts.gr\/de\/hotels\/elysium-resort-spa\/#breadcrumb\"},\"inLanguage\":\"de\",\"potentialAction\":[{\"@type\":\"ReadAction\",\"target\":[\"https:\/\/www.harmonyresorts.gr\/de\/hotels\/elysium-resort-spa\/\"]}]},{\"@type\":\"ImageObject\",\"inLanguage\":\"de\",\"@id\":\"https:\/\/www.harmonyresorts.gr\/de\/hotels\/elysium-resort-spa\/#primaryimage\",\"url\":\"https:\/\/www.harmonyresorts.gr\/app\/uploads\/sites\/48\/2023\/04\/Main_ELYSIUM_RHODES_30.jpg\",\"contentUrl\":\"https:\/\/www.harmonyresorts.gr\/app\/uploads\/sites\/48\/2023\/04\/Main_ELYSIUM_RHODES_30.jpg\",\"width\":1920,\"height\":1200},{\"@type\":\"BreadcrumbList\",\"@id\":\"https:\/\/www.harmonyresorts.gr\/de\/hotels\/elysium-resort-spa\/#breadcrumb\",\"itemListElement\":[{\"@type\":\"ListItem\",\"position\":1,\"name\":\"Home\",\"item\":\"https:\/\/www.harmonyresorts.gr\/de\/\"},{\"@type\":\"ListItem\",\"position\":2,\"name\":\"Hotels\",\"item\":\"https:\/\/www.harmonyresorts.gr\/de\/hotels\/\"},{\"@type\":\"ListItem\",\"position\":3,\"name\":\"Elysium Resort &amp; Spa\"}]},{\"@type\":\"WebSite\",\"@id\":\"https:\/\/www.harmonyresorts.gr\/ru\/#website\",\"url\":\"https:\/\/www.harmonyresorts.gr\/ru\/\",\"name\":\"Harmony Resorts\",\"description\":\"Harmony Resorts\",\"potentialAction\":[{\"@type\":\"SearchAction\",\"target\":{\"@type\":\"EntryPoint\",\"urlTemplate\":\"https:\/\/www.harmonyresorts.gr\/ru\/?s={search_term_string}\"},\"query-input\":{\"@type\":\"PropertyValueSpecification\",\"valueRequired\":true,\"valueName\":\"search_term_string\"}}],\"inLanguage\":\"de\"}]}<\/script>\n<!-- \/ Yoast SEO plugin. -->","yoast_head_json":{"title":"Elysium Resort &amp; Spa - Harmony Resorts","robots":{"index":"index","follow":"follow","max-snippet":"max-snippet:-1","max-image-preview":"max-image-preview:large","max-video-preview":"max-video-preview:-1"},"canonical":"https:\/\/www.harmonyresorts.gr\/de\/hotels\/elysium-resort-spa\/","og_locale":"de_DE","og_type":"article","og_title":"Elysium Resort &amp; Spa - Harmony Resorts","og_description":"G\u00f6nnen Sie sich einen unvergesslichen F\u00fcnf-Sterne-Luxus. Erleben Sie Ihre kostbarsten Momente im Elysium Resort &amp; Spa. Das Elysium Resort &amp; Spa ist das erste 5-Sterne-Deluxe-Hotel am Strand von Rhodos. Es besteht aus 3 separaten Geb\u00e4uden mit einer zeitgen\u00f6ssischen Architektur: Das Hauptgeb\u00e4ude hat 8 Stockwerke und ein beeindruckendes Atrium, 3 gl\u00e4serne Panoramaaufz\u00fcge und eine gro\u00dfe Gartenlagune","og_url":"https:\/\/www.harmonyresorts.gr\/de\/hotels\/elysium-resort-spa\/","og_site_name":"Harmony Resorts","article_modified_time":"2024-08-09T10:14:16+00:00","og_image":[{"width":1920,"height":1200,"url":"https:\/\/www.harmonyresorts.gr\/app\/uploads\/sites\/48\/2023\/04\/Main_ELYSIUM_RHODES_30.jpg","type":"image\/jpeg"}],"twitter_card":"summary_large_image","twitter_misc":{"Est. reading time":"1\u00a0Minute"},"schema":{"@context":"https:\/\/schema.org","@graph":[{"@type":"WebPage","@id":"https:\/\/www.harmonyresorts.gr\/de\/hotels\/elysium-resort-spa\/","url":"https:\/\/www.harmonyresorts.gr\/de\/hotels\/elysium-resort-spa\/","name":"Elysium Resort &amp; Spa - Harmony Resorts","isPartOf":{"@id":"https:\/\/www.harmonyresorts.gr\/ru\/#website"},"primaryImageOfPage":{"@id":"https:\/\/www.harmonyresorts.gr\/de\/hotels\/elysium-resort-spa\/#primaryimage"},"image":{"@id":"https:\/\/www.harmonyresorts.gr\/de\/hotels\/elysium-resort-spa\/#primaryimage"},"thumbnailUrl":"https:\/\/www.harmonyresorts.gr\/app\/uploads\/sites\/48\/2023\/04\/Main_ELYSIUM_RHODES_30.jpg","datePublished":"2023-04-27T12:12:11+00:00","dateModified":"2024-08-09T10:14:16+00:00","breadcrumb":{"@id":"https:\/\/www.harmonyresorts.gr\/de\/hotels\/elysium-resort-spa\/#breadcrumb"},"inLanguage":"de","potentialAction":[{"@type":"ReadAction","target":["https:\/\/www.harmonyresorts.gr\/de\/hotels\/elysium-resort-spa\/"]}]},{"@type":"ImageObject","inLanguage":"de","@id":"https:\/\/www.harmonyresorts.gr\/de\/hotels\/elysium-resort-spa\/#primaryimage","url":"https:\/\/www.harmonyresorts.gr\/app\/uploads\/sites\/48\/2023\/04\/Main_ELYSIUM_RHODES_30.jpg","contentUrl":"https:\/\/www.harmonyresorts.gr\/app\/uploads\/sites\/48\/2023\/04\/Main_ELYSIUM_RHODES_30.jpg","width":1920,"height":1200},{"@type":"BreadcrumbList","@id":"https:\/\/www.harmonyresorts.gr\/de\/hotels\/elysium-resort-spa\/#breadcrumb","itemListElement":[{"@type":"ListItem","position":1,"name":"Home","item":"https:\/\/www.harmonyresorts.gr\/de\/"},{"@type":"ListItem","position":2,"name":"Hotels","item":"https:\/\/www.harmonyresorts.gr\/de\/hotels\/"},{"@type":"ListItem","position":3,"name":"Elysium Resort &amp; Spa"}]},{"@type":"WebSite","@id":"https:\/\/www.harmonyresorts.gr\/ru\/#website","url":"https:\/\/www.harmonyresorts.gr\/ru\/","name":"Harmony Resorts","description":"Harmony Resorts","potentialAction":[{"@type":"SearchAction","target":{"@type":"EntryPoint","urlTemplate":"https:\/\/www.harmonyresorts.gr\/ru\/?s={search_term_string}"},"query-input":{"@type":"PropertyValueSpecification","valueRequired":true,"valueName":"search_term_string"}}],"inLanguage":"de"}]}},"_links":{"self":[{"href":"https:\/\/www.harmonyresorts.gr\/de\/wp-json\/wp\/v2\/pages\/10526"}],"collection":[{"href":"https:\/\/www.harmonyresorts.gr\/de\/wp-json\/wp\/v2\/pages"}],"about":[{"href":"https:\/\/www.harmonyresorts.gr\/de\/wp-json\/wp\/v2\/types\/page"}],"author":[{"embeddable":true,"href":"https:\/\/www.harmonyresorts.gr\/de\/wp-json\/wp\/v2\/users\/1"}],"replies":[{"embeddable":true,"href":"https:\/\/www.harmonyresorts.gr\/de\/wp-json\/wp\/v2\/comments?post=10526"}],"version-history":[{"count":1,"href":"https:\/\/www.harmonyresorts.gr\/de\/wp-json\/wp\/v2\/pages\/10526\/revisions"}],"predecessor-version":[{"id":11806,"href":"https:\/\/www.harmonyresorts.gr\/de\/wp-json\/wp\/v2\/pages\/10526\/revisions\/11806"}],"up":[{"embeddable":true,"href":"https:\/\/www.harmonyresorts.gr\/de\/wp-json\/wp\/v2\/pages\/10486"}],"wp:featuredmedia":[{"embeddable":true,"href":"https:\/\/www.harmonyresorts.gr\/de\/wp-json\/wp\/v2\/media\/9942"}],"wp:attachment":[{"href":"https:\/\/www.harmonyresorts.gr\/de\/wp-json\/wp\/v2\/media?parent=10526"}],"curies":[{"name":"wp","href":"https:\/\/api.w.org\/{rel}","templated":true}]}}