{"id":10527,"date":"2023-04-28T10:01:03","date_gmt":"2023-04-28T07:01:03","guid":{"rendered":"https:\/\/harmonyresorts.cms4.nelios.com\/hotels\/sun-beach-resort-komplex\/"},"modified":"2024-08-09T13:18:02","modified_gmt":"2024-08-09T10:18:02","slug":"sun-beach-resort-komplex","status":"publish","type":"page","link":"https:\/\/www.harmonyresorts.gr\/de\/hotels\/sun-beach-resort-komplex\/","title":{"rendered":"Sun Beach Resort Komplex"},"content":{"rendered":"<p>Willkommen in einem der beliebtesten Familienhotels auf Rhodos! Das Sun Beach Resort ist ein au\u00dfergew\u00f6hnliches 4-Sterne-Familienhotel in bester Strandlage im Herzen des kosmopolitischen Ferienortes Ialyssos, nur 10 km vom internationalen Flughafen von Rhodos und von Rhodos-Stadt entfernt.<\/p>\n<p>Die Anlage erstreckt sich \u00fcber eine Fl\u00e4che von 35000 m2 mit Palmen und sch\u00f6nen G\u00e4rten und besteht aus 2 separaten Geb\u00e4uden: dem Strandfl\u00fcgel und dem Gartenfl\u00fcgel. Ein umfangreiches Angebot an Freizeiteinrichtungen und stilvollen Unterk\u00fcnften, eine ausgezeichnete K\u00fcche mit zahlreichen Restaurants und Bars, t\u00e4gliches Unterhaltungsprogramm f\u00fcr alle Altersgruppen und vor allem ein un\u00fcbertroffener Standard an warmherzigem und pers\u00f6nlichem Service sorgen daf\u00fcr, dass das Sun Beach Hotel die perfekte Wahl f\u00fcr alle ist, die ihren Urlaub auf Rhodos zu einem Gesamterlebnis machen wollen!<\/p>\n<p><strong><span style=\"color: #baa789;\"><a style=\"color: #baa789;\" href=\"https:\/\/www.sunbeach-rhodes.gr\/\" target=\"_blank\" rel=\"noopener\">Besuchen Sie die offizielle Website<\/a><\/span><\/strong><\/p>\n","protected":false},"excerpt":{"rendered":"<p>Willkommen in einem der beliebtesten Familienhotels auf Rhodos! Das Sun Beach Resort ist ein au\u00dfergew\u00f6hnliches 4-Sterne-Familienhotel in bester Strandlage im Herzen des kosmopolitischen Ferienortes Ialyssos, nur 10 km vom internationalen Flughafen von Rhodos und von Rhodos-Stadt entfernt. Die Anlage erstreckt sich \u00fcber eine Fl\u00e4che von 35000 m2 mit Palmen und sch\u00f6nen G\u00e4rten und besteht aus<\/p>\n","protected":false},"author":1,"featured_media":11385,"parent":10486,"menu_order":0,"comment_status":"closed","ping_status":"closed","template":"","meta":{"_acf_changed":false,"footnotes":""},"class_list":["post-10527","page","type-page","status-publish","has-post-thumbnail","hentry"],"acf":[],"yoast_head":"<!-- This site is optimized with the Yoast SEO plugin v26.9 - https:\/\/yoast.com\/product\/yoast-seo-wordpress\/ -->\n<title>Sun Beach Resort Komplex - Harmony Resorts<\/title>\n<meta name=\"robots\" content=\"index, follow, max-snippet:-1, max-image-preview:large, max-video-preview:-1\" \/>\n<link rel=\"canonical\" href=\"https:\/\/www.harmonyresorts.gr\/de\/hotels\/sun-beach-resort-komplex\/\" \/>\n<meta property=\"og:locale\" content=\"de_DE\" \/>\n<meta property=\"og:type\" content=\"article\" \/>\n<meta property=\"og:title\" content=\"Sun Beach Resort Komplex - Harmony Resorts\" \/>\n<meta property=\"og:description\" content=\"Willkommen in einem der beliebtesten Familienhotels auf Rhodos! Das Sun Beach Resort ist ein au\u00dfergew\u00f6hnliches 4-Sterne-Familienhotel in bester Strandlage im Herzen des kosmopolitischen Ferienortes Ialyssos, nur 10 km vom internationalen Flughafen von Rhodos und von Rhodos-Stadt entfernt. Die Anlage erstreckt sich \u00fcber eine Fl\u00e4che von 35000 m2 mit Palmen und sch\u00f6nen G\u00e4rten und besteht aus\" \/>\n<meta property=\"og:url\" content=\"https:\/\/www.harmonyresorts.gr\/de\/hotels\/sun-beach-resort-komplex\/\" \/>\n<meta property=\"og:site_name\" content=\"Harmony Resorts\" \/>\n<meta property=\"article:modified_time\" content=\"2024-08-09T10:18:02+00:00\" \/>\n<meta property=\"og:image\" content=\"https:\/\/www.harmonyresorts.gr\/app\/uploads\/sites\/48\/2023\/09\/SB_exterior2.jpg\" \/>\n\t<meta property=\"og:image:width\" content=\"1920\" \/>\n\t<meta property=\"og:image:height\" content=\"1080\" \/>\n\t<meta property=\"og:image:type\" content=\"image\/jpeg\" \/>\n<meta name=\"twitter:card\" content=\"summary_large_image\" \/>\n<meta name=\"twitter:label1\" content=\"Est. reading time\" \/>\n\t<meta name=\"twitter:data1\" content=\"1\u00a0Minute\" \/>\n<script type=\"application\/ld+json\" class=\"yoast-schema-graph\">{\"@context\":\"https:\/\/schema.org\",\"@graph\":[{\"@type\":\"WebPage\",\"@id\":\"https:\/\/www.harmonyresorts.gr\/de\/hotels\/sun-beach-resort-komplex\/\",\"url\":\"https:\/\/www.harmonyresorts.gr\/de\/hotels\/sun-beach-resort-komplex\/\",\"name\":\"Sun Beach Resort Komplex - Harmony Resorts\",\"isPartOf\":{\"@id\":\"https:\/\/www.harmonyresorts.gr\/ru\/#website\"},\"primaryImageOfPage\":{\"@id\":\"https:\/\/www.harmonyresorts.gr\/de\/hotels\/sun-beach-resort-komplex\/#primaryimage\"},\"image\":{\"@id\":\"https:\/\/www.harmonyresorts.gr\/de\/hotels\/sun-beach-resort-komplex\/#primaryimage\"},\"thumbnailUrl\":\"https:\/\/www.harmonyresorts.gr\/app\/uploads\/sites\/48\/2023\/09\/SB_exterior2.jpg\",\"datePublished\":\"2023-04-28T07:01:03+00:00\",\"dateModified\":\"2024-08-09T10:18:02+00:00\",\"breadcrumb\":{\"@id\":\"https:\/\/www.harmonyresorts.gr\/de\/hotels\/sun-beach-resort-komplex\/#breadcrumb\"},\"inLanguage\":\"de\",\"potentialAction\":[{\"@type\":\"ReadAction\",\"target\":[\"https:\/\/www.harmonyresorts.gr\/de\/hotels\/sun-beach-resort-komplex\/\"]}]},{\"@type\":\"ImageObject\",\"inLanguage\":\"de\",\"@id\":\"https:\/\/www.harmonyresorts.gr\/de\/hotels\/sun-beach-resort-komplex\/#primaryimage\",\"url\":\"https:\/\/www.harmonyresorts.gr\/app\/uploads\/sites\/48\/2023\/09\/SB_exterior2.jpg\",\"contentUrl\":\"https:\/\/www.harmonyresorts.gr\/app\/uploads\/sites\/48\/2023\/09\/SB_exterior2.jpg\",\"width\":1920,\"height\":1080},{\"@type\":\"BreadcrumbList\",\"@id\":\"https:\/\/www.harmonyresorts.gr\/de\/hotels\/sun-beach-resort-komplex\/#breadcrumb\",\"itemListElement\":[{\"@type\":\"ListItem\",\"position\":1,\"name\":\"Home\",\"item\":\"https:\/\/www.harmonyresorts.gr\/de\/\"},{\"@type\":\"ListItem\",\"position\":2,\"name\":\"Hotels\",\"item\":\"https:\/\/www.harmonyresorts.gr\/de\/hotels\/\"},{\"@type\":\"ListItem\",\"position\":3,\"name\":\"Sun Beach Resort Komplex\"}]},{\"@type\":\"WebSite\",\"@id\":\"https:\/\/www.harmonyresorts.gr\/ru\/#website\",\"url\":\"https:\/\/www.harmonyresorts.gr\/ru\/\",\"name\":\"Harmony Resorts\",\"description\":\"Harmony Resorts\",\"potentialAction\":[{\"@type\":\"SearchAction\",\"target\":{\"@type\":\"EntryPoint\",\"urlTemplate\":\"https:\/\/www.harmonyresorts.gr\/ru\/?s={search_term_string}\"},\"query-input\":{\"@type\":\"PropertyValueSpecification\",\"valueRequired\":true,\"valueName\":\"search_term_string\"}}],\"inLanguage\":\"de\"}]}<\/script>\n<!-- \/ Yoast SEO plugin. -->","yoast_head_json":{"title":"Sun Beach Resort Komplex - Harmony Resorts","robots":{"index":"index","follow":"follow","max-snippet":"max-snippet:-1","max-image-preview":"max-image-preview:large","max-video-preview":"max-video-preview:-1"},"canonical":"https:\/\/www.harmonyresorts.gr\/de\/hotels\/sun-beach-resort-komplex\/","og_locale":"de_DE","og_type":"article","og_title":"Sun Beach Resort Komplex - Harmony Resorts","og_description":"Willkommen in einem der beliebtesten Familienhotels auf Rhodos! Das Sun Beach Resort ist ein au\u00dfergew\u00f6hnliches 4-Sterne-Familienhotel in bester Strandlage im Herzen des kosmopolitischen Ferienortes Ialyssos, nur 10 km vom internationalen Flughafen von Rhodos und von Rhodos-Stadt entfernt. Die Anlage erstreckt sich \u00fcber eine Fl\u00e4che von 35000 m2 mit Palmen und sch\u00f6nen G\u00e4rten und besteht aus","og_url":"https:\/\/www.harmonyresorts.gr\/de\/hotels\/sun-beach-resort-komplex\/","og_site_name":"Harmony Resorts","article_modified_time":"2024-08-09T10:18:02+00:00","og_image":[{"width":1920,"height":1080,"url":"https:\/\/www.harmonyresorts.gr\/app\/uploads\/sites\/48\/2023\/09\/SB_exterior2.jpg","type":"image\/jpeg"}],"twitter_card":"summary_large_image","twitter_misc":{"Est. reading time":"1\u00a0Minute"},"schema":{"@context":"https:\/\/schema.org","@graph":[{"@type":"WebPage","@id":"https:\/\/www.harmonyresorts.gr\/de\/hotels\/sun-beach-resort-komplex\/","url":"https:\/\/www.harmonyresorts.gr\/de\/hotels\/sun-beach-resort-komplex\/","name":"Sun Beach Resort Komplex - Harmony Resorts","isPartOf":{"@id":"https:\/\/www.harmonyresorts.gr\/ru\/#website"},"primaryImageOfPage":{"@id":"https:\/\/www.harmonyresorts.gr\/de\/hotels\/sun-beach-resort-komplex\/#primaryimage"},"image":{"@id":"https:\/\/www.harmonyresorts.gr\/de\/hotels\/sun-beach-resort-komplex\/#primaryimage"},"thumbnailUrl":"https:\/\/www.harmonyresorts.gr\/app\/uploads\/sites\/48\/2023\/09\/SB_exterior2.jpg","datePublished":"2023-04-28T07:01:03+00:00","dateModified":"2024-08-09T10:18:02+00:00","breadcrumb":{"@id":"https:\/\/www.harmonyresorts.gr\/de\/hotels\/sun-beach-resort-komplex\/#breadcrumb"},"inLanguage":"de","potentialAction":[{"@type":"ReadAction","target":["https:\/\/www.harmonyresorts.gr\/de\/hotels\/sun-beach-resort-komplex\/"]}]},{"@type":"ImageObject","inLanguage":"de","@id":"https:\/\/www.harmonyresorts.gr\/de\/hotels\/sun-beach-resort-komplex\/#primaryimage","url":"https:\/\/www.harmonyresorts.gr\/app\/uploads\/sites\/48\/2023\/09\/SB_exterior2.jpg","contentUrl":"https:\/\/www.harmonyresorts.gr\/app\/uploads\/sites\/48\/2023\/09\/SB_exterior2.jpg","width":1920,"height":1080},{"@type":"BreadcrumbList","@id":"https:\/\/www.harmonyresorts.gr\/de\/hotels\/sun-beach-resort-komplex\/#breadcrumb","itemListElement":[{"@type":"ListItem","position":1,"name":"Home","item":"https:\/\/www.harmonyresorts.gr\/de\/"},{"@type":"ListItem","position":2,"name":"Hotels","item":"https:\/\/www.harmonyresorts.gr\/de\/hotels\/"},{"@type":"ListItem","position":3,"name":"Sun Beach Resort Komplex"}]},{"@type":"WebSite","@id":"https:\/\/www.harmonyresorts.gr\/ru\/#website","url":"https:\/\/www.harmonyresorts.gr\/ru\/","name":"Harmony Resorts","description":"Harmony Resorts","potentialAction":[{"@type":"SearchAction","target":{"@type":"EntryPoint","urlTemplate":"https:\/\/www.harmonyresorts.gr\/ru\/?s={search_term_string}"},"query-input":{"@type":"PropertyValueSpecification","valueRequired":true,"valueName":"search_term_string"}}],"inLanguage":"de"}]}},"_links":{"self":[{"href":"https:\/\/www.harmonyresorts.gr\/de\/wp-json\/wp\/v2\/pages\/10527"}],"collection":[{"href":"https:\/\/www.harmonyresorts.gr\/de\/wp-json\/wp\/v2\/pages"}],"about":[{"href":"https:\/\/www.harmonyresorts.gr\/de\/wp-json\/wp\/v2\/types\/page"}],"author":[{"embeddable":true,"href":"https:\/\/www.harmonyresorts.gr\/de\/wp-json\/wp\/v2\/users\/1"}],"replies":[{"embeddable":true,"href":"https:\/\/www.harmonyresorts.gr\/de\/wp-json\/wp\/v2\/comments?post=10527"}],"version-history":[{"count":1,"href":"https:\/\/www.harmonyresorts.gr\/de\/wp-json\/wp\/v2\/pages\/10527\/revisions"}],"predecessor-version":[{"id":11808,"href":"https:\/\/www.harmonyresorts.gr\/de\/wp-json\/wp\/v2\/pages\/10527\/revisions\/11808"}],"up":[{"embeddable":true,"href":"https:\/\/www.harmonyresorts.gr\/de\/wp-json\/wp\/v2\/pages\/10486"}],"wp:featuredmedia":[{"embeddable":true,"href":"https:\/\/www.harmonyresorts.gr\/de\/wp-json\/wp\/v2\/media\/11385"}],"wp:attachment":[{"href":"https:\/\/www.harmonyresorts.gr\/de\/wp-json\/wp\/v2\/media?parent=10527"}],"curies":[{"name":"wp","href":"https:\/\/api.w.org\/{rel}","templated":true}]}}