{"id":10532,"date":"2023-04-28T10:01:16","date_gmt":"2023-04-28T07:01:16","guid":{"rendered":"https:\/\/harmonyresorts.cms4.nelios.com\/hotels\/rodos-palladium-freizeit-wellness\/"},"modified":"2024-08-09T13:16:16","modified_gmt":"2024-08-09T10:16:16","slug":"rodos-palladium-freizeit-wellness","status":"publish","type":"page","link":"https:\/\/www.harmonyresorts.gr\/de\/hotels\/rodos-palladium-freizeit-wellness\/","title":{"rendered":"Rodos Palladium Freizeit &amp; Wellness"},"content":{"rendered":"<p>Eine wahre Oase von F\u00fcnf-Sterne-Freizeit- und Wellness-Erlebnissen direkt am Strand! Das Rodos Palladium Leisure &amp; Wellness ist ein mehrfach ausgezeichnetes Luxushotel, das aus einem Hauptgeb\u00e4ude mit 6 Etagen und 5 Nebengeb\u00e4uden besteht, von denen eines \u00fcber einen eigenen Pool verf\u00fcgt und von dem aus man die \u00fcppigen gr\u00fcnen G\u00e4rten und das weite \u00c4g\u00e4ische Meer \u00fcberblicken kann.<\/p>\n<p>In idealer Lage direkt am Strand, nur 15 Minuten von Rhodos-Stadt entfernt, ist das Rodos Palladium f\u00fcr seine echte, zeitlose Leidenschaft f\u00fcr griechische Gastfreundschaft bekannt und bietet seinen G\u00e4sten ein echtes und authentisches Erlebnis mit viel Liebe zum Detail. Feine griechische und mediterrane Gerichte, kosmopolitische Bars, ein gro\u00dfer tropischer Pool und ein Spa mit Innenpool machen das Rodos Palladium zu einer idealen Wahl f\u00fcr Ihren Aufenthalt auf Rhodos.<\/p>\n<p><strong><span style=\"color: #baa789;\"><a style=\"color: #baa789;\" href=\"https:\/\/www.rodospalladium.gr\/\" target=\"_blank\" rel=\"noopener\">Besuchen Sie unsere offizielle Website<\/a><\/span><\/strong><\/p>\n","protected":false},"excerpt":{"rendered":"<p>Eine wahre Oase von F\u00fcnf-Sterne-Freizeit- und Wellness-Erlebnissen direkt am Strand! Das Rodos Palladium Leisure &amp; Wellness ist ein mehrfach ausgezeichnetes Luxushotel, das aus einem Hauptgeb\u00e4ude mit 6 Etagen und 5 Nebengeb\u00e4uden besteht, von denen eines \u00fcber einen eigenen Pool verf\u00fcgt und von dem aus man die \u00fcppigen gr\u00fcnen G\u00e4rten und das weite \u00c4g\u00e4ische Meer \u00fcberblicken<\/p>\n","protected":false},"author":1,"featured_media":9937,"parent":10486,"menu_order":0,"comment_status":"closed","ping_status":"closed","template":"","meta":{"_acf_changed":false,"footnotes":""},"class_list":["post-10532","page","type-page","status-publish","has-post-thumbnail","hentry"],"acf":[],"yoast_head":"<!-- This site is optimized with the Yoast SEO plugin v26.9 - https:\/\/yoast.com\/product\/yoast-seo-wordpress\/ -->\n<title>Rodos Palladium Freizeit &amp; Wellness - Harmony Resorts<\/title>\n<meta name=\"robots\" content=\"index, follow, max-snippet:-1, max-image-preview:large, max-video-preview:-1\" \/>\n<link rel=\"canonical\" href=\"https:\/\/www.harmonyresorts.gr\/de\/hotels\/rodos-palladium-freizeit-wellness\/\" \/>\n<meta property=\"og:locale\" content=\"de_DE\" \/>\n<meta property=\"og:type\" content=\"article\" \/>\n<meta property=\"og:title\" content=\"Rodos Palladium Freizeit &amp; Wellness - Harmony Resorts\" \/>\n<meta property=\"og:description\" content=\"Eine wahre Oase von F\u00fcnf-Sterne-Freizeit- und Wellness-Erlebnissen direkt am Strand! Das Rodos Palladium Leisure &amp; Wellness ist ein mehrfach ausgezeichnetes Luxushotel, das aus einem Hauptgeb\u00e4ude mit 6 Etagen und 5 Nebengeb\u00e4uden besteht, von denen eines \u00fcber einen eigenen Pool verf\u00fcgt und von dem aus man die \u00fcppigen gr\u00fcnen G\u00e4rten und das weite \u00c4g\u00e4ische Meer \u00fcberblicken\" \/>\n<meta property=\"og:url\" content=\"https:\/\/www.harmonyresorts.gr\/de\/hotels\/rodos-palladium-freizeit-wellness\/\" \/>\n<meta property=\"og:site_name\" content=\"Harmony Resorts\" \/>\n<meta property=\"article:modified_time\" content=\"2024-08-09T10:16:16+00:00\" \/>\n<meta property=\"og:image\" content=\"https:\/\/www.harmonyresorts.gr\/app\/uploads\/sites\/48\/2023\/04\/254_RODOS_PALLADIUM_Outdoor_Pools.jpg\" \/>\n\t<meta property=\"og:image:width\" content=\"1920\" \/>\n\t<meta property=\"og:image:height\" content=\"1200\" \/>\n\t<meta property=\"og:image:type\" content=\"image\/jpeg\" \/>\n<meta name=\"twitter:card\" content=\"summary_large_image\" \/>\n<meta name=\"twitter:label1\" content=\"Est. reading time\" \/>\n\t<meta name=\"twitter:data1\" content=\"1\u00a0Minute\" \/>\n<script type=\"application\/ld+json\" class=\"yoast-schema-graph\">{\"@context\":\"https:\/\/schema.org\",\"@graph\":[{\"@type\":\"WebPage\",\"@id\":\"https:\/\/www.harmonyresorts.gr\/de\/hotels\/rodos-palladium-freizeit-wellness\/\",\"url\":\"https:\/\/www.harmonyresorts.gr\/de\/hotels\/rodos-palladium-freizeit-wellness\/\",\"name\":\"Rodos Palladium Freizeit &amp; Wellness - Harmony Resorts\",\"isPartOf\":{\"@id\":\"https:\/\/www.harmonyresorts.gr\/ru\/#website\"},\"primaryImageOfPage\":{\"@id\":\"https:\/\/www.harmonyresorts.gr\/de\/hotels\/rodos-palladium-freizeit-wellness\/#primaryimage\"},\"image\":{\"@id\":\"https:\/\/www.harmonyresorts.gr\/de\/hotels\/rodos-palladium-freizeit-wellness\/#primaryimage\"},\"thumbnailUrl\":\"https:\/\/www.harmonyresorts.gr\/app\/uploads\/sites\/48\/2023\/04\/254_RODOS_PALLADIUM_Outdoor_Pools.jpg\",\"datePublished\":\"2023-04-28T07:01:16+00:00\",\"dateModified\":\"2024-08-09T10:16:16+00:00\",\"breadcrumb\":{\"@id\":\"https:\/\/www.harmonyresorts.gr\/de\/hotels\/rodos-palladium-freizeit-wellness\/#breadcrumb\"},\"inLanguage\":\"de\",\"potentialAction\":[{\"@type\":\"ReadAction\",\"target\":[\"https:\/\/www.harmonyresorts.gr\/de\/hotels\/rodos-palladium-freizeit-wellness\/\"]}]},{\"@type\":\"ImageObject\",\"inLanguage\":\"de\",\"@id\":\"https:\/\/www.harmonyresorts.gr\/de\/hotels\/rodos-palladium-freizeit-wellness\/#primaryimage\",\"url\":\"https:\/\/www.harmonyresorts.gr\/app\/uploads\/sites\/48\/2023\/04\/254_RODOS_PALLADIUM_Outdoor_Pools.jpg\",\"contentUrl\":\"https:\/\/www.harmonyresorts.gr\/app\/uploads\/sites\/48\/2023\/04\/254_RODOS_PALLADIUM_Outdoor_Pools.jpg\",\"width\":1920,\"height\":1200},{\"@type\":\"BreadcrumbList\",\"@id\":\"https:\/\/www.harmonyresorts.gr\/de\/hotels\/rodos-palladium-freizeit-wellness\/#breadcrumb\",\"itemListElement\":[{\"@type\":\"ListItem\",\"position\":1,\"name\":\"Home\",\"item\":\"https:\/\/www.harmonyresorts.gr\/de\/\"},{\"@type\":\"ListItem\",\"position\":2,\"name\":\"Hotels\",\"item\":\"https:\/\/www.harmonyresorts.gr\/de\/hotels\/\"},{\"@type\":\"ListItem\",\"position\":3,\"name\":\"Rodos Palladium Freizeit &amp; Wellness\"}]},{\"@type\":\"WebSite\",\"@id\":\"https:\/\/www.harmonyresorts.gr\/ru\/#website\",\"url\":\"https:\/\/www.harmonyresorts.gr\/ru\/\",\"name\":\"Harmony Resorts\",\"description\":\"Harmony Resorts\",\"potentialAction\":[{\"@type\":\"SearchAction\",\"target\":{\"@type\":\"EntryPoint\",\"urlTemplate\":\"https:\/\/www.harmonyresorts.gr\/ru\/?s={search_term_string}\"},\"query-input\":{\"@type\":\"PropertyValueSpecification\",\"valueRequired\":true,\"valueName\":\"search_term_string\"}}],\"inLanguage\":\"de\"}]}<\/script>\n<!-- \/ Yoast SEO plugin. -->","yoast_head_json":{"title":"Rodos Palladium Freizeit &amp; Wellness - Harmony Resorts","robots":{"index":"index","follow":"follow","max-snippet":"max-snippet:-1","max-image-preview":"max-image-preview:large","max-video-preview":"max-video-preview:-1"},"canonical":"https:\/\/www.harmonyresorts.gr\/de\/hotels\/rodos-palladium-freizeit-wellness\/","og_locale":"de_DE","og_type":"article","og_title":"Rodos Palladium Freizeit &amp; Wellness - Harmony Resorts","og_description":"Eine wahre Oase von F\u00fcnf-Sterne-Freizeit- und Wellness-Erlebnissen direkt am Strand! Das Rodos Palladium Leisure &amp; Wellness ist ein mehrfach ausgezeichnetes Luxushotel, das aus einem Hauptgeb\u00e4ude mit 6 Etagen und 5 Nebengeb\u00e4uden besteht, von denen eines \u00fcber einen eigenen Pool verf\u00fcgt und von dem aus man die \u00fcppigen gr\u00fcnen G\u00e4rten und das weite \u00c4g\u00e4ische Meer \u00fcberblicken","og_url":"https:\/\/www.harmonyresorts.gr\/de\/hotels\/rodos-palladium-freizeit-wellness\/","og_site_name":"Harmony Resorts","article_modified_time":"2024-08-09T10:16:16+00:00","og_image":[{"width":1920,"height":1200,"url":"https:\/\/www.harmonyresorts.gr\/app\/uploads\/sites\/48\/2023\/04\/254_RODOS_PALLADIUM_Outdoor_Pools.jpg","type":"image\/jpeg"}],"twitter_card":"summary_large_image","twitter_misc":{"Est. reading time":"1\u00a0Minute"},"schema":{"@context":"https:\/\/schema.org","@graph":[{"@type":"WebPage","@id":"https:\/\/www.harmonyresorts.gr\/de\/hotels\/rodos-palladium-freizeit-wellness\/","url":"https:\/\/www.harmonyresorts.gr\/de\/hotels\/rodos-palladium-freizeit-wellness\/","name":"Rodos Palladium Freizeit &amp; Wellness - Harmony Resorts","isPartOf":{"@id":"https:\/\/www.harmonyresorts.gr\/ru\/#website"},"primaryImageOfPage":{"@id":"https:\/\/www.harmonyresorts.gr\/de\/hotels\/rodos-palladium-freizeit-wellness\/#primaryimage"},"image":{"@id":"https:\/\/www.harmonyresorts.gr\/de\/hotels\/rodos-palladium-freizeit-wellness\/#primaryimage"},"thumbnailUrl":"https:\/\/www.harmonyresorts.gr\/app\/uploads\/sites\/48\/2023\/04\/254_RODOS_PALLADIUM_Outdoor_Pools.jpg","datePublished":"2023-04-28T07:01:16+00:00","dateModified":"2024-08-09T10:16:16+00:00","breadcrumb":{"@id":"https:\/\/www.harmonyresorts.gr\/de\/hotels\/rodos-palladium-freizeit-wellness\/#breadcrumb"},"inLanguage":"de","potentialAction":[{"@type":"ReadAction","target":["https:\/\/www.harmonyresorts.gr\/de\/hotels\/rodos-palladium-freizeit-wellness\/"]}]},{"@type":"ImageObject","inLanguage":"de","@id":"https:\/\/www.harmonyresorts.gr\/de\/hotels\/rodos-palladium-freizeit-wellness\/#primaryimage","url":"https:\/\/www.harmonyresorts.gr\/app\/uploads\/sites\/48\/2023\/04\/254_RODOS_PALLADIUM_Outdoor_Pools.jpg","contentUrl":"https:\/\/www.harmonyresorts.gr\/app\/uploads\/sites\/48\/2023\/04\/254_RODOS_PALLADIUM_Outdoor_Pools.jpg","width":1920,"height":1200},{"@type":"BreadcrumbList","@id":"https:\/\/www.harmonyresorts.gr\/de\/hotels\/rodos-palladium-freizeit-wellness\/#breadcrumb","itemListElement":[{"@type":"ListItem","position":1,"name":"Home","item":"https:\/\/www.harmonyresorts.gr\/de\/"},{"@type":"ListItem","position":2,"name":"Hotels","item":"https:\/\/www.harmonyresorts.gr\/de\/hotels\/"},{"@type":"ListItem","position":3,"name":"Rodos Palladium Freizeit &amp; Wellness"}]},{"@type":"WebSite","@id":"https:\/\/www.harmonyresorts.gr\/ru\/#website","url":"https:\/\/www.harmonyresorts.gr\/ru\/","name":"Harmony Resorts","description":"Harmony Resorts","potentialAction":[{"@type":"SearchAction","target":{"@type":"EntryPoint","urlTemplate":"https:\/\/www.harmonyresorts.gr\/ru\/?s={search_term_string}"},"query-input":{"@type":"PropertyValueSpecification","valueRequired":true,"valueName":"search_term_string"}}],"inLanguage":"de"}]}},"_links":{"self":[{"href":"https:\/\/www.harmonyresorts.gr\/de\/wp-json\/wp\/v2\/pages\/10532"}],"collection":[{"href":"https:\/\/www.harmonyresorts.gr\/de\/wp-json\/wp\/v2\/pages"}],"about":[{"href":"https:\/\/www.harmonyresorts.gr\/de\/wp-json\/wp\/v2\/types\/page"}],"author":[{"embeddable":true,"href":"https:\/\/www.harmonyresorts.gr\/de\/wp-json\/wp\/v2\/users\/1"}],"replies":[{"embeddable":true,"href":"https:\/\/www.harmonyresorts.gr\/de\/wp-json\/wp\/v2\/comments?post=10532"}],"version-history":[{"count":1,"href":"https:\/\/www.harmonyresorts.gr\/de\/wp-json\/wp\/v2\/pages\/10532\/revisions"}],"predecessor-version":[{"id":11807,"href":"https:\/\/www.harmonyresorts.gr\/de\/wp-json\/wp\/v2\/pages\/10532\/revisions\/11807"}],"up":[{"embeddable":true,"href":"https:\/\/www.harmonyresorts.gr\/de\/wp-json\/wp\/v2\/pages\/10486"}],"wp:featuredmedia":[{"embeddable":true,"href":"https:\/\/www.harmonyresorts.gr\/de\/wp-json\/wp\/v2\/media\/9937"}],"wp:attachment":[{"href":"https:\/\/www.harmonyresorts.gr\/de\/wp-json\/wp\/v2\/media?parent=10532"}],"curies":[{"name":"wp","href":"https:\/\/api.w.org\/{rel}","templated":true}]}}