{"id":3750,"date":"2019-05-03T13:10:15","date_gmt":"2019-05-03T10:10:15","guid":{"rendered":"http:\/\/harmony.cms4.nelios.com\/elysium-experiences\/"},"modified":"2020-12-16T14:53:15","modified_gmt":"2020-12-16T11:53:15","slug":"elysium-experiences","status":"publish","type":"page","link":"https:\/\/www.harmonyresorts.gr\/de\/elysium-experiences\/","title":{"rendered":"Erlebnisse"},"content":{"rendered":"<p>Sie werden hingerissen sein von den ausgezeichneten Freizeiteinrichtungen, welche Sie w\u00e4hrend Ihres Aufenthaltes im Elysium stressfrei und entspannt werden l\u00e4sst!<\/p>\n<p>Nehmen Sie Ihre Flip-Flops und Sonnenbrille und starten Sie Ihren Tag an einem der wohl sch\u00f6nsten Str\u00e4nde der Insel, genau vor Ihnen oder Sie entspannen an den chlorfreien Hotel Swimming Pools.<\/p>\n<p>Erleben Sie wahren kulinarischen Hochgenuss! Aus der internationalen K\u00fcche bietet unser Spitzen K\u00fcchenchef frisch zubereitete Speisen, basierend auf ausgew\u00e4hlten, t\u00e4glich frisch gelieferten Zutaten. Im Elysium z\u00e4hlen Qualit\u00e4t der Speisen und das Service in den Restaurants zu den wichtigsten Priorit\u00e4ten.<\/p>\n<p>Planen Sie Ihre Traumhochzeit, die all Ihre Erwartungen und Tr\u00e4ume am wichtigsten Tag in Ihrem Leben wahr werden l\u00e4sst!Genie\u00dfen Sie das exklusive Urlaubserlebnis mit dem Besten, was das Elysium Resort &amp; Spa arbeiten kann!<\/p>\n","protected":false},"excerpt":{"rendered":"<p>Sie werden hingerissen sein von den ausgezeichneten Freizeiteinrichtungen, welche Sie w\u00e4hrend Ihres Aufenthaltes im Elysium stressfrei und entspannt werden l\u00e4sst! Nehmen Sie Ihre Flip-Flops und Sonnenbrille und starten Sie Ihren Tag an einem der wohl sch\u00f6nsten Str\u00e4nde der Insel, genau vor Ihnen oder Sie entspannen an den chlorfreien Hotel Swimming Pools. Erleben Sie wahren kulinarischen<\/p>\n","protected":false},"author":1,"featured_media":2262,"parent":0,"menu_order":0,"comment_status":"closed","ping_status":"closed","template":"page-templates\/simple-list.php","meta":{"_acf_changed":false,"footnotes":""},"class_list":["post-3750","page","type-page","status-publish","has-post-thumbnail","hentry"],"acf":[],"yoast_head":"<!-- This site is optimized with the Yoast SEO plugin v26.9 - https:\/\/yoast.com\/product\/yoast-seo-wordpress\/ -->\n<title>Erlebnisse - Harmony Resorts<\/title>\n<meta name=\"robots\" content=\"index, follow, max-snippet:-1, max-image-preview:large, max-video-preview:-1\" \/>\n<link rel=\"canonical\" href=\"https:\/\/www.harmonyresorts.gr\/de\/elysium-experiences\/\" \/>\n<meta property=\"og:locale\" content=\"de_DE\" \/>\n<meta property=\"og:type\" content=\"article\" \/>\n<meta property=\"og:title\" content=\"Erlebnisse - Harmony Resorts\" \/>\n<meta property=\"og:description\" content=\"Sie werden hingerissen sein von den ausgezeichneten Freizeiteinrichtungen, welche Sie w\u00e4hrend Ihres Aufenthaltes im Elysium stressfrei und entspannt werden l\u00e4sst! Nehmen Sie Ihre Flip-Flops und Sonnenbrille und starten Sie Ihren Tag an einem der wohl sch\u00f6nsten Str\u00e4nde der Insel, genau vor Ihnen oder Sie entspannen an den chlorfreien Hotel Swimming Pools. Erleben Sie wahren kulinarischen\" \/>\n<meta property=\"og:url\" content=\"https:\/\/www.harmonyresorts.gr\/de\/elysium-experiences\/\" \/>\n<meta property=\"og:site_name\" content=\"Harmony Resorts\" \/>\n<meta property=\"article:modified_time\" content=\"2020-12-16T11:53:15+00:00\" \/>\n<meta property=\"og:image\" content=\"https:\/\/www.harmonyresorts.gr\/app\/uploads\/sites\/48\/2019\/02\/Senses-caf_-1-HD-straight.jpeg\" \/>\n\t<meta property=\"og:image:width\" content=\"1920\" \/>\n\t<meta property=\"og:image:height\" content=\"850\" \/>\n\t<meta property=\"og:image:type\" content=\"image\/jpeg\" \/>\n<meta name=\"twitter:card\" content=\"summary_large_image\" \/>\n<meta name=\"twitter:label1\" content=\"Est. reading time\" \/>\n\t<meta name=\"twitter:data1\" content=\"1\u00a0Minute\" \/>\n<script type=\"application\/ld+json\" class=\"yoast-schema-graph\">{\"@context\":\"https:\/\/schema.org\",\"@graph\":[{\"@type\":\"WebPage\",\"@id\":\"https:\/\/www.harmonyresorts.gr\/de\/elysium-experiences\/\",\"url\":\"https:\/\/www.harmonyresorts.gr\/de\/elysium-experiences\/\",\"name\":\"Erlebnisse - Harmony Resorts\",\"isPartOf\":{\"@id\":\"https:\/\/www.harmonyresorts.gr\/ru\/#website\"},\"primaryImageOfPage\":{\"@id\":\"https:\/\/www.harmonyresorts.gr\/de\/elysium-experiences\/#primaryimage\"},\"image\":{\"@id\":\"https:\/\/www.harmonyresorts.gr\/de\/elysium-experiences\/#primaryimage\"},\"thumbnailUrl\":\"https:\/\/www.harmonyresorts.gr\/app\/uploads\/sites\/48\/2019\/02\/Senses-caf_-1-HD-straight.jpeg\",\"datePublished\":\"2019-05-03T10:10:15+00:00\",\"dateModified\":\"2020-12-16T11:53:15+00:00\",\"breadcrumb\":{\"@id\":\"https:\/\/www.harmonyresorts.gr\/de\/elysium-experiences\/#breadcrumb\"},\"inLanguage\":\"de\",\"potentialAction\":[{\"@type\":\"ReadAction\",\"target\":[\"https:\/\/www.harmonyresorts.gr\/de\/elysium-experiences\/\"]}]},{\"@type\":\"ImageObject\",\"inLanguage\":\"de\",\"@id\":\"https:\/\/www.harmonyresorts.gr\/de\/elysium-experiences\/#primaryimage\",\"url\":\"https:\/\/www.harmonyresorts.gr\/app\/uploads\/sites\/48\/2019\/02\/Senses-caf_-1-HD-straight.jpeg\",\"contentUrl\":\"https:\/\/www.harmonyresorts.gr\/app\/uploads\/sites\/48\/2019\/02\/Senses-caf_-1-HD-straight.jpeg\",\"width\":1920,\"height\":850},{\"@type\":\"BreadcrumbList\",\"@id\":\"https:\/\/www.harmonyresorts.gr\/de\/elysium-experiences\/#breadcrumb\",\"itemListElement\":[{\"@type\":\"ListItem\",\"position\":1,\"name\":\"Home\",\"item\":\"https:\/\/www.harmonyresorts.gr\/de\/\"},{\"@type\":\"ListItem\",\"position\":2,\"name\":\"Erlebnisse\"}]},{\"@type\":\"WebSite\",\"@id\":\"https:\/\/www.harmonyresorts.gr\/ru\/#website\",\"url\":\"https:\/\/www.harmonyresorts.gr\/ru\/\",\"name\":\"Harmony Resorts\",\"description\":\"Harmony Resorts\",\"potentialAction\":[{\"@type\":\"SearchAction\",\"target\":{\"@type\":\"EntryPoint\",\"urlTemplate\":\"https:\/\/www.harmonyresorts.gr\/ru\/?s={search_term_string}\"},\"query-input\":{\"@type\":\"PropertyValueSpecification\",\"valueRequired\":true,\"valueName\":\"search_term_string\"}}],\"inLanguage\":\"de\"}]}<\/script>\n<!-- \/ Yoast SEO plugin. -->","yoast_head_json":{"title":"Erlebnisse - Harmony Resorts","robots":{"index":"index","follow":"follow","max-snippet":"max-snippet:-1","max-image-preview":"max-image-preview:large","max-video-preview":"max-video-preview:-1"},"canonical":"https:\/\/www.harmonyresorts.gr\/de\/elysium-experiences\/","og_locale":"de_DE","og_type":"article","og_title":"Erlebnisse - Harmony Resorts","og_description":"Sie werden hingerissen sein von den ausgezeichneten Freizeiteinrichtungen, welche Sie w\u00e4hrend Ihres Aufenthaltes im Elysium stressfrei und entspannt werden l\u00e4sst! Nehmen Sie Ihre Flip-Flops und Sonnenbrille und starten Sie Ihren Tag an einem der wohl sch\u00f6nsten Str\u00e4nde der Insel, genau vor Ihnen oder Sie entspannen an den chlorfreien Hotel Swimming Pools. Erleben Sie wahren kulinarischen","og_url":"https:\/\/www.harmonyresorts.gr\/de\/elysium-experiences\/","og_site_name":"Harmony Resorts","article_modified_time":"2020-12-16T11:53:15+00:00","og_image":[{"width":1920,"height":850,"url":"https:\/\/www.harmonyresorts.gr\/app\/uploads\/sites\/48\/2019\/02\/Senses-caf_-1-HD-straight.jpeg","type":"image\/jpeg"}],"twitter_card":"summary_large_image","twitter_misc":{"Est. reading time":"1\u00a0Minute"},"schema":{"@context":"https:\/\/schema.org","@graph":[{"@type":"WebPage","@id":"https:\/\/www.harmonyresorts.gr\/de\/elysium-experiences\/","url":"https:\/\/www.harmonyresorts.gr\/de\/elysium-experiences\/","name":"Erlebnisse - Harmony Resorts","isPartOf":{"@id":"https:\/\/www.harmonyresorts.gr\/ru\/#website"},"primaryImageOfPage":{"@id":"https:\/\/www.harmonyresorts.gr\/de\/elysium-experiences\/#primaryimage"},"image":{"@id":"https:\/\/www.harmonyresorts.gr\/de\/elysium-experiences\/#primaryimage"},"thumbnailUrl":"https:\/\/www.harmonyresorts.gr\/app\/uploads\/sites\/48\/2019\/02\/Senses-caf_-1-HD-straight.jpeg","datePublished":"2019-05-03T10:10:15+00:00","dateModified":"2020-12-16T11:53:15+00:00","breadcrumb":{"@id":"https:\/\/www.harmonyresorts.gr\/de\/elysium-experiences\/#breadcrumb"},"inLanguage":"de","potentialAction":[{"@type":"ReadAction","target":["https:\/\/www.harmonyresorts.gr\/de\/elysium-experiences\/"]}]},{"@type":"ImageObject","inLanguage":"de","@id":"https:\/\/www.harmonyresorts.gr\/de\/elysium-experiences\/#primaryimage","url":"https:\/\/www.harmonyresorts.gr\/app\/uploads\/sites\/48\/2019\/02\/Senses-caf_-1-HD-straight.jpeg","contentUrl":"https:\/\/www.harmonyresorts.gr\/app\/uploads\/sites\/48\/2019\/02\/Senses-caf_-1-HD-straight.jpeg","width":1920,"height":850},{"@type":"BreadcrumbList","@id":"https:\/\/www.harmonyresorts.gr\/de\/elysium-experiences\/#breadcrumb","itemListElement":[{"@type":"ListItem","position":1,"name":"Home","item":"https:\/\/www.harmonyresorts.gr\/de\/"},{"@type":"ListItem","position":2,"name":"Erlebnisse"}]},{"@type":"WebSite","@id":"https:\/\/www.harmonyresorts.gr\/ru\/#website","url":"https:\/\/www.harmonyresorts.gr\/ru\/","name":"Harmony Resorts","description":"Harmony Resorts","potentialAction":[{"@type":"SearchAction","target":{"@type":"EntryPoint","urlTemplate":"https:\/\/www.harmonyresorts.gr\/ru\/?s={search_term_string}"},"query-input":{"@type":"PropertyValueSpecification","valueRequired":true,"valueName":"search_term_string"}}],"inLanguage":"de"}]}},"_links":{"self":[{"href":"https:\/\/www.harmonyresorts.gr\/de\/wp-json\/wp\/v2\/pages\/3750"}],"collection":[{"href":"https:\/\/www.harmonyresorts.gr\/de\/wp-json\/wp\/v2\/pages"}],"about":[{"href":"https:\/\/www.harmonyresorts.gr\/de\/wp-json\/wp\/v2\/types\/page"}],"author":[{"embeddable":true,"href":"https:\/\/www.harmonyresorts.gr\/de\/wp-json\/wp\/v2\/users\/1"}],"replies":[{"embeddable":true,"href":"https:\/\/www.harmonyresorts.gr\/de\/wp-json\/wp\/v2\/comments?post=3750"}],"version-history":[{"count":4,"href":"https:\/\/www.harmonyresorts.gr\/de\/wp-json\/wp\/v2\/pages\/3750\/revisions"}],"predecessor-version":[{"id":6247,"href":"https:\/\/www.harmonyresorts.gr\/de\/wp-json\/wp\/v2\/pages\/3750\/revisions\/6247"}],"wp:featuredmedia":[{"embeddable":true,"href":"https:\/\/www.harmonyresorts.gr\/de\/wp-json\/wp\/v2\/media\/2262"}],"wp:attachment":[{"href":"https:\/\/www.harmonyresorts.gr\/de\/wp-json\/wp\/v2\/media?parent=3750"}],"curies":[{"name":"wp","href":"https:\/\/api.w.org\/{rel}","templated":true}]}}