{"id":3759,"date":"2019-05-02T16:57:24","date_gmt":"2019-05-02T13:57:24","guid":{"rendered":"http:\/\/harmony.cms4.nelios.com\/elysium-experiences\/escape-rooms\/"},"modified":"2020-12-16T14:53:15","modified_gmt":"2020-12-16T11:53:15","slug":"escape-rooms","status":"publish","type":"page","link":"https:\/\/www.harmonyresorts.gr\/de\/leisure\/escape-rooms\/","title":{"rendered":"Escape Rooms"},"content":{"rendered":"<p>Eine neue Alternative zur Unterhaltung die richtig viel Spa\u00df macht.<br \/>\nDu hast eine Stunde Zeit um die Hinweise zu finden, die R\u00e4tsel zu l\u00f6sen und die L\u00f6sung zu finden, welche die T\u00fcr freischalten wird. Wirst du es schaffen?<\/p>\n<p>\u00abEscape Rooms\u00bb (auf D. Fluchtzimmer) sind eine neue Alternative zur Unterhaltung die richtig viel Spa\u00df macht! Eine Gruppe von 2-6 Personen wird in einem interaktiven Raum mit einer bestimmten Thematik zur\u00fcckgehalten, welche jedes Mal eine andere Geschichte, Dekoration und Prozedur beinhaltet, um den Weg zum entkommen zu finden. Egal, ob Sie nur mit Ihrem Ehepartner spielen, mit Freunden oder Familienmitgliedern oder sogar Gesch\u00e4ftskollegen, Ihre Mission ist einfach und dennoch schwierig: Mit nur Ihrem Verstand, Phantasie, Logik und Teamarbeit finden Sie die Hinweise, l\u00f6sen die R\u00e4tsel und vervollst\u00e4ndigen Ihre Mission. Die Herausforderungen und die R\u00e4tsel werden so geschaffen, dass jeder Mensch sich ihnen n\u00e4hern kann. Das Spiel ist spannend und passend f\u00fcr alle Altersgruppen von 8 bis 108 Jahre alt! Das Spiel dauert maximal 60 Minuten, dennoch bleibt das Wohlgef\u00fchl und die gute Stimmung f\u00fcr immer in ihrer Erinnerung erhalten. Es ist eine Art von Vergn\u00fcgen, welche Sie sicherlich verzaubern wird&#8230;<\/p>\n<p>Die R\u00e4ume erf\u00fcllen allen Sicherheitsvorschriften. Ein ausgebildeter Mitarbeiter, der Spielleiter, \u00fcberwacht die Spieler mittels \u00dcberwachungskameras w\u00e4hrend des ganzen Spiels und bietet Hilfe an, wenn das Spiel schwieriger wird, mittels der Bereitstellung einiger Hinweise. Durch die Benutzung des Knopfes f\u00fcr den &#8222;Notausgang&#8220;, hat jeder Spieler die Erlaubnis das Spiel zu verlassen und aus dem Raum zu kommen.<\/p>\n<p>Fluchtzimmer begannen in Asien, aber danach haben sie sich schnell auf der ganzen Welt verbreitet und Menschen aller Altersgruppen verzaubert. In L\u00e4ndern wie Australien, Holland, Ungarn, Gro\u00dfbritannien und Griechenland gibt es in den vergangenen zwei Jahren viele Anh\u00e4nger dieser R\u00e4ume, denn die bieten den G\u00e4sten nur spannende Erlebnisse, nicht nur den Jungen, sondern auch den \u00c4lteren.<\/p>\n<p>Das Elysium Resort &amp; Spa ist das erste 5-Sterne-Hotel in Griechenland, welches diese neue Form der Unterhaltung in seinen R\u00e4umlichkeiten anbietet, mit zwei Arten von \u00abEscape Rooms\u00bb: Den &#8222;Alchemist&#8220; und &#8222;Taken&#8220;&#8230;<\/p>\n<p>Das Konzept und der Design von Elysium&#8217;s Fluchtzimmern wurde von &#8222;Enigma EscpapIN&#8220; entwickelt.<\/p>\n<p>Um eine Spielsitzung zu buchen, oder f\u00fcr weitere Informationen wenden Sie sich bitte an die Rezeption an oder per E-Mail an <a href=\"mailto:info@elysium.gr\">info@elysium.gr<\/a><\/p>\n","protected":false},"excerpt":{"rendered":"<p>Eine neue Alternative zur Unterhaltung die richtig viel Spa\u00df macht. Du hast eine Stunde Zeit um die Hinweise zu finden, die R\u00e4tsel zu l\u00f6sen und die L\u00f6sung zu finden, welche die T\u00fcr freischalten wird. Wirst du es schaffen? \u00abEscape Rooms\u00bb (auf D. Fluchtzimmer) sind eine neue Alternative zur Unterhaltung die richtig viel Spa\u00df macht! Eine<\/p>\n","protected":false},"author":1,"featured_media":2092,"parent":6831,"menu_order":0,"comment_status":"closed","ping_status":"closed","template":"page-templates\/simple-list.php","meta":{"_acf_changed":false,"footnotes":""},"class_list":["post-3759","page","type-page","status-publish","has-post-thumbnail","hentry"],"acf":[],"yoast_head":"<!-- This site is optimized with the Yoast SEO plugin v26.9 - https:\/\/yoast.com\/product\/yoast-seo-wordpress\/ -->\n<title>Escape Rooms - Harmony Resorts<\/title>\n<meta name=\"robots\" content=\"index, follow, max-snippet:-1, max-image-preview:large, max-video-preview:-1\" \/>\n<link rel=\"canonical\" href=\"https:\/\/www.harmonyresorts.gr\/de\/leisure\/escape-rooms\/\" \/>\n<meta property=\"og:locale\" content=\"de_DE\" \/>\n<meta property=\"og:type\" content=\"article\" \/>\n<meta property=\"og:title\" content=\"Escape Rooms - Harmony Resorts\" \/>\n<meta property=\"og:description\" content=\"Eine neue Alternative zur Unterhaltung die richtig viel Spa\u00df macht. Du hast eine Stunde Zeit um die Hinweise zu finden, die R\u00e4tsel zu l\u00f6sen und die L\u00f6sung zu finden, welche die T\u00fcr freischalten wird. Wirst du es schaffen? \u00abEscape Rooms\u00bb (auf D. Fluchtzimmer) sind eine neue Alternative zur Unterhaltung die richtig viel Spa\u00df macht! Eine\" \/>\n<meta property=\"og:url\" content=\"https:\/\/www.harmonyresorts.gr\/de\/leisure\/escape-rooms\/\" \/>\n<meta property=\"og:site_name\" content=\"Harmony Resorts\" \/>\n<meta property=\"article:modified_time\" content=\"2020-12-16T11:53:15+00:00\" \/>\n<meta property=\"og:image\" content=\"https:\/\/www.harmonyresorts.gr\/app\/uploads\/sites\/48\/2019\/05\/Escape-rooms-front-webstripe-35.jpeg\" \/>\n\t<meta property=\"og:image:width\" content=\"1920\" \/>\n\t<meta property=\"og:image:height\" content=\"850\" \/>\n\t<meta property=\"og:image:type\" content=\"image\/jpeg\" \/>\n<meta name=\"twitter:card\" content=\"summary_large_image\" \/>\n<meta name=\"twitter:label1\" content=\"Est. reading time\" \/>\n\t<meta name=\"twitter:data1\" content=\"2\u00a0Minuten\" \/>\n<script type=\"application\/ld+json\" class=\"yoast-schema-graph\">{\"@context\":\"https:\/\/schema.org\",\"@graph\":[{\"@type\":\"WebPage\",\"@id\":\"https:\/\/www.harmonyresorts.gr\/de\/leisure\/escape-rooms\/\",\"url\":\"https:\/\/www.harmonyresorts.gr\/de\/leisure\/escape-rooms\/\",\"name\":\"Escape Rooms - Harmony Resorts\",\"isPartOf\":{\"@id\":\"https:\/\/www.harmonyresorts.gr\/ru\/#website\"},\"primaryImageOfPage\":{\"@id\":\"https:\/\/www.harmonyresorts.gr\/de\/leisure\/escape-rooms\/#primaryimage\"},\"image\":{\"@id\":\"https:\/\/www.harmonyresorts.gr\/de\/leisure\/escape-rooms\/#primaryimage\"},\"thumbnailUrl\":\"https:\/\/www.harmonyresorts.gr\/app\/uploads\/sites\/48\/2019\/05\/Escape-rooms-front-webstripe-35.jpeg\",\"datePublished\":\"2019-05-02T13:57:24+00:00\",\"dateModified\":\"2020-12-16T11:53:15+00:00\",\"breadcrumb\":{\"@id\":\"https:\/\/www.harmonyresorts.gr\/de\/leisure\/escape-rooms\/#breadcrumb\"},\"inLanguage\":\"de\",\"potentialAction\":[{\"@type\":\"ReadAction\",\"target\":[\"https:\/\/www.harmonyresorts.gr\/de\/leisure\/escape-rooms\/\"]}]},{\"@type\":\"ImageObject\",\"inLanguage\":\"de\",\"@id\":\"https:\/\/www.harmonyresorts.gr\/de\/leisure\/escape-rooms\/#primaryimage\",\"url\":\"https:\/\/www.harmonyresorts.gr\/app\/uploads\/sites\/48\/2019\/05\/Escape-rooms-front-webstripe-35.jpeg\",\"contentUrl\":\"https:\/\/www.harmonyresorts.gr\/app\/uploads\/sites\/48\/2019\/05\/Escape-rooms-front-webstripe-35.jpeg\",\"width\":1920,\"height\":850},{\"@type\":\"BreadcrumbList\",\"@id\":\"https:\/\/www.harmonyresorts.gr\/de\/leisure\/escape-rooms\/#breadcrumb\",\"itemListElement\":[{\"@type\":\"ListItem\",\"position\":1,\"name\":\"Home\",\"item\":\"https:\/\/www.harmonyresorts.gr\/de\/\"},{\"@type\":\"ListItem\",\"position\":2,\"name\":\"Freizeit\",\"item\":\"https:\/\/www.harmonyresorts.gr\/de\/leisure\/\"},{\"@type\":\"ListItem\",\"position\":3,\"name\":\"Escape Rooms\"}]},{\"@type\":\"WebSite\",\"@id\":\"https:\/\/www.harmonyresorts.gr\/ru\/#website\",\"url\":\"https:\/\/www.harmonyresorts.gr\/ru\/\",\"name\":\"Harmony Resorts\",\"description\":\"Harmony Resorts\",\"potentialAction\":[{\"@type\":\"SearchAction\",\"target\":{\"@type\":\"EntryPoint\",\"urlTemplate\":\"https:\/\/www.harmonyresorts.gr\/ru\/?s={search_term_string}\"},\"query-input\":{\"@type\":\"PropertyValueSpecification\",\"valueRequired\":true,\"valueName\":\"search_term_string\"}}],\"inLanguage\":\"de\"}]}<\/script>\n<!-- \/ Yoast SEO plugin. -->","yoast_head_json":{"title":"Escape Rooms - Harmony Resorts","robots":{"index":"index","follow":"follow","max-snippet":"max-snippet:-1","max-image-preview":"max-image-preview:large","max-video-preview":"max-video-preview:-1"},"canonical":"https:\/\/www.harmonyresorts.gr\/de\/leisure\/escape-rooms\/","og_locale":"de_DE","og_type":"article","og_title":"Escape Rooms - Harmony Resorts","og_description":"Eine neue Alternative zur Unterhaltung die richtig viel Spa\u00df macht. Du hast eine Stunde Zeit um die Hinweise zu finden, die R\u00e4tsel zu l\u00f6sen und die L\u00f6sung zu finden, welche die T\u00fcr freischalten wird. Wirst du es schaffen? \u00abEscape Rooms\u00bb (auf D. Fluchtzimmer) sind eine neue Alternative zur Unterhaltung die richtig viel Spa\u00df macht! Eine","og_url":"https:\/\/www.harmonyresorts.gr\/de\/leisure\/escape-rooms\/","og_site_name":"Harmony Resorts","article_modified_time":"2020-12-16T11:53:15+00:00","og_image":[{"width":1920,"height":850,"url":"https:\/\/www.harmonyresorts.gr\/app\/uploads\/sites\/48\/2019\/05\/Escape-rooms-front-webstripe-35.jpeg","type":"image\/jpeg"}],"twitter_card":"summary_large_image","twitter_misc":{"Est. reading time":"2\u00a0Minuten"},"schema":{"@context":"https:\/\/schema.org","@graph":[{"@type":"WebPage","@id":"https:\/\/www.harmonyresorts.gr\/de\/leisure\/escape-rooms\/","url":"https:\/\/www.harmonyresorts.gr\/de\/leisure\/escape-rooms\/","name":"Escape Rooms - Harmony Resorts","isPartOf":{"@id":"https:\/\/www.harmonyresorts.gr\/ru\/#website"},"primaryImageOfPage":{"@id":"https:\/\/www.harmonyresorts.gr\/de\/leisure\/escape-rooms\/#primaryimage"},"image":{"@id":"https:\/\/www.harmonyresorts.gr\/de\/leisure\/escape-rooms\/#primaryimage"},"thumbnailUrl":"https:\/\/www.harmonyresorts.gr\/app\/uploads\/sites\/48\/2019\/05\/Escape-rooms-front-webstripe-35.jpeg","datePublished":"2019-05-02T13:57:24+00:00","dateModified":"2020-12-16T11:53:15+00:00","breadcrumb":{"@id":"https:\/\/www.harmonyresorts.gr\/de\/leisure\/escape-rooms\/#breadcrumb"},"inLanguage":"de","potentialAction":[{"@type":"ReadAction","target":["https:\/\/www.harmonyresorts.gr\/de\/leisure\/escape-rooms\/"]}]},{"@type":"ImageObject","inLanguage":"de","@id":"https:\/\/www.harmonyresorts.gr\/de\/leisure\/escape-rooms\/#primaryimage","url":"https:\/\/www.harmonyresorts.gr\/app\/uploads\/sites\/48\/2019\/05\/Escape-rooms-front-webstripe-35.jpeg","contentUrl":"https:\/\/www.harmonyresorts.gr\/app\/uploads\/sites\/48\/2019\/05\/Escape-rooms-front-webstripe-35.jpeg","width":1920,"height":850},{"@type":"BreadcrumbList","@id":"https:\/\/www.harmonyresorts.gr\/de\/leisure\/escape-rooms\/#breadcrumb","itemListElement":[{"@type":"ListItem","position":1,"name":"Home","item":"https:\/\/www.harmonyresorts.gr\/de\/"},{"@type":"ListItem","position":2,"name":"Freizeit","item":"https:\/\/www.harmonyresorts.gr\/de\/leisure\/"},{"@type":"ListItem","position":3,"name":"Escape Rooms"}]},{"@type":"WebSite","@id":"https:\/\/www.harmonyresorts.gr\/ru\/#website","url":"https:\/\/www.harmonyresorts.gr\/ru\/","name":"Harmony Resorts","description":"Harmony Resorts","potentialAction":[{"@type":"SearchAction","target":{"@type":"EntryPoint","urlTemplate":"https:\/\/www.harmonyresorts.gr\/ru\/?s={search_term_string}"},"query-input":{"@type":"PropertyValueSpecification","valueRequired":true,"valueName":"search_term_string"}}],"inLanguage":"de"}]}},"_links":{"self":[{"href":"https:\/\/www.harmonyresorts.gr\/de\/wp-json\/wp\/v2\/pages\/3759"}],"collection":[{"href":"https:\/\/www.harmonyresorts.gr\/de\/wp-json\/wp\/v2\/pages"}],"about":[{"href":"https:\/\/www.harmonyresorts.gr\/de\/wp-json\/wp\/v2\/types\/page"}],"author":[{"embeddable":true,"href":"https:\/\/www.harmonyresorts.gr\/de\/wp-json\/wp\/v2\/users\/1"}],"replies":[{"embeddable":true,"href":"https:\/\/www.harmonyresorts.gr\/de\/wp-json\/wp\/v2\/comments?post=3759"}],"version-history":[{"count":5,"href":"https:\/\/www.harmonyresorts.gr\/de\/wp-json\/wp\/v2\/pages\/3759\/revisions"}],"predecessor-version":[{"id":5789,"href":"https:\/\/www.harmonyresorts.gr\/de\/wp-json\/wp\/v2\/pages\/3759\/revisions\/5789"}],"up":[{"embeddable":true,"href":"https:\/\/www.harmonyresorts.gr\/de\/wp-json\/wp\/v2\/pages\/6831"}],"wp:featuredmedia":[{"embeddable":true,"href":"https:\/\/www.harmonyresorts.gr\/de\/wp-json\/wp\/v2\/media\/2092"}],"wp:attachment":[{"href":"https:\/\/www.harmonyresorts.gr\/de\/wp-json\/wp\/v2\/media?parent=3759"}],"curies":[{"name":"wp","href":"https:\/\/api.w.org\/{rel}","templated":true}]}}