{"id":3793,"date":"2019-05-02T17:06:53","date_gmt":"2019-05-02T14:06:53","guid":{"rendered":"http:\/\/harmony.cms4.nelios.com\/elysium-experiences\/escape-rooms\/taken\/"},"modified":"2020-12-16T14:53:16","modified_gmt":"2020-12-16T11:53:16","slug":"taken","status":"publish","type":"page","link":"https:\/\/www.harmonyresorts.gr\/de\/leisure\/escape-rooms\/taken\/","title":{"rendered":"Taken"},"content":{"rendered":"<p>W\u00e4hrend Sie die atemberaubenden Bereiche des Hotels bewundern, sehen Sie einen Fremden, der eine T\u00fcr verriegelt und schnell davonl\u00e4uft. Ihre Neugier f\u00fchrt Sie zu einem seltsamen Ort, den niemand zuvor gesehen hat.<\/p>\n<p>Pl\u00f6tzlich wird alles dunkel&#8230;<\/p>\n<p>Sp\u00e4ter wachen Sie in einem Raum auf und erkennen, dass Sie entf\u00fchrt und eingeschlossen sind!<\/p>\n<p>Sie haben 60 Minuten Zeit, um herauszufinden, wer Ihr Kidnapper ist und wie Sie entkommen k\u00f6nnen, bevor es zu sp\u00e4t wird.<br \/>\nWerden Sie es schaffen?<\/p>\n<p>Um eine Spielsitzung zu buchen, oder f\u00fcr weitere Informationen wenden Sie sich bitte an die Rezeption an oder per E-mail an <a href=\"mailto:info@elysium.gr\">info@elysium.gr<\/a><\/p>\n","protected":false},"excerpt":{"rendered":"<p>W\u00e4hrend Sie die atemberaubenden Bereiche des Hotels bewundern, sehen Sie einen Fremden, der eine T\u00fcr verriegelt und schnell davonl\u00e4uft. Ihre Neugier f\u00fchrt Sie zu einem seltsamen Ort, den niemand zuvor gesehen hat. Pl\u00f6tzlich wird alles dunkel&#8230; Sp\u00e4ter wachen Sie in einem Raum auf und erkennen, dass Sie entf\u00fchrt und eingeschlossen sind! Sie haben 60 Minuten<\/p>\n","protected":false},"author":1,"featured_media":2104,"parent":3759,"menu_order":0,"comment_status":"closed","ping_status":"closed","template":"","meta":{"_acf_changed":false,"footnotes":""},"class_list":["post-3793","page","type-page","status-publish","has-post-thumbnail","hentry"],"acf":[],"yoast_head":"<!-- This site is optimized with the Yoast SEO plugin v26.9 - https:\/\/yoast.com\/product\/yoast-seo-wordpress\/ -->\n<title>Taken - Harmony Resorts<\/title>\n<meta name=\"robots\" content=\"index, follow, max-snippet:-1, max-image-preview:large, max-video-preview:-1\" \/>\n<link rel=\"canonical\" href=\"https:\/\/www.harmonyresorts.gr\/de\/leisure\/escape-rooms\/taken\/\" \/>\n<meta property=\"og:locale\" content=\"de_DE\" \/>\n<meta property=\"og:type\" content=\"article\" \/>\n<meta property=\"og:title\" content=\"Taken - Harmony Resorts\" \/>\n<meta property=\"og:description\" content=\"W\u00e4hrend Sie die atemberaubenden Bereiche des Hotels bewundern, sehen Sie einen Fremden, der eine T\u00fcr verriegelt und schnell davonl\u00e4uft. Ihre Neugier f\u00fchrt Sie zu einem seltsamen Ort, den niemand zuvor gesehen hat. Pl\u00f6tzlich wird alles dunkel&#8230; Sp\u00e4ter wachen Sie in einem Raum auf und erkennen, dass Sie entf\u00fchrt und eingeschlossen sind! Sie haben 60 Minuten\" \/>\n<meta property=\"og:url\" content=\"https:\/\/www.harmonyresorts.gr\/de\/leisure\/escape-rooms\/taken\/\" \/>\n<meta property=\"og:site_name\" content=\"Harmony Resorts\" \/>\n<meta property=\"article:modified_time\" content=\"2020-12-16T11:53:16+00:00\" \/>\n<meta property=\"og:image\" content=\"https:\/\/www.harmonyresorts.gr\/app\/uploads\/sites\/48\/2019\/05\/iStock-181870294tAKENWEB10.jpeg\" \/>\n\t<meta property=\"og:image:width\" content=\"1920\" \/>\n\t<meta property=\"og:image:height\" content=\"1275\" \/>\n\t<meta property=\"og:image:type\" content=\"image\/jpeg\" \/>\n<meta name=\"twitter:card\" content=\"summary_large_image\" \/>\n<meta name=\"twitter:label1\" content=\"Est. reading time\" \/>\n\t<meta name=\"twitter:data1\" content=\"1\u00a0Minute\" \/>\n<script type=\"application\/ld+json\" class=\"yoast-schema-graph\">{\"@context\":\"https:\/\/schema.org\",\"@graph\":[{\"@type\":\"WebPage\",\"@id\":\"https:\/\/www.harmonyresorts.gr\/de\/leisure\/escape-rooms\/taken\/\",\"url\":\"https:\/\/www.harmonyresorts.gr\/de\/leisure\/escape-rooms\/taken\/\",\"name\":\"Taken - Harmony Resorts\",\"isPartOf\":{\"@id\":\"https:\/\/www.harmonyresorts.gr\/ru\/#website\"},\"primaryImageOfPage\":{\"@id\":\"https:\/\/www.harmonyresorts.gr\/de\/leisure\/escape-rooms\/taken\/#primaryimage\"},\"image\":{\"@id\":\"https:\/\/www.harmonyresorts.gr\/de\/leisure\/escape-rooms\/taken\/#primaryimage\"},\"thumbnailUrl\":\"https:\/\/www.harmonyresorts.gr\/app\/uploads\/sites\/48\/2019\/05\/iStock-181870294tAKENWEB10.jpeg\",\"datePublished\":\"2019-05-02T14:06:53+00:00\",\"dateModified\":\"2020-12-16T11:53:16+00:00\",\"breadcrumb\":{\"@id\":\"https:\/\/www.harmonyresorts.gr\/de\/leisure\/escape-rooms\/taken\/#breadcrumb\"},\"inLanguage\":\"de\",\"potentialAction\":[{\"@type\":\"ReadAction\",\"target\":[\"https:\/\/www.harmonyresorts.gr\/de\/leisure\/escape-rooms\/taken\/\"]}]},{\"@type\":\"ImageObject\",\"inLanguage\":\"de\",\"@id\":\"https:\/\/www.harmonyresorts.gr\/de\/leisure\/escape-rooms\/taken\/#primaryimage\",\"url\":\"https:\/\/www.harmonyresorts.gr\/app\/uploads\/sites\/48\/2019\/05\/iStock-181870294tAKENWEB10.jpeg\",\"contentUrl\":\"https:\/\/www.harmonyresorts.gr\/app\/uploads\/sites\/48\/2019\/05\/iStock-181870294tAKENWEB10.jpeg\",\"width\":1920,\"height\":1275},{\"@type\":\"BreadcrumbList\",\"@id\":\"https:\/\/www.harmonyresorts.gr\/de\/leisure\/escape-rooms\/taken\/#breadcrumb\",\"itemListElement\":[{\"@type\":\"ListItem\",\"position\":1,\"name\":\"Home\",\"item\":\"https:\/\/www.harmonyresorts.gr\/de\/\"},{\"@type\":\"ListItem\",\"position\":2,\"name\":\"Freizeit\",\"item\":\"https:\/\/www.harmonyresorts.gr\/de\/leisure\/\"},{\"@type\":\"ListItem\",\"position\":3,\"name\":\"Escape Rooms\",\"item\":\"https:\/\/www.harmonyresorts.gr\/de\/leisure\/escape-rooms\/\"},{\"@type\":\"ListItem\",\"position\":4,\"name\":\"Taken\"}]},{\"@type\":\"WebSite\",\"@id\":\"https:\/\/www.harmonyresorts.gr\/ru\/#website\",\"url\":\"https:\/\/www.harmonyresorts.gr\/ru\/\",\"name\":\"Harmony Resorts\",\"description\":\"Harmony Resorts\",\"potentialAction\":[{\"@type\":\"SearchAction\",\"target\":{\"@type\":\"EntryPoint\",\"urlTemplate\":\"https:\/\/www.harmonyresorts.gr\/ru\/?s={search_term_string}\"},\"query-input\":{\"@type\":\"PropertyValueSpecification\",\"valueRequired\":true,\"valueName\":\"search_term_string\"}}],\"inLanguage\":\"de\"}]}<\/script>\n<!-- \/ Yoast SEO plugin. -->","yoast_head_json":{"title":"Taken - Harmony Resorts","robots":{"index":"index","follow":"follow","max-snippet":"max-snippet:-1","max-image-preview":"max-image-preview:large","max-video-preview":"max-video-preview:-1"},"canonical":"https:\/\/www.harmonyresorts.gr\/de\/leisure\/escape-rooms\/taken\/","og_locale":"de_DE","og_type":"article","og_title":"Taken - Harmony Resorts","og_description":"W\u00e4hrend Sie die atemberaubenden Bereiche des Hotels bewundern, sehen Sie einen Fremden, der eine T\u00fcr verriegelt und schnell davonl\u00e4uft. Ihre Neugier f\u00fchrt Sie zu einem seltsamen Ort, den niemand zuvor gesehen hat. Pl\u00f6tzlich wird alles dunkel&#8230; Sp\u00e4ter wachen Sie in einem Raum auf und erkennen, dass Sie entf\u00fchrt und eingeschlossen sind! Sie haben 60 Minuten","og_url":"https:\/\/www.harmonyresorts.gr\/de\/leisure\/escape-rooms\/taken\/","og_site_name":"Harmony Resorts","article_modified_time":"2020-12-16T11:53:16+00:00","og_image":[{"width":1920,"height":1275,"url":"https:\/\/www.harmonyresorts.gr\/app\/uploads\/sites\/48\/2019\/05\/iStock-181870294tAKENWEB10.jpeg","type":"image\/jpeg"}],"twitter_card":"summary_large_image","twitter_misc":{"Est. reading time":"1\u00a0Minute"},"schema":{"@context":"https:\/\/schema.org","@graph":[{"@type":"WebPage","@id":"https:\/\/www.harmonyresorts.gr\/de\/leisure\/escape-rooms\/taken\/","url":"https:\/\/www.harmonyresorts.gr\/de\/leisure\/escape-rooms\/taken\/","name":"Taken - Harmony Resorts","isPartOf":{"@id":"https:\/\/www.harmonyresorts.gr\/ru\/#website"},"primaryImageOfPage":{"@id":"https:\/\/www.harmonyresorts.gr\/de\/leisure\/escape-rooms\/taken\/#primaryimage"},"image":{"@id":"https:\/\/www.harmonyresorts.gr\/de\/leisure\/escape-rooms\/taken\/#primaryimage"},"thumbnailUrl":"https:\/\/www.harmonyresorts.gr\/app\/uploads\/sites\/48\/2019\/05\/iStock-181870294tAKENWEB10.jpeg","datePublished":"2019-05-02T14:06:53+00:00","dateModified":"2020-12-16T11:53:16+00:00","breadcrumb":{"@id":"https:\/\/www.harmonyresorts.gr\/de\/leisure\/escape-rooms\/taken\/#breadcrumb"},"inLanguage":"de","potentialAction":[{"@type":"ReadAction","target":["https:\/\/www.harmonyresorts.gr\/de\/leisure\/escape-rooms\/taken\/"]}]},{"@type":"ImageObject","inLanguage":"de","@id":"https:\/\/www.harmonyresorts.gr\/de\/leisure\/escape-rooms\/taken\/#primaryimage","url":"https:\/\/www.harmonyresorts.gr\/app\/uploads\/sites\/48\/2019\/05\/iStock-181870294tAKENWEB10.jpeg","contentUrl":"https:\/\/www.harmonyresorts.gr\/app\/uploads\/sites\/48\/2019\/05\/iStock-181870294tAKENWEB10.jpeg","width":1920,"height":1275},{"@type":"BreadcrumbList","@id":"https:\/\/www.harmonyresorts.gr\/de\/leisure\/escape-rooms\/taken\/#breadcrumb","itemListElement":[{"@type":"ListItem","position":1,"name":"Home","item":"https:\/\/www.harmonyresorts.gr\/de\/"},{"@type":"ListItem","position":2,"name":"Freizeit","item":"https:\/\/www.harmonyresorts.gr\/de\/leisure\/"},{"@type":"ListItem","position":3,"name":"Escape Rooms","item":"https:\/\/www.harmonyresorts.gr\/de\/leisure\/escape-rooms\/"},{"@type":"ListItem","position":4,"name":"Taken"}]},{"@type":"WebSite","@id":"https:\/\/www.harmonyresorts.gr\/ru\/#website","url":"https:\/\/www.harmonyresorts.gr\/ru\/","name":"Harmony Resorts","description":"Harmony Resorts","potentialAction":[{"@type":"SearchAction","target":{"@type":"EntryPoint","urlTemplate":"https:\/\/www.harmonyresorts.gr\/ru\/?s={search_term_string}"},"query-input":{"@type":"PropertyValueSpecification","valueRequired":true,"valueName":"search_term_string"}}],"inLanguage":"de"}]}},"_links":{"self":[{"href":"https:\/\/www.harmonyresorts.gr\/de\/wp-json\/wp\/v2\/pages\/3793"}],"collection":[{"href":"https:\/\/www.harmonyresorts.gr\/de\/wp-json\/wp\/v2\/pages"}],"about":[{"href":"https:\/\/www.harmonyresorts.gr\/de\/wp-json\/wp\/v2\/types\/page"}],"author":[{"embeddable":true,"href":"https:\/\/www.harmonyresorts.gr\/de\/wp-json\/wp\/v2\/users\/1"}],"replies":[{"embeddable":true,"href":"https:\/\/www.harmonyresorts.gr\/de\/wp-json\/wp\/v2\/comments?post=3793"}],"version-history":[{"count":4,"href":"https:\/\/www.harmonyresorts.gr\/de\/wp-json\/wp\/v2\/pages\/3793\/revisions"}],"predecessor-version":[{"id":7331,"href":"https:\/\/www.harmonyresorts.gr\/de\/wp-json\/wp\/v2\/pages\/3793\/revisions\/7331"}],"up":[{"embeddable":true,"href":"https:\/\/www.harmonyresorts.gr\/de\/wp-json\/wp\/v2\/pages\/3759"}],"wp:featuredmedia":[{"embeddable":true,"href":"https:\/\/www.harmonyresorts.gr\/de\/wp-json\/wp\/v2\/media\/2104"}],"wp:attachment":[{"href":"https:\/\/www.harmonyresorts.gr\/de\/wp-json\/wp\/v2\/media?parent=3793"}],"curies":[{"name":"wp","href":"https:\/\/api.w.org\/{rel}","templated":true}]}}