{"id":3880,"date":"2019-05-02T15:32:21","date_gmt":"2019-05-02T12:32:21","guid":{"rendered":"http:\/\/harmony.cms4.nelios.com\/elysium-experiences\/special-occasions-romantic-experiences\/the-prestige-romantic-package\/"},"modified":"2020-12-16T14:53:17","modified_gmt":"2020-12-16T11:53:17","slug":"the-prestige-romantic-package","status":"publish","type":"page","link":"https:\/\/www.harmonyresorts.gr\/de\/special-occasions-romantic-experiences\/the-prestige-romantic-package\/","title":{"rendered":"Das Prestige-Romantik Paket"},"content":{"rendered":"<p>Feiern Sie Ihre Flitterwochen, Ihr Jubil\u00e4um oder m\u00f6chten Sie Ihrem Aufenthalt in Elysium einfach etwas Romantik verleihen? Dan ist unser Prestige-Romantik Paket genau das richtige f\u00fcr Sie!<\/p>\n<h5>Das Prestige-Romantik Paket beinhaltet volgendes:<\/h5>\n<ul>\n<li>Privater Check-In<\/li>\n<li>Bei Ihrer Ankunft erwarten Sie auf Ihrem Zimmer ein herrlicher Strau\u00df aus 12 roten Rosen und eine Flasche Sekt mit einer Auswahl an hors d&#8217;oeuvres (Vorspeisen)<\/li>\n<li>Am n\u00e4chsten Morgen verw\u00f6hnen wir Sie mit einem amerikanischen Fr\u00fchst\u00fcck, das Sie bequem auf Ihrem Bett oder auf Ihrem Balkon genie\u00dfen k\u00f6nnen. Genie\u00dfen Sie die herrliche blaue \u00c4g\u00e4is (einmal pro Aufenthalt)<\/li>\n<li>The Day Beach Escape: G\u00f6nnen Sie sich den ganzen Tag den Luxus Ihrer eigenen Strandsuite (Pavillon), einschlie\u00dflich eines Obsttellers, eines Cocktails pro Person und unbegrenztem Mineralwasser<\/li>\n<li>Romantisches 8-G\u00e4nge-Men\u00fc im Noble Gourmet-Dachrestaurant: Neben dem atemberaubenden Blick auf die \u00c4g\u00e4is genie\u00dfen Sie das Biotop-8-G\u00e4nge-Men\u00fc D\u00e9gustation unseres Chefs, das die authentischen Aromen und die Einzigartigkeit der Rhodischen Produkte aufbewahrt. Dieses einzigartige Men\u00fc ist eine Einladung zu einer Traumreise in die tief verborgene kulinarische Geschichte von Rhodos. Jedes Gericht erz\u00e4hlt die Geschichte eines vergessenen Alltags. Getr\u00e4nke sind nicht inbegriffen.<\/li>\n<li>The Day Spa Escape: Beginnen Sie Ihren Tag im Serenity&#8217;s Spa (gekennzeichnet durch National Geographic Traveller, The Collection of Luxury Spas) mit einer Sitzung der W\u00e4rmeerlebnisse, einschlie\u00dflich Sauna, Caldarium, Eisbrunnen und Lifestyle-Duschen. Anschlie\u00dfend genie\u00dft jeder von Ihnen eine einzigartige 50-min\u00fctige ESPA-Aromatherapie-Massage im Behandlungsraum f\u00fcr Paare in unserem Spa. (Anstelle der Aromatherapie k\u00f6nnen Sie den ESPA Swedish, den ESPA Balinese oder eine Fitnessmassage w\u00e4hlen). Entspannen Sie am Vitality-Au\u00dfenpool des Spas mit Hydrotherapie-Massaged\u00fcsen, um Ihren K\u00f6rper zu entlasten. Zur Mittagszeit wird im Fresh Restaurant ein leichtes, ausgewogenes Mittagessen serviert &#8211; Getr\u00e4nke nicht inbegriffen. Nach dem Mittagessen k\u00f6nnen Sie im Vitality-Pool des Spas ein Sonnenbad nehmen.<\/li>\n<li>Z\u00f6gern Sie am n\u00e4chsten Tag nicht, Rhodos mittelalterliche Stadt zu besichtigen, die von der UNESCO zum Weltkulturerbe erkl\u00e4rt wurde, oder genie\u00dfen Sie einfach den Tag am Strand. Wir haben f\u00fcr Sie einen sp\u00e4ten Check-out vereinbart, damit Sie Ihr Zimmer bis 18:00 Uhr beziehen k\u00f6nnen.<\/li>\n<\/ul>\n<p>&nbsp;<\/p>\n<p>Dieses Paket wird als Zusatzleistung (gegen Aufpreis) angeboten, wenn Sie eine Unterkunft jeglicher Art buchen. Um das Prestige-Paket in vollem Umfang nutzen zu k\u00f6nnen, ist ein Mindestaufenthalt von 3 N\u00e4chten erforderlich. F\u00fcr weitere Informationen senden Sie uns bitte eine E-Mail an <strong><a href=\"mailto:reservations@elysium.gr\">reservations@elysium.gr<\/a><\/strong> oder rufen Sie uns unter <a href=\"tel:00302241045700\">+30<\/a><a href=\"tel:00302241045700\">22410 45700<\/a> an.<\/p>\n<p>&nbsp;<\/p>\n","protected":false},"excerpt":{"rendered":"<p>Feiern Sie Ihre Flitterwochen, Ihr Jubil\u00e4um oder m\u00f6chten Sie Ihrem Aufenthalt in Elysium einfach etwas Romantik verleihen? Dan ist unser Prestige-Romantik Paket genau das richtige f\u00fcr Sie! Das Prestige-Romantik Paket beinhaltet volgendes: Privater Check-In Bei Ihrer Ankunft erwarten Sie auf Ihrem Zimmer ein herrlicher Strau\u00df aus 12 roten Rosen und eine Flasche Sekt mit einer<\/p>\n","protected":false},"author":1,"featured_media":6790,"parent":2048,"menu_order":0,"comment_status":"closed","ping_status":"closed","template":"","meta":{"_acf_changed":false,"footnotes":""},"class_list":["post-3880","page","type-page","status-publish","has-post-thumbnail","hentry"],"acf":[],"yoast_head":"<!-- This site is optimized with the Yoast SEO plugin v26.9 - https:\/\/yoast.com\/product\/yoast-seo-wordpress\/ -->\n<title>Das Prestige-Romantik Paket - Harmony Resorts<\/title>\n<meta name=\"robots\" content=\"index, follow, max-snippet:-1, max-image-preview:large, max-video-preview:-1\" \/>\n<link rel=\"canonical\" href=\"https:\/\/www.harmonyresorts.gr\/de\/special-occasions-romantic-experiences\/the-prestige-romantic-package\/\" \/>\n<meta property=\"og:locale\" content=\"de_DE\" \/>\n<meta property=\"og:type\" content=\"article\" \/>\n<meta property=\"og:title\" content=\"Das Prestige-Romantik Paket - Harmony Resorts\" \/>\n<meta property=\"og:description\" content=\"Feiern Sie Ihre Flitterwochen, Ihr Jubil\u00e4um oder m\u00f6chten Sie Ihrem Aufenthalt in Elysium einfach etwas Romantik verleihen? Dan ist unser Prestige-Romantik Paket genau das richtige f\u00fcr Sie! Das Prestige-Romantik Paket beinhaltet volgendes: Privater Check-In Bei Ihrer Ankunft erwarten Sie auf Ihrem Zimmer ein herrlicher Strau\u00df aus 12 roten Rosen und eine Flasche Sekt mit einer\" \/>\n<meta property=\"og:url\" content=\"https:\/\/www.harmonyresorts.gr\/de\/special-occasions-romantic-experiences\/the-prestige-romantic-package\/\" \/>\n<meta property=\"og:site_name\" content=\"Harmony Resorts\" \/>\n<meta property=\"article:modified_time\" content=\"2020-12-16T11:53:17+00:00\" \/>\n<meta property=\"og:image\" content=\"https:\/\/www.harmonyresorts.gr\/app\/uploads\/sites\/48\/2019\/12\/breakfast-in-bed.jpg\" \/>\n\t<meta property=\"og:image:width\" content=\"1920\" \/>\n\t<meta property=\"og:image:height\" content=\"1200\" \/>\n\t<meta property=\"og:image:type\" content=\"image\/jpeg\" \/>\n<meta name=\"twitter:card\" content=\"summary_large_image\" \/>\n<meta name=\"twitter:label1\" content=\"Est. reading time\" \/>\n\t<meta name=\"twitter:data1\" content=\"2\u00a0Minuten\" \/>\n<script type=\"application\/ld+json\" class=\"yoast-schema-graph\">{\"@context\":\"https:\/\/schema.org\",\"@graph\":[{\"@type\":\"WebPage\",\"@id\":\"https:\/\/www.harmonyresorts.gr\/de\/special-occasions-romantic-experiences\/the-prestige-romantic-package\/\",\"url\":\"https:\/\/www.harmonyresorts.gr\/de\/special-occasions-romantic-experiences\/the-prestige-romantic-package\/\",\"name\":\"Das Prestige-Romantik Paket - Harmony Resorts\",\"isPartOf\":{\"@id\":\"https:\/\/www.harmonyresorts.gr\/ru\/#website\"},\"primaryImageOfPage\":{\"@id\":\"https:\/\/www.harmonyresorts.gr\/de\/special-occasions-romantic-experiences\/the-prestige-romantic-package\/#primaryimage\"},\"image\":{\"@id\":\"https:\/\/www.harmonyresorts.gr\/de\/special-occasions-romantic-experiences\/the-prestige-romantic-package\/#primaryimage\"},\"thumbnailUrl\":\"https:\/\/www.harmonyresorts.gr\/app\/uploads\/sites\/48\/2019\/12\/breakfast-in-bed.jpg\",\"datePublished\":\"2019-05-02T12:32:21+00:00\",\"dateModified\":\"2020-12-16T11:53:17+00:00\",\"breadcrumb\":{\"@id\":\"https:\/\/www.harmonyresorts.gr\/de\/special-occasions-romantic-experiences\/the-prestige-romantic-package\/#breadcrumb\"},\"inLanguage\":\"de\",\"potentialAction\":[{\"@type\":\"ReadAction\",\"target\":[\"https:\/\/www.harmonyresorts.gr\/de\/special-occasions-romantic-experiences\/the-prestige-romantic-package\/\"]}]},{\"@type\":\"ImageObject\",\"inLanguage\":\"de\",\"@id\":\"https:\/\/www.harmonyresorts.gr\/de\/special-occasions-romantic-experiences\/the-prestige-romantic-package\/#primaryimage\",\"url\":\"https:\/\/www.harmonyresorts.gr\/app\/uploads\/sites\/48\/2019\/12\/breakfast-in-bed.jpg\",\"contentUrl\":\"https:\/\/www.harmonyresorts.gr\/app\/uploads\/sites\/48\/2019\/12\/breakfast-in-bed.jpg\",\"width\":1920,\"height\":1200},{\"@type\":\"BreadcrumbList\",\"@id\":\"https:\/\/www.harmonyresorts.gr\/de\/special-occasions-romantic-experiences\/the-prestige-romantic-package\/#breadcrumb\",\"itemListElement\":[{\"@type\":\"ListItem\",\"position\":1,\"name\":\"Home\",\"item\":\"https:\/\/www.harmonyresorts.gr\/de\/\"},{\"@type\":\"ListItem\",\"position\":2,\"name\":\"Romantische Erlebnisse\",\"item\":\"https:\/\/www.harmonyresorts.gr\/de\/special-occasions-romantic-experiences\/\"},{\"@type\":\"ListItem\",\"position\":3,\"name\":\"Das Prestige-Romantik Paket\"}]},{\"@type\":\"WebSite\",\"@id\":\"https:\/\/www.harmonyresorts.gr\/ru\/#website\",\"url\":\"https:\/\/www.harmonyresorts.gr\/ru\/\",\"name\":\"Harmony Resorts\",\"description\":\"Harmony Resorts\",\"potentialAction\":[{\"@type\":\"SearchAction\",\"target\":{\"@type\":\"EntryPoint\",\"urlTemplate\":\"https:\/\/www.harmonyresorts.gr\/ru\/?s={search_term_string}\"},\"query-input\":{\"@type\":\"PropertyValueSpecification\",\"valueRequired\":true,\"valueName\":\"search_term_string\"}}],\"inLanguage\":\"de\"}]}<\/script>\n<!-- \/ Yoast SEO plugin. -->","yoast_head_json":{"title":"Das Prestige-Romantik Paket - Harmony Resorts","robots":{"index":"index","follow":"follow","max-snippet":"max-snippet:-1","max-image-preview":"max-image-preview:large","max-video-preview":"max-video-preview:-1"},"canonical":"https:\/\/www.harmonyresorts.gr\/de\/special-occasions-romantic-experiences\/the-prestige-romantic-package\/","og_locale":"de_DE","og_type":"article","og_title":"Das Prestige-Romantik Paket - Harmony Resorts","og_description":"Feiern Sie Ihre Flitterwochen, Ihr Jubil\u00e4um oder m\u00f6chten Sie Ihrem Aufenthalt in Elysium einfach etwas Romantik verleihen? Dan ist unser Prestige-Romantik Paket genau das richtige f\u00fcr Sie! Das Prestige-Romantik Paket beinhaltet volgendes: Privater Check-In Bei Ihrer Ankunft erwarten Sie auf Ihrem Zimmer ein herrlicher Strau\u00df aus 12 roten Rosen und eine Flasche Sekt mit einer","og_url":"https:\/\/www.harmonyresorts.gr\/de\/special-occasions-romantic-experiences\/the-prestige-romantic-package\/","og_site_name":"Harmony Resorts","article_modified_time":"2020-12-16T11:53:17+00:00","og_image":[{"width":1920,"height":1200,"url":"https:\/\/www.harmonyresorts.gr\/app\/uploads\/sites\/48\/2019\/12\/breakfast-in-bed.jpg","type":"image\/jpeg"}],"twitter_card":"summary_large_image","twitter_misc":{"Est. reading time":"2\u00a0Minuten"},"schema":{"@context":"https:\/\/schema.org","@graph":[{"@type":"WebPage","@id":"https:\/\/www.harmonyresorts.gr\/de\/special-occasions-romantic-experiences\/the-prestige-romantic-package\/","url":"https:\/\/www.harmonyresorts.gr\/de\/special-occasions-romantic-experiences\/the-prestige-romantic-package\/","name":"Das Prestige-Romantik Paket - Harmony Resorts","isPartOf":{"@id":"https:\/\/www.harmonyresorts.gr\/ru\/#website"},"primaryImageOfPage":{"@id":"https:\/\/www.harmonyresorts.gr\/de\/special-occasions-romantic-experiences\/the-prestige-romantic-package\/#primaryimage"},"image":{"@id":"https:\/\/www.harmonyresorts.gr\/de\/special-occasions-romantic-experiences\/the-prestige-romantic-package\/#primaryimage"},"thumbnailUrl":"https:\/\/www.harmonyresorts.gr\/app\/uploads\/sites\/48\/2019\/12\/breakfast-in-bed.jpg","datePublished":"2019-05-02T12:32:21+00:00","dateModified":"2020-12-16T11:53:17+00:00","breadcrumb":{"@id":"https:\/\/www.harmonyresorts.gr\/de\/special-occasions-romantic-experiences\/the-prestige-romantic-package\/#breadcrumb"},"inLanguage":"de","potentialAction":[{"@type":"ReadAction","target":["https:\/\/www.harmonyresorts.gr\/de\/special-occasions-romantic-experiences\/the-prestige-romantic-package\/"]}]},{"@type":"ImageObject","inLanguage":"de","@id":"https:\/\/www.harmonyresorts.gr\/de\/special-occasions-romantic-experiences\/the-prestige-romantic-package\/#primaryimage","url":"https:\/\/www.harmonyresorts.gr\/app\/uploads\/sites\/48\/2019\/12\/breakfast-in-bed.jpg","contentUrl":"https:\/\/www.harmonyresorts.gr\/app\/uploads\/sites\/48\/2019\/12\/breakfast-in-bed.jpg","width":1920,"height":1200},{"@type":"BreadcrumbList","@id":"https:\/\/www.harmonyresorts.gr\/de\/special-occasions-romantic-experiences\/the-prestige-romantic-package\/#breadcrumb","itemListElement":[{"@type":"ListItem","position":1,"name":"Home","item":"https:\/\/www.harmonyresorts.gr\/de\/"},{"@type":"ListItem","position":2,"name":"Romantische Erlebnisse","item":"https:\/\/www.harmonyresorts.gr\/de\/special-occasions-romantic-experiences\/"},{"@type":"ListItem","position":3,"name":"Das Prestige-Romantik Paket"}]},{"@type":"WebSite","@id":"https:\/\/www.harmonyresorts.gr\/ru\/#website","url":"https:\/\/www.harmonyresorts.gr\/ru\/","name":"Harmony Resorts","description":"Harmony Resorts","potentialAction":[{"@type":"SearchAction","target":{"@type":"EntryPoint","urlTemplate":"https:\/\/www.harmonyresorts.gr\/ru\/?s={search_term_string}"},"query-input":{"@type":"PropertyValueSpecification","valueRequired":true,"valueName":"search_term_string"}}],"inLanguage":"de"}]}},"_links":{"self":[{"href":"https:\/\/www.harmonyresorts.gr\/de\/wp-json\/wp\/v2\/pages\/3880"}],"collection":[{"href":"https:\/\/www.harmonyresorts.gr\/de\/wp-json\/wp\/v2\/pages"}],"about":[{"href":"https:\/\/www.harmonyresorts.gr\/de\/wp-json\/wp\/v2\/types\/page"}],"author":[{"embeddable":true,"href":"https:\/\/www.harmonyresorts.gr\/de\/wp-json\/wp\/v2\/users\/1"}],"replies":[{"embeddable":true,"href":"https:\/\/www.harmonyresorts.gr\/de\/wp-json\/wp\/v2\/comments?post=3880"}],"version-history":[{"count":16,"href":"https:\/\/www.harmonyresorts.gr\/de\/wp-json\/wp\/v2\/pages\/3880\/revisions"}],"predecessor-version":[{"id":7780,"href":"https:\/\/www.harmonyresorts.gr\/de\/wp-json\/wp\/v2\/pages\/3880\/revisions\/7780"}],"up":[{"embeddable":true,"href":"https:\/\/www.harmonyresorts.gr\/de\/wp-json\/wp\/v2\/pages\/2048"}],"wp:featuredmedia":[{"embeddable":true,"href":"https:\/\/www.harmonyresorts.gr\/de\/wp-json\/wp\/v2\/media\/6790"}],"wp:attachment":[{"href":"https:\/\/www.harmonyresorts.gr\/de\/wp-json\/wp\/v2\/media?parent=3880"}],"curies":[{"name":"wp","href":"https:\/\/api.w.org\/{rel}","templated":true}]}}