{"id":3960,"date":"2019-05-03T15:16:27","date_gmt":"2019-05-03T12:16:27","guid":{"rendered":"http:\/\/harmony.cms4.nelios.com\/about-us-2\/"},"modified":"2020-12-16T14:53:18","modified_gmt":"2020-12-16T11:53:18","slug":"about-us-2","status":"publish","type":"page","link":"https:\/\/www.harmonyresorts.gr\/de\/about-us-2\/","title":{"rendered":"\u00dcber Harmony Resorts"},"content":{"rendered":"<p>Harmony Resorts ist eine Gruppe von drei Strandhotels in Rhodos, n\u00e4mlich das Elysium Resort &amp; Spa, das Rodos Palladium Leisure &amp; Wellness und das Sun Beach Resort Complex, die f\u00fcr ihre exzellente Servicequalit\u00e4t, erstklassige Strandlage und moderne Infrastruktur bekannt sind.<\/p>\n<p>Harmony Resorts ist ein Familienunternehmen mit einem ausgepr\u00e4gten Sinn f\u00fcr Loyalit\u00e4t und Engagement gegen\u00fcber seinen G\u00e4sten und einer tief verwurzelten F\u00fcrsorgekultur. Tats\u00e4chlich wurde unser Engagement, die Erwartungen unserer G\u00e4ste zu \u00fcbertreffen, durch ehrlichen Service mit einem greifbaren Qualit\u00e4tsaspekt von allen unseren Reisepartnern anerkannt. Tausende Stammg\u00e4ste haben uns f\u00fcr ihren Sommerurlaub auf Rhodos ausgew\u00e4hlt, aber auch f\u00fcr Organisation von Veranstaltungen und Incentive-Reisen.<\/p>\n<p>Seit der Gr\u00fcndung des ersten Hotels der Gruppe im Jahr 1984 f\u00fchlen wir uns unseren Zielen verpflichtet und sind der \u00dcberzeugung, dass wir Ihren Urlaub verbessern k\u00f6nnen. Wir werden auch weiterhin bestrebt sein, unseren Ruf als Premiumresort auf Rhodos zu bewahren.<\/p>\n","protected":false},"excerpt":{"rendered":"<p>Harmony Resorts ist eine Gruppe von drei Strandhotels in Rhodos, n\u00e4mlich das Elysium Resort &amp; Spa, das Rodos Palladium Leisure &amp; Wellness und das Sun Beach Resort Complex, die f\u00fcr ihre exzellente Servicequalit\u00e4t, erstklassige Strandlage und moderne Infrastruktur bekannt sind. Harmony Resorts ist ein Familienunternehmen mit einem ausgepr\u00e4gten Sinn f\u00fcr Loyalit\u00e4t und Engagement gegen\u00fcber seinen<\/p>\n","protected":false},"author":1,"featured_media":2766,"parent":0,"menu_order":0,"comment_status":"closed","ping_status":"closed","template":"","meta":{"_acf_changed":false,"footnotes":""},"class_list":["post-3960","page","type-page","status-publish","has-post-thumbnail","hentry"],"acf":[],"yoast_head":"<!-- This site is optimized with the Yoast SEO plugin v26.9 - https:\/\/yoast.com\/product\/yoast-seo-wordpress\/ -->\n<title>\u00dcber Harmony Resorts - Harmony Resorts<\/title>\n<meta name=\"robots\" content=\"index, follow, max-snippet:-1, max-image-preview:large, max-video-preview:-1\" \/>\n<link rel=\"canonical\" href=\"https:\/\/www.harmonyresorts.gr\/de\/about-us-2\/\" \/>\n<meta property=\"og:locale\" content=\"de_DE\" \/>\n<meta property=\"og:type\" content=\"article\" \/>\n<meta property=\"og:title\" content=\"\u00dcber Harmony Resorts - Harmony Resorts\" \/>\n<meta property=\"og:description\" content=\"Harmony Resorts ist eine Gruppe von drei Strandhotels in Rhodos, n\u00e4mlich das Elysium Resort &amp; Spa, das Rodos Palladium Leisure &amp; Wellness und das Sun Beach Resort Complex, die f\u00fcr ihre exzellente Servicequalit\u00e4t, erstklassige Strandlage und moderne Infrastruktur bekannt sind. Harmony Resorts ist ein Familienunternehmen mit einem ausgepr\u00e4gten Sinn f\u00fcr Loyalit\u00e4t und Engagement gegen\u00fcber seinen\" \/>\n<meta property=\"og:url\" content=\"https:\/\/www.harmonyresorts.gr\/de\/about-us-2\/\" \/>\n<meta property=\"og:site_name\" content=\"Harmony Resorts\" \/>\n<meta property=\"article:modified_time\" content=\"2020-12-16T11:53:18+00:00\" \/>\n<meta property=\"og:image\" content=\"https:\/\/www.harmonyresorts.gr\/app\/uploads\/sites\/48\/2019\/05\/202_general_view_elysium_result.jpg\" \/>\n\t<meta property=\"og:image:width\" content=\"1920\" \/>\n\t<meta property=\"og:image:height\" content=\"1018\" \/>\n\t<meta property=\"og:image:type\" content=\"image\/jpeg\" \/>\n<meta name=\"twitter:card\" content=\"summary_large_image\" \/>\n<meta name=\"twitter:label1\" content=\"Est. reading time\" \/>\n\t<meta name=\"twitter:data1\" content=\"1\u00a0Minute\" \/>\n<script type=\"application\/ld+json\" class=\"yoast-schema-graph\">{\"@context\":\"https:\/\/schema.org\",\"@graph\":[{\"@type\":\"WebPage\",\"@id\":\"https:\/\/www.harmonyresorts.gr\/de\/about-us-2\/\",\"url\":\"https:\/\/www.harmonyresorts.gr\/de\/about-us-2\/\",\"name\":\"\u00dcber Harmony Resorts - Harmony Resorts\",\"isPartOf\":{\"@id\":\"https:\/\/www.harmonyresorts.gr\/ru\/#website\"},\"primaryImageOfPage\":{\"@id\":\"https:\/\/www.harmonyresorts.gr\/de\/about-us-2\/#primaryimage\"},\"image\":{\"@id\":\"https:\/\/www.harmonyresorts.gr\/de\/about-us-2\/#primaryimage\"},\"thumbnailUrl\":\"https:\/\/www.harmonyresorts.gr\/app\/uploads\/sites\/48\/2019\/05\/202_general_view_elysium_result.jpg\",\"datePublished\":\"2019-05-03T12:16:27+00:00\",\"dateModified\":\"2020-12-16T11:53:18+00:00\",\"breadcrumb\":{\"@id\":\"https:\/\/www.harmonyresorts.gr\/de\/about-us-2\/#breadcrumb\"},\"inLanguage\":\"de\",\"potentialAction\":[{\"@type\":\"ReadAction\",\"target\":[\"https:\/\/www.harmonyresorts.gr\/de\/about-us-2\/\"]}]},{\"@type\":\"ImageObject\",\"inLanguage\":\"de\",\"@id\":\"https:\/\/www.harmonyresorts.gr\/de\/about-us-2\/#primaryimage\",\"url\":\"https:\/\/www.harmonyresorts.gr\/app\/uploads\/sites\/48\/2019\/05\/202_general_view_elysium_result.jpg\",\"contentUrl\":\"https:\/\/www.harmonyresorts.gr\/app\/uploads\/sites\/48\/2019\/05\/202_general_view_elysium_result.jpg\",\"width\":1920,\"height\":1018},{\"@type\":\"BreadcrumbList\",\"@id\":\"https:\/\/www.harmonyresorts.gr\/de\/about-us-2\/#breadcrumb\",\"itemListElement\":[{\"@type\":\"ListItem\",\"position\":1,\"name\":\"Home\",\"item\":\"https:\/\/www.harmonyresorts.gr\/de\/\"},{\"@type\":\"ListItem\",\"position\":2,\"name\":\"\u00dcber Harmony Resorts\"}]},{\"@type\":\"WebSite\",\"@id\":\"https:\/\/www.harmonyresorts.gr\/ru\/#website\",\"url\":\"https:\/\/www.harmonyresorts.gr\/ru\/\",\"name\":\"Harmony Resorts\",\"description\":\"Harmony Resorts\",\"potentialAction\":[{\"@type\":\"SearchAction\",\"target\":{\"@type\":\"EntryPoint\",\"urlTemplate\":\"https:\/\/www.harmonyresorts.gr\/ru\/?s={search_term_string}\"},\"query-input\":{\"@type\":\"PropertyValueSpecification\",\"valueRequired\":true,\"valueName\":\"search_term_string\"}}],\"inLanguage\":\"de\"}]}<\/script>\n<!-- \/ Yoast SEO plugin. -->","yoast_head_json":{"title":"\u00dcber Harmony Resorts - Harmony Resorts","robots":{"index":"index","follow":"follow","max-snippet":"max-snippet:-1","max-image-preview":"max-image-preview:large","max-video-preview":"max-video-preview:-1"},"canonical":"https:\/\/www.harmonyresorts.gr\/de\/about-us-2\/","og_locale":"de_DE","og_type":"article","og_title":"\u00dcber Harmony Resorts - Harmony Resorts","og_description":"Harmony Resorts ist eine Gruppe von drei Strandhotels in Rhodos, n\u00e4mlich das Elysium Resort &amp; Spa, das Rodos Palladium Leisure &amp; Wellness und das Sun Beach Resort Complex, die f\u00fcr ihre exzellente Servicequalit\u00e4t, erstklassige Strandlage und moderne Infrastruktur bekannt sind. Harmony Resorts ist ein Familienunternehmen mit einem ausgepr\u00e4gten Sinn f\u00fcr Loyalit\u00e4t und Engagement gegen\u00fcber seinen","og_url":"https:\/\/www.harmonyresorts.gr\/de\/about-us-2\/","og_site_name":"Harmony Resorts","article_modified_time":"2020-12-16T11:53:18+00:00","og_image":[{"width":1920,"height":1018,"url":"https:\/\/www.harmonyresorts.gr\/app\/uploads\/sites\/48\/2019\/05\/202_general_view_elysium_result.jpg","type":"image\/jpeg"}],"twitter_card":"summary_large_image","twitter_misc":{"Est. reading time":"1\u00a0Minute"},"schema":{"@context":"https:\/\/schema.org","@graph":[{"@type":"WebPage","@id":"https:\/\/www.harmonyresorts.gr\/de\/about-us-2\/","url":"https:\/\/www.harmonyresorts.gr\/de\/about-us-2\/","name":"\u00dcber Harmony Resorts - Harmony Resorts","isPartOf":{"@id":"https:\/\/www.harmonyresorts.gr\/ru\/#website"},"primaryImageOfPage":{"@id":"https:\/\/www.harmonyresorts.gr\/de\/about-us-2\/#primaryimage"},"image":{"@id":"https:\/\/www.harmonyresorts.gr\/de\/about-us-2\/#primaryimage"},"thumbnailUrl":"https:\/\/www.harmonyresorts.gr\/app\/uploads\/sites\/48\/2019\/05\/202_general_view_elysium_result.jpg","datePublished":"2019-05-03T12:16:27+00:00","dateModified":"2020-12-16T11:53:18+00:00","breadcrumb":{"@id":"https:\/\/www.harmonyresorts.gr\/de\/about-us-2\/#breadcrumb"},"inLanguage":"de","potentialAction":[{"@type":"ReadAction","target":["https:\/\/www.harmonyresorts.gr\/de\/about-us-2\/"]}]},{"@type":"ImageObject","inLanguage":"de","@id":"https:\/\/www.harmonyresorts.gr\/de\/about-us-2\/#primaryimage","url":"https:\/\/www.harmonyresorts.gr\/app\/uploads\/sites\/48\/2019\/05\/202_general_view_elysium_result.jpg","contentUrl":"https:\/\/www.harmonyresorts.gr\/app\/uploads\/sites\/48\/2019\/05\/202_general_view_elysium_result.jpg","width":1920,"height":1018},{"@type":"BreadcrumbList","@id":"https:\/\/www.harmonyresorts.gr\/de\/about-us-2\/#breadcrumb","itemListElement":[{"@type":"ListItem","position":1,"name":"Home","item":"https:\/\/www.harmonyresorts.gr\/de\/"},{"@type":"ListItem","position":2,"name":"\u00dcber Harmony Resorts"}]},{"@type":"WebSite","@id":"https:\/\/www.harmonyresorts.gr\/ru\/#website","url":"https:\/\/www.harmonyresorts.gr\/ru\/","name":"Harmony Resorts","description":"Harmony Resorts","potentialAction":[{"@type":"SearchAction","target":{"@type":"EntryPoint","urlTemplate":"https:\/\/www.harmonyresorts.gr\/ru\/?s={search_term_string}"},"query-input":{"@type":"PropertyValueSpecification","valueRequired":true,"valueName":"search_term_string"}}],"inLanguage":"de"}]}},"_links":{"self":[{"href":"https:\/\/www.harmonyresorts.gr\/de\/wp-json\/wp\/v2\/pages\/3960"}],"collection":[{"href":"https:\/\/www.harmonyresorts.gr\/de\/wp-json\/wp\/v2\/pages"}],"about":[{"href":"https:\/\/www.harmonyresorts.gr\/de\/wp-json\/wp\/v2\/types\/page"}],"author":[{"embeddable":true,"href":"https:\/\/www.harmonyresorts.gr\/de\/wp-json\/wp\/v2\/users\/1"}],"replies":[{"embeddable":true,"href":"https:\/\/www.harmonyresorts.gr\/de\/wp-json\/wp\/v2\/comments?post=3960"}],"version-history":[{"count":6,"href":"https:\/\/www.harmonyresorts.gr\/de\/wp-json\/wp\/v2\/pages\/3960\/revisions"}],"predecessor-version":[{"id":8291,"href":"https:\/\/www.harmonyresorts.gr\/de\/wp-json\/wp\/v2\/pages\/3960\/revisions\/8291"}],"wp:featuredmedia":[{"embeddable":true,"href":"https:\/\/www.harmonyresorts.gr\/de\/wp-json\/wp\/v2\/media\/2766"}],"wp:attachment":[{"href":"https:\/\/www.harmonyresorts.gr\/de\/wp-json\/wp\/v2\/media?parent=3960"}],"curies":[{"name":"wp","href":"https:\/\/api.w.org\/{rel}","templated":true}]}}