{"id":3979,"date":"2019-05-02T16:11:25","date_gmt":"2019-05-02T13:11:25","guid":{"rendered":"http:\/\/harmony.cms4.nelios.com\/elysium-experiences\/special-occasions-romantic-experiences\/special-moments\/"},"modified":"2020-12-16T14:53:18","modified_gmt":"2020-12-16T11:53:18","slug":"private-celebrations","status":"publish","type":"page","link":"https:\/\/www.harmonyresorts.gr\/de\/event\/private-celebrations\/","title":{"rendered":"PRIVATE FEIERN"},"content":{"rendered":"<p>Sei es eine private Junggesellen Party, ein Hochzeitstag oder eine luxuri\u00f6se Zeremonie zur Erneuerung des Gel\u00f6bnisses\u2026 Unser erfahrenes und engagiertes Team stellt f\u00fcr Sie sehr gerne eine ma\u00dfgeschneiderte Veranstaltung, f\u00fcr welche spezielle Gelegenheit auch immer, zusammen.<\/p>\n<p>Wir bieten servierte Men\u00fcs, Buffet, Cocktail, Canap\u00e9s, Barbecue Feste oder Sie stellen ihr gew\u00fcnschtes Men\u00fc mit den begleitenden Getr\u00e4nken ihrer Wahl zusammen. Um Ihre Erwartungen betreffend Unterhaltung zu erf\u00fcllen, k\u00f6nnen wir f\u00fcr Sie alles arrangieren, von DJs \u00fcber live Musik Bands bis hin zu Ballet oder traditionellen T\u00e4nzern. Blumendekoration aus den H\u00e4nden unserer bevorzugten Floristen, welche Ihnen sehr gerne bei Ihren W\u00fcnschen weiterhelfen, ist ebenfalls m\u00f6glich.<\/p>\n<p>Fotograf und Video: Auf Anfrage verf\u00fcgbar.<\/p>\n<p>Transport &#8211; Limousinen Service, Transfer: Auf Anfrage verf\u00fcgbar.<\/p>\n<p>F\u00fcr Anfragen betreffend Lustiger Teambildender Aktivit\u00e4ten kontaktieren Sie uns unter:<\/p>\n<p>Tel: +30 22410 45700<\/p>\n<p>E-mail: <a href=\"mailto:events@elysium.gr\">events@elysium.gr<\/a><\/p>\n","protected":false},"excerpt":{"rendered":"<p>Sei es eine private Junggesellen Party, ein Hochzeitstag oder eine luxuri\u00f6se Zeremonie zur Erneuerung des Gel\u00f6bnisses\u2026 Unser erfahrenes und engagiertes Team stellt f\u00fcr Sie sehr gerne eine ma\u00dfgeschneiderte Veranstaltung, f\u00fcr welche spezielle Gelegenheit auch immer, zusammen. Wir bieten servierte Men\u00fcs, Buffet, Cocktail, Canap\u00e9s, Barbecue Feste oder Sie stellen ihr gew\u00fcnschtes Men\u00fc mit den begleitenden Getr\u00e4nken<\/p>\n","protected":false},"author":1,"featured_media":6400,"parent":6587,"menu_order":0,"comment_status":"closed","ping_status":"closed","template":"","meta":{"_acf_changed":false,"footnotes":""},"class_list":["post-3979","page","type-page","status-publish","has-post-thumbnail","hentry"],"acf":[],"yoast_head":"<!-- This site is optimized with the Yoast SEO plugin v26.9 - https:\/\/yoast.com\/product\/yoast-seo-wordpress\/ -->\n<title>PRIVATE FEIERN - Harmony Resorts<\/title>\n<meta name=\"robots\" content=\"index, follow, max-snippet:-1, max-image-preview:large, max-video-preview:-1\" \/>\n<link rel=\"canonical\" href=\"https:\/\/www.harmonyresorts.gr\/de\/event\/private-celebrations\/\" \/>\n<meta property=\"og:locale\" content=\"de_DE\" \/>\n<meta property=\"og:type\" content=\"article\" \/>\n<meta property=\"og:title\" content=\"PRIVATE FEIERN - Harmony Resorts\" \/>\n<meta property=\"og:description\" content=\"Sei es eine private Junggesellen Party, ein Hochzeitstag oder eine luxuri\u00f6se Zeremonie zur Erneuerung des Gel\u00f6bnisses\u2026 Unser erfahrenes und engagiertes Team stellt f\u00fcr Sie sehr gerne eine ma\u00dfgeschneiderte Veranstaltung, f\u00fcr welche spezielle Gelegenheit auch immer, zusammen. Wir bieten servierte Men\u00fcs, Buffet, Cocktail, Canap\u00e9s, Barbecue Feste oder Sie stellen ihr gew\u00fcnschtes Men\u00fc mit den begleitenden Getr\u00e4nken\" \/>\n<meta property=\"og:url\" content=\"https:\/\/www.harmonyresorts.gr\/de\/event\/private-celebrations\/\" \/>\n<meta property=\"og:site_name\" content=\"Harmony Resorts\" \/>\n<meta property=\"article:modified_time\" content=\"2020-12-16T11:53:18+00:00\" \/>\n<meta property=\"og:image\" content=\"https:\/\/www.harmonyresorts.gr\/app\/uploads\/sites\/48\/2019\/12\/Champagne.jpg\" \/>\n\t<meta property=\"og:image:width\" content=\"1921\" \/>\n\t<meta property=\"og:image:height\" content=\"1200\" \/>\n\t<meta property=\"og:image:type\" content=\"image\/jpeg\" \/>\n<meta name=\"twitter:card\" content=\"summary_large_image\" \/>\n<meta name=\"twitter:label1\" content=\"Est. reading time\" \/>\n\t<meta name=\"twitter:data1\" content=\"1\u00a0Minute\" \/>\n<script type=\"application\/ld+json\" class=\"yoast-schema-graph\">{\"@context\":\"https:\/\/schema.org\",\"@graph\":[{\"@type\":\"WebPage\",\"@id\":\"https:\/\/www.harmonyresorts.gr\/de\/event\/private-celebrations\/\",\"url\":\"https:\/\/www.harmonyresorts.gr\/de\/event\/private-celebrations\/\",\"name\":\"PRIVATE FEIERN - Harmony Resorts\",\"isPartOf\":{\"@id\":\"https:\/\/www.harmonyresorts.gr\/ru\/#website\"},\"primaryImageOfPage\":{\"@id\":\"https:\/\/www.harmonyresorts.gr\/de\/event\/private-celebrations\/#primaryimage\"},\"image\":{\"@id\":\"https:\/\/www.harmonyresorts.gr\/de\/event\/private-celebrations\/#primaryimage\"},\"thumbnailUrl\":\"https:\/\/www.harmonyresorts.gr\/app\/uploads\/sites\/48\/2019\/12\/Champagne.jpg\",\"datePublished\":\"2019-05-02T13:11:25+00:00\",\"dateModified\":\"2020-12-16T11:53:18+00:00\",\"breadcrumb\":{\"@id\":\"https:\/\/www.harmonyresorts.gr\/de\/event\/private-celebrations\/#breadcrumb\"},\"inLanguage\":\"de\",\"potentialAction\":[{\"@type\":\"ReadAction\",\"target\":[\"https:\/\/www.harmonyresorts.gr\/de\/event\/private-celebrations\/\"]}]},{\"@type\":\"ImageObject\",\"inLanguage\":\"de\",\"@id\":\"https:\/\/www.harmonyresorts.gr\/de\/event\/private-celebrations\/#primaryimage\",\"url\":\"https:\/\/www.harmonyresorts.gr\/app\/uploads\/sites\/48\/2019\/12\/Champagne.jpg\",\"contentUrl\":\"https:\/\/www.harmonyresorts.gr\/app\/uploads\/sites\/48\/2019\/12\/Champagne.jpg\",\"width\":1921,\"height\":1200},{\"@type\":\"BreadcrumbList\",\"@id\":\"https:\/\/www.harmonyresorts.gr\/de\/event\/private-celebrations\/#breadcrumb\",\"itemListElement\":[{\"@type\":\"ListItem\",\"position\":1,\"name\":\"Home\",\"item\":\"https:\/\/www.harmonyresorts.gr\/de\/\"},{\"@type\":\"ListItem\",\"position\":2,\"name\":\"VERANSTALTUNGEN\",\"item\":\"https:\/\/www.harmonyresorts.gr\/de\/event\/\"},{\"@type\":\"ListItem\",\"position\":3,\"name\":\"PRIVATE FEIERN\"}]},{\"@type\":\"WebSite\",\"@id\":\"https:\/\/www.harmonyresorts.gr\/ru\/#website\",\"url\":\"https:\/\/www.harmonyresorts.gr\/ru\/\",\"name\":\"Harmony Resorts\",\"description\":\"Harmony Resorts\",\"potentialAction\":[{\"@type\":\"SearchAction\",\"target\":{\"@type\":\"EntryPoint\",\"urlTemplate\":\"https:\/\/www.harmonyresorts.gr\/ru\/?s={search_term_string}\"},\"query-input\":{\"@type\":\"PropertyValueSpecification\",\"valueRequired\":true,\"valueName\":\"search_term_string\"}}],\"inLanguage\":\"de\"}]}<\/script>\n<!-- \/ Yoast SEO plugin. -->","yoast_head_json":{"title":"PRIVATE FEIERN - Harmony Resorts","robots":{"index":"index","follow":"follow","max-snippet":"max-snippet:-1","max-image-preview":"max-image-preview:large","max-video-preview":"max-video-preview:-1"},"canonical":"https:\/\/www.harmonyresorts.gr\/de\/event\/private-celebrations\/","og_locale":"de_DE","og_type":"article","og_title":"PRIVATE FEIERN - Harmony Resorts","og_description":"Sei es eine private Junggesellen Party, ein Hochzeitstag oder eine luxuri\u00f6se Zeremonie zur Erneuerung des Gel\u00f6bnisses\u2026 Unser erfahrenes und engagiertes Team stellt f\u00fcr Sie sehr gerne eine ma\u00dfgeschneiderte Veranstaltung, f\u00fcr welche spezielle Gelegenheit auch immer, zusammen. Wir bieten servierte Men\u00fcs, Buffet, Cocktail, Canap\u00e9s, Barbecue Feste oder Sie stellen ihr gew\u00fcnschtes Men\u00fc mit den begleitenden Getr\u00e4nken","og_url":"https:\/\/www.harmonyresorts.gr\/de\/event\/private-celebrations\/","og_site_name":"Harmony Resorts","article_modified_time":"2020-12-16T11:53:18+00:00","og_image":[{"width":1921,"height":1200,"url":"https:\/\/www.harmonyresorts.gr\/app\/uploads\/sites\/48\/2019\/12\/Champagne.jpg","type":"image\/jpeg"}],"twitter_card":"summary_large_image","twitter_misc":{"Est. reading time":"1\u00a0Minute"},"schema":{"@context":"https:\/\/schema.org","@graph":[{"@type":"WebPage","@id":"https:\/\/www.harmonyresorts.gr\/de\/event\/private-celebrations\/","url":"https:\/\/www.harmonyresorts.gr\/de\/event\/private-celebrations\/","name":"PRIVATE FEIERN - Harmony Resorts","isPartOf":{"@id":"https:\/\/www.harmonyresorts.gr\/ru\/#website"},"primaryImageOfPage":{"@id":"https:\/\/www.harmonyresorts.gr\/de\/event\/private-celebrations\/#primaryimage"},"image":{"@id":"https:\/\/www.harmonyresorts.gr\/de\/event\/private-celebrations\/#primaryimage"},"thumbnailUrl":"https:\/\/www.harmonyresorts.gr\/app\/uploads\/sites\/48\/2019\/12\/Champagne.jpg","datePublished":"2019-05-02T13:11:25+00:00","dateModified":"2020-12-16T11:53:18+00:00","breadcrumb":{"@id":"https:\/\/www.harmonyresorts.gr\/de\/event\/private-celebrations\/#breadcrumb"},"inLanguage":"de","potentialAction":[{"@type":"ReadAction","target":["https:\/\/www.harmonyresorts.gr\/de\/event\/private-celebrations\/"]}]},{"@type":"ImageObject","inLanguage":"de","@id":"https:\/\/www.harmonyresorts.gr\/de\/event\/private-celebrations\/#primaryimage","url":"https:\/\/www.harmonyresorts.gr\/app\/uploads\/sites\/48\/2019\/12\/Champagne.jpg","contentUrl":"https:\/\/www.harmonyresorts.gr\/app\/uploads\/sites\/48\/2019\/12\/Champagne.jpg","width":1921,"height":1200},{"@type":"BreadcrumbList","@id":"https:\/\/www.harmonyresorts.gr\/de\/event\/private-celebrations\/#breadcrumb","itemListElement":[{"@type":"ListItem","position":1,"name":"Home","item":"https:\/\/www.harmonyresorts.gr\/de\/"},{"@type":"ListItem","position":2,"name":"VERANSTALTUNGEN","item":"https:\/\/www.harmonyresorts.gr\/de\/event\/"},{"@type":"ListItem","position":3,"name":"PRIVATE FEIERN"}]},{"@type":"WebSite","@id":"https:\/\/www.harmonyresorts.gr\/ru\/#website","url":"https:\/\/www.harmonyresorts.gr\/ru\/","name":"Harmony Resorts","description":"Harmony Resorts","potentialAction":[{"@type":"SearchAction","target":{"@type":"EntryPoint","urlTemplate":"https:\/\/www.harmonyresorts.gr\/ru\/?s={search_term_string}"},"query-input":{"@type":"PropertyValueSpecification","valueRequired":true,"valueName":"search_term_string"}}],"inLanguage":"de"}]}},"_links":{"self":[{"href":"https:\/\/www.harmonyresorts.gr\/de\/wp-json\/wp\/v2\/pages\/3979"}],"collection":[{"href":"https:\/\/www.harmonyresorts.gr\/de\/wp-json\/wp\/v2\/pages"}],"about":[{"href":"https:\/\/www.harmonyresorts.gr\/de\/wp-json\/wp\/v2\/types\/page"}],"author":[{"embeddable":true,"href":"https:\/\/www.harmonyresorts.gr\/de\/wp-json\/wp\/v2\/users\/1"}],"replies":[{"embeddable":true,"href":"https:\/\/www.harmonyresorts.gr\/de\/wp-json\/wp\/v2\/comments?post=3979"}],"version-history":[{"count":4,"href":"https:\/\/www.harmonyresorts.gr\/de\/wp-json\/wp\/v2\/pages\/3979\/revisions"}],"predecessor-version":[{"id":6644,"href":"https:\/\/www.harmonyresorts.gr\/de\/wp-json\/wp\/v2\/pages\/3979\/revisions\/6644"}],"up":[{"embeddable":true,"href":"https:\/\/www.harmonyresorts.gr\/de\/wp-json\/wp\/v2\/pages\/6587"}],"wp:featuredmedia":[{"embeddable":true,"href":"https:\/\/www.harmonyresorts.gr\/de\/wp-json\/wp\/v2\/media\/6400"}],"wp:attachment":[{"href":"https:\/\/www.harmonyresorts.gr\/de\/wp-json\/wp\/v2\/media?parent=3979"}],"curies":[{"name":"wp","href":"https:\/\/api.w.org\/{rel}","templated":true}]}}