{"id":4005,"date":"2019-04-09T12:06:39","date_gmt":"2019-04-09T09:06:39","guid":{"rendered":"http:\/\/harmony.cms4.nelios.com\/elysium-experiences\/spa\/"},"modified":"2020-12-16T14:53:17","modified_gmt":"2020-12-16T11:53:17","slug":"spa","status":"publish","type":"page","link":"https:\/\/www.harmonyresorts.gr\/de\/spa\/","title":{"rendered":"Serenity Spa"},"content":{"rendered":"<p>Entspannen, Verjuengen und Revitalisieren<\/p>\n<p>Unser Ziel, im Elysium Resort &amp; Spa, ist es, unseren G\u00e4sten zu helfen, wieder zu Ihrem Gleichgewicht zur\u00fcck zu finden. Dies wird durch eine Reihe von Behandlungen und Aktivit\u00e4ten, welche individuell auf die k\u00f6rperliche Verfassung jedes Einzelnen abgestimmt werden, erreicht.<\/p>\n<p>Im Serenity Spa ist jedes Detail ein wichtiger Teil des Gesamterlebnisses. Jeder Sinn wird angesprochen durch die Rituale, die jede Behandlung begleiten, bis hin zu den exklusiv hochwertigen Aromatherapie Produkten aus feinsten Zutaten, vom Kaktus bis hin zur Blume.<\/p>\n<p>In Betracht auf die vielen unterschiedlichen Weisen, wie jeder einzelne auf Stress reagiert, dreht sich die gesamte Spa Philosophie um drei S\u00e4ulen: entspannen, verj\u00fcngen, revitalisieren. G\u00e4ste k\u00f6nnen durch das gesamte Serenity Spa Erlebnis reisen, beginnend mit Entspannung von K\u00f6rper und Geist, um nerv\u00f6se Verspannungen zu l\u00f6sen und Schlafmuster zu verbessern. Einmal entspannt, sind K\u00f6rper, Geist und Haut bereit durch reinigende Behandlungen zu verj\u00fcngen. Zum Abschluss zielen die revitalisierenden Anwendungen auf die Steigerung der Energieebenen ab, resultierend in einem Gef\u00fchl wieder erlangter Vitalit\u00e4t und des Wohlbefindens.<\/p>\n<p>Das Elysium Resort &amp; Spa ist eines der drei Hotels in Griechenland und das einzige Wellnesshotel auf Rhodos, das ESPA-Produkte und -Behandlungen anbietet. Dies macht es zur idealen Option f\u00fcr einen perfekten Wellnessurlaub in Griechenland.<\/p>\n","protected":false},"excerpt":{"rendered":"<p>Entspannen, Verjuengen und Revitalisieren Unser Ziel, im Elysium Resort &amp; Spa, ist es, unseren G\u00e4sten zu helfen, wieder zu Ihrem Gleichgewicht zur\u00fcck zu finden. Dies wird durch eine Reihe von Behandlungen und Aktivit\u00e4ten, welche individuell auf die k\u00f6rperliche Verfassung jedes Einzelnen abgestimmt werden, erreicht. Im Serenity Spa ist jedes Detail ein wichtiger Teil des Gesamterlebnisses.<\/p>\n","protected":false},"author":1,"featured_media":3547,"parent":0,"menu_order":0,"comment_status":"closed","ping_status":"closed","template":"","meta":{"_acf_changed":false,"footnotes":""},"class_list":["post-4005","page","type-page","status-publish","has-post-thumbnail","hentry"],"acf":[],"yoast_head":"<!-- This site is optimized with the Yoast SEO plugin v26.9 - https:\/\/yoast.com\/product\/yoast-seo-wordpress\/ -->\n<title>Serenity Spa - Harmony Resorts<\/title>\n<meta name=\"robots\" content=\"index, follow, max-snippet:-1, max-image-preview:large, max-video-preview:-1\" \/>\n<link rel=\"canonical\" href=\"https:\/\/www.harmonyresorts.gr\/de\/spa\/\" \/>\n<meta property=\"og:locale\" content=\"de_DE\" \/>\n<meta property=\"og:type\" content=\"article\" \/>\n<meta property=\"og:title\" content=\"Serenity Spa - Harmony Resorts\" \/>\n<meta property=\"og:description\" content=\"Entspannen, Verjuengen und Revitalisieren Unser Ziel, im Elysium Resort &amp; Spa, ist es, unseren G\u00e4sten zu helfen, wieder zu Ihrem Gleichgewicht zur\u00fcck zu finden. Dies wird durch eine Reihe von Behandlungen und Aktivit\u00e4ten, welche individuell auf die k\u00f6rperliche Verfassung jedes Einzelnen abgestimmt werden, erreicht. Im Serenity Spa ist jedes Detail ein wichtiger Teil des Gesamterlebnisses.\" \/>\n<meta property=\"og:url\" content=\"https:\/\/www.harmonyresorts.gr\/de\/spa\/\" \/>\n<meta property=\"og:site_name\" content=\"Harmony Resorts\" \/>\n<meta property=\"article:modified_time\" content=\"2020-12-16T11:53:17+00:00\" \/>\n<meta property=\"og:image\" content=\"https:\/\/www.harmonyresorts.gr\/app\/uploads\/sites\/48\/2019\/05\/8161_Serenity_Spa_Reception_result.jpg\" \/>\n\t<meta property=\"og:image:width\" content=\"1920\" \/>\n\t<meta property=\"og:image:height\" content=\"1292\" \/>\n\t<meta property=\"og:image:type\" content=\"image\/jpeg\" \/>\n<meta name=\"twitter:card\" content=\"summary_large_image\" \/>\n<meta name=\"twitter:label1\" content=\"Est. reading time\" \/>\n\t<meta name=\"twitter:data1\" content=\"1\u00a0Minute\" \/>\n<script type=\"application\/ld+json\" class=\"yoast-schema-graph\">{\"@context\":\"https:\/\/schema.org\",\"@graph\":[{\"@type\":\"WebPage\",\"@id\":\"https:\/\/www.harmonyresorts.gr\/de\/spa\/\",\"url\":\"https:\/\/www.harmonyresorts.gr\/de\/spa\/\",\"name\":\"Serenity Spa - Harmony Resorts\",\"isPartOf\":{\"@id\":\"https:\/\/www.harmonyresorts.gr\/ru\/#website\"},\"primaryImageOfPage\":{\"@id\":\"https:\/\/www.harmonyresorts.gr\/de\/spa\/#primaryimage\"},\"image\":{\"@id\":\"https:\/\/www.harmonyresorts.gr\/de\/spa\/#primaryimage\"},\"thumbnailUrl\":\"https:\/\/www.harmonyresorts.gr\/app\/uploads\/sites\/48\/2019\/05\/8161_Serenity_Spa_Reception_result.jpg\",\"datePublished\":\"2019-04-09T09:06:39+00:00\",\"dateModified\":\"2020-12-16T11:53:17+00:00\",\"breadcrumb\":{\"@id\":\"https:\/\/www.harmonyresorts.gr\/de\/spa\/#breadcrumb\"},\"inLanguage\":\"de\",\"potentialAction\":[{\"@type\":\"ReadAction\",\"target\":[\"https:\/\/www.harmonyresorts.gr\/de\/spa\/\"]}]},{\"@type\":\"ImageObject\",\"inLanguage\":\"de\",\"@id\":\"https:\/\/www.harmonyresorts.gr\/de\/spa\/#primaryimage\",\"url\":\"https:\/\/www.harmonyresorts.gr\/app\/uploads\/sites\/48\/2019\/05\/8161_Serenity_Spa_Reception_result.jpg\",\"contentUrl\":\"https:\/\/www.harmonyresorts.gr\/app\/uploads\/sites\/48\/2019\/05\/8161_Serenity_Spa_Reception_result.jpg\",\"width\":1920,\"height\":1292},{\"@type\":\"BreadcrumbList\",\"@id\":\"https:\/\/www.harmonyresorts.gr\/de\/spa\/#breadcrumb\",\"itemListElement\":[{\"@type\":\"ListItem\",\"position\":1,\"name\":\"Home\",\"item\":\"https:\/\/www.harmonyresorts.gr\/de\/\"},{\"@type\":\"ListItem\",\"position\":2,\"name\":\"Serenity Spa\"}]},{\"@type\":\"WebSite\",\"@id\":\"https:\/\/www.harmonyresorts.gr\/ru\/#website\",\"url\":\"https:\/\/www.harmonyresorts.gr\/ru\/\",\"name\":\"Harmony Resorts\",\"description\":\"Harmony Resorts\",\"potentialAction\":[{\"@type\":\"SearchAction\",\"target\":{\"@type\":\"EntryPoint\",\"urlTemplate\":\"https:\/\/www.harmonyresorts.gr\/ru\/?s={search_term_string}\"},\"query-input\":{\"@type\":\"PropertyValueSpecification\",\"valueRequired\":true,\"valueName\":\"search_term_string\"}}],\"inLanguage\":\"de\"}]}<\/script>\n<!-- \/ Yoast SEO plugin. -->","yoast_head_json":{"title":"Serenity Spa - Harmony Resorts","robots":{"index":"index","follow":"follow","max-snippet":"max-snippet:-1","max-image-preview":"max-image-preview:large","max-video-preview":"max-video-preview:-1"},"canonical":"https:\/\/www.harmonyresorts.gr\/de\/spa\/","og_locale":"de_DE","og_type":"article","og_title":"Serenity Spa - Harmony Resorts","og_description":"Entspannen, Verjuengen und Revitalisieren Unser Ziel, im Elysium Resort &amp; Spa, ist es, unseren G\u00e4sten zu helfen, wieder zu Ihrem Gleichgewicht zur\u00fcck zu finden. Dies wird durch eine Reihe von Behandlungen und Aktivit\u00e4ten, welche individuell auf die k\u00f6rperliche Verfassung jedes Einzelnen abgestimmt werden, erreicht. Im Serenity Spa ist jedes Detail ein wichtiger Teil des Gesamterlebnisses.","og_url":"https:\/\/www.harmonyresorts.gr\/de\/spa\/","og_site_name":"Harmony Resorts","article_modified_time":"2020-12-16T11:53:17+00:00","og_image":[{"width":1920,"height":1292,"url":"https:\/\/www.harmonyresorts.gr\/app\/uploads\/sites\/48\/2019\/05\/8161_Serenity_Spa_Reception_result.jpg","type":"image\/jpeg"}],"twitter_card":"summary_large_image","twitter_misc":{"Est. reading time":"1\u00a0Minute"},"schema":{"@context":"https:\/\/schema.org","@graph":[{"@type":"WebPage","@id":"https:\/\/www.harmonyresorts.gr\/de\/spa\/","url":"https:\/\/www.harmonyresorts.gr\/de\/spa\/","name":"Serenity Spa - Harmony Resorts","isPartOf":{"@id":"https:\/\/www.harmonyresorts.gr\/ru\/#website"},"primaryImageOfPage":{"@id":"https:\/\/www.harmonyresorts.gr\/de\/spa\/#primaryimage"},"image":{"@id":"https:\/\/www.harmonyresorts.gr\/de\/spa\/#primaryimage"},"thumbnailUrl":"https:\/\/www.harmonyresorts.gr\/app\/uploads\/sites\/48\/2019\/05\/8161_Serenity_Spa_Reception_result.jpg","datePublished":"2019-04-09T09:06:39+00:00","dateModified":"2020-12-16T11:53:17+00:00","breadcrumb":{"@id":"https:\/\/www.harmonyresorts.gr\/de\/spa\/#breadcrumb"},"inLanguage":"de","potentialAction":[{"@type":"ReadAction","target":["https:\/\/www.harmonyresorts.gr\/de\/spa\/"]}]},{"@type":"ImageObject","inLanguage":"de","@id":"https:\/\/www.harmonyresorts.gr\/de\/spa\/#primaryimage","url":"https:\/\/www.harmonyresorts.gr\/app\/uploads\/sites\/48\/2019\/05\/8161_Serenity_Spa_Reception_result.jpg","contentUrl":"https:\/\/www.harmonyresorts.gr\/app\/uploads\/sites\/48\/2019\/05\/8161_Serenity_Spa_Reception_result.jpg","width":1920,"height":1292},{"@type":"BreadcrumbList","@id":"https:\/\/www.harmonyresorts.gr\/de\/spa\/#breadcrumb","itemListElement":[{"@type":"ListItem","position":1,"name":"Home","item":"https:\/\/www.harmonyresorts.gr\/de\/"},{"@type":"ListItem","position":2,"name":"Serenity Spa"}]},{"@type":"WebSite","@id":"https:\/\/www.harmonyresorts.gr\/ru\/#website","url":"https:\/\/www.harmonyresorts.gr\/ru\/","name":"Harmony Resorts","description":"Harmony Resorts","potentialAction":[{"@type":"SearchAction","target":{"@type":"EntryPoint","urlTemplate":"https:\/\/www.harmonyresorts.gr\/ru\/?s={search_term_string}"},"query-input":{"@type":"PropertyValueSpecification","valueRequired":true,"valueName":"search_term_string"}}],"inLanguage":"de"}]}},"_links":{"self":[{"href":"https:\/\/www.harmonyresorts.gr\/de\/wp-json\/wp\/v2\/pages\/4005"}],"collection":[{"href":"https:\/\/www.harmonyresorts.gr\/de\/wp-json\/wp\/v2\/pages"}],"about":[{"href":"https:\/\/www.harmonyresorts.gr\/de\/wp-json\/wp\/v2\/types\/page"}],"author":[{"embeddable":true,"href":"https:\/\/www.harmonyresorts.gr\/de\/wp-json\/wp\/v2\/users\/1"}],"replies":[{"embeddable":true,"href":"https:\/\/www.harmonyresorts.gr\/de\/wp-json\/wp\/v2\/comments?post=4005"}],"version-history":[{"count":13,"href":"https:\/\/www.harmonyresorts.gr\/de\/wp-json\/wp\/v2\/pages\/4005\/revisions"}],"predecessor-version":[{"id":7646,"href":"https:\/\/www.harmonyresorts.gr\/de\/wp-json\/wp\/v2\/pages\/4005\/revisions\/7646"}],"wp:featuredmedia":[{"embeddable":true,"href":"https:\/\/www.harmonyresorts.gr\/de\/wp-json\/wp\/v2\/media\/3547"}],"wp:attachment":[{"href":"https:\/\/www.harmonyresorts.gr\/de\/wp-json\/wp\/v2\/media?parent=4005"}],"curies":[{"name":"wp","href":"https:\/\/api.w.org\/{rel}","templated":true}]}}