{"id":4089,"date":"2019-05-03T11:31:49","date_gmt":"2019-05-03T08:31:49","guid":{"rendered":"http:\/\/harmony.cms4.nelios.com\/hotel-location\/discover-rhodes\/"},"modified":"2023-04-21T13:16:04","modified_gmt":"2023-04-21T10:16:04","slug":"discover-rhodes","status":"publish","type":"page","link":"https:\/\/www.harmonyresorts.gr\/de\/discover-rhodes\/","title":{"rendered":"Entdecken Sie Rhodos"},"content":{"rendered":"<p>Aufgrund der nat\u00fcrlichen Sch\u00f6nheit der Insel, seiner pr\u00e4chtigen italienischen Architektur sowie einer Geschichte welche bis auf 2.400 Jahre zur\u00fcckreicht, galt Rhodos schon immer ein ganz spezielles Interesse. Tats\u00e4chlich wurde die Insel als Scheideweg der Kulturen bezeichnet. Jede von ihnen hinterlie\u00df ihre Spuren auf der Insel und trug so zu einer erstaunlichen Mischung von un\u00fcbertroffener Sch\u00f6nheit bei. Es ist kein Geheimnis, dass Rhodos in den 1960er Jahren zu den ersten florierenden Gebieten Griechenlands geh\u00f6rte, und seit damals zu den beliebtesten Reisezielen z\u00e4hlt.<\/p>\n","protected":false},"excerpt":{"rendered":"<p>Aufgrund der nat\u00fcrlichen Sch\u00f6nheit der Insel, seiner pr\u00e4chtigen italienischen Architektur sowie einer Geschichte welche bis auf 2.400 Jahre zur\u00fcckreicht, galt Rhodos schon immer ein ganz spezielles Interesse. Tats\u00e4chlich wurde die Insel als Scheideweg der Kulturen bezeichnet. Jede von ihnen hinterlie\u00df ihre Spuren auf der Insel und trug so zu einer erstaunlichen Mischung von un\u00fcbertroffener Sch\u00f6nheit<\/p>\n","protected":false},"author":1,"featured_media":2374,"parent":0,"menu_order":0,"comment_status":"closed","ping_status":"closed","template":"page-templates\/simple-list.php","meta":{"_acf_changed":false,"footnotes":""},"class_list":["post-4089","page","type-page","status-publish","has-post-thumbnail","hentry"],"acf":[],"yoast_head":"<!-- This site is optimized with the Yoast SEO plugin v26.9 - https:\/\/yoast.com\/product\/yoast-seo-wordpress\/ -->\n<title>Entdecken Sie Rhodos - Harmony Resorts<\/title>\n<meta name=\"robots\" content=\"index, follow, max-snippet:-1, max-image-preview:large, max-video-preview:-1\" \/>\n<link rel=\"canonical\" href=\"https:\/\/www.harmonyresorts.gr\/de\/discover-rhodes\/\" \/>\n<meta property=\"og:locale\" content=\"de_DE\" \/>\n<meta property=\"og:type\" content=\"article\" \/>\n<meta property=\"og:title\" content=\"Entdecken Sie Rhodos - Harmony Resorts\" \/>\n<meta property=\"og:description\" content=\"Aufgrund der nat\u00fcrlichen Sch\u00f6nheit der Insel, seiner pr\u00e4chtigen italienischen Architektur sowie einer Geschichte welche bis auf 2.400 Jahre zur\u00fcckreicht, galt Rhodos schon immer ein ganz spezielles Interesse. Tats\u00e4chlich wurde die Insel als Scheideweg der Kulturen bezeichnet. Jede von ihnen hinterlie\u00df ihre Spuren auf der Insel und trug so zu einer erstaunlichen Mischung von un\u00fcbertroffener Sch\u00f6nheit\" \/>\n<meta property=\"og:url\" content=\"https:\/\/www.harmonyresorts.gr\/de\/discover-rhodes\/\" \/>\n<meta property=\"og:site_name\" content=\"Harmony Resorts\" \/>\n<meta property=\"article:modified_time\" content=\"2023-04-21T10:16:04+00:00\" \/>\n<meta property=\"og:image\" content=\"https:\/\/www.harmonyresorts.gr\/app\/uploads\/sites\/48\/2019\/05\/rhodes_1web.jpeg\" \/>\n\t<meta property=\"og:image:width\" content=\"1920\" \/>\n\t<meta property=\"og:image:height\" content=\"849\" \/>\n\t<meta property=\"og:image:type\" content=\"image\/jpeg\" \/>\n<meta name=\"twitter:card\" content=\"summary_large_image\" \/>\n<meta name=\"twitter:label1\" content=\"Est. reading time\" \/>\n\t<meta name=\"twitter:data1\" content=\"1\u00a0Minute\" \/>\n<script type=\"application\/ld+json\" class=\"yoast-schema-graph\">{\"@context\":\"https:\/\/schema.org\",\"@graph\":[{\"@type\":\"WebPage\",\"@id\":\"https:\/\/www.harmonyresorts.gr\/de\/discover-rhodes\/\",\"url\":\"https:\/\/www.harmonyresorts.gr\/de\/discover-rhodes\/\",\"name\":\"Entdecken Sie Rhodos - Harmony Resorts\",\"isPartOf\":{\"@id\":\"https:\/\/www.harmonyresorts.gr\/ru\/#website\"},\"primaryImageOfPage\":{\"@id\":\"https:\/\/www.harmonyresorts.gr\/de\/discover-rhodes\/#primaryimage\"},\"image\":{\"@id\":\"https:\/\/www.harmonyresorts.gr\/de\/discover-rhodes\/#primaryimage\"},\"thumbnailUrl\":\"https:\/\/www.harmonyresorts.gr\/app\/uploads\/sites\/48\/2019\/05\/rhodes_1web.jpeg\",\"datePublished\":\"2019-05-03T08:31:49+00:00\",\"dateModified\":\"2023-04-21T10:16:04+00:00\",\"breadcrumb\":{\"@id\":\"https:\/\/www.harmonyresorts.gr\/de\/discover-rhodes\/#breadcrumb\"},\"inLanguage\":\"de\",\"potentialAction\":[{\"@type\":\"ReadAction\",\"target\":[\"https:\/\/www.harmonyresorts.gr\/de\/discover-rhodes\/\"]}]},{\"@type\":\"ImageObject\",\"inLanguage\":\"de\",\"@id\":\"https:\/\/www.harmonyresorts.gr\/de\/discover-rhodes\/#primaryimage\",\"url\":\"https:\/\/www.harmonyresorts.gr\/app\/uploads\/sites\/48\/2019\/05\/rhodes_1web.jpeg\",\"contentUrl\":\"https:\/\/www.harmonyresorts.gr\/app\/uploads\/sites\/48\/2019\/05\/rhodes_1web.jpeg\",\"width\":1920,\"height\":849},{\"@type\":\"BreadcrumbList\",\"@id\":\"https:\/\/www.harmonyresorts.gr\/de\/discover-rhodes\/#breadcrumb\",\"itemListElement\":[{\"@type\":\"ListItem\",\"position\":1,\"name\":\"Home\",\"item\":\"https:\/\/www.harmonyresorts.gr\/de\/\"},{\"@type\":\"ListItem\",\"position\":2,\"name\":\"Entdecken Sie Rhodos\"}]},{\"@type\":\"WebSite\",\"@id\":\"https:\/\/www.harmonyresorts.gr\/ru\/#website\",\"url\":\"https:\/\/www.harmonyresorts.gr\/ru\/\",\"name\":\"Harmony Resorts\",\"description\":\"Harmony Resorts\",\"potentialAction\":[{\"@type\":\"SearchAction\",\"target\":{\"@type\":\"EntryPoint\",\"urlTemplate\":\"https:\/\/www.harmonyresorts.gr\/ru\/?s={search_term_string}\"},\"query-input\":{\"@type\":\"PropertyValueSpecification\",\"valueRequired\":true,\"valueName\":\"search_term_string\"}}],\"inLanguage\":\"de\"}]}<\/script>\n<!-- \/ Yoast SEO plugin. -->","yoast_head_json":{"title":"Entdecken Sie Rhodos - Harmony Resorts","robots":{"index":"index","follow":"follow","max-snippet":"max-snippet:-1","max-image-preview":"max-image-preview:large","max-video-preview":"max-video-preview:-1"},"canonical":"https:\/\/www.harmonyresorts.gr\/de\/discover-rhodes\/","og_locale":"de_DE","og_type":"article","og_title":"Entdecken Sie Rhodos - Harmony Resorts","og_description":"Aufgrund der nat\u00fcrlichen Sch\u00f6nheit der Insel, seiner pr\u00e4chtigen italienischen Architektur sowie einer Geschichte welche bis auf 2.400 Jahre zur\u00fcckreicht, galt Rhodos schon immer ein ganz spezielles Interesse. Tats\u00e4chlich wurde die Insel als Scheideweg der Kulturen bezeichnet. Jede von ihnen hinterlie\u00df ihre Spuren auf der Insel und trug so zu einer erstaunlichen Mischung von un\u00fcbertroffener Sch\u00f6nheit","og_url":"https:\/\/www.harmonyresorts.gr\/de\/discover-rhodes\/","og_site_name":"Harmony Resorts","article_modified_time":"2023-04-21T10:16:04+00:00","og_image":[{"width":1920,"height":849,"url":"https:\/\/www.harmonyresorts.gr\/app\/uploads\/sites\/48\/2019\/05\/rhodes_1web.jpeg","type":"image\/jpeg"}],"twitter_card":"summary_large_image","twitter_misc":{"Est. reading time":"1\u00a0Minute"},"schema":{"@context":"https:\/\/schema.org","@graph":[{"@type":"WebPage","@id":"https:\/\/www.harmonyresorts.gr\/de\/discover-rhodes\/","url":"https:\/\/www.harmonyresorts.gr\/de\/discover-rhodes\/","name":"Entdecken Sie Rhodos - Harmony Resorts","isPartOf":{"@id":"https:\/\/www.harmonyresorts.gr\/ru\/#website"},"primaryImageOfPage":{"@id":"https:\/\/www.harmonyresorts.gr\/de\/discover-rhodes\/#primaryimage"},"image":{"@id":"https:\/\/www.harmonyresorts.gr\/de\/discover-rhodes\/#primaryimage"},"thumbnailUrl":"https:\/\/www.harmonyresorts.gr\/app\/uploads\/sites\/48\/2019\/05\/rhodes_1web.jpeg","datePublished":"2019-05-03T08:31:49+00:00","dateModified":"2023-04-21T10:16:04+00:00","breadcrumb":{"@id":"https:\/\/www.harmonyresorts.gr\/de\/discover-rhodes\/#breadcrumb"},"inLanguage":"de","potentialAction":[{"@type":"ReadAction","target":["https:\/\/www.harmonyresorts.gr\/de\/discover-rhodes\/"]}]},{"@type":"ImageObject","inLanguage":"de","@id":"https:\/\/www.harmonyresorts.gr\/de\/discover-rhodes\/#primaryimage","url":"https:\/\/www.harmonyresorts.gr\/app\/uploads\/sites\/48\/2019\/05\/rhodes_1web.jpeg","contentUrl":"https:\/\/www.harmonyresorts.gr\/app\/uploads\/sites\/48\/2019\/05\/rhodes_1web.jpeg","width":1920,"height":849},{"@type":"BreadcrumbList","@id":"https:\/\/www.harmonyresorts.gr\/de\/discover-rhodes\/#breadcrumb","itemListElement":[{"@type":"ListItem","position":1,"name":"Home","item":"https:\/\/www.harmonyresorts.gr\/de\/"},{"@type":"ListItem","position":2,"name":"Entdecken Sie Rhodos"}]},{"@type":"WebSite","@id":"https:\/\/www.harmonyresorts.gr\/ru\/#website","url":"https:\/\/www.harmonyresorts.gr\/ru\/","name":"Harmony Resorts","description":"Harmony Resorts","potentialAction":[{"@type":"SearchAction","target":{"@type":"EntryPoint","urlTemplate":"https:\/\/www.harmonyresorts.gr\/ru\/?s={search_term_string}"},"query-input":{"@type":"PropertyValueSpecification","valueRequired":true,"valueName":"search_term_string"}}],"inLanguage":"de"}]}},"_links":{"self":[{"href":"https:\/\/www.harmonyresorts.gr\/de\/wp-json\/wp\/v2\/pages\/4089"}],"collection":[{"href":"https:\/\/www.harmonyresorts.gr\/de\/wp-json\/wp\/v2\/pages"}],"about":[{"href":"https:\/\/www.harmonyresorts.gr\/de\/wp-json\/wp\/v2\/types\/page"}],"author":[{"embeddable":true,"href":"https:\/\/www.harmonyresorts.gr\/de\/wp-json\/wp\/v2\/users\/1"}],"replies":[{"embeddable":true,"href":"https:\/\/www.harmonyresorts.gr\/de\/wp-json\/wp\/v2\/comments?post=4089"}],"version-history":[{"count":5,"href":"https:\/\/www.harmonyresorts.gr\/de\/wp-json\/wp\/v2\/pages\/4089\/revisions"}],"predecessor-version":[{"id":10508,"href":"https:\/\/www.harmonyresorts.gr\/de\/wp-json\/wp\/v2\/pages\/4089\/revisions\/10508"}],"wp:featuredmedia":[{"embeddable":true,"href":"https:\/\/www.harmonyresorts.gr\/de\/wp-json\/wp\/v2\/media\/2374"}],"wp:attachment":[{"href":"https:\/\/www.harmonyresorts.gr\/de\/wp-json\/wp\/v2\/media?parent=4089"}],"curies":[{"name":"wp","href":"https:\/\/api.w.org\/{rel}","templated":true}]}}