{"id":4114,"date":"2019-05-03T11:45:25","date_gmt":"2019-05-03T08:45:25","guid":{"rendered":"http:\/\/harmony.cms4.nelios.com\/hotel-location\/discover-rhodes\/city-of-rhodes\/rhodes-old-town-medevial-town\/"},"modified":"2020-12-16T14:53:15","modified_gmt":"2020-12-16T11:53:15","slug":"rhodes-old-town-medevial-town","status":"publish","type":"page","link":"https:\/\/www.harmonyresorts.gr\/de\/discover-rhodes\/city-of-rhodes\/rhodes-old-town-medevial-town\/","title":{"rendered":"Mittelalterliche Stadt von Rhodos (Altstadt)"},"content":{"rendered":"<p>Die Mittelalterliche Stadt von Rhodos, von den Einheimischen kurz \u201eAlt Stadt\u201c genannt, ist Teil der UNESCO Weltkulturerbe Monumente. Tats\u00e4chlich z\u00e4hlt sie zur gr\u00f6\u00dften und \u00e4ltesten bewohnten Mittelalterlichen Stadt Europas!<\/p>\n<p>In der Altstadt, Stadt der Ritter vom Orden der Johanniter, findet man auch heute noch die Wahrzeichen des Ordens an einigen Geb\u00e4uden wieder. Laufen Sie herum in den gepflasterten engen Gassen, unter den Toren und S\u00e4uleng\u00e4ngen, \u00fcberqueren Sie Pl\u00e4tze und unbekannte H\u00f6fe und sp\u00fcren Sie die echte mittelalterliche Atmosph\u00e4re.<\/p>\n<p>Die mittelalterliche Stadt wurde gesch\u00fctzt von einer Festung, welche im 14. Jahrhundert nach Christus von den Rittern von Rhodos errichtet wurde und aus zwei Teilen bestand: das \u201aKollakio\u2018 im Norden und die freie Stadt oder \u201aHora\u2018 im S\u00fcden. Im n\u00f6rdlichen Teil der Festung finden Sie die Stra\u00dfe der Ritter, den Grossmeisterpalast (auch bekannt als \u201aCastello\u2018), das Krankenhaus (heutiges Museum) und die offiziellen Kirchen der Orden. W\u00e4hrend Sie im s\u00fcdlichen Teil (Hora) den t\u00fcrkischen Basar rund um die Suleiman Moschee und den alten Markt (Sokrates Stra\u00dfe) mit seinen vielen lokalen Gesch\u00e4ften und Restaurants finden.<\/p>\n<p>Was immer Sie tun, vers\u00e4umen Sie nicht das Byzantinische Museum, der Panagia tou Kastrou, das Arch\u00e4ologische Museum von Rhodos und das Mittelalterliche Festival (Mittelalterliches Rosen Volksfest), welches j\u00e4hrlich um den Mai stattfindet, zu besuchen.<\/p>\n<p>Durch die Altstadt von Rhodos zu bummeln ist ein einzigartiges Erlebnis, welches Ihnen einen romantischen Abend und einen unvergesslichen Besuch f\u00fcr die ganze Familie garantiert.<\/p>\n","protected":false},"excerpt":{"rendered":"<p>Die Mittelalterliche Stadt von Rhodos, von den Einheimischen kurz \u201eAlt Stadt\u201c genannt, ist Teil der UNESCO Weltkulturerbe Monumente. Tats\u00e4chlich z\u00e4hlt sie zur gr\u00f6\u00dften und \u00e4ltesten bewohnten Mittelalterlichen Stadt Europas! In der Altstadt, Stadt der Ritter vom Orden der Johanniter, findet man auch heute noch die Wahrzeichen des Ordens an einigen Geb\u00e4uden wieder. Laufen Sie herum<\/p>\n","protected":false},"author":1,"featured_media":2406,"parent":4099,"menu_order":0,"comment_status":"closed","ping_status":"closed","template":"","meta":{"_acf_changed":false,"footnotes":""},"class_list":["post-4114","page","type-page","status-publish","has-post-thumbnail","hentry"],"acf":[],"yoast_head":"<!-- This site is optimized with the Yoast SEO plugin v26.9 - https:\/\/yoast.com\/product\/yoast-seo-wordpress\/ -->\n<title>Mittelalterliche Stadt von Rhodos (Altstadt) - Harmony Resorts<\/title>\n<meta name=\"robots\" content=\"index, follow, max-snippet:-1, max-image-preview:large, max-video-preview:-1\" \/>\n<link rel=\"canonical\" href=\"https:\/\/www.harmonyresorts.gr\/de\/discover-rhodes\/city-of-rhodes\/rhodes-old-town-medevial-town\/\" \/>\n<meta property=\"og:locale\" content=\"de_DE\" \/>\n<meta property=\"og:type\" content=\"article\" \/>\n<meta property=\"og:title\" content=\"Mittelalterliche Stadt von Rhodos (Altstadt) - Harmony Resorts\" \/>\n<meta property=\"og:description\" content=\"Die Mittelalterliche Stadt von Rhodos, von den Einheimischen kurz \u201eAlt Stadt\u201c genannt, ist Teil der UNESCO Weltkulturerbe Monumente. Tats\u00e4chlich z\u00e4hlt sie zur gr\u00f6\u00dften und \u00e4ltesten bewohnten Mittelalterlichen Stadt Europas! In der Altstadt, Stadt der Ritter vom Orden der Johanniter, findet man auch heute noch die Wahrzeichen des Ordens an einigen Geb\u00e4uden wieder. Laufen Sie herum\" \/>\n<meta property=\"og:url\" content=\"https:\/\/www.harmonyresorts.gr\/de\/discover-rhodes\/city-of-rhodes\/rhodes-old-town-medevial-town\/\" \/>\n<meta property=\"og:site_name\" content=\"Harmony Resorts\" \/>\n<meta property=\"article:modified_time\" content=\"2020-12-16T11:53:15+00:00\" \/>\n<meta property=\"og:image\" content=\"https:\/\/www.harmonyresorts.gr\/app\/uploads\/sites\/48\/2019\/05\/21-street-of-the-knights-600x450.jpeg\" \/>\n\t<meta property=\"og:image:width\" content=\"600\" \/>\n\t<meta property=\"og:image:height\" content=\"450\" \/>\n\t<meta property=\"og:image:type\" content=\"image\/jpeg\" \/>\n<meta name=\"twitter:card\" content=\"summary_large_image\" \/>\n<meta name=\"twitter:label1\" content=\"Est. reading time\" \/>\n\t<meta name=\"twitter:data1\" content=\"1\u00a0Minute\" \/>\n<script type=\"application\/ld+json\" class=\"yoast-schema-graph\">{\"@context\":\"https:\/\/schema.org\",\"@graph\":[{\"@type\":\"WebPage\",\"@id\":\"https:\/\/www.harmonyresorts.gr\/de\/discover-rhodes\/city-of-rhodes\/rhodes-old-town-medevial-town\/\",\"url\":\"https:\/\/www.harmonyresorts.gr\/de\/discover-rhodes\/city-of-rhodes\/rhodes-old-town-medevial-town\/\",\"name\":\"Mittelalterliche Stadt von Rhodos (Altstadt) - Harmony Resorts\",\"isPartOf\":{\"@id\":\"https:\/\/www.harmonyresorts.gr\/ru\/#website\"},\"primaryImageOfPage\":{\"@id\":\"https:\/\/www.harmonyresorts.gr\/de\/discover-rhodes\/city-of-rhodes\/rhodes-old-town-medevial-town\/#primaryimage\"},\"image\":{\"@id\":\"https:\/\/www.harmonyresorts.gr\/de\/discover-rhodes\/city-of-rhodes\/rhodes-old-town-medevial-town\/#primaryimage\"},\"thumbnailUrl\":\"https:\/\/www.harmonyresorts.gr\/app\/uploads\/sites\/48\/2019\/05\/21-street-of-the-knights.jpeg\",\"datePublished\":\"2019-05-03T08:45:25+00:00\",\"dateModified\":\"2020-12-16T11:53:15+00:00\",\"breadcrumb\":{\"@id\":\"https:\/\/www.harmonyresorts.gr\/de\/discover-rhodes\/city-of-rhodes\/rhodes-old-town-medevial-town\/#breadcrumb\"},\"inLanguage\":\"de\",\"potentialAction\":[{\"@type\":\"ReadAction\",\"target\":[\"https:\/\/www.harmonyresorts.gr\/de\/discover-rhodes\/city-of-rhodes\/rhodes-old-town-medevial-town\/\"]}]},{\"@type\":\"ImageObject\",\"inLanguage\":\"de\",\"@id\":\"https:\/\/www.harmonyresorts.gr\/de\/discover-rhodes\/city-of-rhodes\/rhodes-old-town-medevial-town\/#primaryimage\",\"url\":\"https:\/\/www.harmonyresorts.gr\/app\/uploads\/sites\/48\/2019\/05\/21-street-of-the-knights.jpeg\",\"contentUrl\":\"https:\/\/www.harmonyresorts.gr\/app\/uploads\/sites\/48\/2019\/05\/21-street-of-the-knights.jpeg\",\"width\":2560,\"height\":1920},{\"@type\":\"BreadcrumbList\",\"@id\":\"https:\/\/www.harmonyresorts.gr\/de\/discover-rhodes\/city-of-rhodes\/rhodes-old-town-medevial-town\/#breadcrumb\",\"itemListElement\":[{\"@type\":\"ListItem\",\"position\":1,\"name\":\"Home\",\"item\":\"https:\/\/www.harmonyresorts.gr\/de\/\"},{\"@type\":\"ListItem\",\"position\":2,\"name\":\"Entdecken Sie Rhodos\",\"item\":\"https:\/\/www.harmonyresorts.gr\/de\/discover-rhodes\/\"},{\"@type\":\"ListItem\",\"position\":3,\"name\":\"Stadt Rhodos\",\"item\":\"https:\/\/www.harmonyresorts.gr\/de\/discover-rhodes\/city-of-rhodes\/\"},{\"@type\":\"ListItem\",\"position\":4,\"name\":\"Mittelalterliche Stadt von Rhodos (Altstadt)\"}]},{\"@type\":\"WebSite\",\"@id\":\"https:\/\/www.harmonyresorts.gr\/ru\/#website\",\"url\":\"https:\/\/www.harmonyresorts.gr\/ru\/\",\"name\":\"Harmony Resorts\",\"description\":\"Harmony Resorts\",\"potentialAction\":[{\"@type\":\"SearchAction\",\"target\":{\"@type\":\"EntryPoint\",\"urlTemplate\":\"https:\/\/www.harmonyresorts.gr\/ru\/?s={search_term_string}\"},\"query-input\":{\"@type\":\"PropertyValueSpecification\",\"valueRequired\":true,\"valueName\":\"search_term_string\"}}],\"inLanguage\":\"de\"}]}<\/script>\n<!-- \/ Yoast SEO plugin. -->","yoast_head_json":{"title":"Mittelalterliche Stadt von Rhodos (Altstadt) - Harmony Resorts","robots":{"index":"index","follow":"follow","max-snippet":"max-snippet:-1","max-image-preview":"max-image-preview:large","max-video-preview":"max-video-preview:-1"},"canonical":"https:\/\/www.harmonyresorts.gr\/de\/discover-rhodes\/city-of-rhodes\/rhodes-old-town-medevial-town\/","og_locale":"de_DE","og_type":"article","og_title":"Mittelalterliche Stadt von Rhodos (Altstadt) - Harmony Resorts","og_description":"Die Mittelalterliche Stadt von Rhodos, von den Einheimischen kurz \u201eAlt Stadt\u201c genannt, ist Teil der UNESCO Weltkulturerbe Monumente. Tats\u00e4chlich z\u00e4hlt sie zur gr\u00f6\u00dften und \u00e4ltesten bewohnten Mittelalterlichen Stadt Europas! In der Altstadt, Stadt der Ritter vom Orden der Johanniter, findet man auch heute noch die Wahrzeichen des Ordens an einigen Geb\u00e4uden wieder. Laufen Sie herum","og_url":"https:\/\/www.harmonyresorts.gr\/de\/discover-rhodes\/city-of-rhodes\/rhodes-old-town-medevial-town\/","og_site_name":"Harmony Resorts","article_modified_time":"2020-12-16T11:53:15+00:00","og_image":[{"width":600,"height":450,"url":"https:\/\/www.harmonyresorts.gr\/app\/uploads\/sites\/48\/2019\/05\/21-street-of-the-knights-600x450.jpeg","type":"image\/jpeg"}],"twitter_card":"summary_large_image","twitter_misc":{"Est. reading time":"1\u00a0Minute"},"schema":{"@context":"https:\/\/schema.org","@graph":[{"@type":"WebPage","@id":"https:\/\/www.harmonyresorts.gr\/de\/discover-rhodes\/city-of-rhodes\/rhodes-old-town-medevial-town\/","url":"https:\/\/www.harmonyresorts.gr\/de\/discover-rhodes\/city-of-rhodes\/rhodes-old-town-medevial-town\/","name":"Mittelalterliche Stadt von Rhodos (Altstadt) - Harmony Resorts","isPartOf":{"@id":"https:\/\/www.harmonyresorts.gr\/ru\/#website"},"primaryImageOfPage":{"@id":"https:\/\/www.harmonyresorts.gr\/de\/discover-rhodes\/city-of-rhodes\/rhodes-old-town-medevial-town\/#primaryimage"},"image":{"@id":"https:\/\/www.harmonyresorts.gr\/de\/discover-rhodes\/city-of-rhodes\/rhodes-old-town-medevial-town\/#primaryimage"},"thumbnailUrl":"https:\/\/www.harmonyresorts.gr\/app\/uploads\/sites\/48\/2019\/05\/21-street-of-the-knights.jpeg","datePublished":"2019-05-03T08:45:25+00:00","dateModified":"2020-12-16T11:53:15+00:00","breadcrumb":{"@id":"https:\/\/www.harmonyresorts.gr\/de\/discover-rhodes\/city-of-rhodes\/rhodes-old-town-medevial-town\/#breadcrumb"},"inLanguage":"de","potentialAction":[{"@type":"ReadAction","target":["https:\/\/www.harmonyresorts.gr\/de\/discover-rhodes\/city-of-rhodes\/rhodes-old-town-medevial-town\/"]}]},{"@type":"ImageObject","inLanguage":"de","@id":"https:\/\/www.harmonyresorts.gr\/de\/discover-rhodes\/city-of-rhodes\/rhodes-old-town-medevial-town\/#primaryimage","url":"https:\/\/www.harmonyresorts.gr\/app\/uploads\/sites\/48\/2019\/05\/21-street-of-the-knights.jpeg","contentUrl":"https:\/\/www.harmonyresorts.gr\/app\/uploads\/sites\/48\/2019\/05\/21-street-of-the-knights.jpeg","width":2560,"height":1920},{"@type":"BreadcrumbList","@id":"https:\/\/www.harmonyresorts.gr\/de\/discover-rhodes\/city-of-rhodes\/rhodes-old-town-medevial-town\/#breadcrumb","itemListElement":[{"@type":"ListItem","position":1,"name":"Home","item":"https:\/\/www.harmonyresorts.gr\/de\/"},{"@type":"ListItem","position":2,"name":"Entdecken Sie Rhodos","item":"https:\/\/www.harmonyresorts.gr\/de\/discover-rhodes\/"},{"@type":"ListItem","position":3,"name":"Stadt Rhodos","item":"https:\/\/www.harmonyresorts.gr\/de\/discover-rhodes\/city-of-rhodes\/"},{"@type":"ListItem","position":4,"name":"Mittelalterliche Stadt von Rhodos (Altstadt)"}]},{"@type":"WebSite","@id":"https:\/\/www.harmonyresorts.gr\/ru\/#website","url":"https:\/\/www.harmonyresorts.gr\/ru\/","name":"Harmony Resorts","description":"Harmony Resorts","potentialAction":[{"@type":"SearchAction","target":{"@type":"EntryPoint","urlTemplate":"https:\/\/www.harmonyresorts.gr\/ru\/?s={search_term_string}"},"query-input":{"@type":"PropertyValueSpecification","valueRequired":true,"valueName":"search_term_string"}}],"inLanguage":"de"}]}},"_links":{"self":[{"href":"https:\/\/www.harmonyresorts.gr\/de\/wp-json\/wp\/v2\/pages\/4114"}],"collection":[{"href":"https:\/\/www.harmonyresorts.gr\/de\/wp-json\/wp\/v2\/pages"}],"about":[{"href":"https:\/\/www.harmonyresorts.gr\/de\/wp-json\/wp\/v2\/types\/page"}],"author":[{"embeddable":true,"href":"https:\/\/www.harmonyresorts.gr\/de\/wp-json\/wp\/v2\/users\/1"}],"replies":[{"embeddable":true,"href":"https:\/\/www.harmonyresorts.gr\/de\/wp-json\/wp\/v2\/comments?post=4114"}],"version-history":[{"count":4,"href":"https:\/\/www.harmonyresorts.gr\/de\/wp-json\/wp\/v2\/pages\/4114\/revisions"}],"predecessor-version":[{"id":4704,"href":"https:\/\/www.harmonyresorts.gr\/de\/wp-json\/wp\/v2\/pages\/4114\/revisions\/4704"}],"up":[{"embeddable":true,"href":"https:\/\/www.harmonyresorts.gr\/de\/wp-json\/wp\/v2\/pages\/4099"}],"wp:featuredmedia":[{"embeddable":true,"href":"https:\/\/www.harmonyresorts.gr\/de\/wp-json\/wp\/v2\/media\/2406"}],"wp:attachment":[{"href":"https:\/\/www.harmonyresorts.gr\/de\/wp-json\/wp\/v2\/media?parent=4114"}],"curies":[{"name":"wp","href":"https:\/\/api.w.org\/{rel}","templated":true}]}}