{"id":4141,"date":"2019-05-03T11:53:43","date_gmt":"2019-05-03T08:53:43","guid":{"rendered":"http:\/\/harmony.cms4.nelios.com\/hotel-location\/discover-rhodes\/city-of-rhodes\/the-palace-of-the-grand-master\/"},"modified":"2023-04-21T13:55:39","modified_gmt":"2023-04-21T10:55:39","slug":"the-palace-of-the-grand-master","status":"publish","type":"page","link":"https:\/\/www.harmonyresorts.gr\/de\/discover-rhodes\/city-of-rhodes\/the-palace-of-the-grand-master\/","title":{"rendered":"Der Grossmeisterpalast"},"content":{"rendered":"<p>Der Grossmeisterpalast ist das beliebteste Monument der Insel und die Hauptattraktion der mittelalterlichen Stadt von Rhodos. Errichtet im 14. Jahrhundert nach Christus vom Herrscher des Johanniter Ordens des Heiligen Johannes von Jerusalem und Malta, welche Rhodos von 1309 bis 1522 in Besitz nahmen. W\u00e4hrend der Herrschaft des Ottomanen Reiches, ganz genau im Jahr 1856, wurde der Palast bei einer Munitionsexplosion schwer besch\u00e4digt. Jedoch von den Italienern, welche Rhodos 1912 besetzten, wiederaufgebaut und so wieder zu seiner fr\u00fcheren Pracht verholfen. Der Palast diente auch als Urlaubsresidenz f\u00fcr Benito Mussolini, dessen Namen man auf einer gro\u00dfen Gedenktafel in der N\u00e4he des Eingangs findet. Seit der R\u00fcckgabe der Insel 1948 an die Griechen, ist der Palast ein Museum.<\/p>\n","protected":false},"excerpt":{"rendered":"<p>Der Grossmeisterpalast ist das beliebteste Monument der Insel und die Hauptattraktion der mittelalterlichen Stadt von Rhodos. Errichtet im 14. Jahrhundert nach Christus vom Herrscher des Johanniter Ordens des Heiligen Johannes von Jerusalem und Malta, welche Rhodos von 1309 bis 1522 in Besitz nahmen. W\u00e4hrend der Herrschaft des Ottomanen Reiches, ganz genau im Jahr 1856, wurde<\/p>\n","protected":false},"author":1,"featured_media":10513,"parent":4099,"menu_order":0,"comment_status":"closed","ping_status":"closed","template":"","meta":{"_acf_changed":false,"footnotes":""},"class_list":["post-4141","page","type-page","status-publish","has-post-thumbnail","hentry"],"acf":[],"yoast_head":"<!-- This site is optimized with the Yoast SEO plugin v26.9 - https:\/\/yoast.com\/product\/yoast-seo-wordpress\/ -->\n<title>Der Grossmeisterpalast - Harmony Resorts<\/title>\n<meta name=\"robots\" content=\"index, follow, max-snippet:-1, max-image-preview:large, max-video-preview:-1\" \/>\n<link rel=\"canonical\" href=\"https:\/\/www.harmonyresorts.gr\/de\/discover-rhodes\/city-of-rhodes\/the-palace-of-the-grand-master\/\" \/>\n<meta property=\"og:locale\" content=\"de_DE\" \/>\n<meta property=\"og:type\" content=\"article\" \/>\n<meta property=\"og:title\" content=\"Der Grossmeisterpalast - Harmony Resorts\" \/>\n<meta property=\"og:description\" content=\"Der Grossmeisterpalast ist das beliebteste Monument der Insel und die Hauptattraktion der mittelalterlichen Stadt von Rhodos. Errichtet im 14. Jahrhundert nach Christus vom Herrscher des Johanniter Ordens des Heiligen Johannes von Jerusalem und Malta, welche Rhodos von 1309 bis 1522 in Besitz nahmen. W\u00e4hrend der Herrschaft des Ottomanen Reiches, ganz genau im Jahr 1856, wurde\" \/>\n<meta property=\"og:url\" content=\"https:\/\/www.harmonyresorts.gr\/de\/discover-rhodes\/city-of-rhodes\/the-palace-of-the-grand-master\/\" \/>\n<meta property=\"og:site_name\" content=\"Harmony Resorts\" \/>\n<meta property=\"article:modified_time\" content=\"2023-04-21T10:55:39+00:00\" \/>\n<meta property=\"og:image\" content=\"https:\/\/www.harmonyresorts.gr\/app\/uploads\/sites\/48\/2023\/04\/Rhodes_old_town_Greece_6.jpg\" \/>\n\t<meta property=\"og:image:width\" content=\"1920\" \/>\n\t<meta property=\"og:image:height\" content=\"1439\" \/>\n\t<meta property=\"og:image:type\" content=\"image\/jpeg\" \/>\n<meta name=\"twitter:card\" content=\"summary_large_image\" \/>\n<meta name=\"twitter:label1\" content=\"Est. reading time\" \/>\n\t<meta name=\"twitter:data1\" content=\"1\u00a0Minute\" \/>\n<script type=\"application\/ld+json\" class=\"yoast-schema-graph\">{\"@context\":\"https:\/\/schema.org\",\"@graph\":[{\"@type\":\"WebPage\",\"@id\":\"https:\/\/www.harmonyresorts.gr\/de\/discover-rhodes\/city-of-rhodes\/the-palace-of-the-grand-master\/\",\"url\":\"https:\/\/www.harmonyresorts.gr\/de\/discover-rhodes\/city-of-rhodes\/the-palace-of-the-grand-master\/\",\"name\":\"Der Grossmeisterpalast - Harmony Resorts\",\"isPartOf\":{\"@id\":\"https:\/\/www.harmonyresorts.gr\/ru\/#website\"},\"primaryImageOfPage\":{\"@id\":\"https:\/\/www.harmonyresorts.gr\/de\/discover-rhodes\/city-of-rhodes\/the-palace-of-the-grand-master\/#primaryimage\"},\"image\":{\"@id\":\"https:\/\/www.harmonyresorts.gr\/de\/discover-rhodes\/city-of-rhodes\/the-palace-of-the-grand-master\/#primaryimage\"},\"thumbnailUrl\":\"https:\/\/www.harmonyresorts.gr\/app\/uploads\/sites\/48\/2023\/04\/Rhodes_old_town_Greece_6.jpg\",\"datePublished\":\"2019-05-03T08:53:43+00:00\",\"dateModified\":\"2023-04-21T10:55:39+00:00\",\"breadcrumb\":{\"@id\":\"https:\/\/www.harmonyresorts.gr\/de\/discover-rhodes\/city-of-rhodes\/the-palace-of-the-grand-master\/#breadcrumb\"},\"inLanguage\":\"de\",\"potentialAction\":[{\"@type\":\"ReadAction\",\"target\":[\"https:\/\/www.harmonyresorts.gr\/de\/discover-rhodes\/city-of-rhodes\/the-palace-of-the-grand-master\/\"]}]},{\"@type\":\"ImageObject\",\"inLanguage\":\"de\",\"@id\":\"https:\/\/www.harmonyresorts.gr\/de\/discover-rhodes\/city-of-rhodes\/the-palace-of-the-grand-master\/#primaryimage\",\"url\":\"https:\/\/www.harmonyresorts.gr\/app\/uploads\/sites\/48\/2023\/04\/Rhodes_old_town_Greece_6.jpg\",\"contentUrl\":\"https:\/\/www.harmonyresorts.gr\/app\/uploads\/sites\/48\/2023\/04\/Rhodes_old_town_Greece_6.jpg\",\"width\":1920,\"height\":1439},{\"@type\":\"BreadcrumbList\",\"@id\":\"https:\/\/www.harmonyresorts.gr\/de\/discover-rhodes\/city-of-rhodes\/the-palace-of-the-grand-master\/#breadcrumb\",\"itemListElement\":[{\"@type\":\"ListItem\",\"position\":1,\"name\":\"Home\",\"item\":\"https:\/\/www.harmonyresorts.gr\/de\/\"},{\"@type\":\"ListItem\",\"position\":2,\"name\":\"Entdecken Sie Rhodos\",\"item\":\"https:\/\/www.harmonyresorts.gr\/de\/discover-rhodes\/\"},{\"@type\":\"ListItem\",\"position\":3,\"name\":\"Stadt Rhodos\",\"item\":\"https:\/\/www.harmonyresorts.gr\/de\/discover-rhodes\/city-of-rhodes\/\"},{\"@type\":\"ListItem\",\"position\":4,\"name\":\"Der Grossmeisterpalast\"}]},{\"@type\":\"WebSite\",\"@id\":\"https:\/\/www.harmonyresorts.gr\/ru\/#website\",\"url\":\"https:\/\/www.harmonyresorts.gr\/ru\/\",\"name\":\"Harmony Resorts\",\"description\":\"Harmony Resorts\",\"potentialAction\":[{\"@type\":\"SearchAction\",\"target\":{\"@type\":\"EntryPoint\",\"urlTemplate\":\"https:\/\/www.harmonyresorts.gr\/ru\/?s={search_term_string}\"},\"query-input\":{\"@type\":\"PropertyValueSpecification\",\"valueRequired\":true,\"valueName\":\"search_term_string\"}}],\"inLanguage\":\"de\"}]}<\/script>\n<!-- \/ Yoast SEO plugin. -->","yoast_head_json":{"title":"Der Grossmeisterpalast - Harmony Resorts","robots":{"index":"index","follow":"follow","max-snippet":"max-snippet:-1","max-image-preview":"max-image-preview:large","max-video-preview":"max-video-preview:-1"},"canonical":"https:\/\/www.harmonyresorts.gr\/de\/discover-rhodes\/city-of-rhodes\/the-palace-of-the-grand-master\/","og_locale":"de_DE","og_type":"article","og_title":"Der Grossmeisterpalast - Harmony Resorts","og_description":"Der Grossmeisterpalast ist das beliebteste Monument der Insel und die Hauptattraktion der mittelalterlichen Stadt von Rhodos. Errichtet im 14. Jahrhundert nach Christus vom Herrscher des Johanniter Ordens des Heiligen Johannes von Jerusalem und Malta, welche Rhodos von 1309 bis 1522 in Besitz nahmen. W\u00e4hrend der Herrschaft des Ottomanen Reiches, ganz genau im Jahr 1856, wurde","og_url":"https:\/\/www.harmonyresorts.gr\/de\/discover-rhodes\/city-of-rhodes\/the-palace-of-the-grand-master\/","og_site_name":"Harmony Resorts","article_modified_time":"2023-04-21T10:55:39+00:00","og_image":[{"width":1920,"height":1439,"url":"https:\/\/www.harmonyresorts.gr\/app\/uploads\/sites\/48\/2023\/04\/Rhodes_old_town_Greece_6.jpg","type":"image\/jpeg"}],"twitter_card":"summary_large_image","twitter_misc":{"Est. reading time":"1\u00a0Minute"},"schema":{"@context":"https:\/\/schema.org","@graph":[{"@type":"WebPage","@id":"https:\/\/www.harmonyresorts.gr\/de\/discover-rhodes\/city-of-rhodes\/the-palace-of-the-grand-master\/","url":"https:\/\/www.harmonyresorts.gr\/de\/discover-rhodes\/city-of-rhodes\/the-palace-of-the-grand-master\/","name":"Der Grossmeisterpalast - Harmony Resorts","isPartOf":{"@id":"https:\/\/www.harmonyresorts.gr\/ru\/#website"},"primaryImageOfPage":{"@id":"https:\/\/www.harmonyresorts.gr\/de\/discover-rhodes\/city-of-rhodes\/the-palace-of-the-grand-master\/#primaryimage"},"image":{"@id":"https:\/\/www.harmonyresorts.gr\/de\/discover-rhodes\/city-of-rhodes\/the-palace-of-the-grand-master\/#primaryimage"},"thumbnailUrl":"https:\/\/www.harmonyresorts.gr\/app\/uploads\/sites\/48\/2023\/04\/Rhodes_old_town_Greece_6.jpg","datePublished":"2019-05-03T08:53:43+00:00","dateModified":"2023-04-21T10:55:39+00:00","breadcrumb":{"@id":"https:\/\/www.harmonyresorts.gr\/de\/discover-rhodes\/city-of-rhodes\/the-palace-of-the-grand-master\/#breadcrumb"},"inLanguage":"de","potentialAction":[{"@type":"ReadAction","target":["https:\/\/www.harmonyresorts.gr\/de\/discover-rhodes\/city-of-rhodes\/the-palace-of-the-grand-master\/"]}]},{"@type":"ImageObject","inLanguage":"de","@id":"https:\/\/www.harmonyresorts.gr\/de\/discover-rhodes\/city-of-rhodes\/the-palace-of-the-grand-master\/#primaryimage","url":"https:\/\/www.harmonyresorts.gr\/app\/uploads\/sites\/48\/2023\/04\/Rhodes_old_town_Greece_6.jpg","contentUrl":"https:\/\/www.harmonyresorts.gr\/app\/uploads\/sites\/48\/2023\/04\/Rhodes_old_town_Greece_6.jpg","width":1920,"height":1439},{"@type":"BreadcrumbList","@id":"https:\/\/www.harmonyresorts.gr\/de\/discover-rhodes\/city-of-rhodes\/the-palace-of-the-grand-master\/#breadcrumb","itemListElement":[{"@type":"ListItem","position":1,"name":"Home","item":"https:\/\/www.harmonyresorts.gr\/de\/"},{"@type":"ListItem","position":2,"name":"Entdecken Sie Rhodos","item":"https:\/\/www.harmonyresorts.gr\/de\/discover-rhodes\/"},{"@type":"ListItem","position":3,"name":"Stadt Rhodos","item":"https:\/\/www.harmonyresorts.gr\/de\/discover-rhodes\/city-of-rhodes\/"},{"@type":"ListItem","position":4,"name":"Der Grossmeisterpalast"}]},{"@type":"WebSite","@id":"https:\/\/www.harmonyresorts.gr\/ru\/#website","url":"https:\/\/www.harmonyresorts.gr\/ru\/","name":"Harmony Resorts","description":"Harmony Resorts","potentialAction":[{"@type":"SearchAction","target":{"@type":"EntryPoint","urlTemplate":"https:\/\/www.harmonyresorts.gr\/ru\/?s={search_term_string}"},"query-input":{"@type":"PropertyValueSpecification","valueRequired":true,"valueName":"search_term_string"}}],"inLanguage":"de"}]}},"_links":{"self":[{"href":"https:\/\/www.harmonyresorts.gr\/de\/wp-json\/wp\/v2\/pages\/4141"}],"collection":[{"href":"https:\/\/www.harmonyresorts.gr\/de\/wp-json\/wp\/v2\/pages"}],"about":[{"href":"https:\/\/www.harmonyresorts.gr\/de\/wp-json\/wp\/v2\/types\/page"}],"author":[{"embeddable":true,"href":"https:\/\/www.harmonyresorts.gr\/de\/wp-json\/wp\/v2\/users\/1"}],"replies":[{"embeddable":true,"href":"https:\/\/www.harmonyresorts.gr\/de\/wp-json\/wp\/v2\/comments?post=4141"}],"version-history":[{"count":3,"href":"https:\/\/www.harmonyresorts.gr\/de\/wp-json\/wp\/v2\/pages\/4141\/revisions"}],"predecessor-version":[{"id":4702,"href":"https:\/\/www.harmonyresorts.gr\/de\/wp-json\/wp\/v2\/pages\/4141\/revisions\/4702"}],"up":[{"embeddable":true,"href":"https:\/\/www.harmonyresorts.gr\/de\/wp-json\/wp\/v2\/pages\/4099"}],"wp:featuredmedia":[{"embeddable":true,"href":"https:\/\/www.harmonyresorts.gr\/de\/wp-json\/wp\/v2\/media\/10513"}],"wp:attachment":[{"href":"https:\/\/www.harmonyresorts.gr\/de\/wp-json\/wp\/v2\/media?parent=4141"}],"curies":[{"name":"wp","href":"https:\/\/api.w.org\/{rel}","templated":true}]}}