{"id":4163,"date":"2019-05-03T12:04:35","date_gmt":"2019-05-03T09:04:35","guid":{"rendered":"http:\/\/harmony.cms4.nelios.com\/hotel-location\/discover-rhodes\/city-of-rhodes\/ancient-stadium-of-rhodes\/"},"modified":"2020-12-16T14:53:15","modified_gmt":"2020-12-16T11:53:15","slug":"ancient-stadium-of-rhodes","status":"publish","type":"page","link":"https:\/\/www.harmonyresorts.gr\/de\/discover-rhodes\/city-of-rhodes\/ancient-stadium-of-rhodes\/","title":{"rendered":"Antike Stadium von Rhodos"},"content":{"rendered":"<p>Bei der antiken Akropolis von Rhodos haben Besucher die Gelegenheit, gleich neben dem Tempel von Apollo, die Reste des antiken Stadiums von Rhodos zu bewundern. Das Stadium wird auf eine L\u00e4nge von urspr\u00fcnglich 600 ft \/ 210 m gesch\u00e4tzt. Einige Teile davon sind heute noch vorhanden. Die original erhaltenen Bestandteile beinhalten das \u201eSphendone\u201c (abgerundetes Ende mit Wendepfosten), den \u201eProedries\u201c (Platz wo f\u00fcr gew\u00f6hnlich die Verwaltung sa\u00df) und einige der niedrigeren Sitze im Zuschauerraum.<\/p>\n<p>Besonders bemerkenswert ist die Startvorrichtung f\u00fcr die Athleten, welche noch erhalten ist! Nur wenige Meter entfernt ist es Arch\u00e4ologen gelungen, bedeutende Kunstwerke der damaligen Turnhalle, welche im Grunde ein massiver quadratischer Platz war, zu freizulegen. Leider ist die gesamte Akropolis, auf einer arch\u00e4ologischen Fl\u00e4che von 12.500 m2 und getrennt von den zeitgen\u00f6ssischen Geb\u00e4uden, noch nicht vollst\u00e4ndig ausgegraben worden.<\/p>\n","protected":false},"excerpt":{"rendered":"<p>Bei der antiken Akropolis von Rhodos haben Besucher die Gelegenheit, gleich neben dem Tempel von Apollo, die Reste des antiken Stadiums von Rhodos zu bewundern. Das Stadium wird auf eine L\u00e4nge von urspr\u00fcnglich 600 ft \/ 210 m gesch\u00e4tzt. Einige Teile davon sind heute noch vorhanden. Die original erhaltenen Bestandteile beinhalten das \u201eSphendone\u201c (abgerundetes Ende<\/p>\n","protected":false},"author":1,"featured_media":2473,"parent":4099,"menu_order":0,"comment_status":"closed","ping_status":"closed","template":"","meta":{"_acf_changed":false,"footnotes":""},"class_list":["post-4163","page","type-page","status-publish","has-post-thumbnail","hentry"],"acf":[],"yoast_head":"<!-- This site is optimized with the Yoast SEO plugin v26.9 - https:\/\/yoast.com\/product\/yoast-seo-wordpress\/ -->\n<title>Antike Stadium von Rhodos - Harmony Resorts<\/title>\n<meta name=\"robots\" content=\"index, follow, max-snippet:-1, max-image-preview:large, max-video-preview:-1\" \/>\n<link rel=\"canonical\" href=\"https:\/\/www.harmonyresorts.gr\/de\/discover-rhodes\/city-of-rhodes\/ancient-stadium-of-rhodes\/\" \/>\n<meta property=\"og:locale\" content=\"de_DE\" \/>\n<meta property=\"og:type\" content=\"article\" \/>\n<meta property=\"og:title\" content=\"Antike Stadium von Rhodos - Harmony Resorts\" \/>\n<meta property=\"og:description\" content=\"Bei der antiken Akropolis von Rhodos haben Besucher die Gelegenheit, gleich neben dem Tempel von Apollo, die Reste des antiken Stadiums von Rhodos zu bewundern. Das Stadium wird auf eine L\u00e4nge von urspr\u00fcnglich 600 ft \/ 210 m gesch\u00e4tzt. Einige Teile davon sind heute noch vorhanden. Die original erhaltenen Bestandteile beinhalten das \u201eSphendone\u201c (abgerundetes Ende\" \/>\n<meta property=\"og:url\" content=\"https:\/\/www.harmonyresorts.gr\/de\/discover-rhodes\/city-of-rhodes\/ancient-stadium-of-rhodes\/\" \/>\n<meta property=\"og:site_name\" content=\"Harmony Resorts\" \/>\n<meta property=\"article:modified_time\" content=\"2020-12-16T11:53:15+00:00\" \/>\n<meta property=\"og:image\" content=\"https:\/\/www.harmonyresorts.gr\/app\/uploads\/sites\/48\/2019\/05\/Ancient_stadium_of_Rhodes_03-600x450.jpeg\" \/>\n\t<meta property=\"og:image:width\" content=\"600\" \/>\n\t<meta property=\"og:image:height\" content=\"450\" \/>\n\t<meta property=\"og:image:type\" content=\"image\/jpeg\" \/>\n<meta name=\"twitter:card\" content=\"summary_large_image\" \/>\n<meta name=\"twitter:label1\" content=\"Est. reading time\" \/>\n\t<meta name=\"twitter:data1\" content=\"1\u00a0Minute\" \/>\n<script type=\"application\/ld+json\" class=\"yoast-schema-graph\">{\"@context\":\"https:\/\/schema.org\",\"@graph\":[{\"@type\":\"WebPage\",\"@id\":\"https:\/\/www.harmonyresorts.gr\/de\/discover-rhodes\/city-of-rhodes\/ancient-stadium-of-rhodes\/\",\"url\":\"https:\/\/www.harmonyresorts.gr\/de\/discover-rhodes\/city-of-rhodes\/ancient-stadium-of-rhodes\/\",\"name\":\"Antike Stadium von Rhodos - Harmony Resorts\",\"isPartOf\":{\"@id\":\"https:\/\/www.harmonyresorts.gr\/ru\/#website\"},\"primaryImageOfPage\":{\"@id\":\"https:\/\/www.harmonyresorts.gr\/de\/discover-rhodes\/city-of-rhodes\/ancient-stadium-of-rhodes\/#primaryimage\"},\"image\":{\"@id\":\"https:\/\/www.harmonyresorts.gr\/de\/discover-rhodes\/city-of-rhodes\/ancient-stadium-of-rhodes\/#primaryimage\"},\"thumbnailUrl\":\"https:\/\/www.harmonyresorts.gr\/app\/uploads\/sites\/48\/2019\/05\/Ancient_stadium_of_Rhodes_03.jpeg\",\"datePublished\":\"2019-05-03T09:04:35+00:00\",\"dateModified\":\"2020-12-16T11:53:15+00:00\",\"breadcrumb\":{\"@id\":\"https:\/\/www.harmonyresorts.gr\/de\/discover-rhodes\/city-of-rhodes\/ancient-stadium-of-rhodes\/#breadcrumb\"},\"inLanguage\":\"de\",\"potentialAction\":[{\"@type\":\"ReadAction\",\"target\":[\"https:\/\/www.harmonyresorts.gr\/de\/discover-rhodes\/city-of-rhodes\/ancient-stadium-of-rhodes\/\"]}]},{\"@type\":\"ImageObject\",\"inLanguage\":\"de\",\"@id\":\"https:\/\/www.harmonyresorts.gr\/de\/discover-rhodes\/city-of-rhodes\/ancient-stadium-of-rhodes\/#primaryimage\",\"url\":\"https:\/\/www.harmonyresorts.gr\/app\/uploads\/sites\/48\/2019\/05\/Ancient_stadium_of_Rhodes_03.jpeg\",\"contentUrl\":\"https:\/\/www.harmonyresorts.gr\/app\/uploads\/sites\/48\/2019\/05\/Ancient_stadium_of_Rhodes_03.jpeg\",\"width\":2560,\"height\":1920},{\"@type\":\"BreadcrumbList\",\"@id\":\"https:\/\/www.harmonyresorts.gr\/de\/discover-rhodes\/city-of-rhodes\/ancient-stadium-of-rhodes\/#breadcrumb\",\"itemListElement\":[{\"@type\":\"ListItem\",\"position\":1,\"name\":\"Home\",\"item\":\"https:\/\/www.harmonyresorts.gr\/de\/\"},{\"@type\":\"ListItem\",\"position\":2,\"name\":\"Entdecken Sie Rhodos\",\"item\":\"https:\/\/www.harmonyresorts.gr\/de\/discover-rhodes\/\"},{\"@type\":\"ListItem\",\"position\":3,\"name\":\"Stadt Rhodos\",\"item\":\"https:\/\/www.harmonyresorts.gr\/de\/discover-rhodes\/city-of-rhodes\/\"},{\"@type\":\"ListItem\",\"position\":4,\"name\":\"Antike Stadium von Rhodos\"}]},{\"@type\":\"WebSite\",\"@id\":\"https:\/\/www.harmonyresorts.gr\/ru\/#website\",\"url\":\"https:\/\/www.harmonyresorts.gr\/ru\/\",\"name\":\"Harmony Resorts\",\"description\":\"Harmony Resorts\",\"potentialAction\":[{\"@type\":\"SearchAction\",\"target\":{\"@type\":\"EntryPoint\",\"urlTemplate\":\"https:\/\/www.harmonyresorts.gr\/ru\/?s={search_term_string}\"},\"query-input\":{\"@type\":\"PropertyValueSpecification\",\"valueRequired\":true,\"valueName\":\"search_term_string\"}}],\"inLanguage\":\"de\"}]}<\/script>\n<!-- \/ Yoast SEO plugin. -->","yoast_head_json":{"title":"Antike Stadium von Rhodos - Harmony Resorts","robots":{"index":"index","follow":"follow","max-snippet":"max-snippet:-1","max-image-preview":"max-image-preview:large","max-video-preview":"max-video-preview:-1"},"canonical":"https:\/\/www.harmonyresorts.gr\/de\/discover-rhodes\/city-of-rhodes\/ancient-stadium-of-rhodes\/","og_locale":"de_DE","og_type":"article","og_title":"Antike Stadium von Rhodos - Harmony Resorts","og_description":"Bei der antiken Akropolis von Rhodos haben Besucher die Gelegenheit, gleich neben dem Tempel von Apollo, die Reste des antiken Stadiums von Rhodos zu bewundern. Das Stadium wird auf eine L\u00e4nge von urspr\u00fcnglich 600 ft \/ 210 m gesch\u00e4tzt. Einige Teile davon sind heute noch vorhanden. Die original erhaltenen Bestandteile beinhalten das \u201eSphendone\u201c (abgerundetes Ende","og_url":"https:\/\/www.harmonyresorts.gr\/de\/discover-rhodes\/city-of-rhodes\/ancient-stadium-of-rhodes\/","og_site_name":"Harmony Resorts","article_modified_time":"2020-12-16T11:53:15+00:00","og_image":[{"width":600,"height":450,"url":"https:\/\/www.harmonyresorts.gr\/app\/uploads\/sites\/48\/2019\/05\/Ancient_stadium_of_Rhodes_03-600x450.jpeg","type":"image\/jpeg"}],"twitter_card":"summary_large_image","twitter_misc":{"Est. reading time":"1\u00a0Minute"},"schema":{"@context":"https:\/\/schema.org","@graph":[{"@type":"WebPage","@id":"https:\/\/www.harmonyresorts.gr\/de\/discover-rhodes\/city-of-rhodes\/ancient-stadium-of-rhodes\/","url":"https:\/\/www.harmonyresorts.gr\/de\/discover-rhodes\/city-of-rhodes\/ancient-stadium-of-rhodes\/","name":"Antike Stadium von Rhodos - Harmony Resorts","isPartOf":{"@id":"https:\/\/www.harmonyresorts.gr\/ru\/#website"},"primaryImageOfPage":{"@id":"https:\/\/www.harmonyresorts.gr\/de\/discover-rhodes\/city-of-rhodes\/ancient-stadium-of-rhodes\/#primaryimage"},"image":{"@id":"https:\/\/www.harmonyresorts.gr\/de\/discover-rhodes\/city-of-rhodes\/ancient-stadium-of-rhodes\/#primaryimage"},"thumbnailUrl":"https:\/\/www.harmonyresorts.gr\/app\/uploads\/sites\/48\/2019\/05\/Ancient_stadium_of_Rhodes_03.jpeg","datePublished":"2019-05-03T09:04:35+00:00","dateModified":"2020-12-16T11:53:15+00:00","breadcrumb":{"@id":"https:\/\/www.harmonyresorts.gr\/de\/discover-rhodes\/city-of-rhodes\/ancient-stadium-of-rhodes\/#breadcrumb"},"inLanguage":"de","potentialAction":[{"@type":"ReadAction","target":["https:\/\/www.harmonyresorts.gr\/de\/discover-rhodes\/city-of-rhodes\/ancient-stadium-of-rhodes\/"]}]},{"@type":"ImageObject","inLanguage":"de","@id":"https:\/\/www.harmonyresorts.gr\/de\/discover-rhodes\/city-of-rhodes\/ancient-stadium-of-rhodes\/#primaryimage","url":"https:\/\/www.harmonyresorts.gr\/app\/uploads\/sites\/48\/2019\/05\/Ancient_stadium_of_Rhodes_03.jpeg","contentUrl":"https:\/\/www.harmonyresorts.gr\/app\/uploads\/sites\/48\/2019\/05\/Ancient_stadium_of_Rhodes_03.jpeg","width":2560,"height":1920},{"@type":"BreadcrumbList","@id":"https:\/\/www.harmonyresorts.gr\/de\/discover-rhodes\/city-of-rhodes\/ancient-stadium-of-rhodes\/#breadcrumb","itemListElement":[{"@type":"ListItem","position":1,"name":"Home","item":"https:\/\/www.harmonyresorts.gr\/de\/"},{"@type":"ListItem","position":2,"name":"Entdecken Sie Rhodos","item":"https:\/\/www.harmonyresorts.gr\/de\/discover-rhodes\/"},{"@type":"ListItem","position":3,"name":"Stadt Rhodos","item":"https:\/\/www.harmonyresorts.gr\/de\/discover-rhodes\/city-of-rhodes\/"},{"@type":"ListItem","position":4,"name":"Antike Stadium von Rhodos"}]},{"@type":"WebSite","@id":"https:\/\/www.harmonyresorts.gr\/ru\/#website","url":"https:\/\/www.harmonyresorts.gr\/ru\/","name":"Harmony Resorts","description":"Harmony Resorts","potentialAction":[{"@type":"SearchAction","target":{"@type":"EntryPoint","urlTemplate":"https:\/\/www.harmonyresorts.gr\/ru\/?s={search_term_string}"},"query-input":{"@type":"PropertyValueSpecification","valueRequired":true,"valueName":"search_term_string"}}],"inLanguage":"de"}]}},"_links":{"self":[{"href":"https:\/\/www.harmonyresorts.gr\/de\/wp-json\/wp\/v2\/pages\/4163"}],"collection":[{"href":"https:\/\/www.harmonyresorts.gr\/de\/wp-json\/wp\/v2\/pages"}],"about":[{"href":"https:\/\/www.harmonyresorts.gr\/de\/wp-json\/wp\/v2\/types\/page"}],"author":[{"embeddable":true,"href":"https:\/\/www.harmonyresorts.gr\/de\/wp-json\/wp\/v2\/users\/1"}],"replies":[{"embeddable":true,"href":"https:\/\/www.harmonyresorts.gr\/de\/wp-json\/wp\/v2\/comments?post=4163"}],"version-history":[{"count":3,"href":"https:\/\/www.harmonyresorts.gr\/de\/wp-json\/wp\/v2\/pages\/4163\/revisions"}],"predecessor-version":[{"id":4701,"href":"https:\/\/www.harmonyresorts.gr\/de\/wp-json\/wp\/v2\/pages\/4163\/revisions\/4701"}],"up":[{"embeddable":true,"href":"https:\/\/www.harmonyresorts.gr\/de\/wp-json\/wp\/v2\/pages\/4099"}],"wp:featuredmedia":[{"embeddable":true,"href":"https:\/\/www.harmonyresorts.gr\/de\/wp-json\/wp\/v2\/media\/2473"}],"wp:attachment":[{"href":"https:\/\/www.harmonyresorts.gr\/de\/wp-json\/wp\/v2\/media?parent=4163"}],"curies":[{"name":"wp","href":"https:\/\/api.w.org\/{rel}","templated":true}]}}