{"id":4172,"date":"2019-05-03T12:10:44","date_gmt":"2019-05-03T09:10:44","guid":{"rendered":"http:\/\/harmony.cms4.nelios.com\/hotel-location\/discover-rhodes\/city-of-rhodes\/temple-of-apollo\/"},"modified":"2020-12-16T14:53:15","modified_gmt":"2020-12-16T11:53:15","slug":"temple-of-apollo","status":"publish","type":"page","link":"https:\/\/www.harmonyresorts.gr\/de\/discover-rhodes\/city-of-rhodes\/temple-of-apollo\/","title":{"rendered":"Tempel des Apollo"},"content":{"rendered":"<p>Der Tempel des Apollo, direkt an der n\u00f6rdlichen Spitze der Insel auf dem Akropolis H\u00fcgel des antiken Rhodos gelegen, ist ein Tempel Dorischen Stils aus der Periode der Hellenen (3. \u2013 2. Jahrhundert vor Christus) welcher von der Italienischen Schule der Arch\u00e4ologie von Athen zwischen 1912 \u2013 1945 ausgegraben wurde. Besucher k\u00f6nnen die wenigen noch vorhandenen S\u00e4ulen des Tempels als Hinweis auf seinen urspr\u00fcnglichen monumentalen Charakter mit den umliegenden antiken Ruinen vor Ort, gemeinsam mit dem antiken Stadium von Rhodos mit seinem nahegelegenen kleinen Theater, bewundern.<\/p>\n<p>Das Gebiet in dem sich die antike Akropolis von Rhodos befindet wird Monte Smith genannt, benannt nach dem Englisch Napoleonischen Admiral William Sidney Smith. Einige Historiker der Neuzeit behaupten, dass sich der Koloss von Rhodos, einer der sieben Weltwunder, viel eher hier am Monte Smith oder in der Altstadt von Rhodos befand, und nicht am Eingang zum Hafen von Rhodos, wie dies oft abgebildet wird.<\/p>\n","protected":false},"excerpt":{"rendered":"<p>Der Tempel des Apollo, direkt an der n\u00f6rdlichen Spitze der Insel auf dem Akropolis H\u00fcgel des antiken Rhodos gelegen, ist ein Tempel Dorischen Stils aus der Periode der Hellenen (3. \u2013 2. Jahrhundert vor Christus) welcher von der Italienischen Schule der Arch\u00e4ologie von Athen zwischen 1912 \u2013 1945 ausgegraben wurde. Besucher k\u00f6nnen die wenigen noch<\/p>\n","protected":false},"author":1,"featured_media":2479,"parent":4099,"menu_order":0,"comment_status":"closed","ping_status":"closed","template":"","meta":{"_acf_changed":false,"footnotes":""},"class_list":["post-4172","page","type-page","status-publish","has-post-thumbnail","hentry"],"acf":[],"yoast_head":"<!-- This site is optimized with the Yoast SEO plugin v26.9 - https:\/\/yoast.com\/product\/yoast-seo-wordpress\/ -->\n<title>Tempel des Apollo - Harmony Resorts<\/title>\n<meta name=\"robots\" content=\"index, follow, max-snippet:-1, max-image-preview:large, max-video-preview:-1\" \/>\n<link rel=\"canonical\" href=\"https:\/\/www.harmonyresorts.gr\/de\/discover-rhodes\/city-of-rhodes\/temple-of-apollo\/\" \/>\n<meta property=\"og:locale\" content=\"de_DE\" \/>\n<meta property=\"og:type\" content=\"article\" \/>\n<meta property=\"og:title\" content=\"Tempel des Apollo - Harmony Resorts\" \/>\n<meta property=\"og:description\" content=\"Der Tempel des Apollo, direkt an der n\u00f6rdlichen Spitze der Insel auf dem Akropolis H\u00fcgel des antiken Rhodos gelegen, ist ein Tempel Dorischen Stils aus der Periode der Hellenen (3. \u2013 2. Jahrhundert vor Christus) welcher von der Italienischen Schule der Arch\u00e4ologie von Athen zwischen 1912 \u2013 1945 ausgegraben wurde. Besucher k\u00f6nnen die wenigen noch\" \/>\n<meta property=\"og:url\" content=\"https:\/\/www.harmonyresorts.gr\/de\/discover-rhodes\/city-of-rhodes\/temple-of-apollo\/\" \/>\n<meta property=\"og:site_name\" content=\"Harmony Resorts\" \/>\n<meta property=\"article:modified_time\" content=\"2020-12-16T11:53:15+00:00\" \/>\n<meta property=\"og:image\" content=\"https:\/\/www.harmonyresorts.gr\/app\/uploads\/sites\/48\/2019\/05\/Acropolis_of_Rhodes_Temple-600x400.jpeg\" \/>\n\t<meta property=\"og:image:width\" content=\"600\" \/>\n\t<meta property=\"og:image:height\" content=\"400\" \/>\n\t<meta property=\"og:image:type\" content=\"image\/jpeg\" \/>\n<meta name=\"twitter:card\" content=\"summary_large_image\" \/>\n<meta name=\"twitter:label1\" content=\"Est. reading time\" \/>\n\t<meta name=\"twitter:data1\" content=\"1\u00a0Minute\" \/>\n<script type=\"application\/ld+json\" class=\"yoast-schema-graph\">{\"@context\":\"https:\/\/schema.org\",\"@graph\":[{\"@type\":\"WebPage\",\"@id\":\"https:\/\/www.harmonyresorts.gr\/de\/discover-rhodes\/city-of-rhodes\/temple-of-apollo\/\",\"url\":\"https:\/\/www.harmonyresorts.gr\/de\/discover-rhodes\/city-of-rhodes\/temple-of-apollo\/\",\"name\":\"Tempel des Apollo - Harmony Resorts\",\"isPartOf\":{\"@id\":\"https:\/\/www.harmonyresorts.gr\/ru\/#website\"},\"primaryImageOfPage\":{\"@id\":\"https:\/\/www.harmonyresorts.gr\/de\/discover-rhodes\/city-of-rhodes\/temple-of-apollo\/#primaryimage\"},\"image\":{\"@id\":\"https:\/\/www.harmonyresorts.gr\/de\/discover-rhodes\/city-of-rhodes\/temple-of-apollo\/#primaryimage\"},\"thumbnailUrl\":\"https:\/\/www.harmonyresorts.gr\/app\/uploads\/sites\/48\/2019\/05\/Acropolis_of_Rhodes_Temple.jpeg\",\"datePublished\":\"2019-05-03T09:10:44+00:00\",\"dateModified\":\"2020-12-16T11:53:15+00:00\",\"breadcrumb\":{\"@id\":\"https:\/\/www.harmonyresorts.gr\/de\/discover-rhodes\/city-of-rhodes\/temple-of-apollo\/#breadcrumb\"},\"inLanguage\":\"de\",\"potentialAction\":[{\"@type\":\"ReadAction\",\"target\":[\"https:\/\/www.harmonyresorts.gr\/de\/discover-rhodes\/city-of-rhodes\/temple-of-apollo\/\"]}]},{\"@type\":\"ImageObject\",\"inLanguage\":\"de\",\"@id\":\"https:\/\/www.harmonyresorts.gr\/de\/discover-rhodes\/city-of-rhodes\/temple-of-apollo\/#primaryimage\",\"url\":\"https:\/\/www.harmonyresorts.gr\/app\/uploads\/sites\/48\/2019\/05\/Acropolis_of_Rhodes_Temple.jpeg\",\"contentUrl\":\"https:\/\/www.harmonyresorts.gr\/app\/uploads\/sites\/48\/2019\/05\/Acropolis_of_Rhodes_Temple.jpeg\",\"width\":2560,\"height\":1706},{\"@type\":\"BreadcrumbList\",\"@id\":\"https:\/\/www.harmonyresorts.gr\/de\/discover-rhodes\/city-of-rhodes\/temple-of-apollo\/#breadcrumb\",\"itemListElement\":[{\"@type\":\"ListItem\",\"position\":1,\"name\":\"Home\",\"item\":\"https:\/\/www.harmonyresorts.gr\/de\/\"},{\"@type\":\"ListItem\",\"position\":2,\"name\":\"Entdecken Sie Rhodos\",\"item\":\"https:\/\/www.harmonyresorts.gr\/de\/discover-rhodes\/\"},{\"@type\":\"ListItem\",\"position\":3,\"name\":\"Stadt Rhodos\",\"item\":\"https:\/\/www.harmonyresorts.gr\/de\/discover-rhodes\/city-of-rhodes\/\"},{\"@type\":\"ListItem\",\"position\":4,\"name\":\"Tempel des Apollo\"}]},{\"@type\":\"WebSite\",\"@id\":\"https:\/\/www.harmonyresorts.gr\/ru\/#website\",\"url\":\"https:\/\/www.harmonyresorts.gr\/ru\/\",\"name\":\"Harmony Resorts\",\"description\":\"Harmony Resorts\",\"potentialAction\":[{\"@type\":\"SearchAction\",\"target\":{\"@type\":\"EntryPoint\",\"urlTemplate\":\"https:\/\/www.harmonyresorts.gr\/ru\/?s={search_term_string}\"},\"query-input\":{\"@type\":\"PropertyValueSpecification\",\"valueRequired\":true,\"valueName\":\"search_term_string\"}}],\"inLanguage\":\"de\"}]}<\/script>\n<!-- \/ Yoast SEO plugin. -->","yoast_head_json":{"title":"Tempel des Apollo - Harmony Resorts","robots":{"index":"index","follow":"follow","max-snippet":"max-snippet:-1","max-image-preview":"max-image-preview:large","max-video-preview":"max-video-preview:-1"},"canonical":"https:\/\/www.harmonyresorts.gr\/de\/discover-rhodes\/city-of-rhodes\/temple-of-apollo\/","og_locale":"de_DE","og_type":"article","og_title":"Tempel des Apollo - Harmony Resorts","og_description":"Der Tempel des Apollo, direkt an der n\u00f6rdlichen Spitze der Insel auf dem Akropolis H\u00fcgel des antiken Rhodos gelegen, ist ein Tempel Dorischen Stils aus der Periode der Hellenen (3. \u2013 2. Jahrhundert vor Christus) welcher von der Italienischen Schule der Arch\u00e4ologie von Athen zwischen 1912 \u2013 1945 ausgegraben wurde. Besucher k\u00f6nnen die wenigen noch","og_url":"https:\/\/www.harmonyresorts.gr\/de\/discover-rhodes\/city-of-rhodes\/temple-of-apollo\/","og_site_name":"Harmony Resorts","article_modified_time":"2020-12-16T11:53:15+00:00","og_image":[{"width":600,"height":400,"url":"https:\/\/www.harmonyresorts.gr\/app\/uploads\/sites\/48\/2019\/05\/Acropolis_of_Rhodes_Temple-600x400.jpeg","type":"image\/jpeg"}],"twitter_card":"summary_large_image","twitter_misc":{"Est. reading time":"1\u00a0Minute"},"schema":{"@context":"https:\/\/schema.org","@graph":[{"@type":"WebPage","@id":"https:\/\/www.harmonyresorts.gr\/de\/discover-rhodes\/city-of-rhodes\/temple-of-apollo\/","url":"https:\/\/www.harmonyresorts.gr\/de\/discover-rhodes\/city-of-rhodes\/temple-of-apollo\/","name":"Tempel des Apollo - Harmony Resorts","isPartOf":{"@id":"https:\/\/www.harmonyresorts.gr\/ru\/#website"},"primaryImageOfPage":{"@id":"https:\/\/www.harmonyresorts.gr\/de\/discover-rhodes\/city-of-rhodes\/temple-of-apollo\/#primaryimage"},"image":{"@id":"https:\/\/www.harmonyresorts.gr\/de\/discover-rhodes\/city-of-rhodes\/temple-of-apollo\/#primaryimage"},"thumbnailUrl":"https:\/\/www.harmonyresorts.gr\/app\/uploads\/sites\/48\/2019\/05\/Acropolis_of_Rhodes_Temple.jpeg","datePublished":"2019-05-03T09:10:44+00:00","dateModified":"2020-12-16T11:53:15+00:00","breadcrumb":{"@id":"https:\/\/www.harmonyresorts.gr\/de\/discover-rhodes\/city-of-rhodes\/temple-of-apollo\/#breadcrumb"},"inLanguage":"de","potentialAction":[{"@type":"ReadAction","target":["https:\/\/www.harmonyresorts.gr\/de\/discover-rhodes\/city-of-rhodes\/temple-of-apollo\/"]}]},{"@type":"ImageObject","inLanguage":"de","@id":"https:\/\/www.harmonyresorts.gr\/de\/discover-rhodes\/city-of-rhodes\/temple-of-apollo\/#primaryimage","url":"https:\/\/www.harmonyresorts.gr\/app\/uploads\/sites\/48\/2019\/05\/Acropolis_of_Rhodes_Temple.jpeg","contentUrl":"https:\/\/www.harmonyresorts.gr\/app\/uploads\/sites\/48\/2019\/05\/Acropolis_of_Rhodes_Temple.jpeg","width":2560,"height":1706},{"@type":"BreadcrumbList","@id":"https:\/\/www.harmonyresorts.gr\/de\/discover-rhodes\/city-of-rhodes\/temple-of-apollo\/#breadcrumb","itemListElement":[{"@type":"ListItem","position":1,"name":"Home","item":"https:\/\/www.harmonyresorts.gr\/de\/"},{"@type":"ListItem","position":2,"name":"Entdecken Sie Rhodos","item":"https:\/\/www.harmonyresorts.gr\/de\/discover-rhodes\/"},{"@type":"ListItem","position":3,"name":"Stadt Rhodos","item":"https:\/\/www.harmonyresorts.gr\/de\/discover-rhodes\/city-of-rhodes\/"},{"@type":"ListItem","position":4,"name":"Tempel des Apollo"}]},{"@type":"WebSite","@id":"https:\/\/www.harmonyresorts.gr\/ru\/#website","url":"https:\/\/www.harmonyresorts.gr\/ru\/","name":"Harmony Resorts","description":"Harmony Resorts","potentialAction":[{"@type":"SearchAction","target":{"@type":"EntryPoint","urlTemplate":"https:\/\/www.harmonyresorts.gr\/ru\/?s={search_term_string}"},"query-input":{"@type":"PropertyValueSpecification","valueRequired":true,"valueName":"search_term_string"}}],"inLanguage":"de"}]}},"_links":{"self":[{"href":"https:\/\/www.harmonyresorts.gr\/de\/wp-json\/wp\/v2\/pages\/4172"}],"collection":[{"href":"https:\/\/www.harmonyresorts.gr\/de\/wp-json\/wp\/v2\/pages"}],"about":[{"href":"https:\/\/www.harmonyresorts.gr\/de\/wp-json\/wp\/v2\/types\/page"}],"author":[{"embeddable":true,"href":"https:\/\/www.harmonyresorts.gr\/de\/wp-json\/wp\/v2\/users\/1"}],"replies":[{"embeddable":true,"href":"https:\/\/www.harmonyresorts.gr\/de\/wp-json\/wp\/v2\/comments?post=4172"}],"version-history":[{"count":3,"href":"https:\/\/www.harmonyresorts.gr\/de\/wp-json\/wp\/v2\/pages\/4172\/revisions"}],"predecessor-version":[{"id":4700,"href":"https:\/\/www.harmonyresorts.gr\/de\/wp-json\/wp\/v2\/pages\/4172\/revisions\/4700"}],"up":[{"embeddable":true,"href":"https:\/\/www.harmonyresorts.gr\/de\/wp-json\/wp\/v2\/pages\/4099"}],"wp:featuredmedia":[{"embeddable":true,"href":"https:\/\/www.harmonyresorts.gr\/de\/wp-json\/wp\/v2\/media\/2479"}],"wp:attachment":[{"href":"https:\/\/www.harmonyresorts.gr\/de\/wp-json\/wp\/v2\/media?parent=4172"}],"curies":[{"name":"wp","href":"https:\/\/api.w.org\/{rel}","templated":true}]}}