{"id":4203,"date":"2019-05-03T12:29:49","date_gmt":"2019-05-03T09:29:49","guid":{"rendered":"http:\/\/harmony.cms4.nelios.com\/hotel-location\/discover-rhodes\/city-of-rhodes\/rhodes-archeological-museum\/"},"modified":"2020-12-16T14:53:15","modified_gmt":"2020-12-16T11:53:15","slug":"rhodes-archeological-museum","status":"publish","type":"page","link":"https:\/\/www.harmonyresorts.gr\/de\/discover-rhodes\/city-of-rhodes\/rhodes-archeological-museum\/","title":{"rendered":"Arch\u00e4ologisches Museum von Rhodos"},"content":{"rendered":"<p>Das Arch\u00e4ologische Museum von Rhodos befindet sich im Zentrum der Mittelalterlichen Stadt, genau an der ber\u00fchmten Ippoton Stra\u00dfe (Ritterstrasse) und ist im mittelalterlichen Geb\u00e4ude des Krankenhauses der Ritter untergebracht. Letzteres wurde um 1440 unter dem Gro\u00dfmeister de Lastic mit dem Geld seines Vorg\u00e4ngers Fluvian begonnen zu bauen, und im Jahre 1489 fertig gestellt unter dem Gro\u00dfmeister d\u2019Aubusson.<\/p>\n<p>Die oberen Etagen des Geb\u00e4udes wurden verwendet, um sich um die Kranken zu k\u00fcmmern, w\u00e4hrend die unteren als Stallungen und Lagerhaus dienten. Im gro\u00dfen Hof des Geb\u00e4udes, umgeben von einem doppelten S\u00e4ulengang, typisch Gotischer Architektur, befindet sich eine gro\u00dfartige L\u00f6wenstatue, auf Stein aus Lardos gehauen, welcher seine Vorderpfoten auf dem Kopf eines Stiers ausruht.<\/p>\n","protected":false},"excerpt":{"rendered":"<p>Das Arch\u00e4ologische Museum von Rhodos befindet sich im Zentrum der Mittelalterlichen Stadt, genau an der ber\u00fchmten Ippoton Stra\u00dfe (Ritterstrasse) und ist im mittelalterlichen Geb\u00e4ude des Krankenhauses der Ritter untergebracht. Letzteres wurde um 1440 unter dem Gro\u00dfmeister de Lastic mit dem Geld seines Vorg\u00e4ngers Fluvian begonnen zu bauen, und im Jahre 1489 fertig gestellt unter dem<\/p>\n","protected":false},"author":1,"featured_media":2531,"parent":4099,"menu_order":0,"comment_status":"closed","ping_status":"closed","template":"","meta":{"_acf_changed":false,"footnotes":""},"class_list":["post-4203","page","type-page","status-publish","has-post-thumbnail","hentry"],"acf":[],"yoast_head":"<!-- This site is optimized with the Yoast SEO plugin v26.9 - https:\/\/yoast.com\/product\/yoast-seo-wordpress\/ -->\n<title>Arch\u00e4ologisches Museum von Rhodos - Harmony Resorts<\/title>\n<meta name=\"robots\" content=\"index, follow, max-snippet:-1, max-image-preview:large, max-video-preview:-1\" \/>\n<link rel=\"canonical\" href=\"https:\/\/www.harmonyresorts.gr\/de\/discover-rhodes\/city-of-rhodes\/rhodes-archeological-museum\/\" \/>\n<meta property=\"og:locale\" content=\"de_DE\" \/>\n<meta property=\"og:type\" content=\"article\" \/>\n<meta property=\"og:title\" content=\"Arch\u00e4ologisches Museum von Rhodos - Harmony Resorts\" \/>\n<meta property=\"og:description\" content=\"Das Arch\u00e4ologische Museum von Rhodos befindet sich im Zentrum der Mittelalterlichen Stadt, genau an der ber\u00fchmten Ippoton Stra\u00dfe (Ritterstrasse) und ist im mittelalterlichen Geb\u00e4ude des Krankenhauses der Ritter untergebracht. Letzteres wurde um 1440 unter dem Gro\u00dfmeister de Lastic mit dem Geld seines Vorg\u00e4ngers Fluvian begonnen zu bauen, und im Jahre 1489 fertig gestellt unter dem\" \/>\n<meta property=\"og:url\" content=\"https:\/\/www.harmonyresorts.gr\/de\/discover-rhodes\/city-of-rhodes\/rhodes-archeological-museum\/\" \/>\n<meta property=\"og:site_name\" content=\"Harmony Resorts\" \/>\n<meta property=\"article:modified_time\" content=\"2020-12-16T11:53:15+00:00\" \/>\n<meta property=\"og:image\" content=\"https:\/\/www.harmonyresorts.gr\/app\/uploads\/sites\/48\/2019\/05\/archaelogical2-600x398.jpeg\" \/>\n\t<meta property=\"og:image:width\" content=\"600\" \/>\n\t<meta property=\"og:image:height\" content=\"398\" \/>\n\t<meta property=\"og:image:type\" content=\"image\/jpeg\" \/>\n<meta name=\"twitter:card\" content=\"summary_large_image\" \/>\n<meta name=\"twitter:label1\" content=\"Est. reading time\" \/>\n\t<meta name=\"twitter:data1\" content=\"1\u00a0Minute\" \/>\n<script type=\"application\/ld+json\" class=\"yoast-schema-graph\">{\"@context\":\"https:\/\/schema.org\",\"@graph\":[{\"@type\":\"WebPage\",\"@id\":\"https:\/\/www.harmonyresorts.gr\/de\/discover-rhodes\/city-of-rhodes\/rhodes-archeological-museum\/\",\"url\":\"https:\/\/www.harmonyresorts.gr\/de\/discover-rhodes\/city-of-rhodes\/rhodes-archeological-museum\/\",\"name\":\"Arch\u00e4ologisches Museum von Rhodos - Harmony Resorts\",\"isPartOf\":{\"@id\":\"https:\/\/www.harmonyresorts.gr\/ru\/#website\"},\"primaryImageOfPage\":{\"@id\":\"https:\/\/www.harmonyresorts.gr\/de\/discover-rhodes\/city-of-rhodes\/rhodes-archeological-museum\/#primaryimage\"},\"image\":{\"@id\":\"https:\/\/www.harmonyresorts.gr\/de\/discover-rhodes\/city-of-rhodes\/rhodes-archeological-museum\/#primaryimage\"},\"thumbnailUrl\":\"https:\/\/www.harmonyresorts.gr\/app\/uploads\/sites\/48\/2019\/05\/archaelogical2.jpeg\",\"datePublished\":\"2019-05-03T09:29:49+00:00\",\"dateModified\":\"2020-12-16T11:53:15+00:00\",\"breadcrumb\":{\"@id\":\"https:\/\/www.harmonyresorts.gr\/de\/discover-rhodes\/city-of-rhodes\/rhodes-archeological-museum\/#breadcrumb\"},\"inLanguage\":\"de\",\"potentialAction\":[{\"@type\":\"ReadAction\",\"target\":[\"https:\/\/www.harmonyresorts.gr\/de\/discover-rhodes\/city-of-rhodes\/rhodes-archeological-museum\/\"]}]},{\"@type\":\"ImageObject\",\"inLanguage\":\"de\",\"@id\":\"https:\/\/www.harmonyresorts.gr\/de\/discover-rhodes\/city-of-rhodes\/rhodes-archeological-museum\/#primaryimage\",\"url\":\"https:\/\/www.harmonyresorts.gr\/app\/uploads\/sites\/48\/2019\/05\/archaelogical2.jpeg\",\"contentUrl\":\"https:\/\/www.harmonyresorts.gr\/app\/uploads\/sites\/48\/2019\/05\/archaelogical2.jpeg\",\"width\":2560,\"height\":1700},{\"@type\":\"BreadcrumbList\",\"@id\":\"https:\/\/www.harmonyresorts.gr\/de\/discover-rhodes\/city-of-rhodes\/rhodes-archeological-museum\/#breadcrumb\",\"itemListElement\":[{\"@type\":\"ListItem\",\"position\":1,\"name\":\"Home\",\"item\":\"https:\/\/www.harmonyresorts.gr\/de\/\"},{\"@type\":\"ListItem\",\"position\":2,\"name\":\"Entdecken Sie Rhodos\",\"item\":\"https:\/\/www.harmonyresorts.gr\/de\/discover-rhodes\/\"},{\"@type\":\"ListItem\",\"position\":3,\"name\":\"Stadt Rhodos\",\"item\":\"https:\/\/www.harmonyresorts.gr\/de\/discover-rhodes\/city-of-rhodes\/\"},{\"@type\":\"ListItem\",\"position\":4,\"name\":\"Arch\u00e4ologisches Museum von Rhodos\"}]},{\"@type\":\"WebSite\",\"@id\":\"https:\/\/www.harmonyresorts.gr\/ru\/#website\",\"url\":\"https:\/\/www.harmonyresorts.gr\/ru\/\",\"name\":\"Harmony Resorts\",\"description\":\"Harmony Resorts\",\"potentialAction\":[{\"@type\":\"SearchAction\",\"target\":{\"@type\":\"EntryPoint\",\"urlTemplate\":\"https:\/\/www.harmonyresorts.gr\/ru\/?s={search_term_string}\"},\"query-input\":{\"@type\":\"PropertyValueSpecification\",\"valueRequired\":true,\"valueName\":\"search_term_string\"}}],\"inLanguage\":\"de\"}]}<\/script>\n<!-- \/ Yoast SEO plugin. -->","yoast_head_json":{"title":"Arch\u00e4ologisches Museum von Rhodos - Harmony Resorts","robots":{"index":"index","follow":"follow","max-snippet":"max-snippet:-1","max-image-preview":"max-image-preview:large","max-video-preview":"max-video-preview:-1"},"canonical":"https:\/\/www.harmonyresorts.gr\/de\/discover-rhodes\/city-of-rhodes\/rhodes-archeological-museum\/","og_locale":"de_DE","og_type":"article","og_title":"Arch\u00e4ologisches Museum von Rhodos - Harmony Resorts","og_description":"Das Arch\u00e4ologische Museum von Rhodos befindet sich im Zentrum der Mittelalterlichen Stadt, genau an der ber\u00fchmten Ippoton Stra\u00dfe (Ritterstrasse) und ist im mittelalterlichen Geb\u00e4ude des Krankenhauses der Ritter untergebracht. Letzteres wurde um 1440 unter dem Gro\u00dfmeister de Lastic mit dem Geld seines Vorg\u00e4ngers Fluvian begonnen zu bauen, und im Jahre 1489 fertig gestellt unter dem","og_url":"https:\/\/www.harmonyresorts.gr\/de\/discover-rhodes\/city-of-rhodes\/rhodes-archeological-museum\/","og_site_name":"Harmony Resorts","article_modified_time":"2020-12-16T11:53:15+00:00","og_image":[{"width":600,"height":398,"url":"https:\/\/www.harmonyresorts.gr\/app\/uploads\/sites\/48\/2019\/05\/archaelogical2-600x398.jpeg","type":"image\/jpeg"}],"twitter_card":"summary_large_image","twitter_misc":{"Est. reading time":"1\u00a0Minute"},"schema":{"@context":"https:\/\/schema.org","@graph":[{"@type":"WebPage","@id":"https:\/\/www.harmonyresorts.gr\/de\/discover-rhodes\/city-of-rhodes\/rhodes-archeological-museum\/","url":"https:\/\/www.harmonyresorts.gr\/de\/discover-rhodes\/city-of-rhodes\/rhodes-archeological-museum\/","name":"Arch\u00e4ologisches Museum von Rhodos - Harmony Resorts","isPartOf":{"@id":"https:\/\/www.harmonyresorts.gr\/ru\/#website"},"primaryImageOfPage":{"@id":"https:\/\/www.harmonyresorts.gr\/de\/discover-rhodes\/city-of-rhodes\/rhodes-archeological-museum\/#primaryimage"},"image":{"@id":"https:\/\/www.harmonyresorts.gr\/de\/discover-rhodes\/city-of-rhodes\/rhodes-archeological-museum\/#primaryimage"},"thumbnailUrl":"https:\/\/www.harmonyresorts.gr\/app\/uploads\/sites\/48\/2019\/05\/archaelogical2.jpeg","datePublished":"2019-05-03T09:29:49+00:00","dateModified":"2020-12-16T11:53:15+00:00","breadcrumb":{"@id":"https:\/\/www.harmonyresorts.gr\/de\/discover-rhodes\/city-of-rhodes\/rhodes-archeological-museum\/#breadcrumb"},"inLanguage":"de","potentialAction":[{"@type":"ReadAction","target":["https:\/\/www.harmonyresorts.gr\/de\/discover-rhodes\/city-of-rhodes\/rhodes-archeological-museum\/"]}]},{"@type":"ImageObject","inLanguage":"de","@id":"https:\/\/www.harmonyresorts.gr\/de\/discover-rhodes\/city-of-rhodes\/rhodes-archeological-museum\/#primaryimage","url":"https:\/\/www.harmonyresorts.gr\/app\/uploads\/sites\/48\/2019\/05\/archaelogical2.jpeg","contentUrl":"https:\/\/www.harmonyresorts.gr\/app\/uploads\/sites\/48\/2019\/05\/archaelogical2.jpeg","width":2560,"height":1700},{"@type":"BreadcrumbList","@id":"https:\/\/www.harmonyresorts.gr\/de\/discover-rhodes\/city-of-rhodes\/rhodes-archeological-museum\/#breadcrumb","itemListElement":[{"@type":"ListItem","position":1,"name":"Home","item":"https:\/\/www.harmonyresorts.gr\/de\/"},{"@type":"ListItem","position":2,"name":"Entdecken Sie Rhodos","item":"https:\/\/www.harmonyresorts.gr\/de\/discover-rhodes\/"},{"@type":"ListItem","position":3,"name":"Stadt Rhodos","item":"https:\/\/www.harmonyresorts.gr\/de\/discover-rhodes\/city-of-rhodes\/"},{"@type":"ListItem","position":4,"name":"Arch\u00e4ologisches Museum von Rhodos"}]},{"@type":"WebSite","@id":"https:\/\/www.harmonyresorts.gr\/ru\/#website","url":"https:\/\/www.harmonyresorts.gr\/ru\/","name":"Harmony Resorts","description":"Harmony Resorts","potentialAction":[{"@type":"SearchAction","target":{"@type":"EntryPoint","urlTemplate":"https:\/\/www.harmonyresorts.gr\/ru\/?s={search_term_string}"},"query-input":{"@type":"PropertyValueSpecification","valueRequired":true,"valueName":"search_term_string"}}],"inLanguage":"de"}]}},"_links":{"self":[{"href":"https:\/\/www.harmonyresorts.gr\/de\/wp-json\/wp\/v2\/pages\/4203"}],"collection":[{"href":"https:\/\/www.harmonyresorts.gr\/de\/wp-json\/wp\/v2\/pages"}],"about":[{"href":"https:\/\/www.harmonyresorts.gr\/de\/wp-json\/wp\/v2\/types\/page"}],"author":[{"embeddable":true,"href":"https:\/\/www.harmonyresorts.gr\/de\/wp-json\/wp\/v2\/users\/1"}],"replies":[{"embeddable":true,"href":"https:\/\/www.harmonyresorts.gr\/de\/wp-json\/wp\/v2\/comments?post=4203"}],"version-history":[{"count":3,"href":"https:\/\/www.harmonyresorts.gr\/de\/wp-json\/wp\/v2\/pages\/4203\/revisions"}],"predecessor-version":[{"id":4697,"href":"https:\/\/www.harmonyresorts.gr\/de\/wp-json\/wp\/v2\/pages\/4203\/revisions\/4697"}],"up":[{"embeddable":true,"href":"https:\/\/www.harmonyresorts.gr\/de\/wp-json\/wp\/v2\/pages\/4099"}],"wp:featuredmedia":[{"embeddable":true,"href":"https:\/\/www.harmonyresorts.gr\/de\/wp-json\/wp\/v2\/media\/2531"}],"wp:attachment":[{"href":"https:\/\/www.harmonyresorts.gr\/de\/wp-json\/wp\/v2\/media?parent=4203"}],"curies":[{"name":"wp","href":"https:\/\/api.w.org\/{rel}","templated":true}]}}