{"id":4244,"date":"2019-05-03T16:14:17","date_gmt":"2019-05-03T13:14:17","guid":{"rendered":"http:\/\/harmony.cms4.nelios.com\/hotel-location\/discover-rhodes\/day-trips\/boat-trips\/"},"modified":"2020-12-16T14:53:15","modified_gmt":"2020-12-16T11:53:15","slug":"boat-trips","status":"publish","type":"page","link":"https:\/\/www.harmonyresorts.gr\/de\/discover-rhodes\/day-trips\/boat-trips\/","title":{"rendered":"Boots Touren"},"content":{"rendered":"<p>Boots Touren: beginnen f\u00fcr gew\u00f6hnlich vom Handelshafen von Rhodos aus und beinhalten Tagesausfl\u00fcge nach Marmaris in der T\u00fcrkei, den griechischen Insel von Symi und Kos sowie t\u00e4gliche Bootstouren nach Lindos. Ausfl\u00fcge auf andere griechische Inseln wie Kalimnos, Leros, Lipsi und Patmos sind auch m\u00f6glich, jedoch m\u00fcssen Sie eine \u00dcbernachtung einkalkulieren.<\/p>\n","protected":false},"excerpt":{"rendered":"<p>Boots Touren: beginnen f\u00fcr gew\u00f6hnlich vom Handelshafen von Rhodos aus und beinhalten Tagesausfl\u00fcge nach Marmaris in der T\u00fcrkei, den griechischen Insel von Symi und Kos sowie t\u00e4gliche Bootstouren nach Lindos. Ausfl\u00fcge auf andere griechische Inseln wie Kalimnos, Leros, Lipsi und Patmos sind auch m\u00f6glich, jedoch m\u00fcssen Sie eine \u00dcbernachtung einkalkulieren.<\/p>\n","protected":false},"author":1,"featured_media":2855,"parent":4219,"menu_order":0,"comment_status":"closed","ping_status":"closed","template":"","meta":{"_acf_changed":false,"footnotes":""},"class_list":["post-4244","page","type-page","status-publish","has-post-thumbnail","hentry"],"acf":[],"yoast_head":"<!-- This site is optimized with the Yoast SEO plugin v26.9 - https:\/\/yoast.com\/product\/yoast-seo-wordpress\/ -->\n<title>Boots Touren - Harmony Resorts<\/title>\n<meta name=\"robots\" content=\"index, follow, max-snippet:-1, max-image-preview:large, max-video-preview:-1\" \/>\n<link rel=\"canonical\" href=\"https:\/\/www.harmonyresorts.gr\/de\/discover-rhodes\/day-trips\/boat-trips\/\" \/>\n<meta property=\"og:locale\" content=\"de_DE\" \/>\n<meta property=\"og:type\" content=\"article\" \/>\n<meta property=\"og:title\" content=\"Boots Touren - Harmony Resorts\" \/>\n<meta property=\"og:description\" content=\"Boots Touren: beginnen f\u00fcr gew\u00f6hnlich vom Handelshafen von Rhodos aus und beinhalten Tagesausfl\u00fcge nach Marmaris in der T\u00fcrkei, den griechischen Insel von Symi und Kos sowie t\u00e4gliche Bootstouren nach Lindos. Ausfl\u00fcge auf andere griechische Inseln wie Kalimnos, Leros, Lipsi und Patmos sind auch m\u00f6glich, jedoch m\u00fcssen Sie eine \u00dcbernachtung einkalkulieren.\" \/>\n<meta property=\"og:url\" content=\"https:\/\/www.harmonyresorts.gr\/de\/discover-rhodes\/day-trips\/boat-trips\/\" \/>\n<meta property=\"og:site_name\" content=\"Harmony Resorts\" \/>\n<meta property=\"article:modified_time\" content=\"2020-12-16T11:53:15+00:00\" \/>\n<meta property=\"og:image\" content=\"https:\/\/www.harmonyresorts.gr\/app\/uploads\/sites\/48\/2019\/05\/Boat-trip-symi-Sea-Dreams_web.jpeg\" \/>\n\t<meta property=\"og:image:width\" content=\"1920\" \/>\n\t<meta property=\"og:image:height\" content=\"850\" \/>\n\t<meta property=\"og:image:type\" content=\"image\/jpeg\" \/>\n<meta name=\"twitter:card\" content=\"summary_large_image\" \/>\n<script type=\"application\/ld+json\" class=\"yoast-schema-graph\">{\"@context\":\"https:\/\/schema.org\",\"@graph\":[{\"@type\":\"WebPage\",\"@id\":\"https:\/\/www.harmonyresorts.gr\/de\/discover-rhodes\/day-trips\/boat-trips\/\",\"url\":\"https:\/\/www.harmonyresorts.gr\/de\/discover-rhodes\/day-trips\/boat-trips\/\",\"name\":\"Boots Touren - Harmony Resorts\",\"isPartOf\":{\"@id\":\"https:\/\/www.harmonyresorts.gr\/ru\/#website\"},\"primaryImageOfPage\":{\"@id\":\"https:\/\/www.harmonyresorts.gr\/de\/discover-rhodes\/day-trips\/boat-trips\/#primaryimage\"},\"image\":{\"@id\":\"https:\/\/www.harmonyresorts.gr\/de\/discover-rhodes\/day-trips\/boat-trips\/#primaryimage\"},\"thumbnailUrl\":\"https:\/\/www.harmonyresorts.gr\/app\/uploads\/sites\/48\/2019\/05\/Boat-trip-symi-Sea-Dreams_web.jpeg\",\"datePublished\":\"2019-05-03T13:14:17+00:00\",\"dateModified\":\"2020-12-16T11:53:15+00:00\",\"breadcrumb\":{\"@id\":\"https:\/\/www.harmonyresorts.gr\/de\/discover-rhodes\/day-trips\/boat-trips\/#breadcrumb\"},\"inLanguage\":\"de\",\"potentialAction\":[{\"@type\":\"ReadAction\",\"target\":[\"https:\/\/www.harmonyresorts.gr\/de\/discover-rhodes\/day-trips\/boat-trips\/\"]}]},{\"@type\":\"ImageObject\",\"inLanguage\":\"de\",\"@id\":\"https:\/\/www.harmonyresorts.gr\/de\/discover-rhodes\/day-trips\/boat-trips\/#primaryimage\",\"url\":\"https:\/\/www.harmonyresorts.gr\/app\/uploads\/sites\/48\/2019\/05\/Boat-trip-symi-Sea-Dreams_web.jpeg\",\"contentUrl\":\"https:\/\/www.harmonyresorts.gr\/app\/uploads\/sites\/48\/2019\/05\/Boat-trip-symi-Sea-Dreams_web.jpeg\",\"width\":1920,\"height\":850},{\"@type\":\"BreadcrumbList\",\"@id\":\"https:\/\/www.harmonyresorts.gr\/de\/discover-rhodes\/day-trips\/boat-trips\/#breadcrumb\",\"itemListElement\":[{\"@type\":\"ListItem\",\"position\":1,\"name\":\"Home\",\"item\":\"https:\/\/www.harmonyresorts.gr\/de\/\"},{\"@type\":\"ListItem\",\"position\":2,\"name\":\"Entdecken Sie Rhodos\",\"item\":\"https:\/\/www.harmonyresorts.gr\/de\/discover-rhodes\/\"},{\"@type\":\"ListItem\",\"position\":3,\"name\":\"Tagesausfl\u00fcge\",\"item\":\"https:\/\/www.harmonyresorts.gr\/de\/discover-rhodes\/day-trips\/\"},{\"@type\":\"ListItem\",\"position\":4,\"name\":\"Boots Touren\"}]},{\"@type\":\"WebSite\",\"@id\":\"https:\/\/www.harmonyresorts.gr\/ru\/#website\",\"url\":\"https:\/\/www.harmonyresorts.gr\/ru\/\",\"name\":\"Harmony Resorts\",\"description\":\"Harmony Resorts\",\"potentialAction\":[{\"@type\":\"SearchAction\",\"target\":{\"@type\":\"EntryPoint\",\"urlTemplate\":\"https:\/\/www.harmonyresorts.gr\/ru\/?s={search_term_string}\"},\"query-input\":{\"@type\":\"PropertyValueSpecification\",\"valueRequired\":true,\"valueName\":\"search_term_string\"}}],\"inLanguage\":\"de\"}]}<\/script>\n<!-- \/ Yoast SEO plugin. -->","yoast_head_json":{"title":"Boots Touren - Harmony Resorts","robots":{"index":"index","follow":"follow","max-snippet":"max-snippet:-1","max-image-preview":"max-image-preview:large","max-video-preview":"max-video-preview:-1"},"canonical":"https:\/\/www.harmonyresorts.gr\/de\/discover-rhodes\/day-trips\/boat-trips\/","og_locale":"de_DE","og_type":"article","og_title":"Boots Touren - Harmony Resorts","og_description":"Boots Touren: beginnen f\u00fcr gew\u00f6hnlich vom Handelshafen von Rhodos aus und beinhalten Tagesausfl\u00fcge nach Marmaris in der T\u00fcrkei, den griechischen Insel von Symi und Kos sowie t\u00e4gliche Bootstouren nach Lindos. Ausfl\u00fcge auf andere griechische Inseln wie Kalimnos, Leros, Lipsi und Patmos sind auch m\u00f6glich, jedoch m\u00fcssen Sie eine \u00dcbernachtung einkalkulieren.","og_url":"https:\/\/www.harmonyresorts.gr\/de\/discover-rhodes\/day-trips\/boat-trips\/","og_site_name":"Harmony Resorts","article_modified_time":"2020-12-16T11:53:15+00:00","og_image":[{"width":1920,"height":850,"url":"https:\/\/www.harmonyresorts.gr\/app\/uploads\/sites\/48\/2019\/05\/Boat-trip-symi-Sea-Dreams_web.jpeg","type":"image\/jpeg"}],"twitter_card":"summary_large_image","schema":{"@context":"https:\/\/schema.org","@graph":[{"@type":"WebPage","@id":"https:\/\/www.harmonyresorts.gr\/de\/discover-rhodes\/day-trips\/boat-trips\/","url":"https:\/\/www.harmonyresorts.gr\/de\/discover-rhodes\/day-trips\/boat-trips\/","name":"Boots Touren - Harmony Resorts","isPartOf":{"@id":"https:\/\/www.harmonyresorts.gr\/ru\/#website"},"primaryImageOfPage":{"@id":"https:\/\/www.harmonyresorts.gr\/de\/discover-rhodes\/day-trips\/boat-trips\/#primaryimage"},"image":{"@id":"https:\/\/www.harmonyresorts.gr\/de\/discover-rhodes\/day-trips\/boat-trips\/#primaryimage"},"thumbnailUrl":"https:\/\/www.harmonyresorts.gr\/app\/uploads\/sites\/48\/2019\/05\/Boat-trip-symi-Sea-Dreams_web.jpeg","datePublished":"2019-05-03T13:14:17+00:00","dateModified":"2020-12-16T11:53:15+00:00","breadcrumb":{"@id":"https:\/\/www.harmonyresorts.gr\/de\/discover-rhodes\/day-trips\/boat-trips\/#breadcrumb"},"inLanguage":"de","potentialAction":[{"@type":"ReadAction","target":["https:\/\/www.harmonyresorts.gr\/de\/discover-rhodes\/day-trips\/boat-trips\/"]}]},{"@type":"ImageObject","inLanguage":"de","@id":"https:\/\/www.harmonyresorts.gr\/de\/discover-rhodes\/day-trips\/boat-trips\/#primaryimage","url":"https:\/\/www.harmonyresorts.gr\/app\/uploads\/sites\/48\/2019\/05\/Boat-trip-symi-Sea-Dreams_web.jpeg","contentUrl":"https:\/\/www.harmonyresorts.gr\/app\/uploads\/sites\/48\/2019\/05\/Boat-trip-symi-Sea-Dreams_web.jpeg","width":1920,"height":850},{"@type":"BreadcrumbList","@id":"https:\/\/www.harmonyresorts.gr\/de\/discover-rhodes\/day-trips\/boat-trips\/#breadcrumb","itemListElement":[{"@type":"ListItem","position":1,"name":"Home","item":"https:\/\/www.harmonyresorts.gr\/de\/"},{"@type":"ListItem","position":2,"name":"Entdecken Sie Rhodos","item":"https:\/\/www.harmonyresorts.gr\/de\/discover-rhodes\/"},{"@type":"ListItem","position":3,"name":"Tagesausfl\u00fcge","item":"https:\/\/www.harmonyresorts.gr\/de\/discover-rhodes\/day-trips\/"},{"@type":"ListItem","position":4,"name":"Boots Touren"}]},{"@type":"WebSite","@id":"https:\/\/www.harmonyresorts.gr\/ru\/#website","url":"https:\/\/www.harmonyresorts.gr\/ru\/","name":"Harmony Resorts","description":"Harmony Resorts","potentialAction":[{"@type":"SearchAction","target":{"@type":"EntryPoint","urlTemplate":"https:\/\/www.harmonyresorts.gr\/ru\/?s={search_term_string}"},"query-input":{"@type":"PropertyValueSpecification","valueRequired":true,"valueName":"search_term_string"}}],"inLanguage":"de"}]}},"_links":{"self":[{"href":"https:\/\/www.harmonyresorts.gr\/de\/wp-json\/wp\/v2\/pages\/4244"}],"collection":[{"href":"https:\/\/www.harmonyresorts.gr\/de\/wp-json\/wp\/v2\/pages"}],"about":[{"href":"https:\/\/www.harmonyresorts.gr\/de\/wp-json\/wp\/v2\/types\/page"}],"author":[{"embeddable":true,"href":"https:\/\/www.harmonyresorts.gr\/de\/wp-json\/wp\/v2\/users\/1"}],"replies":[{"embeddable":true,"href":"https:\/\/www.harmonyresorts.gr\/de\/wp-json\/wp\/v2\/comments?post=4244"}],"version-history":[{"count":2,"href":"https:\/\/www.harmonyresorts.gr\/de\/wp-json\/wp\/v2\/pages\/4244\/revisions"}],"predecessor-version":[{"id":4257,"href":"https:\/\/www.harmonyresorts.gr\/de\/wp-json\/wp\/v2\/pages\/4244\/revisions\/4257"}],"up":[{"embeddable":true,"href":"https:\/\/www.harmonyresorts.gr\/de\/wp-json\/wp\/v2\/pages\/4219"}],"wp:featuredmedia":[{"embeddable":true,"href":"https:\/\/www.harmonyresorts.gr\/de\/wp-json\/wp\/v2\/media\/2855"}],"wp:attachment":[{"href":"https:\/\/www.harmonyresorts.gr\/de\/wp-json\/wp\/v2\/media?parent=4244"}],"curies":[{"name":"wp","href":"https:\/\/api.w.org\/{rel}","templated":true}]}}