{"id":4387,"date":"2019-05-03T13:14:08","date_gmt":"2019-05-03T10:14:08","guid":{"rendered":"http:\/\/harmony.cms4.nelios.com\/hotel-location\/discover-rhodes\/rest-of-the-island\/kallithea-springs\/"},"modified":"2020-12-16T14:53:14","modified_gmt":"2020-12-16T11:53:14","slug":"kallithea-springs","status":"publish","type":"page","link":"https:\/\/www.harmonyresorts.gr\/de\/discover-rhodes\/rest-of-the-island\/kallithea-springs\/","title":{"rendered":"Quellen-von-Kallithea"},"content":{"rendered":"<p>Die Quellen von Kallithea oder Kallithea Therme sind, mit ihrem seit der Antike (7. Jahrhundert vor Christus) f\u00fcr seine therapeutischen Eigenschaften bekannten Spa, vielleicht einer der sch\u00f6nsten Pl\u00e4tze auf Rhodos. Gebaut an einem malerischen Ankerplatz, umgeben eines fantastischen Gartens und dekoriert mit Mosaikkieselsteinchen, wurde das Monument 1930 vom italienischen Architekten Pietro Lombardi entworfen, der damit ein wahres Meisterwerk un\u00fcbertroffener Sch\u00f6nheit schuf. Sogar Hollywood wurde auf dieses malerische Monument aufmerksam. Kallithea bildete die Kulisse f\u00fcr mehrere internationale sowie griechische Filme.<\/p>\n<p>Heutzutage bieten die k\u00fcrzlich renovierten Quellen von Kallithea den ultimativen Zufluchtsort f\u00fcr Reisende, mit einer Reihe an Auswahlm\u00f6glichkeiten. Kristallklares Wasser macht das Schwimmen zu einem wahren Vergn\u00fcgen, w\u00e4hrend Tauchschulen Stunden geben und Ausr\u00fcstung anbieten, um die einzigartige Unterwasserwelt zu erkunden. Die eigene Cafeteria direkt am Meer bietet den perfekten Ort, bei Kl\u00e4ngen beliebter Loungemusik, auszuspannen und einen pr\u00e4chtigen Sonnenuntergang zu beobachten.<\/p>\n<p>Seit seiner k\u00fcrzlichen Renovierung wurden die Quellen von Kallithea zu einem \u00e4u\u00dferst beliebten Austragungsort von Traumhochzeiten oder anderen Veranstaltungen. Unsere beiden 5 Sterne Hotels, das Elysium Resort &amp; Spa sowie das Rhodos Palladium Leisure &amp; Wellness, befinden sich nur einen Steinwurf weit entfernt. Durch die Organisation bereits mehrerer Veranstaltungen in Kallithea in der Vergangenheit besitzen wir die n\u00f6tige Erfahrung sowie die Ressourcen, um Ihnen einen reibungslosen Ablauf Ihrer Veranstaltung zu garantieren.<\/p>\n","protected":false},"excerpt":{"rendered":"<p>Die Quellen von Kallithea oder Kallithea Therme sind, mit ihrem seit der Antike (7. Jahrhundert vor Christus) f\u00fcr seine therapeutischen Eigenschaften bekannten Spa, vielleicht einer der sch\u00f6nsten Pl\u00e4tze auf Rhodos. Gebaut an einem malerischen Ankerplatz, umgeben eines fantastischen Gartens und dekoriert mit Mosaikkieselsteinchen, wurde das Monument 1930 vom italienischen Architekten Pietro Lombardi entworfen, der damit<\/p>\n","protected":false},"author":1,"featured_media":2649,"parent":4213,"menu_order":0,"comment_status":"closed","ping_status":"closed","template":"","meta":{"_acf_changed":false,"footnotes":""},"class_list":["post-4387","page","type-page","status-publish","has-post-thumbnail","hentry"],"acf":[],"yoast_head":"<!-- This site is optimized with the Yoast SEO plugin v26.9 - https:\/\/yoast.com\/product\/yoast-seo-wordpress\/ -->\n<title>Quellen-von-Kallithea - Harmony Resorts<\/title>\n<meta name=\"robots\" content=\"index, follow, max-snippet:-1, max-image-preview:large, max-video-preview:-1\" \/>\n<link rel=\"canonical\" href=\"https:\/\/www.harmonyresorts.gr\/de\/discover-rhodes\/rest-of-the-island\/kallithea-springs\/\" \/>\n<meta property=\"og:locale\" content=\"de_DE\" \/>\n<meta property=\"og:type\" content=\"article\" \/>\n<meta property=\"og:title\" content=\"Quellen-von-Kallithea - Harmony Resorts\" \/>\n<meta property=\"og:description\" content=\"Die Quellen von Kallithea oder Kallithea Therme sind, mit ihrem seit der Antike (7. Jahrhundert vor Christus) f\u00fcr seine therapeutischen Eigenschaften bekannten Spa, vielleicht einer der sch\u00f6nsten Pl\u00e4tze auf Rhodos. Gebaut an einem malerischen Ankerplatz, umgeben eines fantastischen Gartens und dekoriert mit Mosaikkieselsteinchen, wurde das Monument 1930 vom italienischen Architekten Pietro Lombardi entworfen, der damit\" \/>\n<meta property=\"og:url\" content=\"https:\/\/www.harmonyresorts.gr\/de\/discover-rhodes\/rest-of-the-island\/kallithea-springs\/\" \/>\n<meta property=\"og:site_name\" content=\"Harmony Resorts\" \/>\n<meta property=\"article:modified_time\" content=\"2020-12-16T11:53:14+00:00\" \/>\n<meta property=\"og:image\" content=\"https:\/\/www.harmonyresorts.gr\/app\/uploads\/sites\/48\/2019\/05\/Kallithea-Rhodes-Rodos-Palladium-Elysium-Resort-Web.jpeg\" \/>\n\t<meta property=\"og:image:width\" content=\"1920\" \/>\n\t<meta property=\"og:image:height\" content=\"850\" \/>\n\t<meta property=\"og:image:type\" content=\"image\/jpeg\" \/>\n<meta name=\"twitter:card\" content=\"summary_large_image\" \/>\n<meta name=\"twitter:label1\" content=\"Est. reading time\" \/>\n\t<meta name=\"twitter:data1\" content=\"1\u00a0Minute\" \/>\n<script type=\"application\/ld+json\" class=\"yoast-schema-graph\">{\"@context\":\"https:\/\/schema.org\",\"@graph\":[{\"@type\":\"WebPage\",\"@id\":\"https:\/\/www.harmonyresorts.gr\/de\/discover-rhodes\/rest-of-the-island\/kallithea-springs\/\",\"url\":\"https:\/\/www.harmonyresorts.gr\/de\/discover-rhodes\/rest-of-the-island\/kallithea-springs\/\",\"name\":\"Quellen-von-Kallithea - Harmony Resorts\",\"isPartOf\":{\"@id\":\"https:\/\/www.harmonyresorts.gr\/ru\/#website\"},\"primaryImageOfPage\":{\"@id\":\"https:\/\/www.harmonyresorts.gr\/de\/discover-rhodes\/rest-of-the-island\/kallithea-springs\/#primaryimage\"},\"image\":{\"@id\":\"https:\/\/www.harmonyresorts.gr\/de\/discover-rhodes\/rest-of-the-island\/kallithea-springs\/#primaryimage\"},\"thumbnailUrl\":\"https:\/\/www.harmonyresorts.gr\/app\/uploads\/sites\/48\/2019\/05\/Kallithea-Rhodes-Rodos-Palladium-Elysium-Resort-Web.jpeg\",\"datePublished\":\"2019-05-03T10:14:08+00:00\",\"dateModified\":\"2020-12-16T11:53:14+00:00\",\"breadcrumb\":{\"@id\":\"https:\/\/www.harmonyresorts.gr\/de\/discover-rhodes\/rest-of-the-island\/kallithea-springs\/#breadcrumb\"},\"inLanguage\":\"de\",\"potentialAction\":[{\"@type\":\"ReadAction\",\"target\":[\"https:\/\/www.harmonyresorts.gr\/de\/discover-rhodes\/rest-of-the-island\/kallithea-springs\/\"]}]},{\"@type\":\"ImageObject\",\"inLanguage\":\"de\",\"@id\":\"https:\/\/www.harmonyresorts.gr\/de\/discover-rhodes\/rest-of-the-island\/kallithea-springs\/#primaryimage\",\"url\":\"https:\/\/www.harmonyresorts.gr\/app\/uploads\/sites\/48\/2019\/05\/Kallithea-Rhodes-Rodos-Palladium-Elysium-Resort-Web.jpeg\",\"contentUrl\":\"https:\/\/www.harmonyresorts.gr\/app\/uploads\/sites\/48\/2019\/05\/Kallithea-Rhodes-Rodos-Palladium-Elysium-Resort-Web.jpeg\",\"width\":1920,\"height\":850},{\"@type\":\"BreadcrumbList\",\"@id\":\"https:\/\/www.harmonyresorts.gr\/de\/discover-rhodes\/rest-of-the-island\/kallithea-springs\/#breadcrumb\",\"itemListElement\":[{\"@type\":\"ListItem\",\"position\":1,\"name\":\"Home\",\"item\":\"https:\/\/www.harmonyresorts.gr\/de\/\"},{\"@type\":\"ListItem\",\"position\":2,\"name\":\"Entdecken Sie Rhodos\",\"item\":\"https:\/\/www.harmonyresorts.gr\/de\/discover-rhodes\/\"},{\"@type\":\"ListItem\",\"position\":3,\"name\":\"Rest Der Insel\",\"item\":\"https:\/\/www.harmonyresorts.gr\/de\/discover-rhodes\/rest-of-the-island\/\"},{\"@type\":\"ListItem\",\"position\":4,\"name\":\"Quellen-von-Kallithea\"}]},{\"@type\":\"WebSite\",\"@id\":\"https:\/\/www.harmonyresorts.gr\/ru\/#website\",\"url\":\"https:\/\/www.harmonyresorts.gr\/ru\/\",\"name\":\"Harmony Resorts\",\"description\":\"Harmony Resorts\",\"potentialAction\":[{\"@type\":\"SearchAction\",\"target\":{\"@type\":\"EntryPoint\",\"urlTemplate\":\"https:\/\/www.harmonyresorts.gr\/ru\/?s={search_term_string}\"},\"query-input\":{\"@type\":\"PropertyValueSpecification\",\"valueRequired\":true,\"valueName\":\"search_term_string\"}}],\"inLanguage\":\"de\"}]}<\/script>\n<!-- \/ Yoast SEO plugin. -->","yoast_head_json":{"title":"Quellen-von-Kallithea - Harmony Resorts","robots":{"index":"index","follow":"follow","max-snippet":"max-snippet:-1","max-image-preview":"max-image-preview:large","max-video-preview":"max-video-preview:-1"},"canonical":"https:\/\/www.harmonyresorts.gr\/de\/discover-rhodes\/rest-of-the-island\/kallithea-springs\/","og_locale":"de_DE","og_type":"article","og_title":"Quellen-von-Kallithea - Harmony Resorts","og_description":"Die Quellen von Kallithea oder Kallithea Therme sind, mit ihrem seit der Antike (7. Jahrhundert vor Christus) f\u00fcr seine therapeutischen Eigenschaften bekannten Spa, vielleicht einer der sch\u00f6nsten Pl\u00e4tze auf Rhodos. Gebaut an einem malerischen Ankerplatz, umgeben eines fantastischen Gartens und dekoriert mit Mosaikkieselsteinchen, wurde das Monument 1930 vom italienischen Architekten Pietro Lombardi entworfen, der damit","og_url":"https:\/\/www.harmonyresorts.gr\/de\/discover-rhodes\/rest-of-the-island\/kallithea-springs\/","og_site_name":"Harmony Resorts","article_modified_time":"2020-12-16T11:53:14+00:00","og_image":[{"width":1920,"height":850,"url":"https:\/\/www.harmonyresorts.gr\/app\/uploads\/sites\/48\/2019\/05\/Kallithea-Rhodes-Rodos-Palladium-Elysium-Resort-Web.jpeg","type":"image\/jpeg"}],"twitter_card":"summary_large_image","twitter_misc":{"Est. reading time":"1\u00a0Minute"},"schema":{"@context":"https:\/\/schema.org","@graph":[{"@type":"WebPage","@id":"https:\/\/www.harmonyresorts.gr\/de\/discover-rhodes\/rest-of-the-island\/kallithea-springs\/","url":"https:\/\/www.harmonyresorts.gr\/de\/discover-rhodes\/rest-of-the-island\/kallithea-springs\/","name":"Quellen-von-Kallithea - Harmony Resorts","isPartOf":{"@id":"https:\/\/www.harmonyresorts.gr\/ru\/#website"},"primaryImageOfPage":{"@id":"https:\/\/www.harmonyresorts.gr\/de\/discover-rhodes\/rest-of-the-island\/kallithea-springs\/#primaryimage"},"image":{"@id":"https:\/\/www.harmonyresorts.gr\/de\/discover-rhodes\/rest-of-the-island\/kallithea-springs\/#primaryimage"},"thumbnailUrl":"https:\/\/www.harmonyresorts.gr\/app\/uploads\/sites\/48\/2019\/05\/Kallithea-Rhodes-Rodos-Palladium-Elysium-Resort-Web.jpeg","datePublished":"2019-05-03T10:14:08+00:00","dateModified":"2020-12-16T11:53:14+00:00","breadcrumb":{"@id":"https:\/\/www.harmonyresorts.gr\/de\/discover-rhodes\/rest-of-the-island\/kallithea-springs\/#breadcrumb"},"inLanguage":"de","potentialAction":[{"@type":"ReadAction","target":["https:\/\/www.harmonyresorts.gr\/de\/discover-rhodes\/rest-of-the-island\/kallithea-springs\/"]}]},{"@type":"ImageObject","inLanguage":"de","@id":"https:\/\/www.harmonyresorts.gr\/de\/discover-rhodes\/rest-of-the-island\/kallithea-springs\/#primaryimage","url":"https:\/\/www.harmonyresorts.gr\/app\/uploads\/sites\/48\/2019\/05\/Kallithea-Rhodes-Rodos-Palladium-Elysium-Resort-Web.jpeg","contentUrl":"https:\/\/www.harmonyresorts.gr\/app\/uploads\/sites\/48\/2019\/05\/Kallithea-Rhodes-Rodos-Palladium-Elysium-Resort-Web.jpeg","width":1920,"height":850},{"@type":"BreadcrumbList","@id":"https:\/\/www.harmonyresorts.gr\/de\/discover-rhodes\/rest-of-the-island\/kallithea-springs\/#breadcrumb","itemListElement":[{"@type":"ListItem","position":1,"name":"Home","item":"https:\/\/www.harmonyresorts.gr\/de\/"},{"@type":"ListItem","position":2,"name":"Entdecken Sie Rhodos","item":"https:\/\/www.harmonyresorts.gr\/de\/discover-rhodes\/"},{"@type":"ListItem","position":3,"name":"Rest Der Insel","item":"https:\/\/www.harmonyresorts.gr\/de\/discover-rhodes\/rest-of-the-island\/"},{"@type":"ListItem","position":4,"name":"Quellen-von-Kallithea"}]},{"@type":"WebSite","@id":"https:\/\/www.harmonyresorts.gr\/ru\/#website","url":"https:\/\/www.harmonyresorts.gr\/ru\/","name":"Harmony Resorts","description":"Harmony Resorts","potentialAction":[{"@type":"SearchAction","target":{"@type":"EntryPoint","urlTemplate":"https:\/\/www.harmonyresorts.gr\/ru\/?s={search_term_string}"},"query-input":{"@type":"PropertyValueSpecification","valueRequired":true,"valueName":"search_term_string"}}],"inLanguage":"de"}]}},"_links":{"self":[{"href":"https:\/\/www.harmonyresorts.gr\/de\/wp-json\/wp\/v2\/pages\/4387"}],"collection":[{"href":"https:\/\/www.harmonyresorts.gr\/de\/wp-json\/wp\/v2\/pages"}],"about":[{"href":"https:\/\/www.harmonyresorts.gr\/de\/wp-json\/wp\/v2\/types\/page"}],"author":[{"embeddable":true,"href":"https:\/\/www.harmonyresorts.gr\/de\/wp-json\/wp\/v2\/users\/1"}],"replies":[{"embeddable":true,"href":"https:\/\/www.harmonyresorts.gr\/de\/wp-json\/wp\/v2\/comments?post=4387"}],"version-history":[{"count":2,"href":"https:\/\/www.harmonyresorts.gr\/de\/wp-json\/wp\/v2\/pages\/4387\/revisions"}],"predecessor-version":[{"id":4395,"href":"https:\/\/www.harmonyresorts.gr\/de\/wp-json\/wp\/v2\/pages\/4387\/revisions\/4395"}],"up":[{"embeddable":true,"href":"https:\/\/www.harmonyresorts.gr\/de\/wp-json\/wp\/v2\/pages\/4213"}],"wp:featuredmedia":[{"embeddable":true,"href":"https:\/\/www.harmonyresorts.gr\/de\/wp-json\/wp\/v2\/media\/2649"}],"wp:attachment":[{"href":"https:\/\/www.harmonyresorts.gr\/de\/wp-json\/wp\/v2\/media?parent=4387"}],"curies":[{"name":"wp","href":"https:\/\/api.w.org\/{rel}","templated":true}]}}