{"id":4434,"date":"2019-05-03T14:22:57","date_gmt":"2019-05-03T11:22:57","guid":{"rendered":"http:\/\/harmony.cms4.nelios.com\/hotel-location\/discover-rhodes\/popular-beaches\/tsampika-beach\/"},"modified":"2020-12-16T14:53:14","modified_gmt":"2020-12-16T11:53:14","slug":"tsampika-beach","status":"publish","type":"page","link":"https:\/\/www.harmonyresorts.gr\/de\/discover-rhodes\/popular-beaches\/tsampika-beach\/","title":{"rendered":"Tsampika Strand"},"content":{"rendered":"<p>Tsampika Strand: geh\u00f6rt zu den ber\u00fchmtesten Str\u00e4nden auf Rhodos, 25 km s\u00fcdlich der Stadt. Eine Kombination aus t\u00fcrkisem Wasser und goldenem Sand schafft eine gro\u00dfartige Kulisse. Der Wasserlevel ist ganz sch\u00f6n niedrig und Sie m\u00fcssen ein paar Meter gehen, um wirklich schwimmen zu k\u00f6nnen!<\/p>\n","protected":false},"excerpt":{"rendered":"<p>Tsampika Strand: geh\u00f6rt zu den ber\u00fchmtesten Str\u00e4nden auf Rhodos, 25 km s\u00fcdlich der Stadt. Eine Kombination aus t\u00fcrkisem Wasser und goldenem Sand schafft eine gro\u00dfartige Kulisse. Der Wasserlevel ist ganz sch\u00f6n niedrig und Sie m\u00fcssen ein paar Meter gehen, um wirklich schwimmen zu k\u00f6nnen!<\/p>\n","protected":false},"author":1,"featured_media":2969,"parent":4281,"menu_order":0,"comment_status":"closed","ping_status":"closed","template":"","meta":{"_acf_changed":false,"footnotes":""},"class_list":["post-4434","page","type-page","status-publish","has-post-thumbnail","hentry"],"acf":[],"yoast_head":"<!-- This site is optimized with the Yoast SEO plugin v26.9 - https:\/\/yoast.com\/product\/yoast-seo-wordpress\/ -->\n<title>Tsampika Strand - Harmony Resorts<\/title>\n<meta name=\"robots\" content=\"index, follow, max-snippet:-1, max-image-preview:large, max-video-preview:-1\" \/>\n<link rel=\"canonical\" href=\"https:\/\/www.harmonyresorts.gr\/de\/discover-rhodes\/popular-beaches\/tsampika-beach\/\" \/>\n<meta property=\"og:locale\" content=\"de_DE\" \/>\n<meta property=\"og:type\" content=\"article\" \/>\n<meta property=\"og:title\" content=\"Tsampika Strand - Harmony Resorts\" \/>\n<meta property=\"og:description\" content=\"Tsampika Strand: geh\u00f6rt zu den ber\u00fchmtesten Str\u00e4nden auf Rhodos, 25 km s\u00fcdlich der Stadt. Eine Kombination aus t\u00fcrkisem Wasser und goldenem Sand schafft eine gro\u00dfartige Kulisse. Der Wasserlevel ist ganz sch\u00f6n niedrig und Sie m\u00fcssen ein paar Meter gehen, um wirklich schwimmen zu k\u00f6nnen!\" \/>\n<meta property=\"og:url\" content=\"https:\/\/www.harmonyresorts.gr\/de\/discover-rhodes\/popular-beaches\/tsampika-beach\/\" \/>\n<meta property=\"og:site_name\" content=\"Harmony Resorts\" \/>\n<meta property=\"article:modified_time\" content=\"2020-12-16T11:53:14+00:00\" \/>\n<meta property=\"og:image\" content=\"https:\/\/www.harmonyresorts.gr\/app\/uploads\/sites\/48\/2019\/05\/tsambika_beach.jpeg\" \/>\n\t<meta property=\"og:image:width\" content=\"1919\" \/>\n\t<meta property=\"og:image:height\" content=\"1279\" \/>\n\t<meta property=\"og:image:type\" content=\"image\/jpeg\" \/>\n<meta name=\"twitter:card\" content=\"summary_large_image\" \/>\n<script type=\"application\/ld+json\" class=\"yoast-schema-graph\">{\"@context\":\"https:\/\/schema.org\",\"@graph\":[{\"@type\":\"WebPage\",\"@id\":\"https:\/\/www.harmonyresorts.gr\/de\/discover-rhodes\/popular-beaches\/tsampika-beach\/\",\"url\":\"https:\/\/www.harmonyresorts.gr\/de\/discover-rhodes\/popular-beaches\/tsampika-beach\/\",\"name\":\"Tsampika Strand - Harmony Resorts\",\"isPartOf\":{\"@id\":\"https:\/\/www.harmonyresorts.gr\/ru\/#website\"},\"primaryImageOfPage\":{\"@id\":\"https:\/\/www.harmonyresorts.gr\/de\/discover-rhodes\/popular-beaches\/tsampika-beach\/#primaryimage\"},\"image\":{\"@id\":\"https:\/\/www.harmonyresorts.gr\/de\/discover-rhodes\/popular-beaches\/tsampika-beach\/#primaryimage\"},\"thumbnailUrl\":\"https:\/\/www.harmonyresorts.gr\/app\/uploads\/sites\/48\/2019\/05\/tsambika_beach.jpeg\",\"datePublished\":\"2019-05-03T11:22:57+00:00\",\"dateModified\":\"2020-12-16T11:53:14+00:00\",\"breadcrumb\":{\"@id\":\"https:\/\/www.harmonyresorts.gr\/de\/discover-rhodes\/popular-beaches\/tsampika-beach\/#breadcrumb\"},\"inLanguage\":\"de\",\"potentialAction\":[{\"@type\":\"ReadAction\",\"target\":[\"https:\/\/www.harmonyresorts.gr\/de\/discover-rhodes\/popular-beaches\/tsampika-beach\/\"]}]},{\"@type\":\"ImageObject\",\"inLanguage\":\"de\",\"@id\":\"https:\/\/www.harmonyresorts.gr\/de\/discover-rhodes\/popular-beaches\/tsampika-beach\/#primaryimage\",\"url\":\"https:\/\/www.harmonyresorts.gr\/app\/uploads\/sites\/48\/2019\/05\/tsambika_beach.jpeg\",\"contentUrl\":\"https:\/\/www.harmonyresorts.gr\/app\/uploads\/sites\/48\/2019\/05\/tsambika_beach.jpeg\",\"width\":1919,\"height\":1279},{\"@type\":\"BreadcrumbList\",\"@id\":\"https:\/\/www.harmonyresorts.gr\/de\/discover-rhodes\/popular-beaches\/tsampika-beach\/#breadcrumb\",\"itemListElement\":[{\"@type\":\"ListItem\",\"position\":1,\"name\":\"Home\",\"item\":\"https:\/\/www.harmonyresorts.gr\/de\/\"},{\"@type\":\"ListItem\",\"position\":2,\"name\":\"Entdecken Sie Rhodos\",\"item\":\"https:\/\/www.harmonyresorts.gr\/de\/discover-rhodes\/\"},{\"@type\":\"ListItem\",\"position\":3,\"name\":\"Beliebte Str\u00e4nde\",\"item\":\"https:\/\/www.harmonyresorts.gr\/de\/discover-rhodes\/popular-beaches\/\"},{\"@type\":\"ListItem\",\"position\":4,\"name\":\"Tsampika Strand\"}]},{\"@type\":\"WebSite\",\"@id\":\"https:\/\/www.harmonyresorts.gr\/ru\/#website\",\"url\":\"https:\/\/www.harmonyresorts.gr\/ru\/\",\"name\":\"Harmony Resorts\",\"description\":\"Harmony Resorts\",\"potentialAction\":[{\"@type\":\"SearchAction\",\"target\":{\"@type\":\"EntryPoint\",\"urlTemplate\":\"https:\/\/www.harmonyresorts.gr\/ru\/?s={search_term_string}\"},\"query-input\":{\"@type\":\"PropertyValueSpecification\",\"valueRequired\":true,\"valueName\":\"search_term_string\"}}],\"inLanguage\":\"de\"}]}<\/script>\n<!-- \/ Yoast SEO plugin. -->","yoast_head_json":{"title":"Tsampika Strand - Harmony Resorts","robots":{"index":"index","follow":"follow","max-snippet":"max-snippet:-1","max-image-preview":"max-image-preview:large","max-video-preview":"max-video-preview:-1"},"canonical":"https:\/\/www.harmonyresorts.gr\/de\/discover-rhodes\/popular-beaches\/tsampika-beach\/","og_locale":"de_DE","og_type":"article","og_title":"Tsampika Strand - Harmony Resorts","og_description":"Tsampika Strand: geh\u00f6rt zu den ber\u00fchmtesten Str\u00e4nden auf Rhodos, 25 km s\u00fcdlich der Stadt. Eine Kombination aus t\u00fcrkisem Wasser und goldenem Sand schafft eine gro\u00dfartige Kulisse. Der Wasserlevel ist ganz sch\u00f6n niedrig und Sie m\u00fcssen ein paar Meter gehen, um wirklich schwimmen zu k\u00f6nnen!","og_url":"https:\/\/www.harmonyresorts.gr\/de\/discover-rhodes\/popular-beaches\/tsampika-beach\/","og_site_name":"Harmony Resorts","article_modified_time":"2020-12-16T11:53:14+00:00","og_image":[{"width":1919,"height":1279,"url":"https:\/\/www.harmonyresorts.gr\/app\/uploads\/sites\/48\/2019\/05\/tsambika_beach.jpeg","type":"image\/jpeg"}],"twitter_card":"summary_large_image","schema":{"@context":"https:\/\/schema.org","@graph":[{"@type":"WebPage","@id":"https:\/\/www.harmonyresorts.gr\/de\/discover-rhodes\/popular-beaches\/tsampika-beach\/","url":"https:\/\/www.harmonyresorts.gr\/de\/discover-rhodes\/popular-beaches\/tsampika-beach\/","name":"Tsampika Strand - Harmony Resorts","isPartOf":{"@id":"https:\/\/www.harmonyresorts.gr\/ru\/#website"},"primaryImageOfPage":{"@id":"https:\/\/www.harmonyresorts.gr\/de\/discover-rhodes\/popular-beaches\/tsampika-beach\/#primaryimage"},"image":{"@id":"https:\/\/www.harmonyresorts.gr\/de\/discover-rhodes\/popular-beaches\/tsampika-beach\/#primaryimage"},"thumbnailUrl":"https:\/\/www.harmonyresorts.gr\/app\/uploads\/sites\/48\/2019\/05\/tsambika_beach.jpeg","datePublished":"2019-05-03T11:22:57+00:00","dateModified":"2020-12-16T11:53:14+00:00","breadcrumb":{"@id":"https:\/\/www.harmonyresorts.gr\/de\/discover-rhodes\/popular-beaches\/tsampika-beach\/#breadcrumb"},"inLanguage":"de","potentialAction":[{"@type":"ReadAction","target":["https:\/\/www.harmonyresorts.gr\/de\/discover-rhodes\/popular-beaches\/tsampika-beach\/"]}]},{"@type":"ImageObject","inLanguage":"de","@id":"https:\/\/www.harmonyresorts.gr\/de\/discover-rhodes\/popular-beaches\/tsampika-beach\/#primaryimage","url":"https:\/\/www.harmonyresorts.gr\/app\/uploads\/sites\/48\/2019\/05\/tsambika_beach.jpeg","contentUrl":"https:\/\/www.harmonyresorts.gr\/app\/uploads\/sites\/48\/2019\/05\/tsambika_beach.jpeg","width":1919,"height":1279},{"@type":"BreadcrumbList","@id":"https:\/\/www.harmonyresorts.gr\/de\/discover-rhodes\/popular-beaches\/tsampika-beach\/#breadcrumb","itemListElement":[{"@type":"ListItem","position":1,"name":"Home","item":"https:\/\/www.harmonyresorts.gr\/de\/"},{"@type":"ListItem","position":2,"name":"Entdecken Sie Rhodos","item":"https:\/\/www.harmonyresorts.gr\/de\/discover-rhodes\/"},{"@type":"ListItem","position":3,"name":"Beliebte Str\u00e4nde","item":"https:\/\/www.harmonyresorts.gr\/de\/discover-rhodes\/popular-beaches\/"},{"@type":"ListItem","position":4,"name":"Tsampika Strand"}]},{"@type":"WebSite","@id":"https:\/\/www.harmonyresorts.gr\/ru\/#website","url":"https:\/\/www.harmonyresorts.gr\/ru\/","name":"Harmony Resorts","description":"Harmony Resorts","potentialAction":[{"@type":"SearchAction","target":{"@type":"EntryPoint","urlTemplate":"https:\/\/www.harmonyresorts.gr\/ru\/?s={search_term_string}"},"query-input":{"@type":"PropertyValueSpecification","valueRequired":true,"valueName":"search_term_string"}}],"inLanguage":"de"}]}},"_links":{"self":[{"href":"https:\/\/www.harmonyresorts.gr\/de\/wp-json\/wp\/v2\/pages\/4434"}],"collection":[{"href":"https:\/\/www.harmonyresorts.gr\/de\/wp-json\/wp\/v2\/pages"}],"about":[{"href":"https:\/\/www.harmonyresorts.gr\/de\/wp-json\/wp\/v2\/types\/page"}],"author":[{"embeddable":true,"href":"https:\/\/www.harmonyresorts.gr\/de\/wp-json\/wp\/v2\/users\/1"}],"replies":[{"embeddable":true,"href":"https:\/\/www.harmonyresorts.gr\/de\/wp-json\/wp\/v2\/comments?post=4434"}],"version-history":[{"count":2,"href":"https:\/\/www.harmonyresorts.gr\/de\/wp-json\/wp\/v2\/pages\/4434\/revisions"}],"predecessor-version":[{"id":4442,"href":"https:\/\/www.harmonyresorts.gr\/de\/wp-json\/wp\/v2\/pages\/4434\/revisions\/4442"}],"up":[{"embeddable":true,"href":"https:\/\/www.harmonyresorts.gr\/de\/wp-json\/wp\/v2\/pages\/4281"}],"wp:featuredmedia":[{"embeddable":true,"href":"https:\/\/www.harmonyresorts.gr\/de\/wp-json\/wp\/v2\/media\/2969"}],"wp:attachment":[{"href":"https:\/\/www.harmonyresorts.gr\/de\/wp-json\/wp\/v2\/media?parent=4434"}],"curies":[{"name":"wp","href":"https:\/\/api.w.org\/{rel}","templated":true}]}}