{"id":4452,"date":"2019-05-03T13:07:26","date_gmt":"2019-05-03T10:07:26","guid":{"rendered":"http:\/\/harmony.cms4.nelios.com\/hotel-location\/discover-rhodes\/rest-of-the-island\/valley-of-the-butterflies\/"},"modified":"2020-12-16T14:53:14","modified_gmt":"2020-12-16T11:53:14","slug":"valley-of-the-butterflies","status":"publish","type":"page","link":"https:\/\/www.harmonyresorts.gr\/de\/discover-rhodes\/rest-of-the-island\/valley-of-the-butterflies\/","title":{"rendered":"Schmetterlingstal"},"content":{"rendered":"<p>Das Schmetterlingstal mit Kiefern und Storax B\u00e4umen wird w\u00e4hrend der Monate Juni bis September von braun-roten Schmetterlingen (eine Motte der Panaxia Quadripunktaria) bev\u00f6lkert. Ein wirklich fantastischer Platz f\u00fcr alle auf der Suche nach Ruhe und Erholung. Die wundersch\u00f6ne Natur bietet enge felsige Wanderwege, mit Wasserlilien geschm\u00fcckte Seen, rustikale Br\u00fccken und Wasserf\u00e4lle. Der Duft des Harzes liegt in der Luft und schafft so bis zum Ende des Tales eine sehr beruhigende Atmosph\u00e4re.<\/p>\n","protected":false},"excerpt":{"rendered":"<p>Das Schmetterlingstal mit Kiefern und Storax B\u00e4umen wird w\u00e4hrend der Monate Juni bis September von braun-roten Schmetterlingen (eine Motte der Panaxia Quadripunktaria) bev\u00f6lkert. Ein wirklich fantastischer Platz f\u00fcr alle auf der Suche nach Ruhe und Erholung. Die wundersch\u00f6ne Natur bietet enge felsige Wanderwege, mit Wasserlilien geschm\u00fcckte Seen, rustikale Br\u00fccken und Wasserf\u00e4lle. Der Duft des Harzes<\/p>\n","protected":false},"author":1,"featured_media":2626,"parent":4213,"menu_order":0,"comment_status":"closed","ping_status":"closed","template":"","meta":{"_acf_changed":false,"footnotes":""},"class_list":["post-4452","page","type-page","status-publish","has-post-thumbnail","hentry"],"acf":[],"yoast_head":"<!-- This site is optimized with the Yoast SEO plugin v26.9 - https:\/\/yoast.com\/product\/yoast-seo-wordpress\/ -->\n<title>Schmetterlingstal - Harmony Resorts<\/title>\n<meta name=\"robots\" content=\"index, follow, max-snippet:-1, max-image-preview:large, max-video-preview:-1\" \/>\n<link rel=\"canonical\" href=\"https:\/\/www.harmonyresorts.gr\/de\/discover-rhodes\/rest-of-the-island\/valley-of-the-butterflies\/\" \/>\n<meta property=\"og:locale\" content=\"de_DE\" \/>\n<meta property=\"og:type\" content=\"article\" \/>\n<meta property=\"og:title\" content=\"Schmetterlingstal - Harmony Resorts\" \/>\n<meta property=\"og:description\" content=\"Das Schmetterlingstal mit Kiefern und Storax B\u00e4umen wird w\u00e4hrend der Monate Juni bis September von braun-roten Schmetterlingen (eine Motte der Panaxia Quadripunktaria) bev\u00f6lkert. Ein wirklich fantastischer Platz f\u00fcr alle auf der Suche nach Ruhe und Erholung. Die wundersch\u00f6ne Natur bietet enge felsige Wanderwege, mit Wasserlilien geschm\u00fcckte Seen, rustikale Br\u00fccken und Wasserf\u00e4lle. Der Duft des Harzes\" \/>\n<meta property=\"og:url\" content=\"https:\/\/www.harmonyresorts.gr\/de\/discover-rhodes\/rest-of-the-island\/valley-of-the-butterflies\/\" \/>\n<meta property=\"og:site_name\" content=\"Harmony Resorts\" \/>\n<meta property=\"article:modified_time\" content=\"2020-12-16T11:53:14+00:00\" \/>\n<meta property=\"og:image\" content=\"https:\/\/www.harmonyresorts.gr\/app\/uploads\/sites\/48\/2019\/05\/Butterfly_Valley_Rhodes_Greece_02.jpeg\" \/>\n\t<meta property=\"og:image:width\" content=\"2560\" \/>\n\t<meta property=\"og:image:height\" content=\"1920\" \/>\n\t<meta property=\"og:image:type\" content=\"image\/jpeg\" \/>\n<meta name=\"twitter:card\" content=\"summary_large_image\" \/>\n<script type=\"application\/ld+json\" class=\"yoast-schema-graph\">{\"@context\":\"https:\/\/schema.org\",\"@graph\":[{\"@type\":\"WebPage\",\"@id\":\"https:\/\/www.harmonyresorts.gr\/de\/discover-rhodes\/rest-of-the-island\/valley-of-the-butterflies\/\",\"url\":\"https:\/\/www.harmonyresorts.gr\/de\/discover-rhodes\/rest-of-the-island\/valley-of-the-butterflies\/\",\"name\":\"Schmetterlingstal - Harmony Resorts\",\"isPartOf\":{\"@id\":\"https:\/\/www.harmonyresorts.gr\/ru\/#website\"},\"primaryImageOfPage\":{\"@id\":\"https:\/\/www.harmonyresorts.gr\/de\/discover-rhodes\/rest-of-the-island\/valley-of-the-butterflies\/#primaryimage\"},\"image\":{\"@id\":\"https:\/\/www.harmonyresorts.gr\/de\/discover-rhodes\/rest-of-the-island\/valley-of-the-butterflies\/#primaryimage\"},\"thumbnailUrl\":\"https:\/\/www.harmonyresorts.gr\/app\/uploads\/sites\/48\/2019\/05\/Butterfly_Valley_Rhodes_Greece_02.jpeg\",\"datePublished\":\"2019-05-03T10:07:26+00:00\",\"dateModified\":\"2020-12-16T11:53:14+00:00\",\"breadcrumb\":{\"@id\":\"https:\/\/www.harmonyresorts.gr\/de\/discover-rhodes\/rest-of-the-island\/valley-of-the-butterflies\/#breadcrumb\"},\"inLanguage\":\"de\",\"potentialAction\":[{\"@type\":\"ReadAction\",\"target\":[\"https:\/\/www.harmonyresorts.gr\/de\/discover-rhodes\/rest-of-the-island\/valley-of-the-butterflies\/\"]}]},{\"@type\":\"ImageObject\",\"inLanguage\":\"de\",\"@id\":\"https:\/\/www.harmonyresorts.gr\/de\/discover-rhodes\/rest-of-the-island\/valley-of-the-butterflies\/#primaryimage\",\"url\":\"https:\/\/www.harmonyresorts.gr\/app\/uploads\/sites\/48\/2019\/05\/Butterfly_Valley_Rhodes_Greece_02.jpeg\",\"contentUrl\":\"https:\/\/www.harmonyresorts.gr\/app\/uploads\/sites\/48\/2019\/05\/Butterfly_Valley_Rhodes_Greece_02.jpeg\",\"width\":2560,\"height\":1920},{\"@type\":\"BreadcrumbList\",\"@id\":\"https:\/\/www.harmonyresorts.gr\/de\/discover-rhodes\/rest-of-the-island\/valley-of-the-butterflies\/#breadcrumb\",\"itemListElement\":[{\"@type\":\"ListItem\",\"position\":1,\"name\":\"Home\",\"item\":\"https:\/\/www.harmonyresorts.gr\/de\/\"},{\"@type\":\"ListItem\",\"position\":2,\"name\":\"Entdecken Sie Rhodos\",\"item\":\"https:\/\/www.harmonyresorts.gr\/de\/discover-rhodes\/\"},{\"@type\":\"ListItem\",\"position\":3,\"name\":\"Rest Der Insel\",\"item\":\"https:\/\/www.harmonyresorts.gr\/de\/discover-rhodes\/rest-of-the-island\/\"},{\"@type\":\"ListItem\",\"position\":4,\"name\":\"Schmetterlingstal\"}]},{\"@type\":\"WebSite\",\"@id\":\"https:\/\/www.harmonyresorts.gr\/ru\/#website\",\"url\":\"https:\/\/www.harmonyresorts.gr\/ru\/\",\"name\":\"Harmony Resorts\",\"description\":\"Harmony Resorts\",\"potentialAction\":[{\"@type\":\"SearchAction\",\"target\":{\"@type\":\"EntryPoint\",\"urlTemplate\":\"https:\/\/www.harmonyresorts.gr\/ru\/?s={search_term_string}\"},\"query-input\":{\"@type\":\"PropertyValueSpecification\",\"valueRequired\":true,\"valueName\":\"search_term_string\"}}],\"inLanguage\":\"de\"}]}<\/script>\n<!-- \/ Yoast SEO plugin. -->","yoast_head_json":{"title":"Schmetterlingstal - Harmony Resorts","robots":{"index":"index","follow":"follow","max-snippet":"max-snippet:-1","max-image-preview":"max-image-preview:large","max-video-preview":"max-video-preview:-1"},"canonical":"https:\/\/www.harmonyresorts.gr\/de\/discover-rhodes\/rest-of-the-island\/valley-of-the-butterflies\/","og_locale":"de_DE","og_type":"article","og_title":"Schmetterlingstal - Harmony Resorts","og_description":"Das Schmetterlingstal mit Kiefern und Storax B\u00e4umen wird w\u00e4hrend der Monate Juni bis September von braun-roten Schmetterlingen (eine Motte der Panaxia Quadripunktaria) bev\u00f6lkert. Ein wirklich fantastischer Platz f\u00fcr alle auf der Suche nach Ruhe und Erholung. Die wundersch\u00f6ne Natur bietet enge felsige Wanderwege, mit Wasserlilien geschm\u00fcckte Seen, rustikale Br\u00fccken und Wasserf\u00e4lle. Der Duft des Harzes","og_url":"https:\/\/www.harmonyresorts.gr\/de\/discover-rhodes\/rest-of-the-island\/valley-of-the-butterflies\/","og_site_name":"Harmony Resorts","article_modified_time":"2020-12-16T11:53:14+00:00","og_image":[{"width":2560,"height":1920,"url":"https:\/\/www.harmonyresorts.gr\/app\/uploads\/sites\/48\/2019\/05\/Butterfly_Valley_Rhodes_Greece_02.jpeg","type":"image\/jpeg"}],"twitter_card":"summary_large_image","schema":{"@context":"https:\/\/schema.org","@graph":[{"@type":"WebPage","@id":"https:\/\/www.harmonyresorts.gr\/de\/discover-rhodes\/rest-of-the-island\/valley-of-the-butterflies\/","url":"https:\/\/www.harmonyresorts.gr\/de\/discover-rhodes\/rest-of-the-island\/valley-of-the-butterflies\/","name":"Schmetterlingstal - Harmony Resorts","isPartOf":{"@id":"https:\/\/www.harmonyresorts.gr\/ru\/#website"},"primaryImageOfPage":{"@id":"https:\/\/www.harmonyresorts.gr\/de\/discover-rhodes\/rest-of-the-island\/valley-of-the-butterflies\/#primaryimage"},"image":{"@id":"https:\/\/www.harmonyresorts.gr\/de\/discover-rhodes\/rest-of-the-island\/valley-of-the-butterflies\/#primaryimage"},"thumbnailUrl":"https:\/\/www.harmonyresorts.gr\/app\/uploads\/sites\/48\/2019\/05\/Butterfly_Valley_Rhodes_Greece_02.jpeg","datePublished":"2019-05-03T10:07:26+00:00","dateModified":"2020-12-16T11:53:14+00:00","breadcrumb":{"@id":"https:\/\/www.harmonyresorts.gr\/de\/discover-rhodes\/rest-of-the-island\/valley-of-the-butterflies\/#breadcrumb"},"inLanguage":"de","potentialAction":[{"@type":"ReadAction","target":["https:\/\/www.harmonyresorts.gr\/de\/discover-rhodes\/rest-of-the-island\/valley-of-the-butterflies\/"]}]},{"@type":"ImageObject","inLanguage":"de","@id":"https:\/\/www.harmonyresorts.gr\/de\/discover-rhodes\/rest-of-the-island\/valley-of-the-butterflies\/#primaryimage","url":"https:\/\/www.harmonyresorts.gr\/app\/uploads\/sites\/48\/2019\/05\/Butterfly_Valley_Rhodes_Greece_02.jpeg","contentUrl":"https:\/\/www.harmonyresorts.gr\/app\/uploads\/sites\/48\/2019\/05\/Butterfly_Valley_Rhodes_Greece_02.jpeg","width":2560,"height":1920},{"@type":"BreadcrumbList","@id":"https:\/\/www.harmonyresorts.gr\/de\/discover-rhodes\/rest-of-the-island\/valley-of-the-butterflies\/#breadcrumb","itemListElement":[{"@type":"ListItem","position":1,"name":"Home","item":"https:\/\/www.harmonyresorts.gr\/de\/"},{"@type":"ListItem","position":2,"name":"Entdecken Sie Rhodos","item":"https:\/\/www.harmonyresorts.gr\/de\/discover-rhodes\/"},{"@type":"ListItem","position":3,"name":"Rest Der Insel","item":"https:\/\/www.harmonyresorts.gr\/de\/discover-rhodes\/rest-of-the-island\/"},{"@type":"ListItem","position":4,"name":"Schmetterlingstal"}]},{"@type":"WebSite","@id":"https:\/\/www.harmonyresorts.gr\/ru\/#website","url":"https:\/\/www.harmonyresorts.gr\/ru\/","name":"Harmony Resorts","description":"Harmony Resorts","potentialAction":[{"@type":"SearchAction","target":{"@type":"EntryPoint","urlTemplate":"https:\/\/www.harmonyresorts.gr\/ru\/?s={search_term_string}"},"query-input":{"@type":"PropertyValueSpecification","valueRequired":true,"valueName":"search_term_string"}}],"inLanguage":"de"}]}},"_links":{"self":[{"href":"https:\/\/www.harmonyresorts.gr\/de\/wp-json\/wp\/v2\/pages\/4452"}],"collection":[{"href":"https:\/\/www.harmonyresorts.gr\/de\/wp-json\/wp\/v2\/pages"}],"about":[{"href":"https:\/\/www.harmonyresorts.gr\/de\/wp-json\/wp\/v2\/types\/page"}],"author":[{"embeddable":true,"href":"https:\/\/www.harmonyresorts.gr\/de\/wp-json\/wp\/v2\/users\/1"}],"replies":[{"embeddable":true,"href":"https:\/\/www.harmonyresorts.gr\/de\/wp-json\/wp\/v2\/comments?post=4452"}],"version-history":[{"count":2,"href":"https:\/\/www.harmonyresorts.gr\/de\/wp-json\/wp\/v2\/pages\/4452\/revisions"}],"predecessor-version":[{"id":4468,"href":"https:\/\/www.harmonyresorts.gr\/de\/wp-json\/wp\/v2\/pages\/4452\/revisions\/4468"}],"up":[{"embeddable":true,"href":"https:\/\/www.harmonyresorts.gr\/de\/wp-json\/wp\/v2\/pages\/4213"}],"wp:featuredmedia":[{"embeddable":true,"href":"https:\/\/www.harmonyresorts.gr\/de\/wp-json\/wp\/v2\/media\/2626"}],"wp:attachment":[{"href":"https:\/\/www.harmonyresorts.gr\/de\/wp-json\/wp\/v2\/media?parent=4452"}],"curies":[{"name":"wp","href":"https:\/\/api.w.org\/{rel}","templated":true}]}}