{"id":4480,"date":"2019-05-03T12:48:58","date_gmt":"2019-05-03T09:48:58","guid":{"rendered":"http:\/\/harmony.cms4.nelios.com\/hotel-location\/discover-rhodes\/rest-of-the-island\/filerimos-the-cross\/"},"modified":"2020-12-16T14:53:14","modified_gmt":"2020-12-16T11:53:14","slug":"filerimos-the-cross","status":"publish","type":"page","link":"https:\/\/www.harmonyresorts.gr\/de\/discover-rhodes\/rest-of-the-island\/filerimos-the-cross\/","title":{"rendered":"Filerimos \u2013 Das Kreuz"},"content":{"rendered":"<p>Filerimos, am Stadtrand von Rhodos, ist ein H\u00fcgel mit 267 Metern von wo aus man einen guten Blick auf die kleine Stadt von Ialyssos und die Bucht von Ixia und Trianda hat. Ein idealer Platz um einen fantastischen Panoramablick auf das \u00c4g\u00e4ische Meer zu genie\u00dfen oder einen Spaziergang durch die Natur zu machen. Der Platz ist umgeben von zahlreichen Zypressen, Kiefern und anderen Baumarten. Auf der Spitze des H\u00fcgels ruht das Kloster von Filerimos, als auch Ruinen des Tempels der Athena Polias, da sich an diesem Platz einmal die antike Stadt von Ialysos befand. Eine Treppe am Eingang f\u00fchrt hinauf zu einer von Zypressen und Bouganvillea ges\u00e4umten Allee, endend am Kloster und den Grundmauern des Tempels. In der anderen Richtung bilden verkr\u00fcppelte Zedern einen Bogengang und f\u00fchren zum Belvedere, wo vor einigen Jahren ein gigantisches Kreuz aus Beton errichtet wurde. Filerimos als auch Lindos sind vielleicht die am meist beliebtesten Pl\u00e4tze f\u00fcr Hochzeitszeremonien auf Rhodos.<\/p>\n","protected":false},"excerpt":{"rendered":"<p>Filerimos, am Stadtrand von Rhodos, ist ein H\u00fcgel mit 267 Metern von wo aus man einen guten Blick auf die kleine Stadt von Ialyssos und die Bucht von Ixia und Trianda hat. Ein idealer Platz um einen fantastischen Panoramablick auf das \u00c4g\u00e4ische Meer zu genie\u00dfen oder einen Spaziergang durch die Natur zu machen. Der Platz<\/p>\n","protected":false},"author":1,"featured_media":2589,"parent":4213,"menu_order":0,"comment_status":"closed","ping_status":"closed","template":"","meta":{"_acf_changed":false,"footnotes":""},"class_list":["post-4480","page","type-page","status-publish","has-post-thumbnail","hentry"],"acf":[],"yoast_head":"<!-- This site is optimized with the Yoast SEO plugin v26.9 - https:\/\/yoast.com\/product\/yoast-seo-wordpress\/ -->\n<title>Filerimos \u2013 Das Kreuz - Harmony Resorts<\/title>\n<meta name=\"robots\" content=\"index, follow, max-snippet:-1, max-image-preview:large, max-video-preview:-1\" \/>\n<link rel=\"canonical\" href=\"https:\/\/www.harmonyresorts.gr\/de\/discover-rhodes\/rest-of-the-island\/filerimos-the-cross\/\" \/>\n<meta property=\"og:locale\" content=\"de_DE\" \/>\n<meta property=\"og:type\" content=\"article\" \/>\n<meta property=\"og:title\" content=\"Filerimos \u2013 Das Kreuz - Harmony Resorts\" \/>\n<meta property=\"og:description\" content=\"Filerimos, am Stadtrand von Rhodos, ist ein H\u00fcgel mit 267 Metern von wo aus man einen guten Blick auf die kleine Stadt von Ialyssos und die Bucht von Ixia und Trianda hat. Ein idealer Platz um einen fantastischen Panoramablick auf das \u00c4g\u00e4ische Meer zu genie\u00dfen oder einen Spaziergang durch die Natur zu machen. Der Platz\" \/>\n<meta property=\"og:url\" content=\"https:\/\/www.harmonyresorts.gr\/de\/discover-rhodes\/rest-of-the-island\/filerimos-the-cross\/\" \/>\n<meta property=\"og:site_name\" content=\"Harmony Resorts\" \/>\n<meta property=\"article:modified_time\" content=\"2020-12-16T11:53:14+00:00\" \/>\n<meta property=\"og:image\" content=\"https:\/\/www.harmonyresorts.gr\/app\/uploads\/sites\/48\/2019\/05\/filerimos-600x400.jpeg\" \/>\n\t<meta property=\"og:image:width\" content=\"600\" \/>\n\t<meta property=\"og:image:height\" content=\"400\" \/>\n\t<meta property=\"og:image:type\" content=\"image\/jpeg\" \/>\n<meta name=\"twitter:card\" content=\"summary_large_image\" \/>\n<meta name=\"twitter:label1\" content=\"Est. reading time\" \/>\n\t<meta name=\"twitter:data1\" content=\"1\u00a0Minute\" \/>\n<script type=\"application\/ld+json\" class=\"yoast-schema-graph\">{\"@context\":\"https:\/\/schema.org\",\"@graph\":[{\"@type\":\"WebPage\",\"@id\":\"https:\/\/www.harmonyresorts.gr\/de\/discover-rhodes\/rest-of-the-island\/filerimos-the-cross\/\",\"url\":\"https:\/\/www.harmonyresorts.gr\/de\/discover-rhodes\/rest-of-the-island\/filerimos-the-cross\/\",\"name\":\"Filerimos \u2013 Das Kreuz - Harmony Resorts\",\"isPartOf\":{\"@id\":\"https:\/\/www.harmonyresorts.gr\/ru\/#website\"},\"primaryImageOfPage\":{\"@id\":\"https:\/\/www.harmonyresorts.gr\/de\/discover-rhodes\/rest-of-the-island\/filerimos-the-cross\/#primaryimage\"},\"image\":{\"@id\":\"https:\/\/www.harmonyresorts.gr\/de\/discover-rhodes\/rest-of-the-island\/filerimos-the-cross\/#primaryimage\"},\"thumbnailUrl\":\"https:\/\/www.harmonyresorts.gr\/app\/uploads\/sites\/48\/2019\/05\/filerimos.jpeg\",\"datePublished\":\"2019-05-03T09:48:58+00:00\",\"dateModified\":\"2020-12-16T11:53:14+00:00\",\"breadcrumb\":{\"@id\":\"https:\/\/www.harmonyresorts.gr\/de\/discover-rhodes\/rest-of-the-island\/filerimos-the-cross\/#breadcrumb\"},\"inLanguage\":\"de\",\"potentialAction\":[{\"@type\":\"ReadAction\",\"target\":[\"https:\/\/www.harmonyresorts.gr\/de\/discover-rhodes\/rest-of-the-island\/filerimos-the-cross\/\"]}]},{\"@type\":\"ImageObject\",\"inLanguage\":\"de\",\"@id\":\"https:\/\/www.harmonyresorts.gr\/de\/discover-rhodes\/rest-of-the-island\/filerimos-the-cross\/#primaryimage\",\"url\":\"https:\/\/www.harmonyresorts.gr\/app\/uploads\/sites\/48\/2019\/05\/filerimos.jpeg\",\"contentUrl\":\"https:\/\/www.harmonyresorts.gr\/app\/uploads\/sites\/48\/2019\/05\/filerimos.jpeg\",\"width\":2560,\"height\":1706},{\"@type\":\"BreadcrumbList\",\"@id\":\"https:\/\/www.harmonyresorts.gr\/de\/discover-rhodes\/rest-of-the-island\/filerimos-the-cross\/#breadcrumb\",\"itemListElement\":[{\"@type\":\"ListItem\",\"position\":1,\"name\":\"Home\",\"item\":\"https:\/\/www.harmonyresorts.gr\/de\/\"},{\"@type\":\"ListItem\",\"position\":2,\"name\":\"Entdecken Sie Rhodos\",\"item\":\"https:\/\/www.harmonyresorts.gr\/de\/discover-rhodes\/\"},{\"@type\":\"ListItem\",\"position\":3,\"name\":\"Rest Der Insel\",\"item\":\"https:\/\/www.harmonyresorts.gr\/de\/discover-rhodes\/rest-of-the-island\/\"},{\"@type\":\"ListItem\",\"position\":4,\"name\":\"Filerimos \u2013 Das Kreuz\"}]},{\"@type\":\"WebSite\",\"@id\":\"https:\/\/www.harmonyresorts.gr\/ru\/#website\",\"url\":\"https:\/\/www.harmonyresorts.gr\/ru\/\",\"name\":\"Harmony Resorts\",\"description\":\"Harmony Resorts\",\"potentialAction\":[{\"@type\":\"SearchAction\",\"target\":{\"@type\":\"EntryPoint\",\"urlTemplate\":\"https:\/\/www.harmonyresorts.gr\/ru\/?s={search_term_string}\"},\"query-input\":{\"@type\":\"PropertyValueSpecification\",\"valueRequired\":true,\"valueName\":\"search_term_string\"}}],\"inLanguage\":\"de\"}]}<\/script>\n<!-- \/ Yoast SEO plugin. -->","yoast_head_json":{"title":"Filerimos \u2013 Das Kreuz - Harmony Resorts","robots":{"index":"index","follow":"follow","max-snippet":"max-snippet:-1","max-image-preview":"max-image-preview:large","max-video-preview":"max-video-preview:-1"},"canonical":"https:\/\/www.harmonyresorts.gr\/de\/discover-rhodes\/rest-of-the-island\/filerimos-the-cross\/","og_locale":"de_DE","og_type":"article","og_title":"Filerimos \u2013 Das Kreuz - Harmony Resorts","og_description":"Filerimos, am Stadtrand von Rhodos, ist ein H\u00fcgel mit 267 Metern von wo aus man einen guten Blick auf die kleine Stadt von Ialyssos und die Bucht von Ixia und Trianda hat. Ein idealer Platz um einen fantastischen Panoramablick auf das \u00c4g\u00e4ische Meer zu genie\u00dfen oder einen Spaziergang durch die Natur zu machen. Der Platz","og_url":"https:\/\/www.harmonyresorts.gr\/de\/discover-rhodes\/rest-of-the-island\/filerimos-the-cross\/","og_site_name":"Harmony Resorts","article_modified_time":"2020-12-16T11:53:14+00:00","og_image":[{"width":600,"height":400,"url":"https:\/\/www.harmonyresorts.gr\/app\/uploads\/sites\/48\/2019\/05\/filerimos-600x400.jpeg","type":"image\/jpeg"}],"twitter_card":"summary_large_image","twitter_misc":{"Est. reading time":"1\u00a0Minute"},"schema":{"@context":"https:\/\/schema.org","@graph":[{"@type":"WebPage","@id":"https:\/\/www.harmonyresorts.gr\/de\/discover-rhodes\/rest-of-the-island\/filerimos-the-cross\/","url":"https:\/\/www.harmonyresorts.gr\/de\/discover-rhodes\/rest-of-the-island\/filerimos-the-cross\/","name":"Filerimos \u2013 Das Kreuz - Harmony Resorts","isPartOf":{"@id":"https:\/\/www.harmonyresorts.gr\/ru\/#website"},"primaryImageOfPage":{"@id":"https:\/\/www.harmonyresorts.gr\/de\/discover-rhodes\/rest-of-the-island\/filerimos-the-cross\/#primaryimage"},"image":{"@id":"https:\/\/www.harmonyresorts.gr\/de\/discover-rhodes\/rest-of-the-island\/filerimos-the-cross\/#primaryimage"},"thumbnailUrl":"https:\/\/www.harmonyresorts.gr\/app\/uploads\/sites\/48\/2019\/05\/filerimos.jpeg","datePublished":"2019-05-03T09:48:58+00:00","dateModified":"2020-12-16T11:53:14+00:00","breadcrumb":{"@id":"https:\/\/www.harmonyresorts.gr\/de\/discover-rhodes\/rest-of-the-island\/filerimos-the-cross\/#breadcrumb"},"inLanguage":"de","potentialAction":[{"@type":"ReadAction","target":["https:\/\/www.harmonyresorts.gr\/de\/discover-rhodes\/rest-of-the-island\/filerimos-the-cross\/"]}]},{"@type":"ImageObject","inLanguage":"de","@id":"https:\/\/www.harmonyresorts.gr\/de\/discover-rhodes\/rest-of-the-island\/filerimos-the-cross\/#primaryimage","url":"https:\/\/www.harmonyresorts.gr\/app\/uploads\/sites\/48\/2019\/05\/filerimos.jpeg","contentUrl":"https:\/\/www.harmonyresorts.gr\/app\/uploads\/sites\/48\/2019\/05\/filerimos.jpeg","width":2560,"height":1706},{"@type":"BreadcrumbList","@id":"https:\/\/www.harmonyresorts.gr\/de\/discover-rhodes\/rest-of-the-island\/filerimos-the-cross\/#breadcrumb","itemListElement":[{"@type":"ListItem","position":1,"name":"Home","item":"https:\/\/www.harmonyresorts.gr\/de\/"},{"@type":"ListItem","position":2,"name":"Entdecken Sie Rhodos","item":"https:\/\/www.harmonyresorts.gr\/de\/discover-rhodes\/"},{"@type":"ListItem","position":3,"name":"Rest Der Insel","item":"https:\/\/www.harmonyresorts.gr\/de\/discover-rhodes\/rest-of-the-island\/"},{"@type":"ListItem","position":4,"name":"Filerimos \u2013 Das Kreuz"}]},{"@type":"WebSite","@id":"https:\/\/www.harmonyresorts.gr\/ru\/#website","url":"https:\/\/www.harmonyresorts.gr\/ru\/","name":"Harmony Resorts","description":"Harmony Resorts","potentialAction":[{"@type":"SearchAction","target":{"@type":"EntryPoint","urlTemplate":"https:\/\/www.harmonyresorts.gr\/ru\/?s={search_term_string}"},"query-input":{"@type":"PropertyValueSpecification","valueRequired":true,"valueName":"search_term_string"}}],"inLanguage":"de"}]}},"_links":{"self":[{"href":"https:\/\/www.harmonyresorts.gr\/de\/wp-json\/wp\/v2\/pages\/4480"}],"collection":[{"href":"https:\/\/www.harmonyresorts.gr\/de\/wp-json\/wp\/v2\/pages"}],"about":[{"href":"https:\/\/www.harmonyresorts.gr\/de\/wp-json\/wp\/v2\/types\/page"}],"author":[{"embeddable":true,"href":"https:\/\/www.harmonyresorts.gr\/de\/wp-json\/wp\/v2\/users\/1"}],"replies":[{"embeddable":true,"href":"https:\/\/www.harmonyresorts.gr\/de\/wp-json\/wp\/v2\/comments?post=4480"}],"version-history":[{"count":2,"href":"https:\/\/www.harmonyresorts.gr\/de\/wp-json\/wp\/v2\/pages\/4480\/revisions"}],"predecessor-version":[{"id":4487,"href":"https:\/\/www.harmonyresorts.gr\/de\/wp-json\/wp\/v2\/pages\/4480\/revisions\/4487"}],"up":[{"embeddable":true,"href":"https:\/\/www.harmonyresorts.gr\/de\/wp-json\/wp\/v2\/pages\/4213"}],"wp:featuredmedia":[{"embeddable":true,"href":"https:\/\/www.harmonyresorts.gr\/de\/wp-json\/wp\/v2\/media\/2589"}],"wp:attachment":[{"href":"https:\/\/www.harmonyresorts.gr\/de\/wp-json\/wp\/v2\/media?parent=4480"}],"curies":[{"name":"wp","href":"https:\/\/api.w.org\/{rel}","templated":true}]}}