{"id":4503,"date":"2019-05-03T16:10:49","date_gmt":"2019-05-03T13:10:49","guid":{"rendered":"http:\/\/harmony.cms4.nelios.com\/hotel-location\/discover-rhodes\/popular-beaches\/lindos-beach\/"},"modified":"2020-12-16T14:53:14","modified_gmt":"2020-12-16T11:53:14","slug":"lindos-beach","status":"publish","type":"page","link":"https:\/\/www.harmonyresorts.gr\/de\/discover-rhodes\/popular-beaches\/lindos-beach\/","title":{"rendered":"Strand von Lindos (Limanaki Agios Pavlos)"},"content":{"rendered":"<p>Strand von Lindos (Limanaki Agios Pavlos): genau nach dem Vlicha Strand und 48 km entfernt von Rhodos, ruht die fabelhafte Bucht von Lindos. Wie an den anderen Str\u00e4nden ist das Wasser kristallklar und es gibt viele M\u00f6glichkeiten f\u00fcr Wassersportaktivit\u00e4ten als auch qualitativ hochwertige Restaurants, Pubs und Bars.<\/p>\n","protected":false},"excerpt":{"rendered":"<p>Strand von Lindos (Limanaki Agios Pavlos): genau nach dem Vlicha Strand und 48 km entfernt von Rhodos, ruht die fabelhafte Bucht von Lindos. Wie an den anderen Str\u00e4nden ist das Wasser kristallklar und es gibt viele M\u00f6glichkeiten f\u00fcr Wassersportaktivit\u00e4ten als auch qualitativ hochwertige Restaurants, Pubs und Bars.<\/p>\n","protected":false},"author":1,"featured_media":2843,"parent":4281,"menu_order":0,"comment_status":"closed","ping_status":"closed","template":"","meta":{"_acf_changed":false,"footnotes":""},"class_list":["post-4503","page","type-page","status-publish","has-post-thumbnail","hentry"],"acf":[],"yoast_head":"<!-- This site is optimized with the Yoast SEO plugin v26.9 - https:\/\/yoast.com\/product\/yoast-seo-wordpress\/ -->\n<title>Strand von Lindos (Limanaki Agios Pavlos) - Harmony Resorts<\/title>\n<meta name=\"robots\" content=\"index, follow, max-snippet:-1, max-image-preview:large, max-video-preview:-1\" \/>\n<link rel=\"canonical\" href=\"https:\/\/www.harmonyresorts.gr\/de\/discover-rhodes\/popular-beaches\/lindos-beach\/\" \/>\n<meta property=\"og:locale\" content=\"de_DE\" \/>\n<meta property=\"og:type\" content=\"article\" \/>\n<meta property=\"og:title\" content=\"Strand von Lindos (Limanaki Agios Pavlos) - Harmony Resorts\" \/>\n<meta property=\"og:description\" content=\"Strand von Lindos (Limanaki Agios Pavlos): genau nach dem Vlicha Strand und 48 km entfernt von Rhodos, ruht die fabelhafte Bucht von Lindos. Wie an den anderen Str\u00e4nden ist das Wasser kristallklar und es gibt viele M\u00f6glichkeiten f\u00fcr Wassersportaktivit\u00e4ten als auch qualitativ hochwertige Restaurants, Pubs und Bars.\" \/>\n<meta property=\"og:url\" content=\"https:\/\/www.harmonyresorts.gr\/de\/discover-rhodes\/popular-beaches\/lindos-beach\/\" \/>\n<meta property=\"og:site_name\" content=\"Harmony Resorts\" \/>\n<meta property=\"article:modified_time\" content=\"2020-12-16T11:53:14+00:00\" \/>\n<meta property=\"og:image\" content=\"https:\/\/www.harmonyresorts.gr\/app\/uploads\/sites\/48\/2019\/05\/lindos_beach1.jpeg\" \/>\n\t<meta property=\"og:image:width\" content=\"1919\" \/>\n\t<meta property=\"og:image:height\" content=\"1439\" \/>\n\t<meta property=\"og:image:type\" content=\"image\/jpeg\" \/>\n<meta name=\"twitter:card\" content=\"summary_large_image\" \/>\n<script type=\"application\/ld+json\" class=\"yoast-schema-graph\">{\"@context\":\"https:\/\/schema.org\",\"@graph\":[{\"@type\":\"WebPage\",\"@id\":\"https:\/\/www.harmonyresorts.gr\/de\/discover-rhodes\/popular-beaches\/lindos-beach\/\",\"url\":\"https:\/\/www.harmonyresorts.gr\/de\/discover-rhodes\/popular-beaches\/lindos-beach\/\",\"name\":\"Strand von Lindos (Limanaki Agios Pavlos) - Harmony Resorts\",\"isPartOf\":{\"@id\":\"https:\/\/www.harmonyresorts.gr\/ru\/#website\"},\"primaryImageOfPage\":{\"@id\":\"https:\/\/www.harmonyresorts.gr\/de\/discover-rhodes\/popular-beaches\/lindos-beach\/#primaryimage\"},\"image\":{\"@id\":\"https:\/\/www.harmonyresorts.gr\/de\/discover-rhodes\/popular-beaches\/lindos-beach\/#primaryimage\"},\"thumbnailUrl\":\"https:\/\/www.harmonyresorts.gr\/app\/uploads\/sites\/48\/2019\/05\/lindos_beach1.jpeg\",\"datePublished\":\"2019-05-03T13:10:49+00:00\",\"dateModified\":\"2020-12-16T11:53:14+00:00\",\"breadcrumb\":{\"@id\":\"https:\/\/www.harmonyresorts.gr\/de\/discover-rhodes\/popular-beaches\/lindos-beach\/#breadcrumb\"},\"inLanguage\":\"de\",\"potentialAction\":[{\"@type\":\"ReadAction\",\"target\":[\"https:\/\/www.harmonyresorts.gr\/de\/discover-rhodes\/popular-beaches\/lindos-beach\/\"]}]},{\"@type\":\"ImageObject\",\"inLanguage\":\"de\",\"@id\":\"https:\/\/www.harmonyresorts.gr\/de\/discover-rhodes\/popular-beaches\/lindos-beach\/#primaryimage\",\"url\":\"https:\/\/www.harmonyresorts.gr\/app\/uploads\/sites\/48\/2019\/05\/lindos_beach1.jpeg\",\"contentUrl\":\"https:\/\/www.harmonyresorts.gr\/app\/uploads\/sites\/48\/2019\/05\/lindos_beach1.jpeg\",\"width\":1919,\"height\":1439},{\"@type\":\"BreadcrumbList\",\"@id\":\"https:\/\/www.harmonyresorts.gr\/de\/discover-rhodes\/popular-beaches\/lindos-beach\/#breadcrumb\",\"itemListElement\":[{\"@type\":\"ListItem\",\"position\":1,\"name\":\"Home\",\"item\":\"https:\/\/www.harmonyresorts.gr\/de\/\"},{\"@type\":\"ListItem\",\"position\":2,\"name\":\"Entdecken Sie Rhodos\",\"item\":\"https:\/\/www.harmonyresorts.gr\/de\/discover-rhodes\/\"},{\"@type\":\"ListItem\",\"position\":3,\"name\":\"Beliebte Str\u00e4nde\",\"item\":\"https:\/\/www.harmonyresorts.gr\/de\/discover-rhodes\/popular-beaches\/\"},{\"@type\":\"ListItem\",\"position\":4,\"name\":\"Strand von Lindos (Limanaki Agios Pavlos)\"}]},{\"@type\":\"WebSite\",\"@id\":\"https:\/\/www.harmonyresorts.gr\/ru\/#website\",\"url\":\"https:\/\/www.harmonyresorts.gr\/ru\/\",\"name\":\"Harmony Resorts\",\"description\":\"Harmony Resorts\",\"potentialAction\":[{\"@type\":\"SearchAction\",\"target\":{\"@type\":\"EntryPoint\",\"urlTemplate\":\"https:\/\/www.harmonyresorts.gr\/ru\/?s={search_term_string}\"},\"query-input\":{\"@type\":\"PropertyValueSpecification\",\"valueRequired\":true,\"valueName\":\"search_term_string\"}}],\"inLanguage\":\"de\"}]}<\/script>\n<!-- \/ Yoast SEO plugin. -->","yoast_head_json":{"title":"Strand von Lindos (Limanaki Agios Pavlos) - Harmony Resorts","robots":{"index":"index","follow":"follow","max-snippet":"max-snippet:-1","max-image-preview":"max-image-preview:large","max-video-preview":"max-video-preview:-1"},"canonical":"https:\/\/www.harmonyresorts.gr\/de\/discover-rhodes\/popular-beaches\/lindos-beach\/","og_locale":"de_DE","og_type":"article","og_title":"Strand von Lindos (Limanaki Agios Pavlos) - Harmony Resorts","og_description":"Strand von Lindos (Limanaki Agios Pavlos): genau nach dem Vlicha Strand und 48 km entfernt von Rhodos, ruht die fabelhafte Bucht von Lindos. Wie an den anderen Str\u00e4nden ist das Wasser kristallklar und es gibt viele M\u00f6glichkeiten f\u00fcr Wassersportaktivit\u00e4ten als auch qualitativ hochwertige Restaurants, Pubs und Bars.","og_url":"https:\/\/www.harmonyresorts.gr\/de\/discover-rhodes\/popular-beaches\/lindos-beach\/","og_site_name":"Harmony Resorts","article_modified_time":"2020-12-16T11:53:14+00:00","og_image":[{"width":1919,"height":1439,"url":"https:\/\/www.harmonyresorts.gr\/app\/uploads\/sites\/48\/2019\/05\/lindos_beach1.jpeg","type":"image\/jpeg"}],"twitter_card":"summary_large_image","schema":{"@context":"https:\/\/schema.org","@graph":[{"@type":"WebPage","@id":"https:\/\/www.harmonyresorts.gr\/de\/discover-rhodes\/popular-beaches\/lindos-beach\/","url":"https:\/\/www.harmonyresorts.gr\/de\/discover-rhodes\/popular-beaches\/lindos-beach\/","name":"Strand von Lindos (Limanaki Agios Pavlos) - Harmony Resorts","isPartOf":{"@id":"https:\/\/www.harmonyresorts.gr\/ru\/#website"},"primaryImageOfPage":{"@id":"https:\/\/www.harmonyresorts.gr\/de\/discover-rhodes\/popular-beaches\/lindos-beach\/#primaryimage"},"image":{"@id":"https:\/\/www.harmonyresorts.gr\/de\/discover-rhodes\/popular-beaches\/lindos-beach\/#primaryimage"},"thumbnailUrl":"https:\/\/www.harmonyresorts.gr\/app\/uploads\/sites\/48\/2019\/05\/lindos_beach1.jpeg","datePublished":"2019-05-03T13:10:49+00:00","dateModified":"2020-12-16T11:53:14+00:00","breadcrumb":{"@id":"https:\/\/www.harmonyresorts.gr\/de\/discover-rhodes\/popular-beaches\/lindos-beach\/#breadcrumb"},"inLanguage":"de","potentialAction":[{"@type":"ReadAction","target":["https:\/\/www.harmonyresorts.gr\/de\/discover-rhodes\/popular-beaches\/lindos-beach\/"]}]},{"@type":"ImageObject","inLanguage":"de","@id":"https:\/\/www.harmonyresorts.gr\/de\/discover-rhodes\/popular-beaches\/lindos-beach\/#primaryimage","url":"https:\/\/www.harmonyresorts.gr\/app\/uploads\/sites\/48\/2019\/05\/lindos_beach1.jpeg","contentUrl":"https:\/\/www.harmonyresorts.gr\/app\/uploads\/sites\/48\/2019\/05\/lindos_beach1.jpeg","width":1919,"height":1439},{"@type":"BreadcrumbList","@id":"https:\/\/www.harmonyresorts.gr\/de\/discover-rhodes\/popular-beaches\/lindos-beach\/#breadcrumb","itemListElement":[{"@type":"ListItem","position":1,"name":"Home","item":"https:\/\/www.harmonyresorts.gr\/de\/"},{"@type":"ListItem","position":2,"name":"Entdecken Sie Rhodos","item":"https:\/\/www.harmonyresorts.gr\/de\/discover-rhodes\/"},{"@type":"ListItem","position":3,"name":"Beliebte Str\u00e4nde","item":"https:\/\/www.harmonyresorts.gr\/de\/discover-rhodes\/popular-beaches\/"},{"@type":"ListItem","position":4,"name":"Strand von Lindos (Limanaki Agios Pavlos)"}]},{"@type":"WebSite","@id":"https:\/\/www.harmonyresorts.gr\/ru\/#website","url":"https:\/\/www.harmonyresorts.gr\/ru\/","name":"Harmony Resorts","description":"Harmony Resorts","potentialAction":[{"@type":"SearchAction","target":{"@type":"EntryPoint","urlTemplate":"https:\/\/www.harmonyresorts.gr\/ru\/?s={search_term_string}"},"query-input":{"@type":"PropertyValueSpecification","valueRequired":true,"valueName":"search_term_string"}}],"inLanguage":"de"}]}},"_links":{"self":[{"href":"https:\/\/www.harmonyresorts.gr\/de\/wp-json\/wp\/v2\/pages\/4503"}],"collection":[{"href":"https:\/\/www.harmonyresorts.gr\/de\/wp-json\/wp\/v2\/pages"}],"about":[{"href":"https:\/\/www.harmonyresorts.gr\/de\/wp-json\/wp\/v2\/types\/page"}],"author":[{"embeddable":true,"href":"https:\/\/www.harmonyresorts.gr\/de\/wp-json\/wp\/v2\/users\/1"}],"replies":[{"embeddable":true,"href":"https:\/\/www.harmonyresorts.gr\/de\/wp-json\/wp\/v2\/comments?post=4503"}],"version-history":[{"count":3,"href":"https:\/\/www.harmonyresorts.gr\/de\/wp-json\/wp\/v2\/pages\/4503\/revisions"}],"predecessor-version":[{"id":4511,"href":"https:\/\/www.harmonyresorts.gr\/de\/wp-json\/wp\/v2\/pages\/4503\/revisions\/4511"}],"up":[{"embeddable":true,"href":"https:\/\/www.harmonyresorts.gr\/de\/wp-json\/wp\/v2\/pages\/4281"}],"wp:featuredmedia":[{"embeddable":true,"href":"https:\/\/www.harmonyresorts.gr\/de\/wp-json\/wp\/v2\/media\/2843"}],"wp:attachment":[{"href":"https:\/\/www.harmonyresorts.gr\/de\/wp-json\/wp\/v2\/media?parent=4503"}],"curies":[{"name":"wp","href":"https:\/\/api.w.org\/{rel}","templated":true}]}}