{"id":4839,"date":"2019-10-29T12:26:07","date_gmt":"2019-10-29T09:26:07","guid":{"rendered":"http:\/\/harmony.cms4.nelios.com\/careers\/"},"modified":"2024-02-27T16:11:41","modified_gmt":"2024-02-27T13:11:41","slug":"careers","status":"publish","type":"page","link":"https:\/\/www.harmonyresorts.gr\/de\/careers\/","title":{"rendered":"Karriere"},"content":{"rendered":"<p>Harmony Resorts ist eine Gruppe von drei Resorthotels auf Rhodos, die f\u00fcr ihre hervorragende Servicequalit\u00e4t, die erstklassige Lage am Strand und die moderne Infrastruktur bekannt sind. Die Gruppe zeichnet sich durch ein ausgezeichnetes Serviceniveau, einen innovativen Gesch\u00e4ftsansatz, den Einsatz modernster Technologien und \u00f6kologische Verantwortung aus. Unsere leidenschaftlichen Mitarbeiter setzen sich daf\u00fcr ein, aus allt\u00e4glichen Momenten unvergessliche Erlebnisse zu machen, die einzigartig und unvergesslich sind. Es sind die Individualit\u00e4t, die Hingabe und das L\u00e4cheln unserer Mitarbeiter, die unsere G\u00e4ste Jahr f\u00fcr Jahr wiederkommen lassen. Wenn Sie sich f\u00fcr die Gastfreundschaft begeistern, k\u00f6nnten Sie bei uns eine harmonische Zukunft genie\u00dfen und Teil unseres dynamischen, schnell wachsenden Teams werden! Z\u00f6gern Sie nicht, das Kontaktformular auszuf\u00fcllen und Ihren Lebenslauf hochzuladen. Wir w\u00fcrden uns freuen, von Ihnen zu h\u00f6ren!<\/p>\n","protected":false},"excerpt":{"rendered":"<p>Harmony Resorts ist eine Gruppe von drei Resorthotels auf Rhodos, die f\u00fcr ihre hervorragende Servicequalit\u00e4t, die erstklassige Lage am Strand und die moderne Infrastruktur bekannt sind. Die Gruppe zeichnet sich durch ein ausgezeichnetes Serviceniveau, einen innovativen Gesch\u00e4ftsansatz, den Einsatz modernster Technologien und \u00f6kologische Verantwortung aus. Unsere leidenschaftlichen Mitarbeiter setzen sich daf\u00fcr ein, aus allt\u00e4glichen Momenten<\/p>\n","protected":false},"author":1,"featured_media":0,"parent":0,"menu_order":0,"comment_status":"closed","ping_status":"closed","template":"page-templates\/contact.php","meta":{"_acf_changed":false,"footnotes":""},"class_list":["post-4839","page","type-page","status-publish","hentry"],"acf":[],"yoast_head":"<!-- This site is optimized with the Yoast SEO plugin v26.9 - https:\/\/yoast.com\/product\/yoast-seo-wordpress\/ -->\n<title>Karriere - Harmony Resorts<\/title>\n<meta name=\"robots\" content=\"index, follow, max-snippet:-1, max-image-preview:large, max-video-preview:-1\" \/>\n<link rel=\"canonical\" href=\"https:\/\/www.harmonyresorts.gr\/de\/careers\/\" \/>\n<meta property=\"og:locale\" content=\"de_DE\" \/>\n<meta property=\"og:type\" content=\"article\" \/>\n<meta property=\"og:title\" content=\"Karriere - Harmony Resorts\" \/>\n<meta property=\"og:description\" content=\"Harmony Resorts ist eine Gruppe von drei Resorthotels auf Rhodos, die f\u00fcr ihre hervorragende Servicequalit\u00e4t, die erstklassige Lage am Strand und die moderne Infrastruktur bekannt sind. Die Gruppe zeichnet sich durch ein ausgezeichnetes Serviceniveau, einen innovativen Gesch\u00e4ftsansatz, den Einsatz modernster Technologien und \u00f6kologische Verantwortung aus. Unsere leidenschaftlichen Mitarbeiter setzen sich daf\u00fcr ein, aus allt\u00e4glichen Momenten\" \/>\n<meta property=\"og:url\" content=\"https:\/\/www.harmonyresorts.gr\/de\/careers\/\" \/>\n<meta property=\"og:site_name\" content=\"Harmony Resorts\" \/>\n<meta property=\"article:modified_time\" content=\"2024-02-27T13:11:41+00:00\" \/>\n<meta name=\"twitter:card\" content=\"summary_large_image\" \/>\n<meta name=\"twitter:label1\" content=\"Est. reading time\" \/>\n\t<meta name=\"twitter:data1\" content=\"1\u00a0Minute\" \/>\n<script type=\"application\/ld+json\" class=\"yoast-schema-graph\">{\"@context\":\"https:\/\/schema.org\",\"@graph\":[{\"@type\":\"WebPage\",\"@id\":\"https:\/\/www.harmonyresorts.gr\/de\/careers\/\",\"url\":\"https:\/\/www.harmonyresorts.gr\/de\/careers\/\",\"name\":\"Karriere - Harmony Resorts\",\"isPartOf\":{\"@id\":\"https:\/\/www.harmonyresorts.gr\/ru\/#website\"},\"datePublished\":\"2019-10-29T09:26:07+00:00\",\"dateModified\":\"2024-02-27T13:11:41+00:00\",\"breadcrumb\":{\"@id\":\"https:\/\/www.harmonyresorts.gr\/de\/careers\/#breadcrumb\"},\"inLanguage\":\"de\",\"potentialAction\":[{\"@type\":\"ReadAction\",\"target\":[\"https:\/\/www.harmonyresorts.gr\/de\/careers\/\"]}]},{\"@type\":\"BreadcrumbList\",\"@id\":\"https:\/\/www.harmonyresorts.gr\/de\/careers\/#breadcrumb\",\"itemListElement\":[{\"@type\":\"ListItem\",\"position\":1,\"name\":\"Home\",\"item\":\"https:\/\/www.harmonyresorts.gr\/de\/\"},{\"@type\":\"ListItem\",\"position\":2,\"name\":\"Karriere\"}]},{\"@type\":\"WebSite\",\"@id\":\"https:\/\/www.harmonyresorts.gr\/ru\/#website\",\"url\":\"https:\/\/www.harmonyresorts.gr\/ru\/\",\"name\":\"Harmony Resorts\",\"description\":\"Harmony Resorts\",\"potentialAction\":[{\"@type\":\"SearchAction\",\"target\":{\"@type\":\"EntryPoint\",\"urlTemplate\":\"https:\/\/www.harmonyresorts.gr\/ru\/?s={search_term_string}\"},\"query-input\":{\"@type\":\"PropertyValueSpecification\",\"valueRequired\":true,\"valueName\":\"search_term_string\"}}],\"inLanguage\":\"de\"}]}<\/script>\n<!-- \/ Yoast SEO plugin. -->","yoast_head_json":{"title":"Karriere - Harmony Resorts","robots":{"index":"index","follow":"follow","max-snippet":"max-snippet:-1","max-image-preview":"max-image-preview:large","max-video-preview":"max-video-preview:-1"},"canonical":"https:\/\/www.harmonyresorts.gr\/de\/careers\/","og_locale":"de_DE","og_type":"article","og_title":"Karriere - Harmony Resorts","og_description":"Harmony Resorts ist eine Gruppe von drei Resorthotels auf Rhodos, die f\u00fcr ihre hervorragende Servicequalit\u00e4t, die erstklassige Lage am Strand und die moderne Infrastruktur bekannt sind. Die Gruppe zeichnet sich durch ein ausgezeichnetes Serviceniveau, einen innovativen Gesch\u00e4ftsansatz, den Einsatz modernster Technologien und \u00f6kologische Verantwortung aus. Unsere leidenschaftlichen Mitarbeiter setzen sich daf\u00fcr ein, aus allt\u00e4glichen Momenten","og_url":"https:\/\/www.harmonyresorts.gr\/de\/careers\/","og_site_name":"Harmony Resorts","article_modified_time":"2024-02-27T13:11:41+00:00","twitter_card":"summary_large_image","twitter_misc":{"Est. reading time":"1\u00a0Minute"},"schema":{"@context":"https:\/\/schema.org","@graph":[{"@type":"WebPage","@id":"https:\/\/www.harmonyresorts.gr\/de\/careers\/","url":"https:\/\/www.harmonyresorts.gr\/de\/careers\/","name":"Karriere - Harmony Resorts","isPartOf":{"@id":"https:\/\/www.harmonyresorts.gr\/ru\/#website"},"datePublished":"2019-10-29T09:26:07+00:00","dateModified":"2024-02-27T13:11:41+00:00","breadcrumb":{"@id":"https:\/\/www.harmonyresorts.gr\/de\/careers\/#breadcrumb"},"inLanguage":"de","potentialAction":[{"@type":"ReadAction","target":["https:\/\/www.harmonyresorts.gr\/de\/careers\/"]}]},{"@type":"BreadcrumbList","@id":"https:\/\/www.harmonyresorts.gr\/de\/careers\/#breadcrumb","itemListElement":[{"@type":"ListItem","position":1,"name":"Home","item":"https:\/\/www.harmonyresorts.gr\/de\/"},{"@type":"ListItem","position":2,"name":"Karriere"}]},{"@type":"WebSite","@id":"https:\/\/www.harmonyresorts.gr\/ru\/#website","url":"https:\/\/www.harmonyresorts.gr\/ru\/","name":"Harmony Resorts","description":"Harmony Resorts","potentialAction":[{"@type":"SearchAction","target":{"@type":"EntryPoint","urlTemplate":"https:\/\/www.harmonyresorts.gr\/ru\/?s={search_term_string}"},"query-input":{"@type":"PropertyValueSpecification","valueRequired":true,"valueName":"search_term_string"}}],"inLanguage":"de"}]}},"_links":{"self":[{"href":"https:\/\/www.harmonyresorts.gr\/de\/wp-json\/wp\/v2\/pages\/4839"}],"collection":[{"href":"https:\/\/www.harmonyresorts.gr\/de\/wp-json\/wp\/v2\/pages"}],"about":[{"href":"https:\/\/www.harmonyresorts.gr\/de\/wp-json\/wp\/v2\/types\/page"}],"author":[{"embeddable":true,"href":"https:\/\/www.harmonyresorts.gr\/de\/wp-json\/wp\/v2\/users\/1"}],"replies":[{"embeddable":true,"href":"https:\/\/www.harmonyresorts.gr\/de\/wp-json\/wp\/v2\/comments?post=4839"}],"version-history":[{"count":6,"href":"https:\/\/www.harmonyresorts.gr\/de\/wp-json\/wp\/v2\/pages\/4839\/revisions"}],"predecessor-version":[{"id":11638,"href":"https:\/\/www.harmonyresorts.gr\/de\/wp-json\/wp\/v2\/pages\/4839\/revisions\/11638"}],"wp:attachment":[{"href":"https:\/\/www.harmonyresorts.gr\/de\/wp-json\/wp\/v2\/media?parent=4839"}],"curies":[{"name":"wp","href":"https:\/\/api.w.org\/{rel}","templated":true}]}}