{"id":6807,"date":"2019-12-05T14:56:31","date_gmt":"2019-12-05T11:56:31","guid":{"rendered":"https:\/\/www.elysium.gr\/?page_id=6807"},"modified":"2020-12-16T14:53:16","modified_gmt":"2020-12-16T11:53:16","slug":"pools-strand","status":"publish","type":"page","link":"https:\/\/www.harmonyresorts.gr\/de\/leisure\/pools-strand\/","title":{"rendered":"Pools &amp; Strand"},"content":{"rendered":"<p>Das Elysium verf\u00fcgt \u00fcber zwei Au\u00dfenpools: einen <span class=\"hiddenSpellError\">Lagunenpool<\/span> (1610 m2) sowie einen zweiten separaten kleineren Au\u00dfenpool f\u00fcr Kinder. Ein beheizter Pool mit Hydromassage (140 m2) steht exklusiv f\u00fcr unsere <span class=\"hiddenSpellError\">Serenity<\/span> Spa-G\u00e4ste zur Verf\u00fcgung. Alle Pools beinhalten frisches Wasser.<\/p>\n<p>Ein mit der blauen Flagge verliehener Sand- und Kiesstrand erstreckt sich \u00fcber eine L\u00e4nge von 400 m direkt vor dem Hotel. Liegest\u00fchle und Sonnenschirme sowohl am Pool als auch am Strand sowie Strandt\u00fccher stehen f\u00fcr unsere Hotelg\u00e4ste kostenlos zur Verf\u00fcgung.<\/p>\n<p>.<\/p>\n","protected":false},"excerpt":{"rendered":"<p>Das Elysium verf\u00fcgt \u00fcber zwei Au\u00dfenpools: einen Lagunenpool (1610 m2) sowie einen zweiten separaten kleineren Au\u00dfenpool f\u00fcr Kinder. Ein beheizter Pool mit Hydromassage (140 m2) steht exklusiv f\u00fcr unsere Serenity Spa-G\u00e4ste zur Verf\u00fcgung. Alle Pools beinhalten frisches Wasser. Ein mit der blauen Flagge verliehener Sand- und Kiesstrand erstreckt sich \u00fcber eine L\u00e4nge von 400 m<\/p>\n","protected":false},"author":1,"featured_media":6722,"parent":6831,"menu_order":0,"comment_status":"closed","ping_status":"closed","template":"","meta":{"_acf_changed":false,"footnotes":""},"class_list":["post-6807","page","type-page","status-publish","has-post-thumbnail","hentry"],"acf":[],"yoast_head":"<!-- This site is optimized with the Yoast SEO plugin v26.9 - https:\/\/yoast.com\/product\/yoast-seo-wordpress\/ -->\n<title>Pools &amp; Strand - Harmony Resorts<\/title>\n<meta name=\"robots\" content=\"index, follow, max-snippet:-1, max-image-preview:large, max-video-preview:-1\" \/>\n<link rel=\"canonical\" href=\"https:\/\/www.harmonyresorts.gr\/de\/leisure\/pools-strand\/\" \/>\n<meta property=\"og:locale\" content=\"de_DE\" \/>\n<meta property=\"og:type\" content=\"article\" \/>\n<meta property=\"og:title\" content=\"Pools &amp; Strand - Harmony Resorts\" \/>\n<meta property=\"og:description\" content=\"Das Elysium verf\u00fcgt \u00fcber zwei Au\u00dfenpools: einen Lagunenpool (1610 m2) sowie einen zweiten separaten kleineren Au\u00dfenpool f\u00fcr Kinder. Ein beheizter Pool mit Hydromassage (140 m2) steht exklusiv f\u00fcr unsere Serenity Spa-G\u00e4ste zur Verf\u00fcgung. Alle Pools beinhalten frisches Wasser. Ein mit der blauen Flagge verliehener Sand- und Kiesstrand erstreckt sich \u00fcber eine L\u00e4nge von 400 m\" \/>\n<meta property=\"og:url\" content=\"https:\/\/www.harmonyresorts.gr\/de\/leisure\/pools-strand\/\" \/>\n<meta property=\"og:site_name\" content=\"Harmony Resorts\" \/>\n<meta property=\"article:modified_time\" content=\"2020-12-16T11:53:16+00:00\" \/>\n<meta property=\"og:image\" content=\"https:\/\/www.harmonyresorts.gr\/app\/uploads\/sites\/48\/2019\/12\/4_7161_Beach_ELYSIUM.jpg\" \/>\n\t<meta property=\"og:image:width\" content=\"2100\" \/>\n\t<meta property=\"og:image:height\" content=\"1355\" \/>\n\t<meta property=\"og:image:type\" content=\"image\/jpeg\" \/>\n<meta name=\"twitter:card\" content=\"summary_large_image\" \/>\n<script type=\"application\/ld+json\" class=\"yoast-schema-graph\">{\"@context\":\"https:\/\/schema.org\",\"@graph\":[{\"@type\":\"WebPage\",\"@id\":\"https:\/\/www.harmonyresorts.gr\/de\/leisure\/pools-strand\/\",\"url\":\"https:\/\/www.harmonyresorts.gr\/de\/leisure\/pools-strand\/\",\"name\":\"Pools &amp; Strand - Harmony Resorts\",\"isPartOf\":{\"@id\":\"https:\/\/www.harmonyresorts.gr\/ru\/#website\"},\"primaryImageOfPage\":{\"@id\":\"https:\/\/www.harmonyresorts.gr\/de\/leisure\/pools-strand\/#primaryimage\"},\"image\":{\"@id\":\"https:\/\/www.harmonyresorts.gr\/de\/leisure\/pools-strand\/#primaryimage\"},\"thumbnailUrl\":\"https:\/\/www.harmonyresorts.gr\/app\/uploads\/sites\/48\/2019\/12\/4_7161_Beach_ELYSIUM.jpg\",\"datePublished\":\"2019-12-05T11:56:31+00:00\",\"dateModified\":\"2020-12-16T11:53:16+00:00\",\"breadcrumb\":{\"@id\":\"https:\/\/www.harmonyresorts.gr\/de\/leisure\/pools-strand\/#breadcrumb\"},\"inLanguage\":\"de\",\"potentialAction\":[{\"@type\":\"ReadAction\",\"target\":[\"https:\/\/www.harmonyresorts.gr\/de\/leisure\/pools-strand\/\"]}]},{\"@type\":\"ImageObject\",\"inLanguage\":\"de\",\"@id\":\"https:\/\/www.harmonyresorts.gr\/de\/leisure\/pools-strand\/#primaryimage\",\"url\":\"https:\/\/www.harmonyresorts.gr\/app\/uploads\/sites\/48\/2019\/12\/4_7161_Beach_ELYSIUM.jpg\",\"contentUrl\":\"https:\/\/www.harmonyresorts.gr\/app\/uploads\/sites\/48\/2019\/12\/4_7161_Beach_ELYSIUM.jpg\",\"width\":2100,\"height\":1355},{\"@type\":\"BreadcrumbList\",\"@id\":\"https:\/\/www.harmonyresorts.gr\/de\/leisure\/pools-strand\/#breadcrumb\",\"itemListElement\":[{\"@type\":\"ListItem\",\"position\":1,\"name\":\"Home\",\"item\":\"https:\/\/www.harmonyresorts.gr\/de\/\"},{\"@type\":\"ListItem\",\"position\":2,\"name\":\"Freizeit\",\"item\":\"https:\/\/www.harmonyresorts.gr\/de\/leisure\/\"},{\"@type\":\"ListItem\",\"position\":3,\"name\":\"Pools &amp; Strand\"}]},{\"@type\":\"WebSite\",\"@id\":\"https:\/\/www.harmonyresorts.gr\/ru\/#website\",\"url\":\"https:\/\/www.harmonyresorts.gr\/ru\/\",\"name\":\"Harmony Resorts\",\"description\":\"Harmony Resorts\",\"potentialAction\":[{\"@type\":\"SearchAction\",\"target\":{\"@type\":\"EntryPoint\",\"urlTemplate\":\"https:\/\/www.harmonyresorts.gr\/ru\/?s={search_term_string}\"},\"query-input\":{\"@type\":\"PropertyValueSpecification\",\"valueRequired\":true,\"valueName\":\"search_term_string\"}}],\"inLanguage\":\"de\"}]}<\/script>\n<!-- \/ Yoast SEO plugin. -->","yoast_head_json":{"title":"Pools &amp; Strand - Harmony Resorts","robots":{"index":"index","follow":"follow","max-snippet":"max-snippet:-1","max-image-preview":"max-image-preview:large","max-video-preview":"max-video-preview:-1"},"canonical":"https:\/\/www.harmonyresorts.gr\/de\/leisure\/pools-strand\/","og_locale":"de_DE","og_type":"article","og_title":"Pools &amp; Strand - Harmony Resorts","og_description":"Das Elysium verf\u00fcgt \u00fcber zwei Au\u00dfenpools: einen Lagunenpool (1610 m2) sowie einen zweiten separaten kleineren Au\u00dfenpool f\u00fcr Kinder. Ein beheizter Pool mit Hydromassage (140 m2) steht exklusiv f\u00fcr unsere Serenity Spa-G\u00e4ste zur Verf\u00fcgung. Alle Pools beinhalten frisches Wasser. Ein mit der blauen Flagge verliehener Sand- und Kiesstrand erstreckt sich \u00fcber eine L\u00e4nge von 400 m","og_url":"https:\/\/www.harmonyresorts.gr\/de\/leisure\/pools-strand\/","og_site_name":"Harmony Resorts","article_modified_time":"2020-12-16T11:53:16+00:00","og_image":[{"width":2100,"height":1355,"url":"https:\/\/www.harmonyresorts.gr\/app\/uploads\/sites\/48\/2019\/12\/4_7161_Beach_ELYSIUM.jpg","type":"image\/jpeg"}],"twitter_card":"summary_large_image","schema":{"@context":"https:\/\/schema.org","@graph":[{"@type":"WebPage","@id":"https:\/\/www.harmonyresorts.gr\/de\/leisure\/pools-strand\/","url":"https:\/\/www.harmonyresorts.gr\/de\/leisure\/pools-strand\/","name":"Pools &amp; Strand - Harmony Resorts","isPartOf":{"@id":"https:\/\/www.harmonyresorts.gr\/ru\/#website"},"primaryImageOfPage":{"@id":"https:\/\/www.harmonyresorts.gr\/de\/leisure\/pools-strand\/#primaryimage"},"image":{"@id":"https:\/\/www.harmonyresorts.gr\/de\/leisure\/pools-strand\/#primaryimage"},"thumbnailUrl":"https:\/\/www.harmonyresorts.gr\/app\/uploads\/sites\/48\/2019\/12\/4_7161_Beach_ELYSIUM.jpg","datePublished":"2019-12-05T11:56:31+00:00","dateModified":"2020-12-16T11:53:16+00:00","breadcrumb":{"@id":"https:\/\/www.harmonyresorts.gr\/de\/leisure\/pools-strand\/#breadcrumb"},"inLanguage":"de","potentialAction":[{"@type":"ReadAction","target":["https:\/\/www.harmonyresorts.gr\/de\/leisure\/pools-strand\/"]}]},{"@type":"ImageObject","inLanguage":"de","@id":"https:\/\/www.harmonyresorts.gr\/de\/leisure\/pools-strand\/#primaryimage","url":"https:\/\/www.harmonyresorts.gr\/app\/uploads\/sites\/48\/2019\/12\/4_7161_Beach_ELYSIUM.jpg","contentUrl":"https:\/\/www.harmonyresorts.gr\/app\/uploads\/sites\/48\/2019\/12\/4_7161_Beach_ELYSIUM.jpg","width":2100,"height":1355},{"@type":"BreadcrumbList","@id":"https:\/\/www.harmonyresorts.gr\/de\/leisure\/pools-strand\/#breadcrumb","itemListElement":[{"@type":"ListItem","position":1,"name":"Home","item":"https:\/\/www.harmonyresorts.gr\/de\/"},{"@type":"ListItem","position":2,"name":"Freizeit","item":"https:\/\/www.harmonyresorts.gr\/de\/leisure\/"},{"@type":"ListItem","position":3,"name":"Pools &amp; Strand"}]},{"@type":"WebSite","@id":"https:\/\/www.harmonyresorts.gr\/ru\/#website","url":"https:\/\/www.harmonyresorts.gr\/ru\/","name":"Harmony Resorts","description":"Harmony Resorts","potentialAction":[{"@type":"SearchAction","target":{"@type":"EntryPoint","urlTemplate":"https:\/\/www.harmonyresorts.gr\/ru\/?s={search_term_string}"},"query-input":{"@type":"PropertyValueSpecification","valueRequired":true,"valueName":"search_term_string"}}],"inLanguage":"de"}]}},"_links":{"self":[{"href":"https:\/\/www.harmonyresorts.gr\/de\/wp-json\/wp\/v2\/pages\/6807"}],"collection":[{"href":"https:\/\/www.harmonyresorts.gr\/de\/wp-json\/wp\/v2\/pages"}],"about":[{"href":"https:\/\/www.harmonyresorts.gr\/de\/wp-json\/wp\/v2\/types\/page"}],"author":[{"embeddable":true,"href":"https:\/\/www.harmonyresorts.gr\/de\/wp-json\/wp\/v2\/users\/1"}],"replies":[{"embeddable":true,"href":"https:\/\/www.harmonyresorts.gr\/de\/wp-json\/wp\/v2\/comments?post=6807"}],"version-history":[{"count":2,"href":"https:\/\/www.harmonyresorts.gr\/de\/wp-json\/wp\/v2\/pages\/6807\/revisions"}],"predecessor-version":[{"id":6816,"href":"https:\/\/www.harmonyresorts.gr\/de\/wp-json\/wp\/v2\/pages\/6807\/revisions\/6816"}],"up":[{"embeddable":true,"href":"https:\/\/www.harmonyresorts.gr\/de\/wp-json\/wp\/v2\/pages\/6831"}],"wp:featuredmedia":[{"embeddable":true,"href":"https:\/\/www.harmonyresorts.gr\/de\/wp-json\/wp\/v2\/media\/6722"}],"wp:attachment":[{"href":"https:\/\/www.harmonyresorts.gr\/de\/wp-json\/wp\/v2\/media?parent=6807"}],"curies":[{"name":"wp","href":"https:\/\/api.w.org\/{rel}","templated":true}]}}