{"id":6818,"date":"2019-12-05T15:08:11","date_gmt":"2019-12-05T12:08:11","guid":{"rendered":"https:\/\/www.elysium.gr\/?page_id=6818"},"modified":"2020-12-16T14:53:16","modified_gmt":"2020-12-16T11:53:16","slug":"fitness-sports","status":"publish","type":"page","link":"https:\/\/www.harmonyresorts.gr\/de\/leisure\/fitness-sports\/","title":{"rendered":"Fitness &amp; Sport"},"content":{"rendered":"<p>Unseren Sportenthusiasten, steht ein ausgestattetes Cybex Fitnesscenter zur Verf\u00fcgung, ein Flutlicht-Tennisplatz und ein Yoga &amp; Pilates-Studio. T\u00e4glich k\u00f6nnen unsere G\u00e4ste an Fitnessaktivit\u00e4ten wie Yoga, Pilates und Wassergymnastik teilnehmen oder Minigolf, Boccia und Beachvolleyball spielen. Eine nahe gelegene Wassersportstation, die von einem unabh\u00e4ngigen Eigent\u00fcmer betrieben wird, ist auch vorhanden. Ein 18-Loch-Golfplatz in der N\u00e4he von <span class=\"hiddenSpellError\">Afandou<\/span> liegt nur 8 km von unsrem Hotel entfernt.<\/p>\n","protected":false},"excerpt":{"rendered":"<p>Unseren Sportenthusiasten, steht ein ausgestattetes Cybex Fitnesscenter zur Verf\u00fcgung, ein Flutlicht-Tennisplatz und ein Yoga &amp; Pilates-Studio. T\u00e4glich k\u00f6nnen unsere G\u00e4ste an Fitnessaktivit\u00e4ten wie Yoga, Pilates und Wassergymnastik teilnehmen oder Minigolf, Boccia und Beachvolleyball spielen. Eine nahe gelegene Wassersportstation, die von einem unabh\u00e4ngigen Eigent\u00fcmer betrieben wird, ist auch vorhanden. Ein 18-Loch-Golfplatz in der N\u00e4he von Afandou<\/p>\n","protected":false},"author":1,"featured_media":2301,"parent":6831,"menu_order":0,"comment_status":"closed","ping_status":"closed","template":"","meta":{"_acf_changed":false,"footnotes":""},"class_list":["post-6818","page","type-page","status-publish","has-post-thumbnail","hentry"],"acf":[],"yoast_head":"<!-- This site is optimized with the Yoast SEO plugin v26.9 - https:\/\/yoast.com\/product\/yoast-seo-wordpress\/ -->\n<title>Fitness &amp; Sport - Harmony Resorts<\/title>\n<meta name=\"robots\" content=\"index, follow, max-snippet:-1, max-image-preview:large, max-video-preview:-1\" \/>\n<link rel=\"canonical\" href=\"https:\/\/www.harmonyresorts.gr\/de\/leisure\/fitness-sports\/\" \/>\n<meta property=\"og:locale\" content=\"de_DE\" \/>\n<meta property=\"og:type\" content=\"article\" \/>\n<meta property=\"og:title\" content=\"Fitness &amp; Sport - Harmony Resorts\" \/>\n<meta property=\"og:description\" content=\"Unseren Sportenthusiasten, steht ein ausgestattetes Cybex Fitnesscenter zur Verf\u00fcgung, ein Flutlicht-Tennisplatz und ein Yoga &amp; Pilates-Studio. T\u00e4glich k\u00f6nnen unsere G\u00e4ste an Fitnessaktivit\u00e4ten wie Yoga, Pilates und Wassergymnastik teilnehmen oder Minigolf, Boccia und Beachvolleyball spielen. Eine nahe gelegene Wassersportstation, die von einem unabh\u00e4ngigen Eigent\u00fcmer betrieben wird, ist auch vorhanden. Ein 18-Loch-Golfplatz in der N\u00e4he von Afandou\" \/>\n<meta property=\"og:url\" content=\"https:\/\/www.harmonyresorts.gr\/de\/leisure\/fitness-sports\/\" \/>\n<meta property=\"og:site_name\" content=\"Harmony Resorts\" \/>\n<meta property=\"article:modified_time\" content=\"2020-12-16T11:53:16+00:00\" \/>\n<meta property=\"og:image\" content=\"https:\/\/www.harmonyresorts.gr\/app\/uploads\/sites\/48\/2019\/02\/808_gymnasium_elysium_result.jpg\" \/>\n\t<meta property=\"og:image:width\" content=\"1920\" \/>\n\t<meta property=\"og:image:height\" content=\"1269\" \/>\n\t<meta property=\"og:image:type\" content=\"image\/jpeg\" \/>\n<meta name=\"twitter:card\" content=\"summary_large_image\" \/>\n<script type=\"application\/ld+json\" class=\"yoast-schema-graph\">{\"@context\":\"https:\/\/schema.org\",\"@graph\":[{\"@type\":\"WebPage\",\"@id\":\"https:\/\/www.harmonyresorts.gr\/de\/leisure\/fitness-sports\/\",\"url\":\"https:\/\/www.harmonyresorts.gr\/de\/leisure\/fitness-sports\/\",\"name\":\"Fitness &amp; Sport - Harmony Resorts\",\"isPartOf\":{\"@id\":\"https:\/\/www.harmonyresorts.gr\/ru\/#website\"},\"primaryImageOfPage\":{\"@id\":\"https:\/\/www.harmonyresorts.gr\/de\/leisure\/fitness-sports\/#primaryimage\"},\"image\":{\"@id\":\"https:\/\/www.harmonyresorts.gr\/de\/leisure\/fitness-sports\/#primaryimage\"},\"thumbnailUrl\":\"https:\/\/www.harmonyresorts.gr\/app\/uploads\/sites\/48\/2019\/02\/808_gymnasium_elysium_result.jpg\",\"datePublished\":\"2019-12-05T12:08:11+00:00\",\"dateModified\":\"2020-12-16T11:53:16+00:00\",\"breadcrumb\":{\"@id\":\"https:\/\/www.harmonyresorts.gr\/de\/leisure\/fitness-sports\/#breadcrumb\"},\"inLanguage\":\"de\",\"potentialAction\":[{\"@type\":\"ReadAction\",\"target\":[\"https:\/\/www.harmonyresorts.gr\/de\/leisure\/fitness-sports\/\"]}]},{\"@type\":\"ImageObject\",\"inLanguage\":\"de\",\"@id\":\"https:\/\/www.harmonyresorts.gr\/de\/leisure\/fitness-sports\/#primaryimage\",\"url\":\"https:\/\/www.harmonyresorts.gr\/app\/uploads\/sites\/48\/2019\/02\/808_gymnasium_elysium_result.jpg\",\"contentUrl\":\"https:\/\/www.harmonyresorts.gr\/app\/uploads\/sites\/48\/2019\/02\/808_gymnasium_elysium_result.jpg\",\"width\":1920,\"height\":1269},{\"@type\":\"BreadcrumbList\",\"@id\":\"https:\/\/www.harmonyresorts.gr\/de\/leisure\/fitness-sports\/#breadcrumb\",\"itemListElement\":[{\"@type\":\"ListItem\",\"position\":1,\"name\":\"Home\",\"item\":\"https:\/\/www.harmonyresorts.gr\/de\/\"},{\"@type\":\"ListItem\",\"position\":2,\"name\":\"Freizeit\",\"item\":\"https:\/\/www.harmonyresorts.gr\/de\/leisure\/\"},{\"@type\":\"ListItem\",\"position\":3,\"name\":\"Fitness &amp; Sport\"}]},{\"@type\":\"WebSite\",\"@id\":\"https:\/\/www.harmonyresorts.gr\/ru\/#website\",\"url\":\"https:\/\/www.harmonyresorts.gr\/ru\/\",\"name\":\"Harmony Resorts\",\"description\":\"Harmony Resorts\",\"potentialAction\":[{\"@type\":\"SearchAction\",\"target\":{\"@type\":\"EntryPoint\",\"urlTemplate\":\"https:\/\/www.harmonyresorts.gr\/ru\/?s={search_term_string}\"},\"query-input\":{\"@type\":\"PropertyValueSpecification\",\"valueRequired\":true,\"valueName\":\"search_term_string\"}}],\"inLanguage\":\"de\"}]}<\/script>\n<!-- \/ Yoast SEO plugin. -->","yoast_head_json":{"title":"Fitness &amp; Sport - Harmony Resorts","robots":{"index":"index","follow":"follow","max-snippet":"max-snippet:-1","max-image-preview":"max-image-preview:large","max-video-preview":"max-video-preview:-1"},"canonical":"https:\/\/www.harmonyresorts.gr\/de\/leisure\/fitness-sports\/","og_locale":"de_DE","og_type":"article","og_title":"Fitness &amp; Sport - Harmony Resorts","og_description":"Unseren Sportenthusiasten, steht ein ausgestattetes Cybex Fitnesscenter zur Verf\u00fcgung, ein Flutlicht-Tennisplatz und ein Yoga &amp; Pilates-Studio. T\u00e4glich k\u00f6nnen unsere G\u00e4ste an Fitnessaktivit\u00e4ten wie Yoga, Pilates und Wassergymnastik teilnehmen oder Minigolf, Boccia und Beachvolleyball spielen. Eine nahe gelegene Wassersportstation, die von einem unabh\u00e4ngigen Eigent\u00fcmer betrieben wird, ist auch vorhanden. Ein 18-Loch-Golfplatz in der N\u00e4he von Afandou","og_url":"https:\/\/www.harmonyresorts.gr\/de\/leisure\/fitness-sports\/","og_site_name":"Harmony Resorts","article_modified_time":"2020-12-16T11:53:16+00:00","og_image":[{"width":1920,"height":1269,"url":"https:\/\/www.harmonyresorts.gr\/app\/uploads\/sites\/48\/2019\/02\/808_gymnasium_elysium_result.jpg","type":"image\/jpeg"}],"twitter_card":"summary_large_image","schema":{"@context":"https:\/\/schema.org","@graph":[{"@type":"WebPage","@id":"https:\/\/www.harmonyresorts.gr\/de\/leisure\/fitness-sports\/","url":"https:\/\/www.harmonyresorts.gr\/de\/leisure\/fitness-sports\/","name":"Fitness &amp; Sport - Harmony Resorts","isPartOf":{"@id":"https:\/\/www.harmonyresorts.gr\/ru\/#website"},"primaryImageOfPage":{"@id":"https:\/\/www.harmonyresorts.gr\/de\/leisure\/fitness-sports\/#primaryimage"},"image":{"@id":"https:\/\/www.harmonyresorts.gr\/de\/leisure\/fitness-sports\/#primaryimage"},"thumbnailUrl":"https:\/\/www.harmonyresorts.gr\/app\/uploads\/sites\/48\/2019\/02\/808_gymnasium_elysium_result.jpg","datePublished":"2019-12-05T12:08:11+00:00","dateModified":"2020-12-16T11:53:16+00:00","breadcrumb":{"@id":"https:\/\/www.harmonyresorts.gr\/de\/leisure\/fitness-sports\/#breadcrumb"},"inLanguage":"de","potentialAction":[{"@type":"ReadAction","target":["https:\/\/www.harmonyresorts.gr\/de\/leisure\/fitness-sports\/"]}]},{"@type":"ImageObject","inLanguage":"de","@id":"https:\/\/www.harmonyresorts.gr\/de\/leisure\/fitness-sports\/#primaryimage","url":"https:\/\/www.harmonyresorts.gr\/app\/uploads\/sites\/48\/2019\/02\/808_gymnasium_elysium_result.jpg","contentUrl":"https:\/\/www.harmonyresorts.gr\/app\/uploads\/sites\/48\/2019\/02\/808_gymnasium_elysium_result.jpg","width":1920,"height":1269},{"@type":"BreadcrumbList","@id":"https:\/\/www.harmonyresorts.gr\/de\/leisure\/fitness-sports\/#breadcrumb","itemListElement":[{"@type":"ListItem","position":1,"name":"Home","item":"https:\/\/www.harmonyresorts.gr\/de\/"},{"@type":"ListItem","position":2,"name":"Freizeit","item":"https:\/\/www.harmonyresorts.gr\/de\/leisure\/"},{"@type":"ListItem","position":3,"name":"Fitness &amp; Sport"}]},{"@type":"WebSite","@id":"https:\/\/www.harmonyresorts.gr\/ru\/#website","url":"https:\/\/www.harmonyresorts.gr\/ru\/","name":"Harmony Resorts","description":"Harmony Resorts","potentialAction":[{"@type":"SearchAction","target":{"@type":"EntryPoint","urlTemplate":"https:\/\/www.harmonyresorts.gr\/ru\/?s={search_term_string}"},"query-input":{"@type":"PropertyValueSpecification","valueRequired":true,"valueName":"search_term_string"}}],"inLanguage":"de"}]}},"_links":{"self":[{"href":"https:\/\/www.harmonyresorts.gr\/de\/wp-json\/wp\/v2\/pages\/6818"}],"collection":[{"href":"https:\/\/www.harmonyresorts.gr\/de\/wp-json\/wp\/v2\/pages"}],"about":[{"href":"https:\/\/www.harmonyresorts.gr\/de\/wp-json\/wp\/v2\/types\/page"}],"author":[{"embeddable":true,"href":"https:\/\/www.harmonyresorts.gr\/de\/wp-json\/wp\/v2\/users\/1"}],"replies":[{"embeddable":true,"href":"https:\/\/www.harmonyresorts.gr\/de\/wp-json\/wp\/v2\/comments?post=6818"}],"version-history":[{"count":3,"href":"https:\/\/www.harmonyresorts.gr\/de\/wp-json\/wp\/v2\/pages\/6818\/revisions"}],"predecessor-version":[{"id":6848,"href":"https:\/\/www.harmonyresorts.gr\/de\/wp-json\/wp\/v2\/pages\/6818\/revisions\/6848"}],"up":[{"embeddable":true,"href":"https:\/\/www.harmonyresorts.gr\/de\/wp-json\/wp\/v2\/pages\/6831"}],"wp:featuredmedia":[{"embeddable":true,"href":"https:\/\/www.harmonyresorts.gr\/de\/wp-json\/wp\/v2\/media\/2301"}],"wp:attachment":[{"href":"https:\/\/www.harmonyresorts.gr\/de\/wp-json\/wp\/v2\/media?parent=6818"}],"curies":[{"name":"wp","href":"https:\/\/api.w.org\/{rel}","templated":true}]}}