{"id":6856,"date":"2019-12-05T16:02:11","date_gmt":"2019-12-05T13:02:11","guid":{"rendered":"https:\/\/www.elysium.gr\/?page_id=6856"},"modified":"2020-12-16T14:53:17","modified_gmt":"2020-12-16T11:53:17","slug":"massgeschneiderte-romantische-erlebnisse","status":"publish","type":"page","link":"https:\/\/www.harmonyresorts.gr\/de\/special-occasions-romantic-experiences\/massgeschneiderte-romantische-erlebnisse\/","title":{"rendered":"Ma\u00dfgeschneiderte romantische Erlebnisse"},"content":{"rendered":"<p>Denken Sie daran, Ihre Flitterwochen, Ihr Jubil\u00e4um zu feiern, oder m\u00f6chten Sie Ihrem Aufenthalt in Elysium einfach eine romantische Note verleihen, und unsere Prestige- oder Golden Romantic-Pakete passen nicht genau zu Ihren Vorlieben? Unser erfahrenes G\u00e4stebetreuungsteam steht Ihnen zur Verf\u00fcgung, um Ihre ganz pers\u00f6nlichen romantischen Momente zu gestalten. Eine gut ausgew\u00e4hlte Liste von Champagnern und Schaumweinen, wundersch\u00f6n gestaltete Blumenstr\u00e4u\u00dfe, Ihre private Strand-Suite f\u00fcr den ganzen Tag, von ESPA entworfene Wellness-Behandlungen und Rituale f\u00fcr Sie beide oder ein romantisches Abendessen im Edlen Gourmet \u00e0 la carte Restaurant auf\u00a0 auf der Dachterrasse, sind nur einige unter vielen M\u00f6glichkeiten. Um Ihre Vorlieben zu besprechen und Ideen zu bespechen, senden Sie uns einfach eine E-Mail an info@elysium.gr oder rufen Sie uns unter +30 22410 45700 an<\/p>\n","protected":false},"excerpt":{"rendered":"<p>Denken Sie daran, Ihre Flitterwochen, Ihr Jubil\u00e4um zu feiern, oder m\u00f6chten Sie Ihrem Aufenthalt in Elysium einfach eine romantische Note verleihen, und unsere Prestige- oder Golden Romantic-Pakete passen nicht genau zu Ihren Vorlieben? Unser erfahrenes G\u00e4stebetreuungsteam steht Ihnen zur Verf\u00fcgung, um Ihre ganz pers\u00f6nlichen romantischen Momente zu gestalten. Eine gut ausgew\u00e4hlte Liste von Champagnern und<\/p>\n","protected":false},"author":1,"featured_media":6396,"parent":2048,"menu_order":0,"comment_status":"closed","ping_status":"closed","template":"","meta":{"_acf_changed":false,"footnotes":""},"class_list":["post-6856","page","type-page","status-publish","has-post-thumbnail","hentry"],"acf":[],"yoast_head":"<!-- This site is optimized with the Yoast SEO plugin v26.9 - https:\/\/yoast.com\/product\/yoast-seo-wordpress\/ -->\n<title>Ma\u00dfgeschneiderte romantische Erlebnisse - Harmony Resorts<\/title>\n<meta name=\"robots\" content=\"index, follow, max-snippet:-1, max-image-preview:large, max-video-preview:-1\" \/>\n<link rel=\"canonical\" href=\"https:\/\/www.harmonyresorts.gr\/de\/special-occasions-romantic-experiences\/massgeschneiderte-romantische-erlebnisse\/\" \/>\n<meta property=\"og:locale\" content=\"de_DE\" \/>\n<meta property=\"og:type\" content=\"article\" \/>\n<meta property=\"og:title\" content=\"Ma\u00dfgeschneiderte romantische Erlebnisse - Harmony Resorts\" \/>\n<meta property=\"og:description\" content=\"Denken Sie daran, Ihre Flitterwochen, Ihr Jubil\u00e4um zu feiern, oder m\u00f6chten Sie Ihrem Aufenthalt in Elysium einfach eine romantische Note verleihen, und unsere Prestige- oder Golden Romantic-Pakete passen nicht genau zu Ihren Vorlieben? Unser erfahrenes G\u00e4stebetreuungsteam steht Ihnen zur Verf\u00fcgung, um Ihre ganz pers\u00f6nlichen romantischen Momente zu gestalten. Eine gut ausgew\u00e4hlte Liste von Champagnern und\" \/>\n<meta property=\"og:url\" content=\"https:\/\/www.harmonyresorts.gr\/de\/special-occasions-romantic-experiences\/massgeschneiderte-romantische-erlebnisse\/\" \/>\n<meta property=\"og:site_name\" content=\"Harmony Resorts\" \/>\n<meta property=\"article:modified_time\" content=\"2020-12-16T11:53:17+00:00\" \/>\n<meta property=\"og:image\" content=\"https:\/\/www.harmonyresorts.gr\/app\/uploads\/sites\/48\/2019\/12\/couple-at-the-beach.jpg\" \/>\n\t<meta property=\"og:image:width\" content=\"1920\" \/>\n\t<meta property=\"og:image:height\" content=\"1200\" \/>\n\t<meta property=\"og:image:type\" content=\"image\/jpeg\" \/>\n<meta name=\"twitter:card\" content=\"summary_large_image\" \/>\n<meta name=\"twitter:label1\" content=\"Est. reading time\" \/>\n\t<meta name=\"twitter:data1\" content=\"1\u00a0Minute\" \/>\n<script type=\"application\/ld+json\" class=\"yoast-schema-graph\">{\"@context\":\"https:\/\/schema.org\",\"@graph\":[{\"@type\":\"WebPage\",\"@id\":\"https:\/\/www.harmonyresorts.gr\/de\/special-occasions-romantic-experiences\/massgeschneiderte-romantische-erlebnisse\/\",\"url\":\"https:\/\/www.harmonyresorts.gr\/de\/special-occasions-romantic-experiences\/massgeschneiderte-romantische-erlebnisse\/\",\"name\":\"Ma\u00dfgeschneiderte romantische Erlebnisse - Harmony Resorts\",\"isPartOf\":{\"@id\":\"https:\/\/www.harmonyresorts.gr\/ru\/#website\"},\"primaryImageOfPage\":{\"@id\":\"https:\/\/www.harmonyresorts.gr\/de\/special-occasions-romantic-experiences\/massgeschneiderte-romantische-erlebnisse\/#primaryimage\"},\"image\":{\"@id\":\"https:\/\/www.harmonyresorts.gr\/de\/special-occasions-romantic-experiences\/massgeschneiderte-romantische-erlebnisse\/#primaryimage\"},\"thumbnailUrl\":\"https:\/\/www.harmonyresorts.gr\/app\/uploads\/sites\/48\/2019\/12\/couple-at-the-beach.jpg\",\"datePublished\":\"2019-12-05T13:02:11+00:00\",\"dateModified\":\"2020-12-16T11:53:17+00:00\",\"breadcrumb\":{\"@id\":\"https:\/\/www.harmonyresorts.gr\/de\/special-occasions-romantic-experiences\/massgeschneiderte-romantische-erlebnisse\/#breadcrumb\"},\"inLanguage\":\"de\",\"potentialAction\":[{\"@type\":\"ReadAction\",\"target\":[\"https:\/\/www.harmonyresorts.gr\/de\/special-occasions-romantic-experiences\/massgeschneiderte-romantische-erlebnisse\/\"]}]},{\"@type\":\"ImageObject\",\"inLanguage\":\"de\",\"@id\":\"https:\/\/www.harmonyresorts.gr\/de\/special-occasions-romantic-experiences\/massgeschneiderte-romantische-erlebnisse\/#primaryimage\",\"url\":\"https:\/\/www.harmonyresorts.gr\/app\/uploads\/sites\/48\/2019\/12\/couple-at-the-beach.jpg\",\"contentUrl\":\"https:\/\/www.harmonyresorts.gr\/app\/uploads\/sites\/48\/2019\/12\/couple-at-the-beach.jpg\",\"width\":1920,\"height\":1200},{\"@type\":\"BreadcrumbList\",\"@id\":\"https:\/\/www.harmonyresorts.gr\/de\/special-occasions-romantic-experiences\/massgeschneiderte-romantische-erlebnisse\/#breadcrumb\",\"itemListElement\":[{\"@type\":\"ListItem\",\"position\":1,\"name\":\"Home\",\"item\":\"https:\/\/www.harmonyresorts.gr\/de\/\"},{\"@type\":\"ListItem\",\"position\":2,\"name\":\"Romantische Erlebnisse\",\"item\":\"https:\/\/www.harmonyresorts.gr\/de\/special-occasions-romantic-experiences\/\"},{\"@type\":\"ListItem\",\"position\":3,\"name\":\"Ma\u00dfgeschneiderte romantische Erlebnisse\"}]},{\"@type\":\"WebSite\",\"@id\":\"https:\/\/www.harmonyresorts.gr\/ru\/#website\",\"url\":\"https:\/\/www.harmonyresorts.gr\/ru\/\",\"name\":\"Harmony Resorts\",\"description\":\"Harmony Resorts\",\"potentialAction\":[{\"@type\":\"SearchAction\",\"target\":{\"@type\":\"EntryPoint\",\"urlTemplate\":\"https:\/\/www.harmonyresorts.gr\/ru\/?s={search_term_string}\"},\"query-input\":{\"@type\":\"PropertyValueSpecification\",\"valueRequired\":true,\"valueName\":\"search_term_string\"}}],\"inLanguage\":\"de\"}]}<\/script>\n<!-- \/ Yoast SEO plugin. -->","yoast_head_json":{"title":"Ma\u00dfgeschneiderte romantische Erlebnisse - Harmony Resorts","robots":{"index":"index","follow":"follow","max-snippet":"max-snippet:-1","max-image-preview":"max-image-preview:large","max-video-preview":"max-video-preview:-1"},"canonical":"https:\/\/www.harmonyresorts.gr\/de\/special-occasions-romantic-experiences\/massgeschneiderte-romantische-erlebnisse\/","og_locale":"de_DE","og_type":"article","og_title":"Ma\u00dfgeschneiderte romantische Erlebnisse - Harmony Resorts","og_description":"Denken Sie daran, Ihre Flitterwochen, Ihr Jubil\u00e4um zu feiern, oder m\u00f6chten Sie Ihrem Aufenthalt in Elysium einfach eine romantische Note verleihen, und unsere Prestige- oder Golden Romantic-Pakete passen nicht genau zu Ihren Vorlieben? Unser erfahrenes G\u00e4stebetreuungsteam steht Ihnen zur Verf\u00fcgung, um Ihre ganz pers\u00f6nlichen romantischen Momente zu gestalten. Eine gut ausgew\u00e4hlte Liste von Champagnern und","og_url":"https:\/\/www.harmonyresorts.gr\/de\/special-occasions-romantic-experiences\/massgeschneiderte-romantische-erlebnisse\/","og_site_name":"Harmony Resorts","article_modified_time":"2020-12-16T11:53:17+00:00","og_image":[{"width":1920,"height":1200,"url":"https:\/\/www.harmonyresorts.gr\/app\/uploads\/sites\/48\/2019\/12\/couple-at-the-beach.jpg","type":"image\/jpeg"}],"twitter_card":"summary_large_image","twitter_misc":{"Est. reading time":"1\u00a0Minute"},"schema":{"@context":"https:\/\/schema.org","@graph":[{"@type":"WebPage","@id":"https:\/\/www.harmonyresorts.gr\/de\/special-occasions-romantic-experiences\/massgeschneiderte-romantische-erlebnisse\/","url":"https:\/\/www.harmonyresorts.gr\/de\/special-occasions-romantic-experiences\/massgeschneiderte-romantische-erlebnisse\/","name":"Ma\u00dfgeschneiderte romantische Erlebnisse - Harmony Resorts","isPartOf":{"@id":"https:\/\/www.harmonyresorts.gr\/ru\/#website"},"primaryImageOfPage":{"@id":"https:\/\/www.harmonyresorts.gr\/de\/special-occasions-romantic-experiences\/massgeschneiderte-romantische-erlebnisse\/#primaryimage"},"image":{"@id":"https:\/\/www.harmonyresorts.gr\/de\/special-occasions-romantic-experiences\/massgeschneiderte-romantische-erlebnisse\/#primaryimage"},"thumbnailUrl":"https:\/\/www.harmonyresorts.gr\/app\/uploads\/sites\/48\/2019\/12\/couple-at-the-beach.jpg","datePublished":"2019-12-05T13:02:11+00:00","dateModified":"2020-12-16T11:53:17+00:00","breadcrumb":{"@id":"https:\/\/www.harmonyresorts.gr\/de\/special-occasions-romantic-experiences\/massgeschneiderte-romantische-erlebnisse\/#breadcrumb"},"inLanguage":"de","potentialAction":[{"@type":"ReadAction","target":["https:\/\/www.harmonyresorts.gr\/de\/special-occasions-romantic-experiences\/massgeschneiderte-romantische-erlebnisse\/"]}]},{"@type":"ImageObject","inLanguage":"de","@id":"https:\/\/www.harmonyresorts.gr\/de\/special-occasions-romantic-experiences\/massgeschneiderte-romantische-erlebnisse\/#primaryimage","url":"https:\/\/www.harmonyresorts.gr\/app\/uploads\/sites\/48\/2019\/12\/couple-at-the-beach.jpg","contentUrl":"https:\/\/www.harmonyresorts.gr\/app\/uploads\/sites\/48\/2019\/12\/couple-at-the-beach.jpg","width":1920,"height":1200},{"@type":"BreadcrumbList","@id":"https:\/\/www.harmonyresorts.gr\/de\/special-occasions-romantic-experiences\/massgeschneiderte-romantische-erlebnisse\/#breadcrumb","itemListElement":[{"@type":"ListItem","position":1,"name":"Home","item":"https:\/\/www.harmonyresorts.gr\/de\/"},{"@type":"ListItem","position":2,"name":"Romantische Erlebnisse","item":"https:\/\/www.harmonyresorts.gr\/de\/special-occasions-romantic-experiences\/"},{"@type":"ListItem","position":3,"name":"Ma\u00dfgeschneiderte romantische Erlebnisse"}]},{"@type":"WebSite","@id":"https:\/\/www.harmonyresorts.gr\/ru\/#website","url":"https:\/\/www.harmonyresorts.gr\/ru\/","name":"Harmony Resorts","description":"Harmony Resorts","potentialAction":[{"@type":"SearchAction","target":{"@type":"EntryPoint","urlTemplate":"https:\/\/www.harmonyresorts.gr\/ru\/?s={search_term_string}"},"query-input":{"@type":"PropertyValueSpecification","valueRequired":true,"valueName":"search_term_string"}}],"inLanguage":"de"}]}},"_links":{"self":[{"href":"https:\/\/www.harmonyresorts.gr\/de\/wp-json\/wp\/v2\/pages\/6856"}],"collection":[{"href":"https:\/\/www.harmonyresorts.gr\/de\/wp-json\/wp\/v2\/pages"}],"about":[{"href":"https:\/\/www.harmonyresorts.gr\/de\/wp-json\/wp\/v2\/types\/page"}],"author":[{"embeddable":true,"href":"https:\/\/www.harmonyresorts.gr\/de\/wp-json\/wp\/v2\/users\/1"}],"replies":[{"embeddable":true,"href":"https:\/\/www.harmonyresorts.gr\/de\/wp-json\/wp\/v2\/comments?post=6856"}],"version-history":[{"count":6,"href":"https:\/\/www.harmonyresorts.gr\/de\/wp-json\/wp\/v2\/pages\/6856\/revisions"}],"predecessor-version":[{"id":7728,"href":"https:\/\/www.harmonyresorts.gr\/de\/wp-json\/wp\/v2\/pages\/6856\/revisions\/7728"}],"up":[{"embeddable":true,"href":"https:\/\/www.harmonyresorts.gr\/de\/wp-json\/wp\/v2\/pages\/2048"}],"wp:featuredmedia":[{"embeddable":true,"href":"https:\/\/www.harmonyresorts.gr\/de\/wp-json\/wp\/v2\/media\/6396"}],"wp:attachment":[{"href":"https:\/\/www.harmonyresorts.gr\/de\/wp-json\/wp\/v2\/media?parent=6856"}],"curies":[{"name":"wp","href":"https:\/\/api.w.org\/{rel}","templated":true}]}}