{"id":713,"date":"2019-02-15T08:54:47","date_gmt":"2019-02-15T05:54:47","guid":{"rendered":"http:\/\/harmony.cms4.nelios.com\/restaurants\/"},"modified":"2020-12-16T14:53:17","modified_gmt":"2020-12-16T11:53:17","slug":"restaurants-bars","status":"publish","type":"page","link":"https:\/\/www.harmonyresorts.gr\/de\/restaurants-bars\/","title":{"rendered":"Restaurants &amp; Bars"},"content":{"rendered":"<p>Erleben Sie wahren kulinarischen Hochgenuss! Aus der internationalen K\u00fcche bietet unser Spitzen K\u00fcchenchef frisch zubereitete Speisen, basierend auf ausgew\u00e4hlten, t\u00e4glich frisch gelieferten Zutaten.<\/p>\n<p>Im Elysium z\u00e4hlen Qualit\u00e4t der Speisen und das Service in den Restaurants zu den wichtigsten Priorit\u00e4ten. Wir w\u00e4hlen sehr sorgf\u00e4ltig unsere Lebensmittellieferanten aus und verwenden den h\u00f6chsten Standard in der Zubereitung der Speisen und bei der Hygiene (ISO 22000, HCCP). Noch vor Hoteler\u00f6ffnung w\u00e4hlen wir sorgf\u00e4ltig unsere Gerichte aus und testen genau, um ein einzigartiges Essenserlebnis im Elysium sicher zu stellen.<\/p>\n<p>Das Essen ist jedoch nicht der einzige Aspekt f\u00fcr ein erfolgreiches 5 Sterne Hotel. Mit diesem Wissen haben wir viel Arbeit in die Gestaltung einer Reihe von Bars investiert, um alle Bed\u00fcrfnisse, Ihrer Stimmung oder der Tageszeit entsprechend, abzudecken. Machen Sie eine Pause vom Sonnenbad am Strand und erfrischen Sie sich an unserer pr\u00e4chtigen Strand Bar bei einem k\u00fchlen Drink, begleitet von beruhigender Lounge Musik, oder schwimmen Sie einfach fort vom riesigen lagunenf\u00f6rmig angelegten Pool und erfrischen sich an unserer voll ausgestatteten Pool Bar. Sch\u00e4tzen Sie einen Panoramablick fern der s\u00fcdl\u00e4ndischen Hitze, dann bieten Ihnen unsere Lobby Bar zweifellos den perfekten Zufluchtsort.<\/p>\n<p>Bitte beachte Sie: Die Herren werden gebeten, lange Hosen (keine Shorts oder Jogginghose) beim Abendessen im Restaurant &#8222;Emerald&#8220; und im &#8222;Nobble Gourmet&#8220; Restaurant zu tragen. Die Herren im &#8222;Fresh Mediterranean&#8220; Restaurant in einer schicken casual Shorts erscheinen. Flip Flops sind w\u00e4hrend des Abendessens im Emerald Restaurant und im Noble Gourmet Restaurant nicht erlaubt.<\/p>\n","protected":false},"excerpt":{"rendered":"<p>Erleben Sie wahren kulinarischen Hochgenuss! Aus der internationalen K\u00fcche bietet unser Spitzen K\u00fcchenchef frisch zubereitete Speisen, basierend auf ausgew\u00e4hlten, t\u00e4glich frisch gelieferten Zutaten. Im Elysium z\u00e4hlen Qualit\u00e4t der Speisen und das Service in den Restaurants zu den wichtigsten Priorit\u00e4ten. Wir w\u00e4hlen sehr sorgf\u00e4ltig unsere Lebensmittellieferanten aus und verwenden den h\u00f6chsten Standard in der Zubereitung der<\/p>\n","protected":false},"author":1,"featured_media":1581,"parent":0,"menu_order":0,"comment_status":"closed","ping_status":"closed","template":"","meta":{"_acf_changed":false,"footnotes":""},"class_list":["post-713","page","type-page","status-publish","has-post-thumbnail","hentry"],"acf":[],"yoast_head":"<!-- This site is optimized with the Yoast SEO plugin v26.9 - https:\/\/yoast.com\/product\/yoast-seo-wordpress\/ -->\n<title>Restaurants &amp; Bars - Harmony Resorts<\/title>\n<meta name=\"robots\" content=\"index, follow, max-snippet:-1, max-image-preview:large, max-video-preview:-1\" \/>\n<link rel=\"canonical\" href=\"https:\/\/www.harmonyresorts.gr\/de\/restaurants-bars\/\" \/>\n<meta property=\"og:locale\" content=\"de_DE\" \/>\n<meta property=\"og:type\" content=\"article\" \/>\n<meta property=\"og:title\" content=\"Restaurants &amp; Bars - Harmony Resorts\" \/>\n<meta property=\"og:description\" content=\"Erleben Sie wahren kulinarischen Hochgenuss! Aus der internationalen K\u00fcche bietet unser Spitzen K\u00fcchenchef frisch zubereitete Speisen, basierend auf ausgew\u00e4hlten, t\u00e4glich frisch gelieferten Zutaten. Im Elysium z\u00e4hlen Qualit\u00e4t der Speisen und das Service in den Restaurants zu den wichtigsten Priorit\u00e4ten. Wir w\u00e4hlen sehr sorgf\u00e4ltig unsere Lebensmittellieferanten aus und verwenden den h\u00f6chsten Standard in der Zubereitung der\" \/>\n<meta property=\"og:url\" content=\"https:\/\/www.harmonyresorts.gr\/de\/restaurants-bars\/\" \/>\n<meta property=\"og:site_name\" content=\"Harmony Resorts\" \/>\n<meta property=\"article:modified_time\" content=\"2020-12-16T11:53:17+00:00\" \/>\n<meta property=\"og:image\" content=\"https:\/\/www.harmonyresorts.gr\/app\/uploads\/sites\/48\/2019\/04\/50_317__Noble_Gourmet_Restaurant_ELYSIUM.jpg\" \/>\n\t<meta property=\"og:image:width\" content=\"2100\" \/>\n\t<meta property=\"og:image:height\" content=\"1400\" \/>\n\t<meta property=\"og:image:type\" content=\"image\/jpeg\" \/>\n<meta name=\"twitter:card\" content=\"summary_large_image\" \/>\n<meta name=\"twitter:label1\" content=\"Est. reading time\" \/>\n\t<meta name=\"twitter:data1\" content=\"1\u00a0Minute\" \/>\n<script type=\"application\/ld+json\" class=\"yoast-schema-graph\">{\"@context\":\"https:\/\/schema.org\",\"@graph\":[{\"@type\":\"WebPage\",\"@id\":\"https:\/\/www.harmonyresorts.gr\/de\/restaurants-bars\/\",\"url\":\"https:\/\/www.harmonyresorts.gr\/de\/restaurants-bars\/\",\"name\":\"Restaurants &amp; Bars - Harmony Resorts\",\"isPartOf\":{\"@id\":\"https:\/\/www.harmonyresorts.gr\/ru\/#website\"},\"primaryImageOfPage\":{\"@id\":\"https:\/\/www.harmonyresorts.gr\/de\/restaurants-bars\/#primaryimage\"},\"image\":{\"@id\":\"https:\/\/www.harmonyresorts.gr\/de\/restaurants-bars\/#primaryimage\"},\"thumbnailUrl\":\"https:\/\/www.harmonyresorts.gr\/app\/uploads\/sites\/48\/2019\/04\/50_317__Noble_Gourmet_Restaurant_ELYSIUM.jpg\",\"datePublished\":\"2019-02-15T05:54:47+00:00\",\"dateModified\":\"2020-12-16T11:53:17+00:00\",\"breadcrumb\":{\"@id\":\"https:\/\/www.harmonyresorts.gr\/de\/restaurants-bars\/#breadcrumb\"},\"inLanguage\":\"de\",\"potentialAction\":[{\"@type\":\"ReadAction\",\"target\":[\"https:\/\/www.harmonyresorts.gr\/de\/restaurants-bars\/\"]}]},{\"@type\":\"ImageObject\",\"inLanguage\":\"de\",\"@id\":\"https:\/\/www.harmonyresorts.gr\/de\/restaurants-bars\/#primaryimage\",\"url\":\"https:\/\/www.harmonyresorts.gr\/app\/uploads\/sites\/48\/2019\/04\/50_317__Noble_Gourmet_Restaurant_ELYSIUM.jpg\",\"contentUrl\":\"https:\/\/www.harmonyresorts.gr\/app\/uploads\/sites\/48\/2019\/04\/50_317__Noble_Gourmet_Restaurant_ELYSIUM.jpg\",\"width\":2100,\"height\":1400},{\"@type\":\"BreadcrumbList\",\"@id\":\"https:\/\/www.harmonyresorts.gr\/de\/restaurants-bars\/#breadcrumb\",\"itemListElement\":[{\"@type\":\"ListItem\",\"position\":1,\"name\":\"Home\",\"item\":\"https:\/\/www.harmonyresorts.gr\/de\/\"},{\"@type\":\"ListItem\",\"position\":2,\"name\":\"Restaurants &amp; Bars\"}]},{\"@type\":\"WebSite\",\"@id\":\"https:\/\/www.harmonyresorts.gr\/ru\/#website\",\"url\":\"https:\/\/www.harmonyresorts.gr\/ru\/\",\"name\":\"Harmony Resorts\",\"description\":\"Harmony Resorts\",\"potentialAction\":[{\"@type\":\"SearchAction\",\"target\":{\"@type\":\"EntryPoint\",\"urlTemplate\":\"https:\/\/www.harmonyresorts.gr\/ru\/?s={search_term_string}\"},\"query-input\":{\"@type\":\"PropertyValueSpecification\",\"valueRequired\":true,\"valueName\":\"search_term_string\"}}],\"inLanguage\":\"de\"}]}<\/script>\n<!-- \/ Yoast SEO plugin. -->","yoast_head_json":{"title":"Restaurants &amp; Bars - Harmony Resorts","robots":{"index":"index","follow":"follow","max-snippet":"max-snippet:-1","max-image-preview":"max-image-preview:large","max-video-preview":"max-video-preview:-1"},"canonical":"https:\/\/www.harmonyresorts.gr\/de\/restaurants-bars\/","og_locale":"de_DE","og_type":"article","og_title":"Restaurants &amp; Bars - Harmony Resorts","og_description":"Erleben Sie wahren kulinarischen Hochgenuss! Aus der internationalen K\u00fcche bietet unser Spitzen K\u00fcchenchef frisch zubereitete Speisen, basierend auf ausgew\u00e4hlten, t\u00e4glich frisch gelieferten Zutaten. Im Elysium z\u00e4hlen Qualit\u00e4t der Speisen und das Service in den Restaurants zu den wichtigsten Priorit\u00e4ten. Wir w\u00e4hlen sehr sorgf\u00e4ltig unsere Lebensmittellieferanten aus und verwenden den h\u00f6chsten Standard in der Zubereitung der","og_url":"https:\/\/www.harmonyresorts.gr\/de\/restaurants-bars\/","og_site_name":"Harmony Resorts","article_modified_time":"2020-12-16T11:53:17+00:00","og_image":[{"width":2100,"height":1400,"url":"https:\/\/www.harmonyresorts.gr\/app\/uploads\/sites\/48\/2019\/04\/50_317__Noble_Gourmet_Restaurant_ELYSIUM.jpg","type":"image\/jpeg"}],"twitter_card":"summary_large_image","twitter_misc":{"Est. reading time":"1\u00a0Minute"},"schema":{"@context":"https:\/\/schema.org","@graph":[{"@type":"WebPage","@id":"https:\/\/www.harmonyresorts.gr\/de\/restaurants-bars\/","url":"https:\/\/www.harmonyresorts.gr\/de\/restaurants-bars\/","name":"Restaurants &amp; Bars - Harmony Resorts","isPartOf":{"@id":"https:\/\/www.harmonyresorts.gr\/ru\/#website"},"primaryImageOfPage":{"@id":"https:\/\/www.harmonyresorts.gr\/de\/restaurants-bars\/#primaryimage"},"image":{"@id":"https:\/\/www.harmonyresorts.gr\/de\/restaurants-bars\/#primaryimage"},"thumbnailUrl":"https:\/\/www.harmonyresorts.gr\/app\/uploads\/sites\/48\/2019\/04\/50_317__Noble_Gourmet_Restaurant_ELYSIUM.jpg","datePublished":"2019-02-15T05:54:47+00:00","dateModified":"2020-12-16T11:53:17+00:00","breadcrumb":{"@id":"https:\/\/www.harmonyresorts.gr\/de\/restaurants-bars\/#breadcrumb"},"inLanguage":"de","potentialAction":[{"@type":"ReadAction","target":["https:\/\/www.harmonyresorts.gr\/de\/restaurants-bars\/"]}]},{"@type":"ImageObject","inLanguage":"de","@id":"https:\/\/www.harmonyresorts.gr\/de\/restaurants-bars\/#primaryimage","url":"https:\/\/www.harmonyresorts.gr\/app\/uploads\/sites\/48\/2019\/04\/50_317__Noble_Gourmet_Restaurant_ELYSIUM.jpg","contentUrl":"https:\/\/www.harmonyresorts.gr\/app\/uploads\/sites\/48\/2019\/04\/50_317__Noble_Gourmet_Restaurant_ELYSIUM.jpg","width":2100,"height":1400},{"@type":"BreadcrumbList","@id":"https:\/\/www.harmonyresorts.gr\/de\/restaurants-bars\/#breadcrumb","itemListElement":[{"@type":"ListItem","position":1,"name":"Home","item":"https:\/\/www.harmonyresorts.gr\/de\/"},{"@type":"ListItem","position":2,"name":"Restaurants &amp; Bars"}]},{"@type":"WebSite","@id":"https:\/\/www.harmonyresorts.gr\/ru\/#website","url":"https:\/\/www.harmonyresorts.gr\/ru\/","name":"Harmony Resorts","description":"Harmony Resorts","potentialAction":[{"@type":"SearchAction","target":{"@type":"EntryPoint","urlTemplate":"https:\/\/www.harmonyresorts.gr\/ru\/?s={search_term_string}"},"query-input":{"@type":"PropertyValueSpecification","valueRequired":true,"valueName":"search_term_string"}}],"inLanguage":"de"}]}},"_links":{"self":[{"href":"https:\/\/www.harmonyresorts.gr\/de\/wp-json\/wp\/v2\/pages\/713"}],"collection":[{"href":"https:\/\/www.harmonyresorts.gr\/de\/wp-json\/wp\/v2\/pages"}],"about":[{"href":"https:\/\/www.harmonyresorts.gr\/de\/wp-json\/wp\/v2\/types\/page"}],"author":[{"embeddable":true,"href":"https:\/\/www.harmonyresorts.gr\/de\/wp-json\/wp\/v2\/users\/1"}],"replies":[{"embeddable":true,"href":"https:\/\/www.harmonyresorts.gr\/de\/wp-json\/wp\/v2\/comments?post=713"}],"version-history":[{"count":7,"href":"https:\/\/www.harmonyresorts.gr\/de\/wp-json\/wp\/v2\/pages\/713\/revisions"}],"predecessor-version":[{"id":7651,"href":"https:\/\/www.harmonyresorts.gr\/de\/wp-json\/wp\/v2\/pages\/713\/revisions\/7651"}],"wp:featuredmedia":[{"embeddable":true,"href":"https:\/\/www.harmonyresorts.gr\/de\/wp-json\/wp\/v2\/media\/1581"}],"wp:attachment":[{"href":"https:\/\/www.harmonyresorts.gr\/de\/wp-json\/wp\/v2\/media?parent=713"}],"curies":[{"name":"wp","href":"https:\/\/api.w.org\/{rel}","templated":true}]}}