{"id":9247,"date":"2020-12-16T15:25:23","date_gmt":"2020-12-16T12:25:23","guid":{"rendered":"https:\/\/harmonyresorts.cms4.nelios.com\/loyalty\/"},"modified":"2025-11-24T14:10:25","modified_gmt":"2025-11-24T11:10:25","slug":"loyalty","status":"publish","type":"page","link":"https:\/\/www.harmonyresorts.gr\/de\/loyalty\/","title":{"rendered":"Loyalty"},"content":{"rendered":"<p>&nbsp;<\/p>\n<p style=\"text-align: center; font-size: 22px!important;\">Melden Sie sich jetzt an und profitieren Sie von erm\u00e4\u00dfigten Preisen und exklusiven Vorteilen<br \/>\ngleich ab Ihrem ersten Besuch!<\/p>\n<p style=\"text-align: center;\">Harmony &amp; Bonus ist der Belohnungsclub von Harmony Resorts, eine Gruppe von Hotels mit drei Luxusresorts, die zu den besten auf der Insel Rhodos geh\u00f6ren und an erstklassigen Strandorten liegen:<br \/>\nElysium Resort &amp; Spa (5 *), Rodos Palladium Leisure &amp; Wellness (5 *) und Sun Beach Resort (4 *).<\/p>\n<p style=\"text-align: center;\">Harmony &amp; Bonus wurde erstellt, um unseren treuen Botschaftern unsere Wertsch\u00e4tzung und Dankbarkeit zu zeigen, aber gleichzeitig, um diejenigen zu<br \/>\nbelohnen, die uns zum ersten Mal besuchen werden!<br \/>\nUnsere treuen Botschafter ehren uns mit ihrer anhaltender Vorliebe und besuchen uns stets Jahr f\u00fcr Jahr!<br \/>\nDie Vorteile und Belohnungen von Harmony &amp; Bonus wurden entworfen, um unseren treuen G\u00e4sten unsere Wertsch\u00e4tzung zu zeigen.<br \/>\nGleichzeitig ist die Anmeldung im Club kostenlos und auch f\u00fcr G\u00e4ste offen, die uns zum ersten Mal besuchen m\u00f6chten!<br \/>\nEgal wie Sie unsere Hotels buchen (direkt \u00fcber das Hotel, Reiseveranstalter, Reiseb\u00fcro, Online-Reiseb\u00fcro usw.)<br \/>\ndie Mitgliedschaft bei Harmony &amp; Bonus berechtigt Sie zu exklusiven Vorteilen gleich ab Ihrem ersten Aufenthalt!<\/p>\n","protected":false},"excerpt":{"rendered":"<p>&nbsp; Melden Sie sich jetzt an und profitieren Sie von erm\u00e4\u00dfigten Preisen und exklusiven Vorteilen gleich ab Ihrem ersten Besuch! Harmony &amp; Bonus ist der Belohnungsclub von Harmony Resorts, eine Gruppe von Hotels mit drei Luxusresorts, die zu den besten auf der Insel Rhodos geh\u00f6ren und an erstklassigen Strandorten liegen: Elysium Resort &amp; Spa (5<\/p>\n","protected":false},"author":2,"featured_media":0,"parent":0,"menu_order":0,"comment_status":"closed","ping_status":"closed","template":"page-templates\/loyalty.php","meta":{"_acf_changed":false,"footnotes":""},"class_list":["post-9247","page","type-page","status-publish","hentry"],"acf":[],"yoast_head":"<!-- This site is optimized with the Yoast SEO plugin v26.9 - https:\/\/yoast.com\/product\/yoast-seo-wordpress\/ -->\n<title>Loyalty - Harmony Resorts<\/title>\n<meta name=\"robots\" content=\"index, follow, max-snippet:-1, max-image-preview:large, max-video-preview:-1\" \/>\n<link rel=\"canonical\" href=\"https:\/\/www.harmonyresorts.gr\/de\/loyalty\/\" \/>\n<meta property=\"og:locale\" content=\"de_DE\" \/>\n<meta property=\"og:type\" content=\"article\" \/>\n<meta property=\"og:title\" content=\"Loyalty - Harmony Resorts\" \/>\n<meta property=\"og:description\" content=\"&nbsp; Melden Sie sich jetzt an und profitieren Sie von erm\u00e4\u00dfigten Preisen und exklusiven Vorteilen gleich ab Ihrem ersten Besuch! Harmony &amp; Bonus ist der Belohnungsclub von Harmony Resorts, eine Gruppe von Hotels mit drei Luxusresorts, die zu den besten auf der Insel Rhodos geh\u00f6ren und an erstklassigen Strandorten liegen: Elysium Resort &amp; Spa (5\" \/>\n<meta property=\"og:url\" content=\"https:\/\/www.harmonyresorts.gr\/de\/loyalty\/\" \/>\n<meta property=\"og:site_name\" content=\"Harmony Resorts\" \/>\n<meta property=\"article:modified_time\" content=\"2025-11-24T11:10:25+00:00\" \/>\n<meta name=\"twitter:card\" content=\"summary_large_image\" \/>\n<meta name=\"twitter:label1\" content=\"Est. reading time\" \/>\n\t<meta name=\"twitter:data1\" content=\"1\u00a0Minute\" \/>\n<script type=\"application\/ld+json\" class=\"yoast-schema-graph\">{\"@context\":\"https:\/\/schema.org\",\"@graph\":[{\"@type\":\"WebPage\",\"@id\":\"https:\/\/www.harmonyresorts.gr\/de\/loyalty\/\",\"url\":\"https:\/\/www.harmonyresorts.gr\/de\/loyalty\/\",\"name\":\"Loyalty - Harmony Resorts\",\"isPartOf\":{\"@id\":\"https:\/\/www.harmonyresorts.gr\/ru\/#website\"},\"datePublished\":\"2020-12-16T12:25:23+00:00\",\"dateModified\":\"2025-11-24T11:10:25+00:00\",\"breadcrumb\":{\"@id\":\"https:\/\/www.harmonyresorts.gr\/de\/loyalty\/#breadcrumb\"},\"inLanguage\":\"de\",\"potentialAction\":[{\"@type\":\"ReadAction\",\"target\":[\"https:\/\/www.harmonyresorts.gr\/de\/loyalty\/\"]}]},{\"@type\":\"BreadcrumbList\",\"@id\":\"https:\/\/www.harmonyresorts.gr\/de\/loyalty\/#breadcrumb\",\"itemListElement\":[{\"@type\":\"ListItem\",\"position\":1,\"name\":\"Home\",\"item\":\"https:\/\/www.harmonyresorts.gr\/de\/\"},{\"@type\":\"ListItem\",\"position\":2,\"name\":\"Loyalty\"}]},{\"@type\":\"WebSite\",\"@id\":\"https:\/\/www.harmonyresorts.gr\/ru\/#website\",\"url\":\"https:\/\/www.harmonyresorts.gr\/ru\/\",\"name\":\"Harmony Resorts\",\"description\":\"Harmony Resorts\",\"potentialAction\":[{\"@type\":\"SearchAction\",\"target\":{\"@type\":\"EntryPoint\",\"urlTemplate\":\"https:\/\/www.harmonyresorts.gr\/ru\/?s={search_term_string}\"},\"query-input\":{\"@type\":\"PropertyValueSpecification\",\"valueRequired\":true,\"valueName\":\"search_term_string\"}}],\"inLanguage\":\"de\"}]}<\/script>\n<!-- \/ Yoast SEO plugin. -->","yoast_head_json":{"title":"Loyalty - Harmony Resorts","robots":{"index":"index","follow":"follow","max-snippet":"max-snippet:-1","max-image-preview":"max-image-preview:large","max-video-preview":"max-video-preview:-1"},"canonical":"https:\/\/www.harmonyresorts.gr\/de\/loyalty\/","og_locale":"de_DE","og_type":"article","og_title":"Loyalty - Harmony Resorts","og_description":"&nbsp; Melden Sie sich jetzt an und profitieren Sie von erm\u00e4\u00dfigten Preisen und exklusiven Vorteilen gleich ab Ihrem ersten Besuch! Harmony &amp; Bonus ist der Belohnungsclub von Harmony Resorts, eine Gruppe von Hotels mit drei Luxusresorts, die zu den besten auf der Insel Rhodos geh\u00f6ren und an erstklassigen Strandorten liegen: Elysium Resort &amp; Spa (5","og_url":"https:\/\/www.harmonyresorts.gr\/de\/loyalty\/","og_site_name":"Harmony Resorts","article_modified_time":"2025-11-24T11:10:25+00:00","twitter_card":"summary_large_image","twitter_misc":{"Est. reading time":"1\u00a0Minute"},"schema":{"@context":"https:\/\/schema.org","@graph":[{"@type":"WebPage","@id":"https:\/\/www.harmonyresorts.gr\/de\/loyalty\/","url":"https:\/\/www.harmonyresorts.gr\/de\/loyalty\/","name":"Loyalty - Harmony Resorts","isPartOf":{"@id":"https:\/\/www.harmonyresorts.gr\/ru\/#website"},"datePublished":"2020-12-16T12:25:23+00:00","dateModified":"2025-11-24T11:10:25+00:00","breadcrumb":{"@id":"https:\/\/www.harmonyresorts.gr\/de\/loyalty\/#breadcrumb"},"inLanguage":"de","potentialAction":[{"@type":"ReadAction","target":["https:\/\/www.harmonyresorts.gr\/de\/loyalty\/"]}]},{"@type":"BreadcrumbList","@id":"https:\/\/www.harmonyresorts.gr\/de\/loyalty\/#breadcrumb","itemListElement":[{"@type":"ListItem","position":1,"name":"Home","item":"https:\/\/www.harmonyresorts.gr\/de\/"},{"@type":"ListItem","position":2,"name":"Loyalty"}]},{"@type":"WebSite","@id":"https:\/\/www.harmonyresorts.gr\/ru\/#website","url":"https:\/\/www.harmonyresorts.gr\/ru\/","name":"Harmony Resorts","description":"Harmony Resorts","potentialAction":[{"@type":"SearchAction","target":{"@type":"EntryPoint","urlTemplate":"https:\/\/www.harmonyresorts.gr\/ru\/?s={search_term_string}"},"query-input":{"@type":"PropertyValueSpecification","valueRequired":true,"valueName":"search_term_string"}}],"inLanguage":"de"}]}},"_links":{"self":[{"href":"https:\/\/www.harmonyresorts.gr\/de\/wp-json\/wp\/v2\/pages\/9247"}],"collection":[{"href":"https:\/\/www.harmonyresorts.gr\/de\/wp-json\/wp\/v2\/pages"}],"about":[{"href":"https:\/\/www.harmonyresorts.gr\/de\/wp-json\/wp\/v2\/types\/page"}],"author":[{"embeddable":true,"href":"https:\/\/www.harmonyresorts.gr\/de\/wp-json\/wp\/v2\/users\/2"}],"replies":[{"embeddable":true,"href":"https:\/\/www.harmonyresorts.gr\/de\/wp-json\/wp\/v2\/comments?post=9247"}],"version-history":[{"count":10,"href":"https:\/\/www.harmonyresorts.gr\/de\/wp-json\/wp\/v2\/pages\/9247\/revisions"}],"predecessor-version":[{"id":11825,"href":"https:\/\/www.harmonyresorts.gr\/de\/wp-json\/wp\/v2\/pages\/9247\/revisions\/11825"}],"wp:attachment":[{"href":"https:\/\/www.harmonyresorts.gr\/de\/wp-json\/wp\/v2\/media?parent=9247"}],"curies":[{"name":"wp","href":"https:\/\/api.w.org\/{rel}","templated":true}]}}